{"id":711,"date":"2024-11-17T17:41:16","date_gmt":"2024-11-17T17:41:16","guid":{"rendered":"https:\/\/fentech.es\/?page_id=711"},"modified":"2024-11-17T17:57:20","modified_gmt":"2024-11-17T17:57:20","slug":"services","status":"publish","type":"page","link":"https:\/\/fentech.es\/pt\/services\/","title":{"rendered":"Servi\u00e7os"},"content":{"rendered":"<div data-elementor-type=\"wp-page\" data-elementor-id=\"711\" class=\"elementor elementor-711\">\n\t\t\t\t\t\t<section class=\"elementor-section elementor-top-section elementor-element elementor-element-e25fae1 elementor-section-full_width elementor-section-stretched elementor-section-height-default elementor-section-height-default\" data-id=\"e25fae1\" data-element_type=\"section\" data-settings=\"{&quot;background_background&quot;:&quot;classic&quot;,&quot;stretch_section&quot;:&quot;section-stretched&quot;}\">\n\t\t\t\t\t\t<div class=\"elementor-container elementor-column-gap-no\">\n\t\t\t\t\t<div class=\"elementor-column elementor-col-100 elementor-top-column elementor-element elementor-element-d0b850e\" data-id=\"d0b850e\" data-element_type=\"column\">\n\t\t\t<div class=\"elementor-widget-wrap elementor-element-populated\">\n\t\t\t\t\t\t<section class=\"elementor-section elementor-inner-section elementor-element elementor-element-03d4166 elementor-section-content-middle elementor-section-boxed elementor-section-height-default elementor-section-height-default\" data-id=\"03d4166\" data-element_type=\"section\">\n\t\t\t\t\t\t<div class=\"elementor-container elementor-column-gap-no\">\n\t\t\t\t\t<div class=\"elementor-column elementor-col-100 elementor-inner-column elementor-element elementor-element-f95a6c5\" data-id=\"f95a6c5\" data-element_type=\"column\">\n\t\t\t<div class=\"elementor-widget-wrap elementor-element-populated\">\n\t\t\t\t\t\t<div class=\"elementor-element elementor-element-2d026ba elementor-widget elementor-widget-tragasectiontitle\" data-id=\"2d026ba\" data-element_type=\"widget\" data-widget_type=\"tragasectiontitle.default\">\n\t\t\t\t<div class=\"elementor-widget-container\">\n\t\t\t\t\t<div class=\"title-area-wrap\"><div class=\"title-area\" ><span class=\"sub-title subtitle-selector\"><img decoding=\"async\" src=\"https:\/\/fentech.es\/wp-content\/uploads\/2024\/11\/title_shape_2.svg\" alt=\"FENTECH\"  class=\"icon me-2\" \/>Featured Solutions<\/span><h2 class=\"sec-title title-selector\">N\u00f3s Fornecemos Um Servi\u00e7o Exclusivo Para <span class=\"text-theme\">O Seu Neg\u00f3cio<\/span><\/h2><\/div><\/div>\t\t\t\t<\/div>\n\t\t\t\t<\/div>\n\t\t\t\t\t<\/div>\n\t\t<\/div>\n\t\t\t\t\t<\/div>\n\t\t<\/section>\n\t\t\t\t<section class=\"elementor-section elementor-inner-section elementor-element elementor-element-c1d7f82 elementor-section-boxed elementor-section-height-default elementor-section-height-default\" data-id=\"c1d7f82\" data-element_type=\"section\">\n\t\t\t\t\t\t<div class=\"elementor-container elementor-column-gap-no\">\n\t\t\t\t\t<div class=\"elementor-column elementor-col-100 elementor-inner-column elementor-element elementor-element-da95d46\" data-id=\"da95d46\" data-element_type=\"column\">\n\t\t\t<div class=\"elementor-widget-wrap elementor-element-populated\">\n\t\t\t\t\t\t<div class=\"elementor-element elementor-element-6c2a792 elementor-widget elementor-widget-tragaservice\" data-id=\"6c2a792\" data-element_type=\"widget\" data-widget_type=\"tragaservice.default\">\n\t\t\t\t<div class=\"elementor-widget-container\">\n\t\t\t\t\t\t\t\t<div class=\"service-style2\">\r\n\t\t\t\t<div class=\"row gy-4\">\r\n\t\t\t\t\t\t\t\t\t\t\t<div class=\"col-md-6 col-xl-4\">\r\n\t\t\t\t\t\t\t<div class=\"service-card elementor-box\">\r\n\t\t\t\t\t\t\t\t<div class=\"service-card_number\">01<\/div>\r\n\t\t\t\t\t\t\t\t\t\t\t\t\t\t\t\t\t<div class=\"shape-icon\">\r\n\t\t\t\t\t\t\t\t\t\t<img decoding=\"async\" src=\"https:\/\/fentech.es\/wp-content\/uploads\/2024\/11\/service_card_1.svg\" alt=\"FENTECH\"  \/>\t\t\t\t\t\t\t\t\t\t<span class=\"dots\"><\/span>\r\n\t\t\t\t\t\t\t\t\t<\/div>\r\n\t\t\t\t\t\t\t\t\t\t\t\t\t\t\t\t\t\t\t\t\t\t\t\t\t<h3 class=\"box-title\"><a href=\"https:\/\/fentech.es\/pt\/erp-implementation\/\">Implementa\u00e7\u00e3o de ERP<\/a><\/h3>\r\n\t\t\t\t\t\t\t\t\t\t\t\t\t\t\t\t\t\t\t\t\t\t\t\t\t<p class=\"service-card_text\">Oferecemos servi\u00e7os de Implementa\u00e7\u00e3o de ERP de ponta a ponta, desde a consulta inicial, o projeto do sistema de implanta\u00e7\u00e3o at\u00e9 o suporte p\u00f3s-implementa\u00e7\u00e3o \n\n<\/p>\r\n\t\t\t\t\t\t\t\t\t\t\t\t\t\t\t\t<a href=\"https:\/\/fentech.es\/pt\/erp-implementation\/\" class=\"th-btn\">Leia Mais<i class=\"fa-regular fa-arrow-right ms-2\"><\/i><\/a>\r\n\t\t\t\t\t\t\t\t\t\t\t\t\t\t\t\t\t<div class=\"bg-shape\">\r\n\t\t\t\t\t\t\t\t\t\t<img decoding=\"async\" src=\"https:\/\/fentech.es\/wp-content\/uploads\/2024\/11\/service_card_bg.png\" alt=\"FENTECH\"  \/>\t\t\t\t\t\t\t\t\t<\/div>\r\n\t\t\t\t\t\t\t\t\t\t\t\t\t\t\t<\/div>\r\n\t\t\t\t\t\t<\/div>\r\n\t\t\t\t\t\t\t\t\t\t\t<div class=\"col-md-6 col-xl-4\">\r\n\t\t\t\t\t\t\t<div class=\"service-card elementor-box\">\r\n\t\t\t\t\t\t\t\t<div class=\"service-card_number\">02<\/div>\r\n\t\t\t\t\t\t\t\t\t\t\t\t\t\t\t\t\t<div class=\"shape-icon\">\r\n\t\t\t\t\t\t\t\t\t\t<img decoding=\"async\" src=\"https:\/\/fentech.es\/wp-content\/uploads\/2024\/11\/service_card_2.svg\" alt=\"FENTECH\"  \/>\t\t\t\t\t\t\t\t\t\t<span class=\"dots\"><\/span>\r\n\t\t\t\t\t\t\t\t\t<\/div>\r\n\t\t\t\t\t\t\t\t\t\t\t\t\t\t\t\t\t\t\t\t\t\t\t\t\t<h3 class=\"box-title\"><a href=\"https:\/\/fentech.es\/pt\/cad-design-engineering\/\">\nDesign e Engenharia em CAD<\/a><\/h3>\r\n\t\t\t\t\t\t\t\t\t\t\t\t\t\t\t\t\t\t\t\t\t\t\t\t\t<p class=\"service-card_text\">Solu\u00e7\u00f5es de CAD de precis\u00e3o para design inovador de produtos, prototipagem avan\u00e7ada e desenvolvimento detalhado, adaptadas com expertise para atender \u00e0s diversas necessidades da ind\u00fastria<\/p>\r\n\t\t\t\t\t\t\t\t\t\t\t\t\t\t\t\t<a href=\"https:\/\/fentech.es\/pt\/cad-design-engineering\/\" class=\"th-btn\">Leia Mais<i class=\"fa-regular fa-arrow-right ms-2\"><\/i><\/a>\r\n\t\t\t\t\t\t\t\t\t\t\t\t\t\t\t\t\t<div class=\"bg-shape\">\r\n\t\t\t\t\t\t\t\t\t\t<img decoding=\"async\" src=\"https:\/\/fentech.es\/wp-content\/uploads\/2024\/11\/service_card_bg.png\" alt=\"FENTECH\"  \/>\t\t\t\t\t\t\t\t\t<\/div>\r\n\t\t\t\t\t\t\t\t\t\t\t\t\t\t\t<\/div>\r\n\t\t\t\t\t\t<\/div>\r\n\t\t\t\t\t\t\t\t\t\t\t<div class=\"col-md-6 col-xl-4\">\r\n\t\t\t\t\t\t\t<div class=\"service-card elementor-box\">\r\n\t\t\t\t\t\t\t\t<div class=\"service-card_number\">03<\/div>\r\n\t\t\t\t\t\t\t\t\t\t\t\t\t\t\t\t\t<div class=\"shape-icon\">\r\n\t\t\t\t\t\t\t\t\t\t<img decoding=\"async\" src=\"https:\/\/fentech.es\/wp-content\/uploads\/2024\/11\/service_card_3.svg\" alt=\"FENTECH\"  \/>\t\t\t\t\t\t\t\t\t\t<span class=\"dots\"><\/span>\r\n\t\t\t\t\t\t\t\t\t<\/div>\r\n\t\t\t\t\t\t\t\t\t\t\t\t\t\t\t\t\t\t\t\t\t\t\t\t\t<h3 class=\"box-title\"><a href=\"https:\/\/fentech.es\/pt\/software-development\/\">Desenvolvimento de Software<\/a><\/h3>\r\n\t\t\t\t\t\t\t\t\t\t\t\t\t\t\t\t\t\t\t\t\t\t\t\t\t<p class=\"service-card_text\">Nossa equipa de desenvolvedores qualificados cria solu\u00e7\u00f5es de software sob medida para agilizar as opera\u00e7\u00f5es, aumentar a produtividade e apoiar o seu neg\u00f3cio objetivos de crescimento<\/p>\r\n\t\t\t\t\t\t\t\t\t\t\t\t\t\t\t\t<a href=\"https:\/\/fentech.es\/pt\/software-development\/\" class=\"th-btn\">Leia Mais<i class=\"fa-regular fa-arrow-right ms-2\"><\/i><\/a>\r\n\t\t\t\t\t\t\t\t\t\t\t\t\t\t\t\t\t<div class=\"bg-shape\">\r\n\t\t\t\t\t\t\t\t\t\t<img decoding=\"async\" src=\"https:\/\/fentech.es\/wp-content\/uploads\/2024\/11\/service_card_bg.png\" alt=\"FENTECH\"  \/>\t\t\t\t\t\t\t\t\t<\/div>\r\n\t\t\t\t\t\t\t\t\t\t\t\t\t\t\t<\/div>\r\n\t\t\t\t\t\t<\/div>\r\n\t\t\t\t\t\t\t\t\t\t\t<div class=\"col-md-6 col-xl-4\">\r\n\t\t\t\t\t\t\t<div class=\"service-card elementor-box\">\r\n\t\t\t\t\t\t\t\t<div class=\"service-card_number\">04<\/div>\r\n\t\t\t\t\t\t\t\t\t\t\t\t\t\t\t\t\t<div class=\"shape-icon\">\r\n\t\t\t\t\t\t\t\t\t\t<img decoding=\"async\" src=\"https:\/\/fentech.es\/wp-content\/uploads\/2024\/11\/service_card_4-1.svg\" alt=\"FENTECH\"  \/>\t\t\t\t\t\t\t\t\t\t<span class=\"dots\"><\/span>\r\n\t\t\t\t\t\t\t\t\t<\/div>\r\n\t\t\t\t\t\t\t\t\t\t\t\t\t\t\t\t\t\t\t\t\t\t\t\t\t<h3 class=\"box-title\"><a href=\"https:\/\/fentech.es\/pt\/web-development\/\">Solu\u00e7\u00f5es de E-commerce<\/a><\/h3>\r\n\t\t\t\t\t\t\t\t\t\t\t\t\t\t\t\t\t\t\t\t\t\t\t\t\t<p class=\"service-card_text\">Oferecemos personalizado de desenvolvimento, de integra\u00e7\u00e3o de pagamentos, e user-friendly design para uma perfeita experi\u00eancia de compra.<\/p>\r\n\t\t\t\t\t\t\t\t\t\t\t\t\t\t\t\t<a href=\"https:\/\/fentech.es\/pt\/web-development\/\" class=\"th-btn\">Leia Mais<i class=\"fa-regular fa-arrow-right ms-2\"><\/i><\/a>\r\n\t\t\t\t\t\t\t\t\t\t\t\t\t\t\t\t\t<div class=\"bg-shape\">\r\n\t\t\t\t\t\t\t\t\t\t<img decoding=\"async\" src=\"https:\/\/fentech.es\/wp-content\/uploads\/2024\/11\/service_card_bg.png\" alt=\"FENTECH\"  \/>\t\t\t\t\t\t\t\t\t<\/div>\r\n\t\t\t\t\t\t\t\t\t\t\t\t\t\t\t<\/div>\r\n\t\t\t\t\t\t<\/div>\r\n\t\t\t\t\t\t\t\t\t\t\t<div class=\"col-md-6 col-xl-4\">\r\n\t\t\t\t\t\t\t<div class=\"service-card elementor-box\">\r\n\t\t\t\t\t\t\t\t<div class=\"service-card_number\">05<\/div>\r\n\t\t\t\t\t\t\t\t\t\t\t\t\t\t\t\t\t<div class=\"shape-icon\">\r\n\t\t\t\t\t\t\t\t\t\t<img decoding=\"async\" src=\"https:\/\/fentech.es\/wp-content\/uploads\/2024\/11\/service_card_5.svg\" alt=\"FENTECH\"  \/>\t\t\t\t\t\t\t\t\t\t<span class=\"dots\"><\/span>\r\n\t\t\t\t\t\t\t\t\t<\/div>\r\n\t\t\t\t\t\t\t\t\t\t\t\t\t\t\t\t\t\t\t\t\t\t\t\t\t<h3 class=\"box-title\"><a href=\"https:\/\/fentech.es\/pt\/web-development\/\">Desenvolvimento Web<\/a><\/h3>\r\n\t\t\t\t\t\t\t\t\t\t\t\t\t\t\t\t\t\t\t\t\t\t\t\t\t<p class=\"service-card_text\">Equipa experiente com conhecimentos al\u00e9m da codifica\u00e7\u00e3o. Abordagem hol\u00edstica para visualmente atraente e impec\u00e1vel sites.<\/p>\r\n\t\t\t\t\t\t\t\t\t\t\t\t\t\t\t\t<a href=\"https:\/\/fentech.es\/pt\/web-development\/\" class=\"th-btn\">Leia Mais<i class=\"fa-regular fa-arrow-right ms-2\"><\/i><\/a>\r\n\t\t\t\t\t\t\t\t\t\t\t\t\t\t\t\t\t<div class=\"bg-shape\">\r\n\t\t\t\t\t\t\t\t\t\t<img decoding=\"async\" src=\"https:\/\/fentech.es\/wp-content\/uploads\/2024\/11\/service_card_bg.png\" alt=\"FENTECH\"  \/>\t\t\t\t\t\t\t\t\t<\/div>\r\n\t\t\t\t\t\t\t\t\t\t\t\t\t\t\t<\/div>\r\n\t\t\t\t\t\t<\/div>\r\n\t\t\t\t\t\t\t\t\t\t\t<div class=\"col-md-6 col-xl-4\">\r\n\t\t\t\t\t\t\t<div class=\"service-card elementor-box\">\r\n\t\t\t\t\t\t\t\t<div class=\"service-card_number\">06<\/div>\r\n\t\t\t\t\t\t\t\t\t\t\t\t\t\t\t\t\t<div class=\"shape-icon\">\r\n\t\t\t\t\t\t\t\t\t\t<img decoding=\"async\" src=\"https:\/\/fentech.es\/wp-content\/uploads\/2024\/11\/service_card_6.svg\" alt=\"FENTECH\"  \/>\t\t\t\t\t\t\t\t\t\t<span class=\"dots\"><\/span>\r\n\t\t\t\t\t\t\t\t\t<\/div>\r\n\t\t\t\t\t\t\t\t\t\t\t\t\t\t\t\t\t\t\t\t\t\t\t\t\t<h3 class=\"box-title\"><a href=\"https:\/\/fentech.es\/pt\/seo\/\">\nOtimiza\u00e7\u00e3o de Motores de Busca<\/a><\/h3>\r\n\t\t\t\t\t\t\t\t\t\t\t\t\t\t\t\t\t\t\t\t\t\t\t\t\t<p class=\"service-card_text\">Aumentar a visibilidade e tr\u00e1fego. Uma pesquisa abrangente e estrat\u00e9gias de otimiza\u00e7\u00e3o.<\/p>\r\n\t\t\t\t\t\t\t\t\t\t\t\t\t\t\t\t<a href=\"https:\/\/fentech.es\/pt\/seo\/\" class=\"th-btn\">Leia Mais<i class=\"fa-regular fa-arrow-right ms-2\"><\/i><\/a>\r\n\t\t\t\t\t\t\t\t\t\t\t\t\t\t\t\t\t<div class=\"bg-shape\">\r\n\t\t\t\t\t\t\t\t\t\t<img decoding=\"async\" src=\"https:\/\/fentech.es\/wp-content\/uploads\/2024\/11\/service_card_bg.png\" alt=\"FENTECH\"  \/>\t\t\t\t\t\t\t\t\t<\/div>\r\n\t\t\t\t\t\t\t\t\t\t\t\t\t\t\t<\/div>\r\n\t\t\t\t\t\t<\/div>\r\n\t\t\t\t\t\t\t\t\t<\/div>\r\n\t\t\t<\/div>\r\n\r\n        \r\n    \t\t\t\t\t<\/div>\n\t\t\t\t<\/div>\n\t\t\t\t<div class=\"elementor-element elementor-element-afe6c12 elementor-widget elementor-widget-tragaservice\" data-id=\"afe6c12\" data-element_type=\"widget\" data-widget_type=\"tragaservice.default\">\n\t\t\t\t<div class=\"elementor-widget-container\">\n\t\t\t\t\t\t\t\t<div class=\"service-style2\">\r\n\t\t\t\t<div class=\"row gy-4\">\r\n\t\t\t\t\t\t\t\t\t\t\t<div class=\"col-md-6 col-xl-4\">\r\n\t\t\t\t\t\t\t<div class=\"service-card elementor-box\">\r\n\t\t\t\t\t\t\t\t<div class=\"service-card_number\">01<\/div>\r\n\t\t\t\t\t\t\t\t\t\t\t\t\t\t\t\t\t<div class=\"shape-icon\">\r\n\t\t\t\t\t\t\t\t\t\t<img decoding=\"async\" src=\"https:\/\/fentech.es\/wp-content\/uploads\/2024\/11\/service_card_1.svg\" alt=\"FENTECH\"  \/>\t\t\t\t\t\t\t\t\t\t<span class=\"dots\"><\/span>\r\n\t\t\t\t\t\t\t\t\t<\/div>\r\n\t\t\t\t\t\t\t\t\t\t\t\t\t\t\t\t\t\t\t\t\t\t\t\t\t<h3 class=\"box-title\"><a href=\"https:\/\/fentech.es\/pt\/mobile-app\/\">Aplica\u00e7\u00e3o M\u00f3vel<\/a><\/h3>\r\n\t\t\t\t\t\t\t\t\t\t\t\t\t\t\t\t\t\t\t\t\t\t\t\t\t<p class=\"service-card_text\">Develop custom mobile apps that reflect your brand\u2019s vision, enhancing user engagement and accessibility across device<\/p>\r\n\t\t\t\t\t\t\t\t\t\t\t\t\t\t\t\t<a href=\"https:\/\/fentech.es\/pt\/mobile-app\/\" class=\"th-btn\">Leia Mais<i class=\"fa-regular fa-arrow-right ms-2\"><\/i><\/a>\r\n\t\t\t\t\t\t\t\t\t\t\t\t\t\t\t\t\t<div class=\"bg-shape\">\r\n\t\t\t\t\t\t\t\t\t\t<img decoding=\"async\" src=\"https:\/\/fentech.es\/wp-content\/uploads\/2024\/11\/service_card_bg.png\" alt=\"FENTECH\"  \/>\t\t\t\t\t\t\t\t\t<\/div>\r\n\t\t\t\t\t\t\t\t\t\t\t\t\t\t\t<\/div>\r\n\t\t\t\t\t\t<\/div>\r\n\t\t\t\t\t\t\t\t\t\t\t<div class=\"col-md-6 col-xl-4\">\r\n\t\t\t\t\t\t\t<div class=\"service-card elementor-box\">\r\n\t\t\t\t\t\t\t\t<div class=\"service-card_number\">02<\/div>\r\n\t\t\t\t\t\t\t\t\t\t\t\t\t\t\t\t\t<div class=\"shape-icon\">\r\n\t\t\t\t\t\t\t\t\t\t<img decoding=\"async\" src=\"https:\/\/fentech.es\/wp-content\/uploads\/2024\/11\/service_card_2.svg\" alt=\"FENTECH\"  \/>\t\t\t\t\t\t\t\t\t\t<span class=\"dots\"><\/span>\r\n\t\t\t\t\t\t\t\t\t<\/div>\r\n\t\t\t\t\t\t\t\t\t\t\t\t\t\t\t\t\t\t\t\t\t\t\t\t\t<h3 class=\"box-title\"><a href=\"https:\/\/fentech.es\/pt\/website-assessments\/\">Avalia\u00e7\u00e3o de Sites<\/a><\/h3>\r\n\t\t\t\t\t\t\t\t\t\t\t\t\t\t\t\t\t\t\t\t\t\t\t\t\t<p class=\"service-card_text\">Comprehensive evaluations to identify strengths and areas for improvement, helping you achieve excellence with every website project<\/p>\r\n\t\t\t\t\t\t\t\t\t\t\t\t\t\t\t\t<a href=\"https:\/\/fentech.es\/pt\/website-assessments\/\" class=\"th-btn\">Leia Mais<i class=\"fa-regular fa-arrow-right ms-2\"><\/i><\/a>\r\n\t\t\t\t\t\t\t\t\t\t\t\t\t\t\t\t\t<div class=\"bg-shape\">\r\n\t\t\t\t\t\t\t\t\t\t<img decoding=\"async\" src=\"https:\/\/fentech.es\/wp-content\/uploads\/2024\/11\/service_card_bg.png\" alt=\"FENTECH\"  \/>\t\t\t\t\t\t\t\t\t<\/div>\r\n\t\t\t\t\t\t\t\t\t\t\t\t\t\t\t<\/div>\r\n\t\t\t\t\t\t<\/div>\r\n\t\t\t\t\t\t\t\t\t\t\t<div class=\"col-md-6 col-xl-4\">\r\n\t\t\t\t\t\t\t<div class=\"service-card elementor-box\">\r\n\t\t\t\t\t\t\t\t<div class=\"service-card_number\">03<\/div>\r\n\t\t\t\t\t\t\t\t\t\t\t\t\t\t\t\t\t<div class=\"shape-icon\">\r\n\t\t\t\t\t\t\t\t\t\t<img decoding=\"async\" src=\"https:\/\/fentech.es\/wp-content\/uploads\/2024\/11\/service_card_4-1.svg\" alt=\"FENTECH\"  \/>\t\t\t\t\t\t\t\t\t\t<span class=\"dots\"><\/span>\r\n\t\t\t\t\t\t\t\t\t<\/div>\r\n\t\t\t\t\t\t\t\t\t\t\t\t\t\t\t\t\t\t\t\t\t\t\t\t\t<h3 class=\"box-title\"><a href=\"https:\/\/fentech.es\/pt\/content-writing\/\">Reda\u00e7\u00e3o De Conte\u00fado<\/a><\/h3>\r\n\t\t\t\t\t\t\t\t\t\t\t\t\t\t\t\t\t\t\t\t\t\t\t\t\t<p class=\"service-card_text\">Engaging and tailored content creation that resonates with your audience, builds brand authority, and drives action<\/p>\r\n\t\t\t\t\t\t\t\t\t\t\t\t\t\t\t\t<a href=\"https:\/\/fentech.es\/pt\/content-writing\/\" class=\"th-btn\">Leia Mais<i class=\"fa-regular fa-arrow-right ms-2\"><\/i><\/a>\r\n\t\t\t\t\t\t\t\t\t\t\t\t\t\t\t\t\t<div class=\"bg-shape\">\r\n\t\t\t\t\t\t\t\t\t\t<img decoding=\"async\" src=\"https:\/\/fentech.es\/wp-content\/uploads\/2024\/11\/service_card_bg.png\" alt=\"FENTECH\"  \/>\t\t\t\t\t\t\t\t\t<\/div>\r\n\t\t\t\t\t\t\t\t\t\t\t\t\t\t\t<\/div>\r\n\t\t\t\t\t\t<\/div>\r\n\t\t\t\t\t\t\t\t\t\t\t<div class=\"col-md-6 col-xl-4\">\r\n\t\t\t\t\t\t\t<div class=\"service-card elementor-box\">\r\n\t\t\t\t\t\t\t\t<div class=\"service-card_number\">04<\/div>\r\n\t\t\t\t\t\t\t\t\t\t\t\t\t\t\t\t\t<div class=\"shape-icon\">\r\n\t\t\t\t\t\t\t\t\t\t<img decoding=\"async\" src=\"https:\/\/fentech.es\/wp-content\/uploads\/2024\/11\/service_card_6.svg\" alt=\"FENTECH\"  \/>\t\t\t\t\t\t\t\t\t\t<span class=\"dots\"><\/span>\r\n\t\t\t\t\t\t\t\t\t<\/div>\r\n\t\t\t\t\t\t\t\t\t\t\t\t\t\t\t\t\t\t\t\t\t\t\t\t\t<h3 class=\"box-title\"><a href=\"https:\/\/fentech.es\/pt\/branding\/\">\nCria\u00e7\u00e3o de Marca<\/a><\/h3>\r\n\t\t\t\t\t\t\t\t\t\t\t\t\t\t\t\t\t\t\t\t\t\t\t\t\t<p class=\"service-card_text\">Strategic branding services that elevate your brand identity, going beyond aesthetics to create a memorable impact<\/p>\r\n\t\t\t\t\t\t\t\t\t\t\t\t\t\t\t\t<a href=\"https:\/\/fentech.es\/pt\/branding\/\" class=\"th-btn\">Leia Mais<i class=\"fa-regular fa-arrow-right ms-2\"><\/i><\/a>\r\n\t\t\t\t\t\t\t\t\t\t\t\t\t\t\t\t\t<div class=\"bg-shape\">\r\n\t\t\t\t\t\t\t\t\t\t<img decoding=\"async\" src=\"https:\/\/fentech.es\/wp-content\/uploads\/2024\/11\/service_card_bg.png\" alt=\"FENTECH\"  \/>\t\t\t\t\t\t\t\t\t<\/div>\r\n\t\t\t\t\t\t\t\t\t\t\t\t\t\t\t<\/div>\r\n\t\t\t\t\t\t<\/div>\r\n\t\t\t\t\t\t\t\t\t\t\t<div class=\"col-md-6 col-xl-4\">\r\n\t\t\t\t\t\t\t<div class=\"service-card elementor-box\">\r\n\t\t\t\t\t\t\t\t<div class=\"service-card_number\">05<\/div>\r\n\t\t\t\t\t\t\t\t\t\t\t\t\t\t\t\t\t<div class=\"shape-icon\">\r\n\t\t\t\t\t\t\t\t\t\t<img decoding=\"async\" src=\"https:\/\/fentech.es\/wp-content\/uploads\/2024\/11\/service_card_6.svg\" alt=\"FENTECH\"  \/>\t\t\t\t\t\t\t\t\t\t<span class=\"dots\"><\/span>\r\n\t\t\t\t\t\t\t\t\t<\/div>\r\n\t\t\t\t\t\t\t\t\t\t\t\t\t\t\t\t\t\t\t\t\t\t\t\t\t<h3 class=\"box-title\"><a href=\"https:\/\/fentech.es\/pt\/video-production\/\">Produ\u00e7\u00e3o De V\u00eddeo<\/a><\/h3>\r\n\t\t\t\t\t\t\t\t\t\t\t\t\t\t\t\t\t\t\t\t\t\t\t\t\t<p class=\"service-card_text\">Create captivating videos that boost engagement and conversions, with a focus on quality production and impactful storytelling<\/p>\r\n\t\t\t\t\t\t\t\t\t\t\t\t\t\t\t\t<a href=\"https:\/\/fentech.es\/pt\/video-production\/\" class=\"th-btn\">Leia Mais<i class=\"fa-regular fa-arrow-right ms-2\"><\/i><\/a>\r\n\t\t\t\t\t\t\t\t\t\t\t\t\t\t\t\t\t<div class=\"bg-shape\">\r\n\t\t\t\t\t\t\t\t\t\t<img decoding=\"async\" src=\"https:\/\/fentech.es\/wp-content\/uploads\/2024\/11\/service_card_bg.png\" alt=\"FENTECH\"  \/>\t\t\t\t\t\t\t\t\t<\/div>\r\n\t\t\t\t\t\t\t\t\t\t\t\t\t\t\t<\/div>\r\n\t\t\t\t\t\t<\/div>\r\n\t\t\t\t\t\t\t\t\t\t\t<div class=\"col-md-6 col-xl-4\">\r\n\t\t\t\t\t\t\t<div class=\"service-card elementor-box\">\r\n\t\t\t\t\t\t\t\t<div class=\"service-card_number\">06<\/div>\r\n\t\t\t\t\t\t\t\t\t\t\t\t\t\t\t\t\t<div class=\"shape-icon\">\r\n\t\t\t\t\t\t\t\t\t\t<img decoding=\"async\" src=\"https:\/\/fentech.es\/wp-content\/uploads\/2024\/11\/service_card_6.svg\" alt=\"FENTECH\"  \/>\t\t\t\t\t\t\t\t\t\t<span class=\"dots\"><\/span>\r\n\t\t\t\t\t\t\t\t\t<\/div>\r\n\t\t\t\t\t\t\t\t\t\t\t\t\t\t\t\t\t\t\t\t\t\t\t\t\t<h3 class=\"box-title\"><a href=\"https:\/\/fentech.es\/pt\/music-production\/\">Produ\u00e7\u00e3o Musical<\/a><\/h3>\r\n\t\t\t\t\t\t\t\t\t\t\t\t\t\t\t\t\t\t\t\t\t\t\t\t\t<p class=\"service-card_text\">Innovative music production that enhances your digital presence, adding an expressive audio element to your brand&#039;s story<\/p>\r\n\t\t\t\t\t\t\t\t\t\t\t\t\t\t\t\t<a href=\"https:\/\/fentech.es\/pt\/music-production\/\" class=\"th-btn\">Leia Mais<i class=\"fa-regular fa-arrow-right ms-2\"><\/i><\/a>\r\n\t\t\t\t\t\t\t\t\t\t\t\t\t\t\t\t\t<div class=\"bg-shape\">\r\n\t\t\t\t\t\t\t\t\t\t<img decoding=\"async\" src=\"https:\/\/fentech.es\/wp-content\/uploads\/2024\/11\/service_card_bg.png\" alt=\"FENTECH\"  \/>\t\t\t\t\t\t\t\t\t<\/div>\r\n\t\t\t\t\t\t\t\t\t\t\t\t\t\t\t<\/div>\r\n\t\t\t\t\t\t<\/div>\r\n\t\t\t\t\t\t\t\t\t<\/div>\r\n\t\t\t<\/div>\r\n\r\n        \r\n    \t\t\t\t\t<\/div>\n\t\t\t\t<\/div>\n\t\t\t\t\t<\/div>\n\t\t<\/div>\n\t\t\t\t\t<\/div>\n\t\t<\/section>\n\t\t\t\t\t<\/div>\n\t\t<\/div>\n\t\t\t\t\t<\/div>\n\t\t<\/section>\n\t\t\t\t<section class=\"elementor-section elementor-top-section elementor-element elementor-element-d626298 elementor-section-stretched elementor-section-boxed elementor-section-height-default elementor-section-height-default\" data-id=\"d626298\" data-element_type=\"section\" data-settings=\"{&quot;background_background&quot;:&quot;classic&quot;,&quot;stretch_section&quot;:&quot;section-stretched&quot;}\">\n\t\t\t\t\t\t<div class=\"elementor-container elementor-column-gap-no\">\n\t\t\t\t\t<div class=\"elementor-column elementor-col-100 elementor-top-column elementor-element elementor-element-45bc452\" data-id=\"45bc452\" data-element_type=\"column\">\n\t\t\t<div class=\"elementor-widget-wrap elementor-element-populated\">\n\t\t\t\t\t\t<section class=\"elementor-section elementor-inner-section elementor-element elementor-element-e0acdee elementor-section-boxed elementor-section-height-default elementor-section-height-default\" data-id=\"e0acdee\" data-element_type=\"section\">\n\t\t\t\t\t\t<div class=\"elementor-container elementor-column-gap-no\">\n\t\t\t\t\t<div class=\"elementor-column elementor-col-100 elementor-inner-column elementor-element elementor-element-4731b5c\" data-id=\"4731b5c\" data-element_type=\"column\">\n\t\t\t<div class=\"elementor-widget-wrap elementor-element-populated\">\n\t\t\t\t\t\t<div class=\"elementor-element elementor-element-bb87763 elementor-widget elementor-widget-tragasectiontitle\" data-id=\"bb87763\" data-element_type=\"widget\" data-widget_type=\"tragasectiontitle.default\">\n\t\t\t\t<div class=\"elementor-widget-container\">\n\t\t\t\t\t<div class=\"title-area-wrap\"><div class=\"title-area\" ><div class=\"shadow-title\">PROCESSO<\/div><span class=\"sub-title subtitle-selector\"><img decoding=\"async\" src=\"https:\/\/fentech.es\/wp-content\/uploads\/2024\/11\/title_shape_2.svg\" alt=\"FENTECH\"  class=\"icon me-2\" \/> PROCESSO DE TRABALHO<\/span><h2 class=\"sec-title title-selector\">Como funciona <span class=\"text-theme\">isso!<\/span><\/h2><\/div><\/div>\t\t\t\t<\/div>\n\t\t\t\t<\/div>\n\t\t\t\t<div class=\"elementor-element elementor-element-5d28834 elementor-widget elementor-widget-tragaprocess\" data-id=\"5d28834\" data-element_type=\"widget\" data-widget_type=\"tragaprocess.default\">\n\t\t\t\t<div class=\"elementor-widget-container\">\n\t\t\t\t\t<div class=\"process-card-area\"><div class=\"process-line\"><img decoding=\"async\" src=\"https:\/\/fentech.es\/wp-content\/uploads\/2024\/11\/process_line-1.svg\" alt=\"FENTECH\"  \/><\/div><div class=\"row gy-40\"><div class=\"col-sm-6 col-xl-3 process-card-wrap\"><div class=\"process-card\"><div class=\"process-card_number\">01<\/div><div class=\"process-card_icon\"><img decoding=\"async\" src=\"https:\/\/fentech.es\/wp-content\/uploads\/2024\/11\/process_card_1.svg\" alt=\"FENTECH\"  \/><\/div><h3 class=\"box-title\">Selecione um projeto<\/h3><p class=\"process-card_text\">Definir suas necessidades de projeto, de implementa\u00e7\u00e3o de ERP para software personalizado ou solu\u00e7\u00f5es de e-commerce, e definir metas claras para impactantes resultados<\/p><\/div><\/div><div class=\"col-sm-6 col-xl-3 process-card-wrap\"><div class=\"process-card\"><div class=\"process-card_number\">02<\/div><div class=\"process-card_icon\"><img decoding=\"async\" src=\"https:\/\/fentech.es\/wp-content\/uploads\/2024\/11\/process_card_2.svg\" alt=\"FENTECH\"  \/><\/div><h3 class=\"box-title\">An\u00e1lise do projeto<\/h3><p class=\"process-card_text\">Nossa equipa realiza uma an\u00e1lise em profundidade para compreender os requisitos t\u00e9cnicos, desafios potenciais e tecnologia ideal de solu\u00e7\u00f5es para o seu projeto.<\/p><\/div><\/div><div class=\"col-sm-6 col-xl-3 process-card-wrap\"><div class=\"process-card\"><div class=\"process-card_number\">03<\/div><div class=\"process-card_icon\"><img decoding=\"async\" src=\"https:\/\/fentech.es\/wp-content\/uploads\/2024\/11\/process_card_3.svg\" alt=\"FENTECH\"  \/><\/div><h3 class=\"box-title\">Plano De Execu\u00e7\u00e3o<\/h3><p class=\"process-card_text\">Criamos um plano detalhado e executar cada etapa, com precis\u00e3o, aproveitando metodologias \u00e1geis para garantir a efici\u00eancia e solu\u00e7\u00f5es escal\u00e1veis<\/p><\/div><\/div><div class=\"col-sm-6 col-xl-3 process-card-wrap\"><div class=\"process-card\"><div class=\"process-card_number\">04<\/div><div class=\"process-card_icon\"><img decoding=\"async\" src=\"https:\/\/fentech.es\/wp-content\/uploads\/2024\/11\/process_card_4.svg\" alt=\"FENTECH\"  \/><\/div><h3 class=\"box-title\">Entregar resultado<\/h3><p class=\"process-card_text\">A entrega sob medida, solu\u00e7\u00f5es de alto desempenho que a unidade de crescimento, seguido de um apoio cont\u00ednuo para manter seus sistemas otimizados e pronta para o futuro<\/p><\/div><\/div><\/div><\/div>\t\t\t\t<\/div>\n\t\t\t\t<\/div>\n\t\t\t\t\t<\/div>\n\t\t<\/div>\n\t\t\t\t\t<\/div>\n\t\t<\/section>\n\t\t\t\t\t<\/div>\n\t\t<\/div>\n\t\t\t\t\t<\/div>\n\t\t<\/section>\n\t\t\t\t<\/div>","protected":false},"excerpt":{"rendered":"<p>Featured Solutions We Provide Exclusive Service For Your Business 01 ERP implementation We offer end-to-end ERP implementation services, from initial consultation and system design to deployment and post-implementation support. Read More 02 CAD Engineering Precision CAD solutions for innovative product design, advanced prototyping, and detailed development, expertly tailored to meet diverse industry needs. Read More&#8230;<\/p>","protected":false},"author":1,"featured_media":0,"parent":0,"menu_order":0,"comment_status":"closed","ping_status":"closed","template":"","meta":{"footnotes":""},"class_list":["post-711","page","type-page","status-publish","hentry"],"_links":{"self":[{"href":"https:\/\/fentech.es\/pt\/wp-json\/wp\/v2\/pages\/711","targetHints":{"allow":["GET"]}}],"collection":[{"href":"https:\/\/fentech.es\/pt\/wp-json\/wp\/v2\/pages"}],"about":[{"href":"https:\/\/fentech.es\/pt\/wp-json\/wp\/v2\/types\/page"}],"author":[{"embeddable":true,"href":"https:\/\/fentech.es\/pt\/wp-json\/wp\/v2\/users\/1"}],"replies":[{"embeddable":true,"href":"https:\/\/fentech.es\/pt\/wp-json\/wp\/v2\/comments?post=711"}],"version-history":[{"count":0,"href":"https:\/\/fentech.es\/pt\/wp-json\/wp\/v2\/pages\/711\/revisions"}],"wp:attachment":[{"href":"https:\/\/fentech.es\/pt\/wp-json\/wp\/v2\/media?parent=711"}],"curies":[{"name":"wp","href":"https:\/\/api.w.org\/{rel}","templated":true}]}}