{"id":501,"date":"2024-11-10T18:59:59","date_gmt":"2024-11-10T18:59:59","guid":{"rendered":"https:\/\/fentech.es\/?page_id=501"},"modified":"2025-07-27T02:02:49","modified_gmt":"2025-07-27T02:02:49","slug":"email-marketing","status":"publish","type":"page","link":"https:\/\/fentech.es\/pt\/email-marketing\/","title":{"rendered":"E-Mail Marketing"},"content":{"rendered":"<div data-elementor-type=\"wp-page\" data-elementor-id=\"501\" class=\"elementor elementor-501\">\n\t\t\t\t\t\t<section class=\"elementor-section elementor-top-section elementor-element elementor-element-7a5371d1 elementor-section-boxed elementor-section-height-default elementor-section-height-default\" data-id=\"7a5371d1\" data-element_type=\"section\">\n\t\t\t\t\t\t<div class=\"elementor-container elementor-column-gap-no\">\n\t\t\t\t\t<div class=\"elementor-column elementor-col-100 elementor-top-column elementor-element elementor-element-562f1bf9\" data-id=\"562f1bf9\" data-element_type=\"column\">\n\t\t\t<div class=\"elementor-widget-wrap elementor-element-populated\">\n\t\t\t\t\t\t<section class=\"elementor-section elementor-inner-section elementor-element elementor-element-3d5840ce elementor-section-full_width elementor-section-height-default elementor-section-height-default\" data-id=\"3d5840ce\" data-element_type=\"section\">\n\t\t\t\t\t\t<div class=\"elementor-container elementor-column-gap-no\">\n\t\t\t\t\t<div class=\"elementor-column elementor-col-50 elementor-inner-column elementor-element elementor-element-714e681b page-single\" data-id=\"714e681b\" data-element_type=\"column\">\n\t\t\t<div class=\"elementor-widget-wrap elementor-element-populated\">\n\t\t\t\t\t\t<div class=\"elementor-element elementor-element-3b9962ee page-img elementor-widget elementor-widget-image\" data-id=\"3b9962ee\" data-element_type=\"widget\" data-widget_type=\"image.default\">\n\t\t\t\t<div class=\"elementor-widget-container\">\n\t\t\t\t\t\t\t\t\t\t\t\t\t\t\t<img fetchpriority=\"high\" decoding=\"async\" width=\"640\" height=\"419\" src=\"https:\/\/fentech.es\/wp-content\/uploads\/2024\/11\/email.png\" class=\"attachment-full size-full wp-image-504\" alt=\"\" srcset=\"https:\/\/fentech.es\/wp-content\/uploads\/2024\/11\/email.png 640w, https:\/\/fentech.es\/wp-content\/uploads\/2024\/11\/email-300x196.png 300w\" sizes=\"(max-width: 640px) 100vw, 640px\" \/>\t\t\t\t\t\t\t\t\t\t\t\t\t\t\t<\/div>\n\t\t\t\t<\/div>\n\t\t\t\t<div class=\"elementor-element elementor-element-5bee87d1 h3 page-title elementor-widget elementor-widget-heading\" data-id=\"5bee87d1\" data-element_type=\"widget\" data-widget_type=\"heading.default\">\n\t\t\t\t<div class=\"elementor-widget-container\">\n\t\t\t\t\t<h3 class=\"elementor-heading-title elementor-size-default\"><h2 style=\"font-family: Barlow, sans-serif\">E-Mail Marketing<\/h2><\/h3>\t\t\t\t<\/div>\n\t\t\t\t<\/div>\n\t\t\t\t<div class=\"elementor-element elementor-element-7b68cd2a h3 page-title elementor-widget elementor-widget-heading\" data-id=\"7b68cd2a\" data-element_type=\"widget\" data-widget_type=\"heading.default\">\n\t\t\t\t<div class=\"elementor-widget-container\">\n\t\t\t\t\t<h3 class=\"elementor-heading-title elementor-size-default\">O Marketing que as unidades de sua marca para novos n\u00edveis!<\/h3>\t\t\t\t<\/div>\n\t\t\t\t<\/div>\n\t\t\t\t<div class=\"elementor-element elementor-element-1e73487e elementor-widget elementor-widget-text-editor\" data-id=\"1e73487e\" data-element_type=\"widget\" data-widget_type=\"text-editor.default\">\n\t\t\t\t<div class=\"elementor-widget-container\">\n\t\t\t\t\t\t\t\t\t<p><strong>&#034;O e-mail tem uma habilidade que muitos canais que n\u00e3o fazer: criar valiosos toques pessoais, em grande escala.&#034;\u00a0<\/strong>\u2013David Newman.<\/p><p>E-mail marketing \u00e9 uma bem-estabelecida e gratificante estrat\u00e9gia de marketing de conte\u00fado para aumentar o reconhecimento da marca, aumento do tr\u00e1fego do site, gera\u00e7\u00e3o de leads, e promo\u00e7\u00e3o de servi\u00e7os e produtos.<\/p><p>If you are looking to revamp your email marketing program, or are looking for a marketing agency, or simply want to maximize the results of your email marketing efforts, FENTECH is there to help you every step of the way.<\/p><p>Com <strong>FENTECH<\/strong>, voc\u00ea:<\/p><ul><li>Forma mais eficiente de alavancar seus mais valiosos ativos de marketing: a sua crescente clientela e p\u00fablico.<\/li><li>Gastar menos tempo com a estrutura e a personaliza\u00e7\u00e3o.<\/li><li>Investir em mais poderosa rela\u00e7\u00f5es com suas conex\u00f5es.<br \/>Alcan\u00e7ar seus objetivos de neg\u00f3cio rapidamente.<\/li><\/ul>\t\t\t\t\t\t\t\t<\/div>\n\t\t\t\t<\/div>\n\t\t\t\t\t<\/div>\n\t\t<\/div>\n\t\t\t\t<div class=\"elementor-column elementor-col-50 elementor-inner-column elementor-element elementor-element-3369d210\" data-id=\"3369d210\" data-element_type=\"column\">\n\t\t\t<div class=\"elementor-widget-wrap elementor-element-populated\">\n\t\t\t\t\t\t<div class=\"elementor-element elementor-element-31547fe elementor-hidden-tablet elementor-hidden-mobile elementor-widget elementor-widget-webteckshapeimage\" data-id=\"31547fe\" data-element_type=\"widget\" data-widget_type=\"webteckshapeimage.default\">\n\t\t\t\t<div class=\"elementor-widget-container\">\n\t\t\t\t\t<!-- Image --><div class=\"shape-mockup  jump d-xxl-block d-xl-block d-lg-block\"><img decoding=\"async\" src=\"https:\/\/fentech.es\/wp-content\/uploads\/2025\/07\/Fentech-lg.png\" alt=\"Shape Image\" ><\/div><!-- End Image -->\t\t\t\t<\/div>\n\t\t\t\t<\/div>\n\t\t\t\t\t<\/div>\n\t\t<\/div>\n\t\t\t\t\t<\/div>\n\t\t<\/section>\n\t\t\t\t\t<\/div>\n\t\t<\/div>\n\t\t\t\t\t<\/div>\n\t\t<\/section>\n\t\t<div class=\"elementor-element elementor-element-64c866f5 e-flex e-con-boxed e-con e-parent\" data-id=\"64c866f5\" data-element_type=\"container\">\n\t\t\t\t\t<div class=\"e-con-inner\">\n\t\t\t\t<div class=\"elementor-element elementor-element-296bc692 elementor-widget elementor-widget-text-editor\" data-id=\"296bc692\" data-element_type=\"widget\" data-widget_type=\"text-editor.default\">\n\t\t\t\t<div class=\"elementor-widget-container\">\n\t\t\t\t\t\t\t\t\t<h3>Por Que Escolher O Nosso E-Mail Marketing De Servi\u00e7os?<\/h3><p><strong>Adaptado de Campanhas para o M\u00e1ximo de Impacto<\/strong><br \/>Entendemos que um tamanho n\u00e3o serve para todos, em e-mail marketing. A nossa equipa de artesanato campanhas personalizadas que se identifiquem com o seu p\u00fablico-alvo, garantindo maior engajamento e taxas de convers\u00e3o melhor.<\/p><p><strong>Dados Orientados Por Estrat\u00e9gias<\/strong><br \/>Nosso e-mail marketing solu\u00e7\u00f5es s\u00e3o alimentados pelo google analytics. Vamos acompanhar e analisar o comportamento do cliente, suas prefer\u00eancias e as m\u00e9tricas de engajamento para continuamente aperfei\u00e7oar nossas estrat\u00e9gias e melhorar os resultados.<\/p><p><strong>Solu\u00e7\u00f5es automatizadas para a Efici\u00eancia<\/strong><br \/>Utilizamos ferramentas avan\u00e7adas de automa\u00e7\u00e3o para simplificar o seu processo de email marketing. Isso permite que voc\u00ea para nutrir leads e manter rela\u00e7\u00f5es sem a necessidade de interven\u00e7\u00e3o manual.<\/p><p><strong>Abrangente De Testes A\/B<\/strong><br \/>Vamos implementar testes A\/B para determinar o que funciona melhor para o seu p\u00fablico-alvo. A partir de linhas de assunto para layouts de conte\u00fado, podemos ajustar cada elemento para melhorar o desempenho.<\/p><p><strong>Regular De Relat\u00f3rios De Desempenho<\/strong><br \/>Mantenha-se informado com relat\u00f3rios detalhados de desempenho que descrevam as principais m\u00e9tricas, tais como taxas de abertura, taxas de cliques e taxas de convers\u00e3o. Esta transpar\u00eancia permite ver o impacto direto de nossos esfor\u00e7os.<\/p><p><strong>Apoio Especializado<\/strong><br \/>A nossa dedicada equipe de peritos em email marketing est\u00e1 sempre dispon\u00edvel para fornecer orienta\u00e7\u00e3o e suporte. Podemos garantir que suas campanhas alinhadas com sua estrat\u00e9gia global de marketing e objetivos de neg\u00f3cio.<\/p><h3>Vamos Elevar o Seu e-Mail Marketing Juntos!<\/h3><p>Se voc\u00ea estiver come\u00e7ando do zero, ou olhando para melhorar seus esfor\u00e7os existentes, <strong>FENTECH<\/strong>\u00a0est\u00e1 aqui para ajudar voc\u00ea a atingir excelentes resultados atrav\u00e9s de e-mail marketing.<\/p>\t\t\t\t\t\t\t\t<\/div>\n\t\t\t\t<\/div>\n\t\t\t\t\t<\/div>\n\t\t\t\t<\/div>\n\t\t\t\t<section class=\"elementor-section elementor-top-section elementor-element elementor-element-641ead4f elementor-hidden-desktop elementor-hidden-tablet elementor-hidden-mobile elementor-section-boxed elementor-section-height-default elementor-section-height-default\" data-id=\"641ead4f\" data-element_type=\"section\">\n\t\t\t\t\t\t<div class=\"elementor-container elementor-column-gap-no\">\n\t\t\t\t\t<div class=\"elementor-column elementor-col-100 elementor-top-column elementor-element elementor-element-2e20f5df\" data-id=\"2e20f5df\" data-element_type=\"column\">\n\t\t\t<div class=\"elementor-widget-wrap elementor-element-populated\">\n\t\t\t\t\t\t<div class=\"elementor-element elementor-element-7696ed34 elementor-widget elementor-widget-tragafeature\" data-id=\"7696ed34\" data-element_type=\"widget\" data-widget_type=\"tragafeature.default\">\n\t\t\t\t<div class=\"elementor-widget-container\">\n\t\t\t\t\t<div class=\"service-feature-wrap\"><div class=\"service-feature\"><div class=\"service-feature_icon\"><img decoding=\"async\" src=\"https:\/\/fentech.es\/wp-content\/uploads\/2024\/11\/feature_card_1.png\" alt=\"FENTECH\"  \/><\/div><div class=\"media-body\"><h4 class=\"service-feature_title\">Dados Do Servi\u00e7o De Gest\u00e3o De<\/h4><p class=\"service-feature_text\">Intrinsicly maximizar best-of-breed tema estrat\u00e9gico \u00e1reas enquanto premium alinhamentos. Colabora\u00e7\u00e3o de transi\u00e7\u00e3o do cliente.<\/p><\/div><\/div><div class=\"service-feature\"><div class=\"service-feature_icon\"><img decoding=\"async\" src=\"https:\/\/fentech.es\/wp-content\/uploads\/2024\/11\/feature_card_3.png\" alt=\"FENTECH\"  \/><\/div><div class=\"media-body\"><h4 class=\"service-feature_title\">Suporte De Classe Mundial<\/h4><p class=\"service-feature_text\">Intrinsicly maximizar best-of-breed tema estrat\u00e9gico \u00e1reas enquanto premium alinhamentos. Colabora\u00e7\u00e3o de transi\u00e7\u00e3o do cliente.<\/p><\/div><\/div><div class=\"service-feature\"><div class=\"service-feature_icon\"><img decoding=\"async\" src=\"https:\/\/fentech.es\/wp-content\/uploads\/2024\/11\/feature_card_2.png\" alt=\"FENTECH\"  \/><\/div><div class=\"media-body\"><h4 class=\"service-feature_title\">Estrat\u00e9gia de TI &amp; Consultoria<\/h4><p class=\"service-feature_text\">Intrinsicly maximizar best-of-breed tema estrat\u00e9gico \u00e1reas enquanto premium alinhamentos. Colabora\u00e7\u00e3o de transi\u00e7\u00e3o do cliente.<\/p><\/div><\/div><\/div>\t\t\t\t<\/div>\n\t\t\t\t<\/div>\n\t\t\t\t\t<\/div>\n\t\t<\/div>\n\t\t\t\t\t<\/div>\n\t\t<\/section>\n\t\t<div class=\"elementor-element elementor-element-692cc0ec e-flex e-con-boxed e-con e-parent\" data-id=\"692cc0ec\" data-element_type=\"container\">\n\t\t\t\t\t<div class=\"e-con-inner\">\n\t\t\t\t<div class=\"elementor-element elementor-element-3f3663aa elementor-widget elementor-widget-text-editor\" data-id=\"3f3663aa\" data-element_type=\"widget\" data-widget_type=\"text-editor.default\">\n\t\t\t\t<div class=\"elementor-widget-container\">\n\t\t\t\t\t\t\t\t\t<div class=\"row\"><div class=\"col-md-6 mb-30\"><div class=\"th-video\"><img decoding=\"async\" class=\"alignnone size-medium wp-image-9543\" src=\"https:\/\/pilotech.pilotech-global.com\/wp-content\/uploads\/2024\/11\/email-300x196.png\" alt=\"\" width=\"300\" height=\"196\" \/><br \/><i class=\"fas fa-play\"><\/i><\/div><\/div><div class=\"col-md-6 mb-30\"><h3 class=\"h4 mb-20\">Nosso Compromisso com a Excel\u00eancia<\/h3><div class=\"checklist style3\"><ul><li><i class=\"fas fa-octagon-check\"><\/i>Focado em Suas Necessidades \u00danicas<\/li><li><i class=\"fas fa-octagon-check\"><\/i>Dedicada ao Seu Sucesso<\/li><li><i class=\"fas fa-octagon-check\"><\/i>Simplificado Do Processo De Implementa\u00e7\u00e3o<\/li><li><i class=\"fas fa-octagon-check\"><\/i>Livre De Risco De Apoio \u00c0 Transi\u00e7\u00e3o<\/li><li><i class=\"fas fa-octagon-check\"><\/i>A sua Satisfa\u00e7\u00e3o \u00e9 a Nossa Prioridade<\/li><\/ul><\/div><\/div><\/div>\t\t\t\t\t\t\t\t<\/div>\n\t\t\t\t<\/div>\n\t\t\t\t<div class=\"elementor-element elementor-element-4178d48d elementor-widget elementor-widget-tragafeature\" data-id=\"4178d48d\" data-element_type=\"widget\" data-widget_type=\"tragafeature.default\">\n\t\t\t\t<div class=\"elementor-widget-container\">\n\t\t\t\t\t<div class=\"service-feature-wrap\"><div class=\"service-feature\"><div class=\"service-feature_icon\"><img decoding=\"async\" src=\"https:\/\/fentech.es\/wp-content\/uploads\/2024\/11\/service_feature_1.svg\" alt=\"FENTECH\"  \/><\/div><div class=\"media-body\"><h4 class=\"service-feature_title\">Envolvimento E-Mail Marketing Solutions<\/h4><p class=\"service-feature_text\">Aumentar a Presen\u00e7a de Sua Marca Convincentes, Orientada para os Resultados das Campanhas<\/p><\/div><\/div><div class=\"service-feature\"><div class=\"service-feature_icon\"><img decoding=\"async\" src=\"https:\/\/fentech.es\/wp-content\/uploads\/2024\/11\/service_feature_2.svg\" alt=\"FENTECH\"  \/><\/div><div class=\"media-body\"><h4 class=\"service-feature_title\">24\/7 Suporte Dedicado<\/h4><p class=\"service-feature_text\">A nossa equipe de especialistas est\u00e1 dispon\u00edvel o tempo todo para ajud\u00e1-lo sempre que voc\u00ea precisar<\/p><\/div><\/div><\/div>\t\t\t\t<\/div>\n\t\t\t\t<\/div>\n\t\t\t\t\t<\/div>\n\t\t\t\t<\/div>\n\t\t\t\t<section class=\"elementor-section elementor-top-section elementor-element elementor-element-37ea05ea elementor-section-boxed elementor-section-height-default elementor-section-height-default\" data-id=\"37ea05ea\" data-element_type=\"section\">\n\t\t\t\t\t\t<div class=\"elementor-container elementor-column-gap-no\">\n\t\t\t\t\t<div class=\"elementor-column elementor-col-100 elementor-top-column elementor-element elementor-element-1fb0d6a6\" data-id=\"1fb0d6a6\" data-element_type=\"column\">\n\t\t\t<div class=\"elementor-widget-wrap elementor-element-populated\">\n\t\t\t\t\t\t<section class=\"elementor-section elementor-inner-section elementor-element elementor-element-212f4069 elementor-section-full_width elementor-section-height-default elementor-section-height-default\" data-id=\"212f4069\" data-element_type=\"section\">\n\t\t\t\t\t\t<div class=\"elementor-container elementor-column-gap-no\">\n\t\t\t\t\t<div class=\"elementor-column elementor-col-50 elementor-inner-column elementor-element elementor-element-5397761e page-single\" data-id=\"5397761e\" data-element_type=\"column\">\n\t\t\t<div class=\"elementor-widget-wrap elementor-element-populated\">\n\t\t\t\t\t\t<div class=\"elementor-element elementor-element-762b3286 elementor-widget elementor-widget-text-editor\" data-id=\"762b3286\" data-element_type=\"widget\" data-widget_type=\"text-editor.default\">\n\t\t\t\t<div class=\"elementor-widget-container\">\n\t\t\t\t\t\t\t\t\t<p><strong>ailored YouTube Solu\u00e7\u00f5es de Marketing<\/strong><br \/>Elevar a Presen\u00e7a de Sua Marca com o exerc\u00edcio, Focada em Resultados de Conte\u00fado de V\u00eddeo<\/p>\t\t\t\t\t\t\t\t<\/div>\n\t\t\t\t<\/div>\n\t\t\t\t<div class=\"elementor-element elementor-element-514dedbd elementor-widget elementor-widget-heading\" data-id=\"514dedbd\" data-element_type=\"widget\" data-widget_type=\"heading.default\">\n\t\t\t\t<div class=\"elementor-widget-container\">\n\t\t\t\t\t<h4 class=\"elementor-heading-title elementor-size-default\">Perguntas mais Frequentes sobre Nossos Servi\u00e7os de e-Mail Marketing<\/h4>\t\t\t\t<\/div>\n\t\t\t\t<\/div>\n\t\t\t\t<div class=\"elementor-element elementor-element-5c311d4f elementor-widget elementor-widget-tragafaq\" data-id=\"5c311d4f\" data-element_type=\"widget\" data-widget_type=\"tragafaq.default\">\n\t\t\t\t<div class=\"elementor-widget-container\">\n\t\t\t\t\t<div class=\"accordion-area accordion\" id=\"faqAccordion\"><div class=\"accordion-card style2 active\"><div class=\"accordion-header\" id=\"collapse-item-1\"><button class=\"accordion-button\" type=\"button\" data-bs-toggle=\"collapse\" data-bs-target=\"#collapse-1\" aria-expanded=\"true\" aria-controls=\"collapse-1\">Que tipos de e-mail marketing de servi\u00e7os voc\u00eas oferecem?<\/button><\/div><div id=\"collapse-1\" class=\"accordion-collapse collapse show\" aria-labelledby=\"collapse-item-1\" data-bs-parent=\"#faqAccordion\"><div class=\"accordion-body\"><p class=\"faq-text\">N\u00f3s fornecemos uma gama completa de e-mail marketing de servi\u00e7os, incluindo estrat\u00e9gia de campanha, o projeto, a automa\u00e7\u00e3o, a lista de gerenciamento, an\u00e1lise e gera\u00e7\u00e3o de relat\u00f3rios.<\/p><\/div><\/div><\/div><div class=\"accordion-card style2\"><div class=\"accordion-header\" id=\"collapse-item-2\"><button class=\"accordion-button collapsed\" type=\"button\" data-bs-toggle=\"collapse\" data-bs-target=\"#collapse-2\" aria-expanded=\"false\" aria-controls=\"collapse-2\">Como voc\u00ea pode garantir alta abrir e clique-atrav\u00e9s das taxas?<\/button><\/div><div id=\"collapse-2\" class=\"accordion-collapse collapse\" aria-labelledby=\"collapse-item-2\" data-bs-parent=\"#faqAccordion\"><div class=\"accordion-body\"><p class=\"faq-text\">Utilizamos os dados orientados por estrat\u00e9gias para o segmento de seu p\u00fablico, de of\u00edcio convincente linhas de assunto, e personalizar o conte\u00fado, o que contribui para o maior engajamento taxas.<\/p><\/div><\/div><\/div><div class=\"accordion-card style2\"><div class=\"accordion-header\" id=\"collapse-item-3\"><button class=\"accordion-button collapsed\" type=\"button\" data-bs-toggle=\"collapse\" data-bs-target=\"#collapse-3\" aria-expanded=\"false\" aria-controls=\"collapse-3\">Voc\u00ea pode ajudar com a constru\u00e7\u00e3o de uma lista de e-mail?<\/button><\/div><div id=\"collapse-3\" class=\"accordion-collapse collapse\" aria-labelledby=\"collapse-item-3\" data-bs-parent=\"#faqAccordion\"><div class=\"accordion-body\"><p class=\"faq-text\">Absolutamente! Oferecemos estrat\u00e9gias para crescer a sua lista de e-mail, incluindo o chumbo \u00edm\u00e3s, p\u00e1ginas de destino e otimizado formul\u00e1rios de inscri\u00e7\u00e3o.<\/p><\/div><\/div><\/div><div class=\"accordion-card style2\"><div class=\"accordion-header\" id=\"collapse-item-4\"><button class=\"accordion-button collapsed\" type=\"button\" data-bs-toggle=\"collapse\" data-bs-target=\"#collapse-4\" aria-expanded=\"false\" aria-controls=\"collapse-4\">Que tipo de relat\u00f3rio que posso esperar?<\/button><\/div><div id=\"collapse-4\" class=\"accordion-collapse collapse\" aria-labelledby=\"collapse-item-4\" data-bs-parent=\"#faqAccordion\"><div class=\"accordion-body\"><p class=\"faq-text\">N\u00f3s fornecer regularmente relat\u00f3rios de desempenho que abrangem os principais m\u00e9tricas tais como taxas de abertura, taxas de cliques e de convers\u00e3o de taxas, juntamente com insights para a melhoria<\/p><\/div><\/div><\/div><div class=\"accordion-card style2\"><div class=\"accordion-header\" id=\"collapse-item-5\"><button class=\"accordion-button collapsed\" type=\"button\" data-bs-toggle=\"collapse\" data-bs-target=\"#collapse-5\" aria-expanded=\"false\" aria-controls=\"collapse-5\">Voc\u00eas oferecem suporte ap\u00f3s o lan\u00e7amento de uma campanha de e-mail?<\/button><\/div><div id=\"collapse-5\" class=\"accordion-collapse collapse\" aria-labelledby=\"collapse-item-5\" data-bs-parent=\"#faqAccordion\"><div class=\"accordion-body\"><p class=\"faq-text\">Sim, a nossa equipe oferece suporte cont\u00ednuo, incluindo a an\u00e1lise e ajustes para garantir que suas campanhas de continuar a cumprir os seus objectivos.<\/p><\/div><\/div><\/div><\/div>\t\t\t\t<\/div>\n\t\t\t\t<\/div>\n\t\t\t\t\t<\/div>\n\t\t<\/div>\n\t\t\t\t<div class=\"elementor-column elementor-col-50 elementor-inner-column elementor-element elementor-element-6ad09161\" data-id=\"6ad09161\" data-element_type=\"column\">\n\t\t\t<div class=\"elementor-widget-wrap elementor-element-populated\">\n\t\t\t\t\t\t<div class=\"elementor-element elementor-element-4122199 elementor-widget elementor-widget-text-editor\" data-id=\"4122199\" data-element_type=\"widget\" data-widget_type=\"text-editor.default\">\n\t\t\t\t<div class=\"elementor-widget-container\">\n\t\t\t\t\t\t\t\t\t<div class=\"widget widget_download\"><h4 class=\"widget_title\">Baixar Brochura<\/h4><div class=\"download-widget-wrap\"><i class=\"fa-light fa-file-pdf me-2\"><\/i>DOWNLOAD DO ARQUIVO EM PDF<br \/><i class=\"fa-light fa-file-lines me-2\"><\/i>DOWNLOAD DOC<\/div><\/div>\t\t\t\t\t\t\t\t<\/div>\n\t\t\t\t<\/div>\n\t\t\t\t<div class=\"elementor-element elementor-element-468ff4e0 elementor-widget elementor-widget-text-editor\" data-id=\"468ff4e0\" data-element_type=\"widget\" data-widget_type=\"text-editor.default\">\n\t\t\t\t<div class=\"elementor-widget-container\">\n\t\t\t\t\t\t\t\t\t<div class=\"widget widget_banner\" data-bg-src=\"https:\/\/themeholy.com\/wordpress\/test\/wp-content\/uploads\/2023\/03\/widget_banner-1.jpg\"><div class=\"widget-banner\"><span class=\"text\">CONTACTE-NOS AGORA<\/span><h2 class=\"title\">Voc\u00ea Precisa De Ajuda?<\/h2><p>OBTER UMA COTA\u00c7\u00c3O<i class=\"fas fa-arrow-right ms-2\"><\/i><\/p><\/div><\/div>\t\t\t\t\t\t\t\t<\/div>\n\t\t\t\t<\/div>\n\t\t\t\t\t<\/div>\n\t\t<\/div>\n\t\t\t\t\t<\/div>\n\t\t<\/section>\n\t\t\t\t\t<\/div>\n\t\t<\/div>\n\t\t\t\t\t<\/div>\n\t\t<\/section>\n\t\t\t\t<\/div>","protected":false},"excerpt":{"rendered":"<p>Email Marketing Marketing that drives your brand to new levels! \u201cEmail has an ability that many channels don\u2019t: create valuable personal touches, at scale.\u201d\u00a0\u2013David Newman. Email marketing is a well-established and rewarding content marketing strategy for increasing brand awareness, increasing website traffic, generating leads, and promoting services and products. If you are looking to revamp&#8230;<\/p>","protected":false},"author":1,"featured_media":0,"parent":0,"menu_order":0,"comment_status":"closed","ping_status":"closed","template":"template-builder.php","meta":{"footnotes":""},"class_list":["post-501","page","type-page","status-publish","hentry"],"_links":{"self":[{"href":"https:\/\/fentech.es\/pt\/wp-json\/wp\/v2\/pages\/501","targetHints":{"allow":["GET"]}}],"collection":[{"href":"https:\/\/fentech.es\/pt\/wp-json\/wp\/v2\/pages"}],"about":[{"href":"https:\/\/fentech.es\/pt\/wp-json\/wp\/v2\/types\/page"}],"author":[{"embeddable":true,"href":"https:\/\/fentech.es\/pt\/wp-json\/wp\/v2\/users\/1"}],"replies":[{"embeddable":true,"href":"https:\/\/fentech.es\/pt\/wp-json\/wp\/v2\/comments?post=501"}],"version-history":[{"count":0,"href":"https:\/\/fentech.es\/pt\/wp-json\/wp\/v2\/pages\/501\/revisions"}],"wp:attachment":[{"href":"https:\/\/fentech.es\/pt\/wp-json\/wp\/v2\/media?parent=501"}],"curies":[{"name":"wp","href":"https:\/\/api.w.org\/{rel}","templated":true}]}}