{"id":455,"date":"2024-11-10T18:47:32","date_gmt":"2024-11-10T18:47:32","guid":{"rendered":"https:\/\/fentech.es\/?page_id=455"},"modified":"2025-07-27T01:59:46","modified_gmt":"2025-07-27T01:59:46","slug":"music-production","status":"publish","type":"page","link":"https:\/\/fentech.es\/pt\/music-production\/","title":{"rendered":"Produ\u00e7\u00e3o Musical"},"content":{"rendered":"<div data-elementor-type=\"wp-page\" data-elementor-id=\"455\" class=\"elementor elementor-455\">\n\t\t\t\t\t\t<section class=\"elementor-section elementor-top-section elementor-element elementor-element-731a39e5 elementor-section-boxed elementor-section-height-default elementor-section-height-default\" data-id=\"731a39e5\" data-element_type=\"section\">\n\t\t\t\t\t\t<div class=\"elementor-container elementor-column-gap-no\">\n\t\t\t\t\t<div class=\"elementor-column elementor-col-100 elementor-top-column elementor-element elementor-element-a178e2a\" data-id=\"a178e2a\" data-element_type=\"column\">\n\t\t\t<div class=\"elementor-widget-wrap elementor-element-populated\">\n\t\t\t\t\t\t<section class=\"elementor-section elementor-inner-section elementor-element elementor-element-4c027fc2 elementor-section-full_width elementor-section-height-default elementor-section-height-default\" data-id=\"4c027fc2\" data-element_type=\"section\">\n\t\t\t\t\t\t<div class=\"elementor-container elementor-column-gap-no\">\n\t\t\t\t\t<div class=\"elementor-column elementor-col-50 elementor-inner-column elementor-element elementor-element-208a4c9a page-single\" data-id=\"208a4c9a\" data-element_type=\"column\">\n\t\t\t<div class=\"elementor-widget-wrap elementor-element-populated\">\n\t\t\t\t\t\t<div class=\"elementor-element elementor-element-37db9cba page-img elementor-widget elementor-widget-image\" data-id=\"37db9cba\" data-element_type=\"widget\" data-widget_type=\"image.default\">\n\t\t\t\t<div class=\"elementor-widget-container\">\n\t\t\t\t\t\t\t\t\t\t\t\t\t\t\t<img fetchpriority=\"high\" decoding=\"async\" width=\"640\" height=\"419\" src=\"https:\/\/fentech.es\/wp-content\/uploads\/2024\/11\/Music-Production.jpg\" class=\"attachment-full size-full wp-image-458\" alt=\"\" srcset=\"https:\/\/fentech.es\/wp-content\/uploads\/2024\/11\/Music-Production.jpg 640w, https:\/\/fentech.es\/wp-content\/uploads\/2024\/11\/Music-Production-300x196.jpg 300w\" sizes=\"(max-width: 640px) 100vw, 640px\" \/>\t\t\t\t\t\t\t\t\t\t\t\t\t\t\t<\/div>\n\t\t\t\t<\/div>\n\t\t\t\t<div class=\"elementor-element elementor-element-13dc4640 h3 page-title elementor-widget elementor-widget-heading\" data-id=\"13dc4640\" data-element_type=\"widget\" data-widget_type=\"heading.default\">\n\t\t\t\t<div class=\"elementor-widget-container\">\n\t\t\t\t\t<h3 class=\"elementor-heading-title elementor-size-default\"><h2 style=\"font-family: Barlow, sans-serif\">PRODU\u00c7\u00c3O MUSICAL<\/h2><\/h3>\t\t\t\t<\/div>\n\t\t\t\t<\/div>\n\t\t\t\t<div class=\"elementor-element elementor-element-16efbffa h3 page-title elementor-widget elementor-widget-heading\" data-id=\"16efbffa\" data-element_type=\"widget\" data-widget_type=\"heading.default\">\n\t\t\t\t<div class=\"elementor-widget-container\">\n\t\t\t\t\t<h3 class=\"elementor-heading-title elementor-size-default\">Presta\u00e7\u00e3o de web perfei\u00e7\u00e3o em todo o mundo<\/h3>\t\t\t\t<\/div>\n\t\t\t\t<\/div>\n\t\t\t\t<div class=\"elementor-element elementor-element-244568b8 elementor-widget elementor-widget-text-editor\" data-id=\"244568b8\" data-element_type=\"widget\" data-widget_type=\"text-editor.default\">\n\t\t\t\t<div class=\"elementor-widget-container\">\n\t\t\t\t\t\t\t\t\t<p><strong>FENTECH<\/strong>acreditamos que a m\u00fasica fala mais alto que as palavras. Toda a cren\u00e7a e a cada sentimento pode ser expresso mais habilmente atrav\u00e9s da m\u00fasica. A m\u00fasica pode elev\u00e1-lo, mudar o seu humor, transport\u00e1-lo de volta para o passado temporadas, ou at\u00e9 mesmo criar novas mem\u00f3rias. Temos uma grande paix\u00e3o por m\u00fasica, e est\u00e3o empenhados em produzir inovadoras e originais e faixas que voc\u00ea vai querer usar em seu pr\u00f3ximo projeto para se expressar e a sua marca.<\/p><p>N\u00f3s somos uma equipe pequena e encontrar inspira\u00e7\u00e3o todos os dias para criar jingles. N\u00f3s queremos que a nossa m\u00fasica para ter sucesso na instiga\u00e7\u00e3o de sua express\u00e3o art\u00edstica.<\/p><p>Somos uma boutique de produ\u00e7\u00e3o musical (jingles) da empresa, um destino \u00fanico para composi\u00e7\u00e3o musical e produ\u00e7\u00e3o. A partir de nosso Est\u00fadio, estamos empurrando-o para se tornar o principal fornecedor de criativo e moderno de m\u00fasica, sound design e composi\u00e7\u00e3o de v\u00eddeos, comerciais, e de branding.<\/p><p>No <strong>FENTECH<\/strong>nosso objetivo \u00e9 fornecer end-to-end de m\u00fasica de servi\u00e7os de produ\u00e7\u00e3o para os an\u00fancios, comerciais, privadas \u00e1lbuns, e document\u00e1rios, incluindo composi\u00e7\u00e3o, arranjos, programa\u00e7\u00e3o, mixagem, masteriza\u00e7\u00e3o, e tudo o mais. Voc\u00ea fornece o resumo, e n\u00f3s vamos criar o perfeito jingles para suas necessidades.<\/p>\t\t\t\t\t\t\t\t<\/div>\n\t\t\t\t<\/div>\n\t\t\t\t\t<\/div>\n\t\t<\/div>\n\t\t\t\t<div class=\"elementor-column elementor-col-50 elementor-inner-column elementor-element elementor-element-4585e43d\" data-id=\"4585e43d\" data-element_type=\"column\">\n\t\t\t<div class=\"elementor-widget-wrap elementor-element-populated\">\n\t\t\t\t\t\t<div class=\"elementor-element elementor-element-cd75e28 elementor-hidden-tablet elementor-hidden-mobile elementor-widget elementor-widget-webteckshapeimage\" data-id=\"cd75e28\" data-element_type=\"widget\" data-widget_type=\"webteckshapeimage.default\">\n\t\t\t\t<div class=\"elementor-widget-container\">\n\t\t\t\t\t<!-- Image --><div class=\"shape-mockup  jump d-xxl-block d-xl-block d-lg-block\"><img decoding=\"async\" src=\"https:\/\/fentech.es\/wp-content\/uploads\/2025\/07\/Fentech-lg.png\" alt=\"Shape Image\" ><\/div><!-- End Image -->\t\t\t\t<\/div>\n\t\t\t\t<\/div>\n\t\t\t\t\t<\/div>\n\t\t<\/div>\n\t\t\t\t\t<\/div>\n\t\t<\/section>\n\t\t\t\t\t<\/div>\n\t\t<\/div>\n\t\t\t\t\t<\/div>\n\t\t<\/section>\n\t\t\t\t<section class=\"elementor-section elementor-top-section elementor-element elementor-element-77a7bfec elementor-hidden-desktop elementor-hidden-tablet elementor-hidden-mobile elementor-section-boxed elementor-section-height-default elementor-section-height-default\" data-id=\"77a7bfec\" data-element_type=\"section\">\n\t\t\t\t\t\t<div class=\"elementor-container elementor-column-gap-no\">\n\t\t\t\t\t<div class=\"elementor-column elementor-col-100 elementor-top-column elementor-element elementor-element-3d588777\" data-id=\"3d588777\" data-element_type=\"column\">\n\t\t\t<div class=\"elementor-widget-wrap elementor-element-populated\">\n\t\t\t\t\t\t<div class=\"elementor-element elementor-element-6689239f elementor-widget elementor-widget-tragafeature\" data-id=\"6689239f\" data-element_type=\"widget\" data-widget_type=\"tragafeature.default\">\n\t\t\t\t<div class=\"elementor-widget-container\">\n\t\t\t\t\t<div class=\"service-feature-wrap\"><div class=\"service-feature\"><div class=\"service-feature_icon\"><img decoding=\"async\" src=\"https:\/\/fentech.es\/wp-content\/uploads\/2024\/11\/feature_card_1.png\" alt=\"FENTECH\"  \/><\/div><div class=\"media-body\"><h4 class=\"service-feature_title\">Dados Do Servi\u00e7o De Gest\u00e3o De<\/h4><p class=\"service-feature_text\">Intrinsicly maximizar best-of-breed tema estrat\u00e9gico \u00e1reas enquanto premium alinhamentos. Colabora\u00e7\u00e3o de transi\u00e7\u00e3o do cliente.<\/p><\/div><\/div><div class=\"service-feature\"><div class=\"service-feature_icon\"><img decoding=\"async\" src=\"https:\/\/fentech.es\/wp-content\/uploads\/2024\/11\/feature_card_3.png\" alt=\"FENTECH\"  \/><\/div><div class=\"media-body\"><h4 class=\"service-feature_title\">Suporte De Classe Mundial<\/h4><p class=\"service-feature_text\">Intrinsicly maximizar best-of-breed tema estrat\u00e9gico \u00e1reas enquanto premium alinhamentos. Colabora\u00e7\u00e3o de transi\u00e7\u00e3o do cliente.<\/p><\/div><\/div><div class=\"service-feature\"><div class=\"service-feature_icon\"><img decoding=\"async\" src=\"https:\/\/fentech.es\/wp-content\/uploads\/2024\/11\/feature_card_2.png\" alt=\"FENTECH\"  \/><\/div><div class=\"media-body\"><h4 class=\"service-feature_title\">Estrat\u00e9gia de TI &amp; Consultoria<\/h4><p class=\"service-feature_text\">Intrinsicly maximizar best-of-breed tema estrat\u00e9gico \u00e1reas enquanto premium alinhamentos. Colabora\u00e7\u00e3o de transi\u00e7\u00e3o do cliente.<\/p><\/div><\/div><\/div>\t\t\t\t<\/div>\n\t\t\t\t<\/div>\n\t\t\t\t\t<\/div>\n\t\t<\/div>\n\t\t\t\t\t<\/div>\n\t\t<\/section>\n\t\t<div class=\"elementor-element elementor-element-67c1b6b e-flex e-con-boxed e-con e-parent\" data-id=\"67c1b6b\" data-element_type=\"container\">\n\t\t\t\t\t<div class=\"e-con-inner\">\n\t\t\t\t<div class=\"elementor-element elementor-element-4593b6a2 elementor-widget elementor-widget-text-editor\" data-id=\"4593b6a2\" data-element_type=\"widget\" data-widget_type=\"text-editor.default\">\n\t\t\t\t<div class=\"elementor-widget-container\">\n\t\t\t\t\t\t\t\t\t<div class=\"row\"><div class=\"col-md-6 mb-30\"><div class=\"th-video\"><img decoding=\"async\" class=\"w-100\" src=\"https:\/\/themeholy.com\/wordpress\/test\/wp-content\/uploads\/2023\/03\/service_inner_1-300x198.jpg\" alt=\"service\" \/><br \/><i class=\"fas fa-play\"><\/i><\/div><\/div><div class=\"col-md-6 mb-30\"><h3 class=\"h4 mb-20\">Nosso Compromisso com a Excel\u00eancia<\/h3><div class=\"checklist style3\"><ul><li><i class=\"fas fa-octagon-check\"><\/i>Focado em Suas Necessidades \u00danicas<\/li><li><i class=\"fas fa-octagon-check\"><\/i>Dedicada ao Seu Sucesso<\/li><li><i class=\"fas fa-octagon-check\"><\/i>Simplificado Do Processo De Implementa\u00e7\u00e3o<\/li><li><i class=\"fas fa-octagon-check\"><\/i>Livre De Risco De Apoio \u00c0 Transi\u00e7\u00e3o<\/li><li><i class=\"fas fa-octagon-check\"><\/i>A sua Satisfa\u00e7\u00e3o \u00e9 a Nossa Prioridade<\/li><\/ul><\/div><\/div><\/div>\t\t\t\t\t\t\t\t<\/div>\n\t\t\t\t<\/div>\n\t\t\t\t<div class=\"elementor-element elementor-element-4ec16029 elementor-widget elementor-widget-tragafeature\" data-id=\"4ec16029\" data-element_type=\"widget\" data-widget_type=\"tragafeature.default\">\n\t\t\t\t<div class=\"elementor-widget-container\">\n\t\t\t\t\t<div class=\"service-feature-wrap\"><div class=\"service-feature\"><div class=\"service-feature_icon\"><img decoding=\"async\" src=\"https:\/\/fentech.es\/wp-content\/uploads\/2024\/11\/service_feature_1.svg\" alt=\"FENTECH\"  \/><\/div><div class=\"media-body\"><h4 class=\"service-feature_title\">M\u00fasica Din\u00e2mica De Produ\u00e7\u00e3o De Solu\u00e7\u00f5es<\/h4><p class=\"service-feature_text\">Personaliz\u00e1vel as Estrat\u00e9gias Concebidas para Elevar o Seu Som e Envolver os Seus Ouvintes\n\n<\/p><\/div><\/div><div class=\"service-feature\"><div class=\"service-feature_icon\"><img decoding=\"async\" src=\"https:\/\/fentech.es\/wp-content\/uploads\/2024\/11\/service_feature_2.svg\" alt=\"FENTECH\"  \/><\/div><div class=\"media-body\"><h4 class=\"service-feature_title\">24\/7 Suporte Dedicado<\/h4><p class=\"service-feature_text\">A nossa equipe de especialistas est\u00e1 dispon\u00edvel o tempo todo para ajud\u00e1-lo sempre que voc\u00ea precisar<\/p><\/div><\/div><\/div>\t\t\t\t<\/div>\n\t\t\t\t<\/div>\n\t\t\t\t\t<\/div>\n\t\t\t\t<\/div>\n\t\t\t\t<section class=\"elementor-section elementor-top-section elementor-element elementor-element-3e18d71b elementor-section-boxed elementor-section-height-default elementor-section-height-default\" data-id=\"3e18d71b\" data-element_type=\"section\">\n\t\t\t\t\t\t<div class=\"elementor-container elementor-column-gap-no\">\n\t\t\t\t\t<div class=\"elementor-column elementor-col-100 elementor-top-column elementor-element elementor-element-2875cfbb\" data-id=\"2875cfbb\" data-element_type=\"column\">\n\t\t\t<div class=\"elementor-widget-wrap elementor-element-populated\">\n\t\t\t\t\t\t<section class=\"elementor-section elementor-inner-section elementor-element elementor-element-55e02aa8 elementor-section-full_width elementor-section-height-default elementor-section-height-default\" data-id=\"55e02aa8\" data-element_type=\"section\">\n\t\t\t\t\t\t<div class=\"elementor-container elementor-column-gap-no\">\n\t\t\t\t\t<div class=\"elementor-column elementor-col-50 elementor-inner-column elementor-element elementor-element-25fc7cf7 page-single\" data-id=\"25fc7cf7\" data-element_type=\"column\">\n\t\t\t<div class=\"elementor-widget-wrap elementor-element-populated\">\n\t\t\t\t\t\t<div class=\"elementor-element elementor-element-110a908b elementor-widget elementor-widget-text-editor\" data-id=\"110a908b\" data-element_type=\"widget\" data-widget_type=\"text-editor.default\">\n\t\t\t\t<div class=\"elementor-widget-container\">\n\t\t\t\t\t\t\t\t\t<p data-pm-slice=\"0 0 []\"><strong>Abrangente De Servi\u00e7os De Produ\u00e7\u00e3o De M\u00fasica<\/strong><\/p><p>Elabora\u00e7\u00e3o Cativante Paisagens sonoras Que coincidam com a Sua Audi\u00eancia<\/p><p>\u00a0<\/p>\t\t\t\t\t\t\t\t<\/div>\n\t\t\t\t<\/div>\n\t\t\t\t<div class=\"elementor-element elementor-element-14318928 elementor-widget elementor-widget-heading\" data-id=\"14318928\" data-element_type=\"widget\" data-widget_type=\"heading.default\">\n\t\t\t\t<div class=\"elementor-widget-container\">\n\t\t\t\t\t<h4 class=\"elementor-heading-title elementor-size-default\">Quest\u00f5es Sobre A Produ\u00e7\u00e3o De M\u00fasica De Servi\u00e7os<\/h4>\t\t\t\t<\/div>\n\t\t\t\t<\/div>\n\t\t\t\t<div class=\"elementor-element elementor-element-5e7a7bcc elementor-widget elementor-widget-tragafaq\" data-id=\"5e7a7bcc\" data-element_type=\"widget\" data-widget_type=\"tragafaq.default\">\n\t\t\t\t<div class=\"elementor-widget-container\">\n\t\t\t\t\t<div class=\"accordion-area accordion\" id=\"faqAccordion\"><div class=\"accordion-card style2 active\"><div class=\"accordion-header\" id=\"collapse-item-1\"><button class=\"accordion-button\" type=\"button\" data-bs-toggle=\"collapse\" data-bs-target=\"#collapse-1\" aria-expanded=\"true\" aria-controls=\"collapse-1\">Qual \u00e9 a sua abordagem para a produ\u00e7\u00e3o de m\u00fasica?<\/button><\/div><div id=\"collapse-1\" class=\"accordion-collapse collapse show\" aria-labelledby=\"collapse-item-1\" data-bs-parent=\"#faqAccordion\"><div class=\"accordion-body\"><p class=\"faq-text\">A nossa m\u00fasica o processo de produ\u00e7\u00e3o inicia-se com uma profundidade de consulta para entender a sua vis\u00e3o e objetivos. Colaboramos estreitamente com voc\u00ea durante todo o projeto, de composi\u00e7\u00e3o e de arranjo para grava\u00e7\u00e3o e mixagem, garantindo o seu som, vem a vida sem problemas.<\/p><\/div><\/div><\/div><div class=\"accordion-card style2\"><div class=\"accordion-header\" id=\"collapse-item-2\"><button class=\"accordion-button collapsed\" type=\"button\" data-bs-toggle=\"collapse\" data-bs-target=\"#collapse-2\" aria-expanded=\"false\" aria-controls=\"collapse-2\">Quanto tempo demora o processo de produ\u00e7\u00e3o de m\u00fasica normalmente?<\/button><\/div><div id=\"collapse-2\" class=\"accordion-collapse collapse\" aria-labelledby=\"collapse-item-2\" data-bs-parent=\"#faqAccordion\"><div class=\"accordion-body\"><p class=\"faq-text\">A dura\u00e7\u00e3o da m\u00fasica, a produ\u00e7\u00e3o pode variar de acordo com o projeto, a complexidade e os seus requisitos espec\u00edficos. Enquanto projetos menores, pode ser conclu\u00edda em quest\u00e3o de semanas, maiores produ\u00e7\u00f5es pode levar v\u00e1rios meses. N\u00f3s vamos fornecer um cronograma claro durante nossas conversas iniciais para gerenciar as expectativas.<\/p><\/div><\/div><\/div><div class=\"accordion-card style2\"><div class=\"accordion-header\" id=\"collapse-item-3\"><button class=\"accordion-button collapsed\" type=\"button\" data-bs-toggle=\"collapse\" data-bs-target=\"#collapse-3\" aria-expanded=\"false\" aria-controls=\"collapse-3\">Que tipo de suporte voc\u00ea tem a oferecer ap\u00f3s a produ\u00e7\u00e3o musical \u00e9 completo?<\/button><\/div><div id=\"collapse-3\" class=\"accordion-collapse collapse\" aria-labelledby=\"collapse-item-3\" data-bs-parent=\"#faqAccordion\"><div class=\"accordion-body\"><p class=\"faq-text\">Oferecemos suporte cont\u00ednuo que inclui mixagem final ajustes, masteriza\u00e7\u00e3o, e aconselhamento sobre estrat\u00e9gias de distribui\u00e7\u00e3o. Nosso compromisso \u00e9 garantir que a sua m\u00fasica n\u00e3o s\u00f3 parece \u00f3timo, mas tamb\u00e9m atinge o p\u00fablico-alvo de forma eficaz.<\/p><\/div><\/div><\/div><\/div>\t\t\t\t<\/div>\n\t\t\t\t<\/div>\n\t\t\t\t\t<\/div>\n\t\t<\/div>\n\t\t\t\t<div class=\"elementor-column elementor-col-50 elementor-inner-column elementor-element elementor-element-386e2808\" data-id=\"386e2808\" data-element_type=\"column\">\n\t\t\t<div class=\"elementor-widget-wrap elementor-element-populated\">\n\t\t\t\t\t\t<div class=\"elementor-element elementor-element-6bf4a540 elementor-widget elementor-widget-text-editor\" data-id=\"6bf4a540\" data-element_type=\"widget\" data-widget_type=\"text-editor.default\">\n\t\t\t\t<div class=\"elementor-widget-container\">\n\t\t\t\t\t\t\t\t\t<div class=\"widget widget_download\"><h4 class=\"widget_title\">Baixar Brochura<\/h4><div class=\"download-widget-wrap\"><i class=\"fa-light fa-file-pdf me-2\"><\/i>DOWNLOAD DO ARQUIVO EM PDF<br \/><i class=\"fa-light fa-file-lines me-2\"><\/i>DOWNLOAD DOC<\/div><\/div>\t\t\t\t\t\t\t\t<\/div>\n\t\t\t\t<\/div>\n\t\t\t\t<div class=\"elementor-element elementor-element-1f4d00b6 elementor-widget elementor-widget-text-editor\" data-id=\"1f4d00b6\" data-element_type=\"widget\" data-widget_type=\"text-editor.default\">\n\t\t\t\t<div class=\"elementor-widget-container\">\n\t\t\t\t\t\t\t\t\t<div class=\"widget widget_banner\" data-bg-src=\"https:\/\/themeholy.com\/wordpress\/test\/wp-content\/uploads\/2023\/03\/widget_banner-1.jpg\"><div class=\"widget-banner\"><span class=\"text\">CONTACTE-NOS AGORA<\/span><h2 class=\"title\">Voc\u00ea Precisa De Ajuda?<\/h2><p>OBTER UMA COTA\u00c7\u00c3O<i class=\"fas fa-arrow-right ms-2\"><\/i><\/p><\/div><\/div>\t\t\t\t\t\t\t\t<\/div>\n\t\t\t\t<\/div>\n\t\t\t\t\t<\/div>\n\t\t<\/div>\n\t\t\t\t\t<\/div>\n\t\t<\/section>\n\t\t\t\t\t<\/div>\n\t\t<\/div>\n\t\t\t\t\t<\/div>\n\t\t<\/section>\n\t\t\t\t<\/div>","protected":false},"excerpt":{"rendered":"<p>MUSIC PRODUCTION Providing web perfection worldwide FENTECH, we believe that music speaks louder than words. Every belief and every feeling can be expressed more skillfully through music. Music can uplift you, change your mood, transport you back to past seasons, or even create new memories. We have a deep passion for music and are committed&#8230;<\/p>","protected":false},"author":1,"featured_media":0,"parent":0,"menu_order":0,"comment_status":"closed","ping_status":"closed","template":"template-builder.php","meta":{"footnotes":""},"class_list":["post-455","page","type-page","status-publish","hentry"],"_links":{"self":[{"href":"https:\/\/fentech.es\/pt\/wp-json\/wp\/v2\/pages\/455","targetHints":{"allow":["GET"]}}],"collection":[{"href":"https:\/\/fentech.es\/pt\/wp-json\/wp\/v2\/pages"}],"about":[{"href":"https:\/\/fentech.es\/pt\/wp-json\/wp\/v2\/types\/page"}],"author":[{"embeddable":true,"href":"https:\/\/fentech.es\/pt\/wp-json\/wp\/v2\/users\/1"}],"replies":[{"embeddable":true,"href":"https:\/\/fentech.es\/pt\/wp-json\/wp\/v2\/comments?post=455"}],"version-history":[{"count":0,"href":"https:\/\/fentech.es\/pt\/wp-json\/wp\/v2\/pages\/455\/revisions"}],"wp:attachment":[{"href":"https:\/\/fentech.es\/pt\/wp-json\/wp\/v2\/media?parent=455"}],"curies":[{"name":"wp","href":"https:\/\/api.w.org\/{rel}","templated":true}]}}