{"id":444,"date":"2024-11-10T18:46:12","date_gmt":"2024-11-10T18:46:12","guid":{"rendered":"https:\/\/fentech.es\/?page_id=444"},"modified":"2025-07-27T01:58:41","modified_gmt":"2025-07-27T01:58:41","slug":"video-production","status":"publish","type":"page","link":"https:\/\/fentech.es\/pt\/video-production\/","title":{"rendered":"Produ\u00e7\u00e3o De V\u00eddeo"},"content":{"rendered":"<div data-elementor-type=\"wp-page\" data-elementor-id=\"444\" class=\"elementor elementor-444\">\n\t\t\t\t\t\t<section class=\"elementor-section elementor-top-section elementor-element elementor-element-225157e3 elementor-section-boxed elementor-section-height-default elementor-section-height-default\" data-id=\"225157e3\" data-element_type=\"section\">\n\t\t\t\t\t\t<div class=\"elementor-container elementor-column-gap-no\">\n\t\t\t\t\t<div class=\"elementor-column elementor-col-100 elementor-top-column elementor-element elementor-element-6b31eb3a\" data-id=\"6b31eb3a\" data-element_type=\"column\">\n\t\t\t<div class=\"elementor-widget-wrap elementor-element-populated\">\n\t\t\t\t\t\t<section class=\"elementor-section elementor-inner-section elementor-element elementor-element-1e8f9ec6 elementor-section-full_width elementor-section-height-default elementor-section-height-default\" data-id=\"1e8f9ec6\" data-element_type=\"section\">\n\t\t\t\t\t\t<div class=\"elementor-container elementor-column-gap-no\">\n\t\t\t\t\t<div class=\"elementor-column elementor-col-50 elementor-inner-column elementor-element elementor-element-6f96b8f page-single\" data-id=\"6f96b8f\" data-element_type=\"column\">\n\t\t\t<div class=\"elementor-widget-wrap elementor-element-populated\">\n\t\t\t\t\t\t<div class=\"elementor-element elementor-element-22814493 page-img elementor-widget elementor-widget-image\" data-id=\"22814493\" data-element_type=\"widget\" data-widget_type=\"image.default\">\n\t\t\t\t<div class=\"elementor-widget-container\">\n\t\t\t\t\t\t\t\t\t\t\t\t\t\t\t<img fetchpriority=\"high\" decoding=\"async\" width=\"640\" height=\"419\" src=\"https:\/\/fentech.es\/wp-content\/uploads\/2024\/11\/Vidio-Production.jpg\" class=\"attachment-full size-full wp-image-447\" alt=\"\" srcset=\"https:\/\/fentech.es\/wp-content\/uploads\/2024\/11\/Vidio-Production.jpg 640w, https:\/\/fentech.es\/wp-content\/uploads\/2024\/11\/Vidio-Production-300x196.jpg 300w\" sizes=\"(max-width: 640px) 100vw, 640px\" \/>\t\t\t\t\t\t\t\t\t\t\t\t\t\t\t<\/div>\n\t\t\t\t<\/div>\n\t\t\t\t<div class=\"elementor-element elementor-element-2022f22a h3 page-title elementor-widget elementor-widget-heading\" data-id=\"2022f22a\" data-element_type=\"widget\" data-widget_type=\"heading.default\">\n\t\t\t\t<div class=\"elementor-widget-container\">\n\t\t\t\t\t<h3 class=\"elementor-heading-title elementor-size-default\"><h2 style=\"font-family: Barlow, sans-serif\">PRODU\u00c7\u00c3O DE V\u00cdDEO<\/h2><\/h3>\t\t\t\t<\/div>\n\t\t\t\t<\/div>\n\t\t\t\t<div class=\"elementor-element elementor-element-4b81a51b h3 page-title elementor-widget elementor-widget-heading\" data-id=\"4b81a51b\" data-element_type=\"widget\" data-widget_type=\"heading.default\">\n\t\t\t\t<div class=\"elementor-widget-container\">\n\t\t\t\t\t<h3 class=\"elementor-heading-title elementor-size-default\">PRODU\u00c7\u00c3O DE V\u00cdDEO E CRIA\u00c7\u00c3O DE AN\u00daNCIOS<\/h3>\t\t\t\t<\/div>\n\t\t\t\t<\/div>\n\t\t\t\t<div class=\"elementor-element elementor-element-29a5b861 elementor-widget elementor-widget-text-editor\" data-id=\"29a5b861\" data-element_type=\"widget\" data-widget_type=\"text-editor.default\">\n\t\t\t\t<div class=\"elementor-widget-container\">\n\t\t\t\t\t\t\t\t\t<p><strong>Entrega de web perfei\u00e7\u00e3o em todo o mundo<\/strong><\/p><p><b><i>De acordo com a Forbes especialistas, um v\u00eddeo pode aumentar a taxa de convers\u00e3o de 80% e aumento de lucros, uma m\u00e9dia de 49%.<\/i><\/b><\/p><p>Um explainer de v\u00eddeo ou filme, \u00e9 uma p\u00e1gina de destino, de convers\u00e3o ou de filme. Este destina-se a ilustrar a sua empresa, servi\u00e7os, produtos, ou o tema de uma forma que os seus clientes e p\u00fablico-alvo pode interpretar em um curto per\u00edodo de tempo com o m\u00e1ximo de compreens\u00e3o visual. <strong>At FENTECH<\/strong>cobrimos 4 principais fatores-chave durante o v\u00eddeo\/ad processo de produ\u00e7\u00e3o:\u00a0<\/p><ul><li aria-level=\"1\">Gargalos ou problemas<\/li><li aria-level=\"1\">\u00a0Solu\u00e7\u00f5es eficazes<\/li><li aria-level=\"1\">\u00a0Os principais detalhes e benef\u00edcios<\/li><li aria-level=\"1\">\u00a0\u00a0Uma nova abordagem, que se transforma em renda.<\/li><\/ul><p>A chave para uma s\u00f3lida explainer v\u00eddeo \u00e9 mant\u00ea-lo no ponto, interessante e envolvente ao mesmo tempo que transmite o direito de informa\u00e7\u00e3o sobre a sua marca. Independentemente do que ele \u00e9 elucidar, um tradutor filme vai deixar seus telespectadores com um entendimento claro sobre o que ele est\u00e1 fazendo ou fornecer e como ele ir\u00e1 adicionar valor para suas vidas.<\/p>\t\t\t\t\t\t\t\t<\/div>\n\t\t\t\t<\/div>\n\t\t\t\t\t<\/div>\n\t\t<\/div>\n\t\t\t\t<div class=\"elementor-column elementor-col-50 elementor-inner-column elementor-element elementor-element-2c233eb4\" data-id=\"2c233eb4\" data-element_type=\"column\">\n\t\t\t<div class=\"elementor-widget-wrap elementor-element-populated\">\n\t\t\t\t\t\t<div class=\"elementor-element elementor-element-643ceb1d elementor-hidden-tablet elementor-hidden-mobile elementor-widget elementor-widget-webteckshapeimage\" data-id=\"643ceb1d\" data-element_type=\"widget\" data-widget_type=\"webteckshapeimage.default\">\n\t\t\t\t<div class=\"elementor-widget-container\">\n\t\t\t\t\t<!-- Image --><div class=\"shape-mockup  jump d-xxl-block d-xl-block d-lg-block\"><img decoding=\"async\" src=\"https:\/\/fentech.es\/wp-content\/uploads\/2025\/07\/Fentech-lg.png\" alt=\"Shape Image\" ><\/div><!-- End Image -->\t\t\t\t<\/div>\n\t\t\t\t<\/div>\n\t\t\t\t\t<\/div>\n\t\t<\/div>\n\t\t\t\t\t<\/div>\n\t\t<\/section>\n\t\t\t\t\t<\/div>\n\t\t<\/div>\n\t\t\t\t\t<\/div>\n\t\t<\/section>\n\t\t<div class=\"elementor-element elementor-element-622c880 e-flex e-con-boxed e-con e-parent\" data-id=\"622c880\" data-element_type=\"container\">\n\t\t\t\t\t<div class=\"e-con-inner\">\n\t\t\t\t<div class=\"elementor-element elementor-element-6cd2d215 elementor-widget elementor-widget-webtecksectiontitle\" data-id=\"6cd2d215\" data-element_type=\"widget\" data-widget_type=\"webtecksectiontitle.default\">\n\t\t\t\t<div class=\"elementor-widget-container\">\n\t\t\t\t\t<div class=\"title-area\" ><span class=\"sub-title sub-title3 subtitle-selector\">Quais s\u00e3o as principais caracter\u00edsticas de nossos an\u00fancios e explainer v\u00eddeos promocionais?<\/span><\/div>\t\t\t\t<\/div>\n\t\t\t\t<\/div>\n\t\t\t\t<div class=\"elementor-element elementor-element-1258d450 elementor-widget elementor-widget-text-editor\" data-id=\"1258d450\" data-element_type=\"widget\" data-widget_type=\"text-editor.default\">\n\t\t\t\t<div class=\"elementor-widget-container\">\n\t\t\t\t\t\t\t\t\t<ul><li><p><strong>Curto e direto ao ponto:<\/strong><br \/><em>Entregar mensagens impactantes que cativar o seu p\u00fablico.<\/em><\/p><\/li><li><p><strong>Clara e concisa:<\/strong><br \/><em>Comunicar a sua hist\u00f3ria de forma eficaz com conte\u00fado simplificado.<\/em><\/p><\/li><li><p><strong>O tom de conversa que se refere:<\/strong><br \/><em>Envolver os espectadores com um relacion\u00e1veis, acess\u00edvel, estilo que se conecta.<\/em><\/p><\/li><li><p><strong>Esteticamente atraente:<\/strong><br \/><em>Criar visualmente impressionantes v\u00eddeos que melhoram a sua marca narrativa.<\/em><\/p><\/li><li><p><strong>Foco sobre os principais benef\u00edcios e detalhes intrincados que vender:<\/strong><br \/><em>Mostrar as principais vantagens e salientando detalhes exclusivos que a unidade de interesse.<\/em><\/p><\/li><li><p><strong>Espec\u00edficos do CTA (chamada para a\u00e7\u00e3o):<\/strong><br \/><em>Prompt de espectadores para tomar medidas com um forte apelo \u00e0 a\u00e7\u00e3o.<\/em><\/p><\/li><\/ul>\t\t\t\t\t\t\t\t<\/div>\n\t\t\t\t<\/div>\n\t\t\t\t\t<\/div>\n\t\t\t\t<\/div>\n\t\t\t\t<section class=\"elementor-section elementor-top-section elementor-element elementor-element-1943beb5 elementor-hidden-desktop elementor-hidden-tablet elementor-hidden-mobile elementor-section-boxed elementor-section-height-default elementor-section-height-default\" data-id=\"1943beb5\" data-element_type=\"section\">\n\t\t\t\t\t\t<div class=\"elementor-container elementor-column-gap-no\">\n\t\t\t\t\t<div class=\"elementor-column elementor-col-100 elementor-top-column elementor-element elementor-element-b8030c5\" data-id=\"b8030c5\" data-element_type=\"column\">\n\t\t\t<div class=\"elementor-widget-wrap elementor-element-populated\">\n\t\t\t\t\t\t<div class=\"elementor-element elementor-element-96b7785 elementor-widget elementor-widget-tragafeature\" data-id=\"96b7785\" data-element_type=\"widget\" data-widget_type=\"tragafeature.default\">\n\t\t\t\t<div class=\"elementor-widget-container\">\n\t\t\t\t\t<div class=\"service-feature-wrap\"><div class=\"service-feature\"><div class=\"service-feature_icon\"><img decoding=\"async\" src=\"https:\/\/fentech.es\/wp-content\/uploads\/2024\/11\/feature_card_1.png\" alt=\"FENTECH\"  \/><\/div><div class=\"media-body\"><h4 class=\"service-feature_title\">Dados Do Servi\u00e7o De Gest\u00e3o De<\/h4><p class=\"service-feature_text\">Intrinsicly maximizar best-of-breed tema estrat\u00e9gico \u00e1reas enquanto premium alinhamentos. Colabora\u00e7\u00e3o de transi\u00e7\u00e3o do cliente.<\/p><\/div><\/div><div class=\"service-feature\"><div class=\"service-feature_icon\"><img decoding=\"async\" src=\"https:\/\/fentech.es\/wp-content\/uploads\/2024\/11\/feature_card_3.png\" alt=\"FENTECH\"  \/><\/div><div class=\"media-body\"><h4 class=\"service-feature_title\">Suporte De Classe Mundial<\/h4><p class=\"service-feature_text\">Intrinsicly maximizar best-of-breed tema estrat\u00e9gico \u00e1reas enquanto premium alinhamentos. Colabora\u00e7\u00e3o de transi\u00e7\u00e3o do cliente.<\/p><\/div><\/div><div class=\"service-feature\"><div class=\"service-feature_icon\"><img decoding=\"async\" src=\"https:\/\/fentech.es\/wp-content\/uploads\/2024\/11\/feature_card_2.png\" alt=\"FENTECH\"  \/><\/div><div class=\"media-body\"><h4 class=\"service-feature_title\">Estrat\u00e9gia de TI &amp; Consultoria<\/h4><p class=\"service-feature_text\">Intrinsicly maximizar best-of-breed tema estrat\u00e9gico \u00e1reas enquanto premium alinhamentos. Colabora\u00e7\u00e3o de transi\u00e7\u00e3o do cliente.<\/p><\/div><\/div><\/div>\t\t\t\t<\/div>\n\t\t\t\t<\/div>\n\t\t\t\t\t<\/div>\n\t\t<\/div>\n\t\t\t\t\t<\/div>\n\t\t<\/section>\n\t\t<div class=\"elementor-element elementor-element-14354418 e-flex e-con-boxed e-con e-parent\" data-id=\"14354418\" data-element_type=\"container\">\n\t\t\t\t\t<div class=\"e-con-inner\">\n\t\t\t\t<div class=\"elementor-element elementor-element-5a1a244c elementor-widget elementor-widget-text-editor\" data-id=\"5a1a244c\" data-element_type=\"widget\" data-widget_type=\"text-editor.default\">\n\t\t\t\t<div class=\"elementor-widget-container\">\n\t\t\t\t\t\t\t\t\t<div class=\"row\"><div class=\"col-md-6 mb-30\"><div class=\"th-video\"><img decoding=\"async\" class=\"w-100\" src=\"https:\/\/themeholy.com\/wordpress\/test\/wp-content\/uploads\/2023\/03\/service_inner_1-300x198.jpg\" alt=\"service\" \/><br \/><i class=\"fas fa-play\"><\/i><\/div><\/div><div class=\"col-md-6 mb-30\"><h3 class=\"h4 mb-20\">Nosso Compromisso com a Excel\u00eancia<\/h3><div class=\"checklist style3\"><ul><li><i class=\"fas fa-octagon-check\"><\/i>Focado em Suas Necessidades \u00danicas<\/li><li><i class=\"fas fa-octagon-check\"><\/i>Dedicada ao Seu Sucesso<\/li><li><i class=\"fas fa-octagon-check\"><\/i>Simplificado Do Processo De Implementa\u00e7\u00e3o<\/li><li><i class=\"fas fa-octagon-check\"><\/i>Livre De Risco De Apoio \u00c0 Transi\u00e7\u00e3o<\/li><li><i class=\"fas fa-octagon-check\"><\/i>A sua Satisfa\u00e7\u00e3o \u00e9 a Nossa Prioridade<\/li><\/ul><\/div><\/div><\/div>\t\t\t\t\t\t\t\t<\/div>\n\t\t\t\t<\/div>\n\t\t\t\t<div class=\"elementor-element elementor-element-2f98284c elementor-widget elementor-widget-tragafeature\" data-id=\"2f98284c\" data-element_type=\"widget\" data-widget_type=\"tragafeature.default\">\n\t\t\t\t<div class=\"elementor-widget-container\">\n\t\t\t\t\t<div class=\"service-feature-wrap\"><div class=\"service-feature\"><div class=\"service-feature_icon\"><img decoding=\"async\" src=\"https:\/\/fentech.es\/wp-content\/uploads\/2024\/11\/service_feature_1.svg\" alt=\"FENTECH\"  \/><\/div><div class=\"media-body\"><h4 class=\"service-feature_title\">Din\u00e2mica De Produ\u00e7\u00e3o De V\u00eddeo De Solu\u00e7\u00f5es<\/h4><p class=\"service-feature_text\">Personaliz\u00e1vel Estrat\u00e9gias Projetado para Melhorar a Sua Marca de contar Hist\u00f3rias e Envolver o Seu P\u00fablico<\/p><\/div><\/div><div class=\"service-feature\"><div class=\"service-feature_icon\"><img decoding=\"async\" src=\"https:\/\/fentech.es\/wp-content\/uploads\/2024\/11\/service_feature_2.svg\" alt=\"FENTECH\"  \/><\/div><div class=\"media-body\"><h4 class=\"service-feature_title\">24\/7 Suporte Dedicado<\/h4><p class=\"service-feature_text\">A nossa equipe de especialistas est\u00e1 dispon\u00edvel o tempo todo para ajud\u00e1-lo sempre que voc\u00ea precisar<\/p><\/div><\/div><\/div>\t\t\t\t<\/div>\n\t\t\t\t<\/div>\n\t\t\t\t\t<\/div>\n\t\t\t\t<\/div>\n\t\t\t\t<section class=\"elementor-section elementor-top-section elementor-element elementor-element-7eab6b71 elementor-section-boxed elementor-section-height-default elementor-section-height-default\" data-id=\"7eab6b71\" data-element_type=\"section\">\n\t\t\t\t\t\t<div class=\"elementor-container elementor-column-gap-no\">\n\t\t\t\t\t<div class=\"elementor-column elementor-col-100 elementor-top-column elementor-element elementor-element-25db785c\" data-id=\"25db785c\" data-element_type=\"column\">\n\t\t\t<div class=\"elementor-widget-wrap elementor-element-populated\">\n\t\t\t\t\t\t<section class=\"elementor-section elementor-inner-section elementor-element elementor-element-3694897a elementor-section-full_width elementor-section-height-default elementor-section-height-default\" data-id=\"3694897a\" data-element_type=\"section\">\n\t\t\t\t\t\t<div class=\"elementor-container elementor-column-gap-no\">\n\t\t\t\t\t<div class=\"elementor-column elementor-col-50 elementor-inner-column elementor-element elementor-element-47939861 page-single\" data-id=\"47939861\" data-element_type=\"column\">\n\t\t\t<div class=\"elementor-widget-wrap elementor-element-populated\">\n\t\t\t\t\t\t<div class=\"elementor-element elementor-element-611d7fa9 elementor-widget elementor-widget-text-editor\" data-id=\"611d7fa9\" data-element_type=\"widget\" data-widget_type=\"text-editor.default\">\n\t\t\t\t<div class=\"elementor-widget-container\">\n\t\t\t\t\t\t\t\t\t<h3>Abrangente De Servi\u00e7os De Produ\u00e7\u00e3o De V\u00eddeo<\/h3><p>Elabora\u00e7\u00e3o Atraente Visual Narrativas Que coincidam com a Sua Audi\u00eancia<\/p>\t\t\t\t\t\t\t\t<\/div>\n\t\t\t\t<\/div>\n\t\t\t\t<div class=\"elementor-element elementor-element-315ab5f7 elementor-widget elementor-widget-heading\" data-id=\"315ab5f7\" data-element_type=\"widget\" data-widget_type=\"heading.default\">\n\t\t\t\t<div class=\"elementor-widget-container\">\n\t\t\t\t\t<h4 class=\"elementor-heading-title elementor-size-default\">Perguntas Sobre Produ\u00e7\u00e3o De V\u00eddeo, Servi\u00e7os De<\/h4>\t\t\t\t<\/div>\n\t\t\t\t<\/div>\n\t\t\t\t<div class=\"elementor-element elementor-element-53a8172c elementor-widget elementor-widget-tragafaq\" data-id=\"53a8172c\" data-element_type=\"widget\" data-widget_type=\"tragafaq.default\">\n\t\t\t\t<div class=\"elementor-widget-container\">\n\t\t\t\t\t<div class=\"accordion-area accordion\" id=\"faqAccordion\"><div class=\"accordion-card style2 active\"><div class=\"accordion-header\" id=\"collapse-item-1\"><button class=\"accordion-button\" type=\"button\" data-bs-toggle=\"collapse\" data-bs-target=\"#collapse-1\" aria-expanded=\"true\" aria-controls=\"collapse-1\">Qual \u00e9 a sua abordagem para a produ\u00e7\u00e3o do v\u00eddeo?<\/button><\/div><div id=\"collapse-1\" class=\"accordion-collapse collapse show\" aria-labelledby=\"collapse-item-1\" data-bs-parent=\"#faqAccordion\"><div class=\"accordion-body\"><p class=\"faq-text\">O nosso v\u00eddeo do processo de produ\u00e7\u00e3o come\u00e7a com a compreens\u00e3o de sua vis\u00e3o e objetivos. Colaboramos estreitamente com voc\u00ea para criar um storyboard, que descreve as principais mensagens e recursos visuais. A partir de scripts para filmagens e p\u00f3s-produ\u00e7\u00e3o edi\u00e7\u00e3o, podemos assegurar que todos os aspectos se alinha com sua marca gols. Nosso foco \u00e9 entregar um conte\u00fado envolvente que agrada seu p\u00fablico-alvo.<\/p><\/div><\/div><\/div><div class=\"accordion-card style2\"><div class=\"accordion-header\" id=\"collapse-item-2\"><button class=\"accordion-button collapsed\" type=\"button\" data-bs-toggle=\"collapse\" data-bs-target=\"#collapse-2\" aria-expanded=\"false\" aria-controls=\"collapse-2\">Quanto tempo geralmente demora a concluir um projeto de v\u00eddeo?<\/button><\/div><div id=\"collapse-2\" class=\"accordion-collapse collapse\" aria-labelledby=\"collapse-item-2\" data-bs-parent=\"#faqAccordion\"><div class=\"accordion-body\"><p class=\"faq-text\">O cronograma para a produ\u00e7\u00e3o de v\u00eddeo varia de acordo com a dimens\u00e3o do projeto e a complexidade. Simples explainer v\u00eddeos pode demorar algumas semanas, enquanto as maiores produ\u00e7\u00f5es com v\u00e1rios componentes poderia estender-se a v\u00e1rios meses. N\u00f3s fornecemos um detalhado cronograma do projeto durante a consulta inicial, para mant\u00ea-lo informado a cada passo do caminho.<\/p><\/div><\/div><\/div><div class=\"accordion-card style2\"><div class=\"accordion-header\" id=\"collapse-item-3\"><button class=\"accordion-button collapsed\" type=\"button\" data-bs-toggle=\"collapse\" data-bs-target=\"#collapse-3\" aria-expanded=\"false\" aria-controls=\"collapse-3\">Que tipo de apoio posso esperar depois que o v\u00eddeo foi entregue?<\/button><\/div><div id=\"collapse-3\" class=\"accordion-collapse collapse\" aria-labelledby=\"collapse-item-3\" data-bs-parent=\"#faqAccordion\"><div class=\"accordion-body\"><p class=\"faq-text\">P\u00f3s-produ\u00e7\u00e3o \u00e9 fundamental para maximizar o impacto do seu v\u00eddeo. Oferecemos assist\u00eancia com estrat\u00e9gias de distribui\u00e7\u00e3o, acompanhamento do desempenho, e as atualiza\u00e7\u00f5es se necess\u00e1rio. Nossa equipe \u00e9 dedicada a assegurar o seu v\u00eddeo continua a apresentar resultados e atende as suas crescentes necessidades de marketing.<\/p><\/div><\/div><\/div><\/div>\t\t\t\t<\/div>\n\t\t\t\t<\/div>\n\t\t\t\t\t<\/div>\n\t\t<\/div>\n\t\t\t\t<div class=\"elementor-column elementor-col-50 elementor-inner-column elementor-element elementor-element-46dcb8ee\" data-id=\"46dcb8ee\" data-element_type=\"column\">\n\t\t\t<div class=\"elementor-widget-wrap elementor-element-populated\">\n\t\t\t\t\t\t<div class=\"elementor-element elementor-element-576da3f2 elementor-widget elementor-widget-text-editor\" data-id=\"576da3f2\" data-element_type=\"widget\" data-widget_type=\"text-editor.default\">\n\t\t\t\t<div class=\"elementor-widget-container\">\n\t\t\t\t\t\t\t\t\t<div class=\"widget widget_download\"><h4 class=\"widget_title\">Baixar Brochura<\/h4><div class=\"download-widget-wrap\"><i class=\"fa-light fa-file-pdf me-2\"><\/i>DOWNLOAD DO ARQUIVO EM PDF<br \/><i class=\"fa-light fa-file-lines me-2\"><\/i>DOWNLOAD DOC<\/div><\/div>\t\t\t\t\t\t\t\t<\/div>\n\t\t\t\t<\/div>\n\t\t\t\t<div class=\"elementor-element elementor-element-415dc270 elementor-widget elementor-widget-text-editor\" data-id=\"415dc270\" data-element_type=\"widget\" data-widget_type=\"text-editor.default\">\n\t\t\t\t<div class=\"elementor-widget-container\">\n\t\t\t\t\t\t\t\t\t<div class=\"widget widget_banner\" data-bg-src=\"https:\/\/themeholy.com\/wordpress\/test\/wp-content\/uploads\/2023\/03\/widget_banner-1.jpg\"><div class=\"widget-banner\"><span class=\"text\">CONTACTE-NOS AGORA<\/span><h2 class=\"title\">Voc\u00ea Precisa De Ajuda?<\/h2><p>OBTER UMA COTA\u00c7\u00c3O<i class=\"fas fa-arrow-right ms-2\"><\/i><\/p><\/div><\/div>\t\t\t\t\t\t\t\t<\/div>\n\t\t\t\t<\/div>\n\t\t\t\t\t<\/div>\n\t\t<\/div>\n\t\t\t\t\t<\/div>\n\t\t<\/section>\n\t\t\t\t\t<\/div>\n\t\t<\/div>\n\t\t\t\t\t<\/div>\n\t\t<\/section>\n\t\t\t\t<\/div>","protected":false},"excerpt":{"rendered":"<p>VIDEO PRODUCTION VIDEO PRODUCTION AND AD CREATION Delivering web perfection around the world According to Forbes experts, a video can increase conversion rate by 80% and increase profits by an average of 49%. An explainer video or movie is a landing page, conversion, or general movie. This is intended to illustrate your business, services, products,&#8230;<\/p>","protected":false},"author":1,"featured_media":0,"parent":0,"menu_order":0,"comment_status":"closed","ping_status":"closed","template":"template-builder.php","meta":{"footnotes":""},"class_list":["post-444","page","type-page","status-publish","hentry"],"_links":{"self":[{"href":"https:\/\/fentech.es\/pt\/wp-json\/wp\/v2\/pages\/444","targetHints":{"allow":["GET"]}}],"collection":[{"href":"https:\/\/fentech.es\/pt\/wp-json\/wp\/v2\/pages"}],"about":[{"href":"https:\/\/fentech.es\/pt\/wp-json\/wp\/v2\/types\/page"}],"author":[{"embeddable":true,"href":"https:\/\/fentech.es\/pt\/wp-json\/wp\/v2\/users\/1"}],"replies":[{"embeddable":true,"href":"https:\/\/fentech.es\/pt\/wp-json\/wp\/v2\/comments?post=444"}],"version-history":[{"count":0,"href":"https:\/\/fentech.es\/pt\/wp-json\/wp\/v2\/pages\/444\/revisions"}],"wp:attachment":[{"href":"https:\/\/fentech.es\/pt\/wp-json\/wp\/v2\/media?parent=444"}],"curies":[{"name":"wp","href":"https:\/\/api.w.org\/{rel}","templated":true}]}}