{"id":421,"date":"2024-11-10T18:42:55","date_gmt":"2024-11-10T18:42:55","guid":{"rendered":"https:\/\/fentech.es\/?page_id=421"},"modified":"2025-07-27T01:56:44","modified_gmt":"2025-07-27T01:56:44","slug":"content-writing","status":"publish","type":"page","link":"https:\/\/fentech.es\/pt\/content-writing\/","title":{"rendered":"Reda\u00e7\u00e3o De Conte\u00fado"},"content":{"rendered":"<div data-elementor-type=\"wp-page\" data-elementor-id=\"421\" class=\"elementor elementor-421\">\n\t\t\t\t\t\t<section class=\"elementor-section elementor-top-section elementor-element elementor-element-6761af59 elementor-section-boxed elementor-section-height-default elementor-section-height-default\" data-id=\"6761af59\" data-element_type=\"section\">\n\t\t\t\t\t\t<div class=\"elementor-container elementor-column-gap-no\">\n\t\t\t\t\t<div class=\"elementor-column elementor-col-100 elementor-top-column elementor-element elementor-element-29b1ef1f\" data-id=\"29b1ef1f\" data-element_type=\"column\">\n\t\t\t<div class=\"elementor-widget-wrap elementor-element-populated\">\n\t\t\t\t\t\t<section class=\"elementor-section elementor-inner-section elementor-element elementor-element-7c458cb7 elementor-section-full_width elementor-section-height-default elementor-section-height-default\" data-id=\"7c458cb7\" data-element_type=\"section\">\n\t\t\t\t\t\t<div class=\"elementor-container elementor-column-gap-no\">\n\t\t\t\t\t<div class=\"elementor-column elementor-col-50 elementor-inner-column elementor-element elementor-element-78c91ac7 page-single\" data-id=\"78c91ac7\" data-element_type=\"column\">\n\t\t\t<div class=\"elementor-widget-wrap elementor-element-populated\">\n\t\t\t\t\t\t<div class=\"elementor-element elementor-element-58530f7 page-img elementor-widget elementor-widget-image\" data-id=\"58530f7\" data-element_type=\"widget\" data-widget_type=\"image.default\">\n\t\t\t\t<div class=\"elementor-widget-container\">\n\t\t\t\t\t\t\t\t\t\t\t\t\t\t\t<img fetchpriority=\"high\" decoding=\"async\" width=\"640\" height=\"419\" src=\"https:\/\/fentech.es\/wp-content\/uploads\/2024\/11\/content-writing.jpg\" class=\"attachment-full size-full wp-image-423\" alt=\"\" srcset=\"https:\/\/fentech.es\/wp-content\/uploads\/2024\/11\/content-writing.jpg 640w, https:\/\/fentech.es\/wp-content\/uploads\/2024\/11\/content-writing-300x196.jpg 300w\" sizes=\"(max-width: 640px) 100vw, 640px\" \/>\t\t\t\t\t\t\t\t\t\t\t\t\t\t\t<\/div>\n\t\t\t\t<\/div>\n\t\t\t\t<div class=\"elementor-element elementor-element-3fbdb006 h3 page-title elementor-widget elementor-widget-heading\" data-id=\"3fbdb006\" data-element_type=\"widget\" data-widget_type=\"heading.default\">\n\t\t\t\t<div class=\"elementor-widget-container\">\n\t\t\t\t\t<h3 class=\"elementor-heading-title elementor-size-default\"><h2 style=\"font-family: Barlow, sans-serif\">REDA\u00c7\u00c3O DE CONTE\u00daDO<\/h2><\/h3>\t\t\t\t<\/div>\n\t\t\t\t<\/div>\n\t\t\t\t<div class=\"elementor-element elementor-element-11e000a8 h3 page-title elementor-widget elementor-widget-heading\" data-id=\"11e000a8\" data-element_type=\"widget\" data-widget_type=\"heading.default\">\n\t\t\t\t<div class=\"elementor-widget-container\">\n\t\t\t\t\t<h3 class=\"elementor-heading-title elementor-size-default\">Get more business, more growth and multiple sales with FENTECH<\/h3>\t\t\t\t<\/div>\n\t\t\t\t<\/div>\n\t\t\t\t<div class=\"elementor-element elementor-element-4c843fd5 elementor-widget elementor-widget-text-editor\" data-id=\"4c843fd5\" data-element_type=\"widget\" data-widget_type=\"text-editor.default\">\n\t\t\t\t<div class=\"elementor-widget-container\">\n\t\t\t\t\t\t\t\t\t<p>Todo o conte\u00fado do site \u00e9 o rei do marketing, e nenhuma empresa, seja grande ou pequeno, pode imaginar sua sobreviv\u00eancia sem ele. Sendo nada menos do que um salvador, ele tem o potencial m\u00e1ximo para levar o seu neg\u00f3cio para as alturas m\u00e1ximas.<br \/>Conte\u00fado serve para se comunicar com o seu p\u00fablico e transmitir sua mensagem de forma eficiente. Tudo o que promove a comunica\u00e7\u00e3o eficaz \u00e9 essencial, bem como o conte\u00fado do seu website. Com o avan\u00e7o do marketing digital, mais e mais marcas est\u00e3o gradualmente a confiar em n\u00f3s para que o melhor conte\u00fado escrito e servi\u00e7os. Se o conte\u00fado \u00e9 escrito e utilizados de forma eficaz, ele vai trazer um monte de resultados positivos.<\/p><p>Trabalhamos com dedica\u00e7\u00e3o para satisfazer todos os seus conte\u00fados relacionados com necessidades!<\/p><p>Try FENTECH\u2019s best content writing services and watch your business flourish! With our experienced team of writers who are well aware of every technicality in this field, we generate exponential results.<br \/>Enquanto voc\u00ea tenta nossos top-notch conte\u00fado escrito e servi\u00e7os, voc\u00ea nunca ter\u00e1 de se preocupar com a qualidade do conte\u00fado, como vai ser o melhor!<\/p>\t\t\t\t\t\t\t\t<\/div>\n\t\t\t\t<\/div>\n\t\t\t\t\t<\/div>\n\t\t<\/div>\n\t\t\t\t<div class=\"elementor-column elementor-col-50 elementor-inner-column elementor-element elementor-element-2a275467\" data-id=\"2a275467\" data-element_type=\"column\">\n\t\t\t<div class=\"elementor-widget-wrap elementor-element-populated\">\n\t\t\t\t\t\t<div class=\"elementor-element elementor-element-5ccb3be8 elementor-hidden-tablet elementor-hidden-mobile elementor-widget elementor-widget-webteckshapeimage\" data-id=\"5ccb3be8\" data-element_type=\"widget\" data-widget_type=\"webteckshapeimage.default\">\n\t\t\t\t<div class=\"elementor-widget-container\">\n\t\t\t\t\t<!-- Image --><div class=\"shape-mockup  jump d-xxl-block d-xl-block d-lg-block\"><img decoding=\"async\" src=\"https:\/\/fentech.es\/wp-content\/uploads\/2025\/07\/Fentech-lg.png\" alt=\"Shape Image\" ><\/div><!-- End Image -->\t\t\t\t<\/div>\n\t\t\t\t<\/div>\n\t\t\t\t\t<\/div>\n\t\t<\/div>\n\t\t\t\t\t<\/div>\n\t\t<\/section>\n\t\t\t\t\t<\/div>\n\t\t<\/div>\n\t\t\t\t\t<\/div>\n\t\t<\/section>\n\t\t<div class=\"elementor-element elementor-element-5fde6562 e-flex e-con-boxed e-con e-parent\" data-id=\"5fde6562\" data-element_type=\"container\">\n\t\t\t\t\t<div class=\"e-con-inner\">\n\t\t\t\t<div class=\"elementor-element elementor-element-35a3a4de elementor-widget elementor-widget-webtecksectiontitle\" data-id=\"35a3a4de\" data-element_type=\"widget\" data-widget_type=\"webtecksectiontitle.default\">\n\t\t\t\t<div class=\"elementor-widget-container\">\n\t\t\t\t\t<div class=\"title-area\" ><span class=\"sub-title sub-title3 subtitle-selector\">Why FENTECH<\/span><\/div>\t\t\t\t<\/div>\n\t\t\t\t<\/div>\n\t\t\t\t<div class=\"elementor-element elementor-element-2b1eae8e elementor-widget elementor-widget-text-editor\" data-id=\"2b1eae8e\" data-element_type=\"widget\" data-widget_type=\"text-editor.default\">\n\t\t\t\t<div class=\"elementor-widget-container\">\n\t\t\t\t\t\t\t\t\t<p>Eficaz, envolvente conte\u00fado \u00e9 o cora\u00e7\u00e3o do marketing digital. \u00c9 uma ferramenta vital para comunicar a sua mensagem da marca, constru\u00e7\u00e3o de confian\u00e7a com o seu p\u00fablico, e a condu\u00e7\u00e3o do crescimento do neg\u00f3cio. Sem um bom conte\u00fado, as empresas podem luta para fazer um impacto duradouro no competitivo ambiente on-line.<\/p><p>At FENTECH, we provide <strong>profissional de conte\u00fado escrito e servi\u00e7os<\/strong> projetado para ajudar a sua marca a se destacar. Nossa equipe de escritores entende como criar conte\u00fado que n\u00e3o s\u00f3 est\u00e1 em conson\u00e2ncia com os leitores, mas tamb\u00e9m melhora a sua performance do SEO. A partir de blogs, p\u00e1ginas de destino, cada pe\u00e7a \u00e9 feita sob medida para elevar a sua marca e apoiar seus objetivos de marketing.<\/p>\t\t\t\t\t\t\t\t<\/div>\n\t\t\t\t<\/div>\n\t\t\t\t\t<\/div>\n\t\t\t\t<\/div>\n\t\t<div class=\"elementor-element elementor-element-1c6d6f83 e-flex e-con-boxed e-con e-parent\" data-id=\"1c6d6f83\" data-element_type=\"container\">\n\t\t\t\t\t<div class=\"e-con-inner\">\n\t\t\t\t<div class=\"elementor-element elementor-element-67b82e06 elementor-widget elementor-widget-webtecksectiontitle\" data-id=\"67b82e06\" data-element_type=\"widget\" data-widget_type=\"webtecksectiontitle.default\">\n\t\t\t\t<div class=\"elementor-widget-container\">\n\t\t\t\t\t<div class=\"title-area\" ><span class=\"sub-title sub-title3 subtitle-selector\">Why Choose FENTECH\u2019s Content Writing Services?<\/span><\/div>\t\t\t\t<\/div>\n\t\t\t\t<\/div>\n\t\t\t\t\t<\/div>\n\t\t\t\t<\/div>\n\t\t<div class=\"elementor-element elementor-element-49f41e9d e-flex e-con-boxed e-con e-parent\" data-id=\"49f41e9d\" data-element_type=\"container\">\n\t\t\t\t\t<div class=\"e-con-inner\">\n\t\t\t\t<div class=\"elementor-element elementor-element-58e6e002 elementor-widget elementor-widget-text-editor\" data-id=\"58e6e002\" data-element_type=\"widget\" data-widget_type=\"text-editor.default\">\n\t\t\t\t<div class=\"elementor-widget-container\">\n\t\t\t\t\t\t\t\t\t<p><strong>1. Unidade de Tr\u00e1fego Mais e Alcan\u00e7ar Mais Clientes<\/strong><br \/>Nosso conte\u00fado \u00e9 estrategicamente desenvolvido para atrair tr\u00e1fego qualificado e converter visitantes em clientes. Com extensivamente pesquisadas palavras-chave e p\u00e1gina optimizada estruturas, estamos a ajudar a aumentar o ranking e envolver o p\u00fablico-alvo certo.<\/p><p><strong>2. SEO Focado, Orientada para os Resultados de Conte\u00fado<\/strong><br \/>A nossa abordagem combina bem estudada, palavras-chave, melhores pr\u00e1ticas de SEO e atraente de contar hist\u00f3rias para melhorar a visibilidade do seu site e a experi\u00eancia do usu\u00e1rio. Otimizado t\u00edtulos, descri\u00e7\u00f5es meta, e o conte\u00fado direcionado ajudar a aumentar as taxas de cliques e encorajar o maior engajamento do usu\u00e1rio.<\/p><p><strong>3. Abrangente De Solu\u00e7\u00f5es De Marketing<\/strong><br \/>SEO-driven marketing de conte\u00fado \u00e9 uma das maneiras mais econ\u00f4micas para alcan\u00e7ar os usu\u00e1rios ativamente procurando por seus produtos ou servi\u00e7os. Utilizando as nossas SEO de servi\u00e7os de conte\u00fado, voc\u00ea pode economizar na sa\u00edda m\u00e9todos como an\u00fancios e a chamada fria ao mesmo tempo, atrair valioso, prontas para envolver os visitantes.<\/p><p><strong>4. Avan\u00e7ado Site De Usabilidade<\/strong><br \/>Um forte SEO estrat\u00e9gia de conte\u00fado tamb\u00e9m melhora a estrutura do site e os links internos, tornando mais f\u00e1cil para os usu\u00e1rios a navegar e encontrar informa\u00e7\u00f5es valiosas. Nossa equipe garante que o seu site \u00e9 f\u00e1cil de usar e projetado para manter os visitantes interessados.<\/p><p><strong>5. Aumentar a Visibilidade da Marca e a Confian\u00e7a<\/strong><br \/>Higher search rankings lead to greater exposure. With FENTECH, you\u2019ll gain visibility across the top search results, reinforcing your brand&#8217;s credibility. Appearing on the first page for targeted keywords not only drives traffic but also builds trust in your brand.<\/p><p><strong>Get Results with FENTECH<\/strong><br \/>When you choose FENTECH, you\u2019re choosing a partner dedicated to the success of your brand. Let us handle your content needs and see the difference it makes. With high-quality, SEO-friendly content, we\u2019ll help your business grow and achieve its full potential.<\/p>\t\t\t\t\t\t\t\t<\/div>\n\t\t\t\t<\/div>\n\t\t\t\t\t<\/div>\n\t\t\t\t<\/div>\n\t\t\t\t<section class=\"elementor-section elementor-top-section elementor-element elementor-element-20181b25 elementor-hidden-desktop elementor-hidden-tablet elementor-hidden-mobile elementor-section-boxed elementor-section-height-default elementor-section-height-default\" data-id=\"20181b25\" data-element_type=\"section\">\n\t\t\t\t\t\t<div class=\"elementor-container elementor-column-gap-no\">\n\t\t\t\t\t<div class=\"elementor-column elementor-col-100 elementor-top-column elementor-element elementor-element-3817c8ec\" data-id=\"3817c8ec\" data-element_type=\"column\">\n\t\t\t<div class=\"elementor-widget-wrap elementor-element-populated\">\n\t\t\t\t\t\t<div class=\"elementor-element elementor-element-36eba4fc elementor-widget elementor-widget-tragafeature\" data-id=\"36eba4fc\" data-element_type=\"widget\" data-widget_type=\"tragafeature.default\">\n\t\t\t\t<div class=\"elementor-widget-container\">\n\t\t\t\t\t<div class=\"service-feature-wrap\"><div class=\"service-feature\"><div class=\"service-feature_icon\"><img decoding=\"async\" src=\"https:\/\/fentech.es\/wp-content\/uploads\/2024\/11\/feature_card_1.png\" alt=\"FENTECH\"  \/><\/div><div class=\"media-body\"><h4 class=\"service-feature_title\">Dados Do Servi\u00e7o De Gest\u00e3o De<\/h4><p class=\"service-feature_text\">Intrinsicly maximizar best-of-breed tema estrat\u00e9gico \u00e1reas enquanto premium alinhamentos. Colabora\u00e7\u00e3o de transi\u00e7\u00e3o do cliente.<\/p><\/div><\/div><div class=\"service-feature\"><div class=\"service-feature_icon\"><img decoding=\"async\" src=\"https:\/\/fentech.es\/wp-content\/uploads\/2024\/11\/feature_card_3.png\" alt=\"FENTECH\"  \/><\/div><div class=\"media-body\"><h4 class=\"service-feature_title\">Suporte De Classe Mundial<\/h4><p class=\"service-feature_text\">Intrinsicly maximizar best-of-breed tema estrat\u00e9gico \u00e1reas enquanto premium alinhamentos. Colabora\u00e7\u00e3o de transi\u00e7\u00e3o do cliente.<\/p><\/div><\/div><div class=\"service-feature\"><div class=\"service-feature_icon\"><img decoding=\"async\" src=\"https:\/\/fentech.es\/wp-content\/uploads\/2024\/11\/feature_card_2.png\" alt=\"FENTECH\"  \/><\/div><div class=\"media-body\"><h4 class=\"service-feature_title\">Estrat\u00e9gia de TI &amp; Consultoria<\/h4><p class=\"service-feature_text\">Intrinsicly maximizar best-of-breed tema estrat\u00e9gico \u00e1reas enquanto premium alinhamentos. Colabora\u00e7\u00e3o de transi\u00e7\u00e3o do cliente.<\/p><\/div><\/div><\/div>\t\t\t\t<\/div>\n\t\t\t\t<\/div>\n\t\t\t\t\t<\/div>\n\t\t<\/div>\n\t\t\t\t\t<\/div>\n\t\t<\/section>\n\t\t<div class=\"elementor-element elementor-element-5c99f26b e-flex e-con-boxed e-con e-parent\" data-id=\"5c99f26b\" data-element_type=\"container\">\n\t\t\t\t\t<div class=\"e-con-inner\">\n\t\t\t\t<div class=\"elementor-element elementor-element-4459a3a1 elementor-widget elementor-widget-text-editor\" data-id=\"4459a3a1\" data-element_type=\"widget\" data-widget_type=\"text-editor.default\">\n\t\t\t\t<div class=\"elementor-widget-container\">\n\t\t\t\t\t\t\t\t\t<div class=\"row\"><div class=\"col-md-6 mb-30\"><div class=\"th-video\"><img decoding=\"async\" class=\"w-100\" src=\"https:\/\/themeholy.com\/wordpress\/test\/wp-content\/uploads\/2023\/03\/service_inner_1-300x198.jpg\" alt=\"service\" \/><br \/><i class=\"fas fa-play\"><\/i><\/div><\/div><div class=\"col-md-6 mb-30\"><h3 class=\"h4 mb-20\">Nosso Compromisso com a Excel\u00eancia<\/h3><div class=\"checklist style3\"><ul><li><i class=\"fas fa-octagon-check\"><\/i>Focado em Suas Necessidades \u00danicas<\/li><li><i class=\"fas fa-octagon-check\"><\/i>Dedicada ao Seu Sucesso<\/li><li><i class=\"fas fa-octagon-check\"><\/i>Simplificado Do Processo De Implementa\u00e7\u00e3o<\/li><li><i class=\"fas fa-octagon-check\"><\/i>Livre De Risco De Apoio \u00c0 Transi\u00e7\u00e3o<\/li><li><i class=\"fas fa-octagon-check\"><\/i>A sua Satisfa\u00e7\u00e3o \u00e9 a Nossa Prioridade<\/li><\/ul><\/div><\/div><\/div>\t\t\t\t\t\t\t\t<\/div>\n\t\t\t\t<\/div>\n\t\t\t\t<div class=\"elementor-element elementor-element-524cb0cb elementor-widget elementor-widget-tragafeature\" data-id=\"524cb0cb\" data-element_type=\"widget\" data-widget_type=\"tragafeature.default\">\n\t\t\t\t<div class=\"elementor-widget-container\">\n\t\t\t\t\t<div class=\"service-feature-wrap\"><div class=\"service-feature\"><div class=\"service-feature_icon\"><img decoding=\"async\" src=\"https:\/\/fentech.es\/wp-content\/uploads\/2024\/11\/service_feature_1.svg\" alt=\"FENTECH\"  \/><\/div><div class=\"media-body\"><h4 class=\"service-feature_title\">Flex\u00edvel Conte\u00fado Escrito E Solu\u00e7\u00f5es<\/h4><p class=\"service-feature_text\">Sob medida para se adaptar \u00e0s suas necessidades de neg\u00f3cios enquanto melhorar a efici\u00eancia operacional<\/p><\/div><\/div><div class=\"service-feature\"><div class=\"service-feature_icon\"><img decoding=\"async\" src=\"https:\/\/fentech.es\/wp-content\/uploads\/2024\/11\/service_feature_2.svg\" alt=\"FENTECH\"  \/><\/div><div class=\"media-body\"><h4 class=\"service-feature_title\">24\/7 Suporte Dedicado<\/h4><p class=\"service-feature_text\">A nossa equipe de especialistas est\u00e1 dispon\u00edvel o tempo todo para ajud\u00e1-lo sempre que voc\u00ea precisar<\/p><\/div><\/div><\/div>\t\t\t\t<\/div>\n\t\t\t\t<\/div>\n\t\t\t\t\t<\/div>\n\t\t\t\t<\/div>\n\t\t\t\t<section class=\"elementor-section elementor-top-section elementor-element elementor-element-6126ff09 elementor-section-boxed elementor-section-height-default elementor-section-height-default\" data-id=\"6126ff09\" data-element_type=\"section\">\n\t\t\t\t\t\t<div class=\"elementor-container elementor-column-gap-no\">\n\t\t\t\t\t<div class=\"elementor-column elementor-col-100 elementor-top-column elementor-element elementor-element-53c45d14\" data-id=\"53c45d14\" data-element_type=\"column\">\n\t\t\t<div class=\"elementor-widget-wrap elementor-element-populated\">\n\t\t\t\t\t\t<section class=\"elementor-section elementor-inner-section elementor-element elementor-element-363cab68 elementor-section-full_width elementor-section-height-default elementor-section-height-default\" data-id=\"363cab68\" data-element_type=\"section\">\n\t\t\t\t\t\t<div class=\"elementor-container elementor-column-gap-no\">\n\t\t\t\t\t<div class=\"elementor-column elementor-col-50 elementor-inner-column elementor-element elementor-element-1c954f19 page-single\" data-id=\"1c954f19\" data-element_type=\"column\">\n\t\t\t<div class=\"elementor-widget-wrap elementor-element-populated\">\n\t\t\t\t\t\t<div class=\"elementor-element elementor-element-5229fb7 elementor-widget elementor-widget-text-editor\" data-id=\"5229fb7\" data-element_type=\"widget\" data-widget_type=\"text-editor.default\">\n\t\t\t\t<div class=\"elementor-widget-container\">\n\t\t\t\t\t\t\t\t\t<p><strong>Abrangente De Servi\u00e7os De Reda\u00e7\u00e3o De Conte\u00fado<\/strong><br \/>Elabora\u00e7\u00e3o de Engajamento, Conte\u00fado personalizado para Elevar o Seu Marcas<\/p>\t\t\t\t\t\t\t\t<\/div>\n\t\t\t\t<\/div>\n\t\t\t\t<div class=\"elementor-element elementor-element-5acc54df elementor-widget elementor-widget-heading\" data-id=\"5acc54df\" data-element_type=\"widget\" data-widget_type=\"heading.default\">\n\t\t\t\t<div class=\"elementor-widget-container\">\n\t\t\t\t\t<h4 class=\"elementor-heading-title elementor-size-default\">Perguntas Sobre Nosso Conte\u00fado Escrito E Servi\u00e7os<\/h4>\t\t\t\t<\/div>\n\t\t\t\t<\/div>\n\t\t\t\t<div class=\"elementor-element elementor-element-40c44714 elementor-widget elementor-widget-tragafaq\" data-id=\"40c44714\" data-element_type=\"widget\" data-widget_type=\"tragafaq.default\">\n\t\t\t\t<div class=\"elementor-widget-container\">\n\t\t\t\t\t<div class=\"accordion-area accordion\" id=\"faqAccordion\"><div class=\"accordion-card style2 active\"><div class=\"accordion-header\" id=\"collapse-item-1\"><button class=\"accordion-button\" type=\"button\" data-bs-toggle=\"collapse\" data-bs-target=\"#collapse-1\" aria-expanded=\"true\" aria-controls=\"collapse-1\">Qual \u00e9 a sua abordagem para escrever o conte\u00fado?<\/button><\/div><div id=\"collapse-1\" class=\"accordion-collapse collapse show\" aria-labelledby=\"collapse-item-1\" data-bs-parent=\"#faqAccordion\"><div class=\"accordion-body\"><p class=\"faq-text\">Nosso conte\u00fado escrito abordagem come\u00e7a com uma profunda compreens\u00e3o de sua marca de voz, p\u00fablico alvo e objetivos. Criamos conte\u00fado que n\u00e3o s\u00f3 envolve os leitores, mas tamb\u00e9m se alinha com as melhores pr\u00e1ticas de SEO para maximizar a visibilidade online. Cada pe\u00e7a \u00e9 trabalhada a ressoar com o seu p\u00fablico e apoiar seus objetivos de marketing.<\/p><\/div><\/div><\/div><div class=\"accordion-card style2\"><div class=\"accordion-header\" id=\"collapse-item-2\"><button class=\"accordion-button collapsed\" type=\"button\" data-bs-toggle=\"collapse\" data-bs-target=\"#collapse-2\" aria-expanded=\"false\" aria-controls=\"collapse-2\">Quanto tempo leva para concluir conte\u00fado escrito e projetos?<\/button><\/div><div id=\"collapse-2\" class=\"accordion-collapse collapse\" aria-labelledby=\"collapse-item-2\" data-bs-parent=\"#faqAccordion\"><div class=\"accordion-body\"><p class=\"faq-text\">Prazos variam de acordo com o projeto do escopo e do tipo de conte\u00fado. Projetos menores, como o indiv\u00edduo posts, geralmente pode ser conclu\u00eddo em poucos dias, enquanto que projetos maiores, como o conte\u00fado do website ou de conte\u00fado abrangente de estrat\u00e9gias, pode levar algumas semanas. N\u00f3s fornecemos uma linha de tempo no in\u00edcio para manter tudo na faixa.<\/p><\/div><\/div><\/div><div class=\"accordion-card style2\"><div class=\"accordion-header\" id=\"collapse-item-3\"><button class=\"accordion-button collapsed\" type=\"button\" data-bs-toggle=\"collapse\" data-bs-target=\"#collapse-3\" aria-expanded=\"false\" aria-controls=\"collapse-3\">Que tipos de conte\u00fado escrito e servi\u00e7os que voc\u00ea oferece?<\/button><\/div><div id=\"collapse-3\" class=\"accordion-collapse collapse\" aria-labelledby=\"collapse-item-3\" data-bs-parent=\"#faqAccordion\"><div class=\"accordion-body\"><p class=\"faq-text\">N\u00f3s oferecemos uma gama completa de conte\u00fado escrito e servi\u00e7os, incluindo posts do blog, o conte\u00fado do site, descri\u00e7\u00f5es de produtos, c\u00f3pia de e-mail, e mais. Nossa equipe tem experi\u00eancia em uma variedade de ind\u00fastrias, de modo que medida cada pe\u00e7a para o seu p\u00fablico-alvo.<\/p><\/div><\/div><\/div><div class=\"accordion-card style2\"><div class=\"accordion-header\" id=\"collapse-item-4\"><button class=\"accordion-button collapsed\" type=\"button\" data-bs-toggle=\"collapse\" data-bs-target=\"#collapse-4\" aria-expanded=\"false\" aria-controls=\"collapse-4\">Voc\u00eas fornecem as revis\u00f5es, se necess\u00e1rio?<\/button><\/div><div id=\"collapse-4\" class=\"accordion-collapse collapse\" aria-labelledby=\"collapse-item-4\" data-bs-parent=\"#faqAccordion\"><div class=\"accordion-body\"><p class=\"faq-text\">Sim, a satisfa\u00e7\u00e3o do cliente \u00e9 a nossa prioridade. N\u00f3s incluem um determinado n\u00famero de revis\u00f5es para assegurar que o conte\u00fado atenda \u00e0s suas expectativas e reflete sua marca com precis\u00e3o. Nosso objetivo \u00e9 proporcionar conte\u00fado que voc\u00ea est\u00e1 totalmente satisfeito.<\/p><\/div><\/div><\/div><div class=\"accordion-card style2\"><div class=\"accordion-header\" id=\"collapse-item-5\"><button class=\"accordion-button collapsed\" type=\"button\" data-bs-toggle=\"collapse\" data-bs-target=\"#collapse-5\" aria-expanded=\"false\" aria-controls=\"collapse-5\">Como garantir a qualidade do conte\u00fado e otimiza\u00e7\u00e3o de SEO?<\/button><\/div><div id=\"collapse-5\" class=\"accordion-collapse collapse\" aria-labelledby=\"collapse-item-5\" data-bs-parent=\"#faqAccordion\"><div class=\"accordion-body\"><p class=\"faq-text\">Nossos escritores s\u00e3o treinados em t\u00e9cnicas de SEO, incluindo otimiza\u00e7\u00e3o de palavras-chave, meta tags, conte\u00fado e estrutura. N\u00f3s saldo de SEO com a legibilidade para se certificar de que o conte\u00fado de pesquisa f\u00e1cil e envolvente. Todo o conte\u00fado \u00e9 cuidadosamente editado e revisado para manter a alta qualidade.\n\n<\/p><\/div><\/div><\/div><\/div>\t\t\t\t<\/div>\n\t\t\t\t<\/div>\n\t\t\t\t\t<\/div>\n\t\t<\/div>\n\t\t\t\t<div class=\"elementor-column elementor-col-50 elementor-inner-column elementor-element elementor-element-57ad98d5\" data-id=\"57ad98d5\" data-element_type=\"column\">\n\t\t\t<div class=\"elementor-widget-wrap elementor-element-populated\">\n\t\t\t\t\t\t<div class=\"elementor-element elementor-element-a639b3c elementor-widget elementor-widget-text-editor\" data-id=\"a639b3c\" data-element_type=\"widget\" data-widget_type=\"text-editor.default\">\n\t\t\t\t<div class=\"elementor-widget-container\">\n\t\t\t\t\t\t\t\t\t<div class=\"widget widget_download\"><h4 class=\"widget_title\">Baixar Brochura<\/h4><div class=\"download-widget-wrap\"><i class=\"fa-light fa-file-pdf me-2\"><\/i>DOWNLOAD DO ARQUIVO EM PDF<br \/><i class=\"fa-light fa-file-lines me-2\"><\/i>DOWNLOAD DOC<\/div><\/div>\t\t\t\t\t\t\t\t<\/div>\n\t\t\t\t<\/div>\n\t\t\t\t<div class=\"elementor-element elementor-element-defd48c elementor-widget elementor-widget-text-editor\" data-id=\"defd48c\" data-element_type=\"widget\" data-widget_type=\"text-editor.default\">\n\t\t\t\t<div class=\"elementor-widget-container\">\n\t\t\t\t\t\t\t\t\t<div class=\"widget widget_banner\" data-bg-src=\"https:\/\/themeholy.com\/wordpress\/test\/wp-content\/uploads\/2023\/03\/widget_banner-1.jpg\"><div class=\"widget-banner\"><span class=\"text\">CONTACTE-NOS AGORA<\/span><h2 class=\"title\">Voc\u00ea Precisa De Ajuda?<\/h2><p>OBTER UMA COTA\u00c7\u00c3O<i class=\"fas fa-arrow-right ms-2\"><\/i><\/p><\/div><\/div>\t\t\t\t\t\t\t\t<\/div>\n\t\t\t\t<\/div>\n\t\t\t\t\t<\/div>\n\t\t<\/div>\n\t\t\t\t\t<\/div>\n\t\t<\/section>\n\t\t\t\t\t<\/div>\n\t\t<\/div>\n\t\t\t\t\t<\/div>\n\t\t<\/section>\n\t\t\t\t<\/div>","protected":false},"excerpt":{"rendered":"<p>CONTENT WRITING Get more business, more growth and multiple sales with FENTECH All content on the web is the king of marketing, and no business, whether big or small, can imagine its survival without it. Being no less than a savior, he has the maximum potential to take your business to the maximum heights.Content serves&#8230;<\/p>","protected":false},"author":1,"featured_media":0,"parent":0,"menu_order":0,"comment_status":"closed","ping_status":"closed","template":"template-builder.php","meta":{"footnotes":""},"class_list":["post-421","page","type-page","status-publish","hentry"],"_links":{"self":[{"href":"https:\/\/fentech.es\/pt\/wp-json\/wp\/v2\/pages\/421","targetHints":{"allow":["GET"]}}],"collection":[{"href":"https:\/\/fentech.es\/pt\/wp-json\/wp\/v2\/pages"}],"about":[{"href":"https:\/\/fentech.es\/pt\/wp-json\/wp\/v2\/types\/page"}],"author":[{"embeddable":true,"href":"https:\/\/fentech.es\/pt\/wp-json\/wp\/v2\/users\/1"}],"replies":[{"embeddable":true,"href":"https:\/\/fentech.es\/pt\/wp-json\/wp\/v2\/comments?post=421"}],"version-history":[{"count":0,"href":"https:\/\/fentech.es\/pt\/wp-json\/wp\/v2\/pages\/421\/revisions"}],"wp:attachment":[{"href":"https:\/\/fentech.es\/pt\/wp-json\/wp\/v2\/media?parent=421"}],"curies":[{"name":"wp","href":"https:\/\/api.w.org\/{rel}","templated":true}]}}