{"id":400,"date":"2024-11-10T18:39:23","date_gmt":"2024-11-10T18:39:23","guid":{"rendered":"https:\/\/fentech.es\/?page_id=400"},"modified":"2025-07-27T01:50:54","modified_gmt":"2025-07-27T01:50:54","slug":"website-assessments","status":"publish","type":"page","link":"https:\/\/fentech.es\/pt\/website-assessments\/","title":{"rendered":"Avalia\u00e7\u00e3o de Sites"},"content":{"rendered":"<div data-elementor-type=\"wp-page\" data-elementor-id=\"400\" class=\"elementor elementor-400\">\n\t\t\t\t\t\t<section class=\"elementor-section elementor-top-section elementor-element elementor-element-59301b15 elementor-section-boxed elementor-section-height-default elementor-section-height-default\" data-id=\"59301b15\" data-element_type=\"section\">\n\t\t\t\t\t\t<div class=\"elementor-container elementor-column-gap-no\">\n\t\t\t\t\t<div class=\"elementor-column elementor-col-100 elementor-top-column elementor-element elementor-element-18a1c29d\" data-id=\"18a1c29d\" data-element_type=\"column\">\n\t\t\t<div class=\"elementor-widget-wrap elementor-element-populated\">\n\t\t\t\t\t\t<section class=\"elementor-section elementor-inner-section elementor-element elementor-element-1bd4644 elementor-section-full_width elementor-section-height-default elementor-section-height-default\" data-id=\"1bd4644\" data-element_type=\"section\">\n\t\t\t\t\t\t<div class=\"elementor-container elementor-column-gap-no\">\n\t\t\t\t\t<div class=\"elementor-column elementor-col-50 elementor-inner-column elementor-element elementor-element-59b0199 page-single\" data-id=\"59b0199\" data-element_type=\"column\">\n\t\t\t<div class=\"elementor-widget-wrap elementor-element-populated\">\n\t\t\t\t\t\t<div class=\"elementor-element elementor-element-25bbf1be page-img elementor-widget elementor-widget-image\" data-id=\"25bbf1be\" data-element_type=\"widget\" data-widget_type=\"image.default\">\n\t\t\t\t<div class=\"elementor-widget-container\">\n\t\t\t\t\t\t\t\t\t\t\t\t\t\t\t<img fetchpriority=\"high\" decoding=\"async\" width=\"1024\" height=\"1024\" src=\"https:\/\/fentech.es\/wp-content\/uploads\/2024\/12\/Royal-IT-Website-Assessments.jpg\" class=\"attachment-full size-full wp-image-949\" alt=\"\" srcset=\"https:\/\/fentech.es\/wp-content\/uploads\/2024\/12\/Royal-IT-Website-Assessments.jpg 1024w, https:\/\/fentech.es\/wp-content\/uploads\/2024\/12\/Royal-IT-Website-Assessments-300x300.jpg 300w, https:\/\/fentech.es\/wp-content\/uploads\/2024\/12\/Royal-IT-Website-Assessments-150x150.jpg 150w, https:\/\/fentech.es\/wp-content\/uploads\/2024\/12\/Royal-IT-Website-Assessments-768x768.jpg 768w, https:\/\/fentech.es\/wp-content\/uploads\/2024\/12\/Royal-IT-Website-Assessments-80x80.jpg 80w, https:\/\/fentech.es\/wp-content\/uploads\/2024\/12\/Royal-IT-Website-Assessments-140x140.jpg 140w\" sizes=\"(max-width: 1024px) 100vw, 1024px\" \/>\t\t\t\t\t\t\t\t\t\t\t\t\t\t\t<\/div>\n\t\t\t\t<\/div>\n\t\t\t\t<div class=\"elementor-element elementor-element-5d618b22 h3 page-title elementor-widget elementor-widget-heading\" data-id=\"5d618b22\" data-element_type=\"widget\" data-widget_type=\"heading.default\">\n\t\t\t\t<div class=\"elementor-widget-container\">\n\t\t\t\t\t<h3 class=\"elementor-heading-title elementor-size-default\"><h2 style=\"font-family: Barlow, sans-serif\">SITE DE AVALIA\u00c7\u00d5ES<\/h2><\/h3>\t\t\t\t<\/div>\n\t\t\t\t<\/div>\n\t\t\t\t<div class=\"elementor-element elementor-element-10bc3b85 h3 page-title elementor-widget elementor-widget-heading\" data-id=\"10bc3b85\" data-element_type=\"widget\" data-widget_type=\"heading.default\">\n\t\t\t\t<div class=\"elementor-widget-container\">\n\t\t\t\t\t<h3 class=\"elementor-heading-title elementor-size-default\">Entrega De Web Excel\u00eancia Por Meio De Avalia\u00e7\u00f5es Abrangentes<\/h3>\t\t\t\t<\/div>\n\t\t\t\t<\/div>\n\t\t\t\t<div class=\"elementor-element elementor-element-297a7103 elementor-widget elementor-widget-text-editor\" data-id=\"297a7103\" data-element_type=\"widget\" data-widget_type=\"text-editor.default\">\n\t\t\t\t<div class=\"elementor-widget-container\">\n\t\t\t\t\t\t\t\t\t<section class=\"elementor-section elementor-top-section elementor-element elementor-element-50a93352 elementor-section-boxed elementor-section-height-default elementor-section-height-default\" data-id=\"50a93352\" data-element_type=\"section\" data-settings=\"{&quot;background_background&quot;:&quot;classic&quot;}\"><div class=\"elementor-container elementor-column-gap-default\"><div class=\"elementor-column elementor-col-100 elementor-top-column elementor-element elementor-element-584794b5\" data-id=\"584794b5\" data-element_type=\"column\"><div class=\"elementor-widget-wrap elementor-element-populated\"><section class=\"elementor-section elementor-inner-section elementor-element elementor-element-572ad64c elementor-section-boxed elementor-section-height-default elementor-section-height-default\" data-id=\"572ad64c\" data-element_type=\"section\"><div class=\"elementor-container elementor-column-gap-default\"><div class=\"elementor-column elementor-col-100 elementor-inner-column elementor-element elementor-element-683bf79e\" data-id=\"683bf79e\" data-element_type=\"column\"><div class=\"elementor-widget-wrap elementor-element-populated\"><section class=\"elementor-section elementor-inner-section elementor-element elementor-element-29215134 elementor-section-full_width elementor-section-height-default elementor-section-height-default\" data-id=\"29215134\" data-element_type=\"section\"><div class=\"elementor-container elementor-column-gap-default\"><div class=\"elementor-column elementor-col-100 elementor-inner-column elementor-element elementor-element-1b19e4cd\" data-id=\"1b19e4cd\" data-element_type=\"column\" data-settings=\"{&quot;background_background&quot;:&quot;classic&quot;}\"><div class=\"elementor-widget-wrap elementor-element-populated\"><div class=\"elementor-element elementor-element-325925e9 animated-fast elementor-widget elementor-widget-text-editor animated fadeInUp\" data-id=\"325925e9\" data-element_type=\"widget\" data-settings=\"{&quot;_animation_delay&quot;:100}\" data-widget_type=\"text-editor.default\"><div class=\"elementor-widget-container\"><div class=\"elementor-element elementor-element-27d65bcd elementor-widget elementor-widget-heading\" data-id=\"27d65bcd\" data-element_type=\"widget\" data-widget_type=\"heading.default\"><div class=\"elementor-widget-container\"><div class=\"elementor-element elementor-element-27d65bcd elementor-widget elementor-widget-heading\" data-id=\"27d65bcd\" data-element_type=\"widget\" data-widget_type=\"heading.default\"><div class=\"elementor-widget-container\"><p>No <strong>FENTECH<\/strong>nosso site de avalia\u00e7\u00f5es de ir al\u00e9m do n\u00edvel da superf\u00edcie verifica, de uma profunda an\u00e1lise de cada elemento cr\u00edtico para o seu site de sucesso. Avaliamos o seu site com foco no alinhamento com os seus objetivos de neg\u00f3cio, melhorar o envolvimento do usu\u00e1rio, aumentando a seguran\u00e7a e a otimiza\u00e7\u00e3o do desempenho global.<\/p><p><strong>O Que Nosso Site De Avalia\u00e7\u00e3o De Cobre<\/strong><\/p><ul><li><strong>Objetivos De Neg\u00f3cio<\/strong>: Garantir que o website de forma eficaz suporta suas metas e crescimento.<\/li><li><strong>UI\/UX Design<\/strong>: Aprimorando a experi\u00eancia do usu\u00e1rio de forma intuitiva, design acess\u00edvel.<\/li><li><strong>O google Analytics<\/strong>A identifica\u00e7\u00e3o de \u00e1reas de melhoria, atrav\u00e9s de insights de dados.<\/li><li><strong>Seguran\u00e7a<\/strong>: Proteger o seu website a partir de vulnerabilidades e garantir dados do usu\u00e1rio \u00e9 segura.<\/li><li><strong>Conte\u00fado<\/strong>: Garantindo a todos o seu conte\u00fado \u00e9 claro, relevante e otimizado para SEO.<\/li><li><strong>Tecnologia<\/strong>: Verifica\u00e7\u00e3o de software desatualizado e recomendar up-to-date ferramentas.<\/li><\/ul><p><strong>Por que Escolher um Site de Avalia\u00e7\u00e3o?<\/strong><br \/>Nosso processo de avalia\u00e7\u00e3o ajuda a identificar problemas ocultos que afetam o desempenho de seu site e oferece solu\u00e7\u00f5es que a unidade de melhor engajamento e resultados de neg\u00f3cios. Com um <strong>FENTECH<\/strong> site de avalia\u00e7\u00e3o, ganha-se um roteiro para a web excel\u00eancia.<\/p><p><strong>Comece Hoje<\/strong><br \/>Pronto para desbloquear o seu website potencial? Contacte-nos para uma avalia\u00e7\u00e3o abrangente e insights que abrem o caminho para o sucesso duradouro.<\/p><\/div><\/div><\/div><\/div><\/div><\/div><\/div><\/div><\/div><\/section><\/div><\/div><\/div><\/section><\/div><\/div><\/div><\/section>\t\t\t\t\t\t\t\t<\/div>\n\t\t\t\t<\/div>\n\t\t\t\t\t<\/div>\n\t\t<\/div>\n\t\t\t\t<div class=\"elementor-column elementor-col-50 elementor-inner-column elementor-element elementor-element-612941d0\" data-id=\"612941d0\" data-element_type=\"column\">\n\t\t\t<div class=\"elementor-widget-wrap elementor-element-populated\">\n\t\t\t\t\t\t<div class=\"elementor-element elementor-element-3875c469 elementor-hidden-tablet elementor-hidden-mobile elementor-widget elementor-widget-webteckshapeimage\" data-id=\"3875c469\" data-element_type=\"widget\" data-widget_type=\"webteckshapeimage.default\">\n\t\t\t\t<div class=\"elementor-widget-container\">\n\t\t\t\t\t<!-- Image --><div class=\"shape-mockup  jump d-xxl-block d-xl-block d-lg-block\"><img decoding=\"async\" src=\"https:\/\/fentech.es\/wp-content\/uploads\/2025\/07\/Fentech-lg.png\" alt=\"Shape Image\" ><\/div><!-- End Image -->\t\t\t\t<\/div>\n\t\t\t\t<\/div>\n\t\t\t\t\t<\/div>\n\t\t<\/div>\n\t\t\t\t\t<\/div>\n\t\t<\/section>\n\t\t\t\t\t<\/div>\n\t\t<\/div>\n\t\t\t\t\t<\/div>\n\t\t<\/section>\n\t\t<div class=\"elementor-element elementor-element-16f9d388 e-flex e-con-boxed e-con e-parent\" data-id=\"16f9d388\" data-element_type=\"container\">\n\t\t\t\t\t<div class=\"e-con-inner\">\n\t\t\t\t<div class=\"elementor-element elementor-element-354940fe elementor-widget elementor-widget-webtecksectiontitle\" data-id=\"354940fe\" data-element_type=\"widget\" data-widget_type=\"webtecksectiontitle.default\">\n\t\t\t\t<div class=\"elementor-widget-container\">\n\t\t\t\t\t<div class=\"title-area mb-25\" ><h2 class=\"sec-title mb-20   title-selector\">Priorizamos vulnerabilidades reais<\/h2><p class=\"desc-selector\">Seguran\u00e7a do Website \u00e9 de extrema import\u00e2ncia para proteger a sua marca, empresa e reputa\u00e7\u00e3o. Al\u00e9m disso, ele ajuda a evitar perdas financeiras, incluindo o fechamento do site da sua empresa.<\/p><\/div>\t\t\t\t<\/div>\n\t\t\t\t<\/div>\n\t\t\t\t\t<\/div>\n\t\t\t\t<\/div>\n\t\t<div class=\"elementor-element elementor-element-4a39545f e-flex e-con-boxed e-con e-parent\" data-id=\"4a39545f\" data-element_type=\"container\">\n\t\t\t\t\t<div class=\"e-con-inner\">\n\t\t\t\t<div class=\"elementor-element elementor-element-4adede32 elementor-widget elementor-widget-webtecksectiontitle\" data-id=\"4adede32\" data-element_type=\"widget\" data-widget_type=\"webtecksectiontitle.default\">\n\t\t\t\t<div class=\"elementor-widget-container\">\n\t\t\t\t\t<div class=\"title-area mb-25\" ><h2 class=\"sec-title mb-20   title-selector\">UI\/UX Design<\/h2><p class=\"desc-selector\">N\u00f3s preparamos voc\u00ea para o futuro com sites que a unidade de neg\u00f3cios.<\/p><\/div>\t\t\t\t<\/div>\n\t\t\t\t<\/div>\n\t\t\t\t\t<\/div>\n\t\t\t\t<\/div>\n\t\t<div class=\"elementor-element elementor-element-237fea6d e-flex e-con-boxed e-con e-parent\" data-id=\"237fea6d\" data-element_type=\"container\">\n\t\t\t\t\t<div class=\"e-con-inner\">\n\t\t\t\t<div class=\"elementor-element elementor-element-27e0faab elementor-widget elementor-widget-webtecksectiontitle\" data-id=\"27e0faab\" data-element_type=\"widget\" data-widget_type=\"webtecksectiontitle.default\">\n\t\t\t\t<div class=\"elementor-widget-container\">\n\t\t\t\t\t<div class=\"title-area mb-25\" ><h2 class=\"sec-title mb-20   title-selector\">Marca<\/h2><p class=\"desc-selector\">A nossa marca, a avalia\u00e7\u00e3o \u00e9 um estudo abrangente que permite que a sua empresa as principais partes interessadas para compreender a efic\u00e1cia de sua marca vigentes e determinar se o investimento adicional \u00e9 necess\u00e1ria.\n\nN\u00e3o perca o seu valioso tempo e dinheiro em promessas vazias quando n\u00f3s garantimos resultados.<\/p><\/div>\t\t\t\t<\/div>\n\t\t\t\t<\/div>\n\t\t\t\t\t<\/div>\n\t\t\t\t<\/div>\n\t\t<div class=\"elementor-element elementor-element-561cc1aa e-flex e-con-boxed e-con e-parent\" data-id=\"561cc1aa\" data-element_type=\"container\">\n\t\t\t\t\t<div class=\"e-con-inner\">\n\t\t\t\t<div class=\"elementor-element elementor-element-55efd81e elementor-widget elementor-widget-text-editor\" data-id=\"55efd81e\" data-element_type=\"widget\" data-widget_type=\"text-editor.default\">\n\t\t\t\t<div class=\"elementor-widget-container\">\n\t\t\t\t\t\t\t\t\t<div class=\"row\"><div class=\"col-md-6 mb-30\"><div class=\"th-video\"><img decoding=\"async\" class=\"w-100\" src=\"https:\/\/themeholy.com\/wordpress\/test\/wp-content\/uploads\/2023\/03\/service_inner_1-300x198.jpg\" alt=\"service\" \/><br \/><i class=\"fas fa-play\"><\/i><\/div><\/div><div class=\"col-md-6 mb-30\"><h3 class=\"h4 mb-20\">Nosso Compromisso com a Excel\u00eancia<\/h3><div class=\"checklist style3\"><ul><li><i class=\"fas fa-octagon-check\"><\/i>Focado em Suas Necessidades \u00danicas<\/li><li><i class=\"fas fa-octagon-check\"><\/i>Dedicada ao Seu Sucesso<\/li><li><i class=\"fas fa-octagon-check\"><\/i>Simplificado Do Processo De Implementa\u00e7\u00e3o<\/li><li><i class=\"fas fa-octagon-check\"><\/i>Livre De Risco De Apoio \u00c0 Transi\u00e7\u00e3o<\/li><li><i class=\"fas fa-octagon-check\"><\/i>A sua Satisfa\u00e7\u00e3o \u00e9 a Nossa Prioridade<\/li><\/ul><\/div><\/div><\/div>\t\t\t\t\t\t\t\t<\/div>\n\t\t\t\t<\/div>\n\t\t\t\t<div class=\"elementor-element elementor-element-22eb1c27 elementor-widget elementor-widget-tragafeature\" data-id=\"22eb1c27\" data-element_type=\"widget\" data-widget_type=\"tragafeature.default\">\n\t\t\t\t<div class=\"elementor-widget-container\">\n\t\t\t\t\t<div class=\"service-feature-wrap\"><div class=\"service-feature\"><div class=\"service-feature_icon\"><img decoding=\"async\" src=\"https:\/\/fentech.es\/wp-content\/uploads\/2024\/11\/service_feature_1.svg\" alt=\"FENTECH\"  \/><\/div><div class=\"media-body\"><h4 class=\"service-feature_title\">FlexibleWeb Solu\u00e7\u00f5es<\/h4><p class=\"service-feature_text\">Sob medida para se adaptar \u00e0s suas necessidades de neg\u00f3cios enquanto melhorar a efici\u00eancia operacional<\/p><\/div><\/div><div class=\"service-feature\"><div class=\"service-feature_icon\"><img decoding=\"async\" src=\"https:\/\/fentech.es\/wp-content\/uploads\/2024\/11\/service_feature_2.svg\" alt=\"FENTECH\"  \/><\/div><div class=\"media-body\"><h4 class=\"service-feature_title\">24\/7 Suporte Dedicado<\/h4><p class=\"service-feature_text\">A nossa equipe de especialistas est\u00e1 dispon\u00edvel o tempo todo para ajud\u00e1-lo sempre que voc\u00ea precisar<\/p><\/div><\/div><\/div>\t\t\t\t<\/div>\n\t\t\t\t<\/div>\n\t\t\t\t\t<\/div>\n\t\t\t\t<\/div>\n\t\t\t\t<\/div>","protected":false},"excerpt":{"rendered":"<p>WEBSITE ASSESSMENTS Delivering Web Excellence Through Comprehensive Assessments At FENTECH, our website assessments go beyond surface-level checks, thoroughly examining every element critical to your website\u2019s success. We evaluate your site with a focus on aligning with your business goals, improving user engagement, enhancing security, and optimizing overall performance. What Our Website Assessment Covers Business Objectives:&#8230;<\/p>","protected":false},"author":1,"featured_media":0,"parent":0,"menu_order":0,"comment_status":"closed","ping_status":"closed","template":"template-builder.php","meta":{"footnotes":""},"class_list":["post-400","page","type-page","status-publish","hentry"],"_links":{"self":[{"href":"https:\/\/fentech.es\/pt\/wp-json\/wp\/v2\/pages\/400","targetHints":{"allow":["GET"]}}],"collection":[{"href":"https:\/\/fentech.es\/pt\/wp-json\/wp\/v2\/pages"}],"about":[{"href":"https:\/\/fentech.es\/pt\/wp-json\/wp\/v2\/types\/page"}],"author":[{"embeddable":true,"href":"https:\/\/fentech.es\/pt\/wp-json\/wp\/v2\/users\/1"}],"replies":[{"embeddable":true,"href":"https:\/\/fentech.es\/pt\/wp-json\/wp\/v2\/comments?post=400"}],"version-history":[{"count":0,"href":"https:\/\/fentech.es\/pt\/wp-json\/wp\/v2\/pages\/400\/revisions"}],"wp:attachment":[{"href":"https:\/\/fentech.es\/pt\/wp-json\/wp\/v2\/media?parent=400"}],"curies":[{"name":"wp","href":"https:\/\/api.w.org\/{rel}","templated":true}]}}