{"id":278,"date":"2024-11-10T18:05:59","date_gmt":"2024-11-10T18:05:59","guid":{"rendered":"https:\/\/fentech.es\/?page_id=278"},"modified":"2025-07-28T02:02:24","modified_gmt":"2025-07-28T02:02:24","slug":"about-us","status":"publish","type":"page","link":"https:\/\/fentech.es\/pt\/about-us\/","title":{"rendered":"Sobre n\u00f3s"},"content":{"rendered":"<div data-elementor-type=\"wp-page\" data-elementor-id=\"278\" class=\"elementor elementor-278\">\n\t\t\t\t\t\t<section class=\"elementor-section elementor-top-section elementor-element elementor-element-32935401 elementor-section-boxed elementor-section-height-default elementor-section-height-default\" data-id=\"32935401\" data-element_type=\"section\">\n\t\t\t\t\t\t<div class=\"elementor-container elementor-column-gap-default\">\n\t\t\t\t\t<div class=\"elementor-column elementor-col-100 elementor-top-column elementor-element elementor-element-b0db3fd\" data-id=\"b0db3fd\" data-element_type=\"column\">\n\t\t\t<div class=\"elementor-widget-wrap elementor-element-populated\">\n\t\t\t\t\t\t<section class=\"elementor-section elementor-inner-section elementor-element elementor-element-16c8a400 elementor-section-boxed elementor-section-height-default elementor-section-height-default\" data-id=\"16c8a400\" data-element_type=\"section\">\n\t\t\t\t\t\t<div class=\"elementor-container elementor-column-gap-no\">\n\t\t\t\t\t<div class=\"elementor-column elementor-col-50 elementor-inner-column elementor-element elementor-element-42e0bebf\" data-id=\"42e0bebf\" data-element_type=\"column\">\n\t\t\t<div class=\"elementor-widget-wrap elementor-element-populated\">\n\t\t\t\t\t\t<div class=\"elementor-element elementor-element-423db0fb elementor-widget elementor-widget-tragagroupimage\" data-id=\"423db0fb\" data-element_type=\"widget\" data-widget_type=\"tragagroupimage.default\">\n\t\t\t\t<div class=\"elementor-widget-container\">\n\t\t\t\t\t<div class=\"img-box3\"><div class=\"img1\"><img decoding=\"async\" src=\"https:\/\/fentech.es\/wp-content\/uploads\/2025\/07\/16.webp\" alt=\"FENTECH\"  \/><\/div><div class=\"img2\"><img decoding=\"async\" src=\"https:\/\/fentech.es\/wp-content\/uploads\/2024\/11\/about_2_2.jpg\" alt=\"FENTECH\"  \/><\/div><div class=\"img3\"><img decoding=\"async\" src=\"https:\/\/fentech.es\/wp-content\/uploads\/2024\/11\/about_2_3.jpg\" alt=\"FENTECH\"  \/><\/div><div class=\"shape1\"><img decoding=\"async\" src=\"https:\/\/fentech.es\/wp-content\/uploads\/2024\/11\/about_2_shape.png\" alt=\"FENTECH\"  \/><\/div><\/div>\t\t\t\t<\/div>\n\t\t\t\t<\/div>\n\t\t\t\t\t<\/div>\n\t\t<\/div>\n\t\t\t\t<div class=\"elementor-column elementor-col-50 elementor-inner-column elementor-element elementor-element-428517d2\" data-id=\"428517d2\" data-element_type=\"column\">\n\t\t\t<div class=\"elementor-widget-wrap elementor-element-populated\">\n\t\t\t\t\t\t<div class=\"elementor-element elementor-element-95cf73 elementor-widget elementor-widget-tragasectiontitle\" data-id=\"95cf73\" data-element_type=\"widget\" data-widget_type=\"tragasectiontitle.default\">\n\t\t\t\t<div class=\"elementor-widget-container\">\n\t\t\t\t\t<div class=\"title-area-wrap\"><div class=\"title-area mb-35\" ><span class=\"sub-title subtitle-selector\"><img decoding=\"async\" src=\"https:\/\/fentech.es\/wp-content\/uploads\/2024\/11\/title_shape_2.svg\" alt=\"FENTECH\"  class=\"icon me-2\" \/>ABOUT FENTECH<\/span><h2 class=\"sec-title title-selector translation-block\">Preparando o Melhor <span class=\"text-theme fw-normal\">Servi\u00e7o de TI<\/span> para o Seu Neg\u00f3cio<\/h2><\/div><p class=\"desc-selector mt-n2 mb-4\">N\u00f3s fornecemos uma gama abrangente de servi\u00e7os de TI, abrangendo desde o desenvolvimento de software at\u00e9 design de websites e solu\u00e7\u00f5es de e-commerce. As nossas ofertas incluem:\n\nImplementa\u00e7\u00e3o e Gest\u00e3o de ERP\nDesenvolvimento de Software\nDesenvolvimento de Aplica\u00e7\u00f5es M\u00f3veis\nGest\u00e3o de Bases de Dados\nSolu\u00e7\u00f5es de Rede\nCiberseguran\u00e7a\nComputa\u00e7\u00e3o em Nuvem\nConsultoria em TI\nGest\u00e3o de Infraestruturas de TI\nSuporte de TI\nDesign de Websites\nDesenvolvimento de Aplica\u00e7\u00f5es Web\nDesenvolvimento em PHP\nDesenvolvimento Personalizado de Aplica\u00e7\u00f5es Web\nDesenvolvimento de CMS WordPress\nDesenvolvimento de E-commerce\nTemos uma vasta experi\u00eancia no trabalho com clientes de diversas ind\u00fastrias, tanto a n\u00edvel local como global, e orgulhamo-nos de fornecer solu\u00e7\u00f5es personalizadas para atender \u00e0s suas necessidades \u00fanicas. Saiba mais sobre a nossa ampla gama de servi\u00e7os de TI.<\/p><\/div>\t\t\t\t<\/div>\n\t\t\t\t<\/div>\n\t\t\t\t<div class=\"elementor-element elementor-element-48eb01da elementor-widget elementor-widget-tragalist\" data-id=\"48eb01da\" data-element_type=\"widget\" data-widget_type=\"tragalist.default\">\n\t\t\t\t<div class=\"elementor-widget-container\">\n\t\t\t\t\t<div class=\"checklist style3\"><ul><li><i class=\"fa-solid fa-square-check\"><\/i>Reengenharia de sistemas de TI com valor, via miss\u00e3o<\/li><li><i class=\"fa-solid fa-square-check\"><\/i>Site &amp; Mobile application design &amp; Desenvolvimento<\/li><li><i class=\"fa-solid fa-square-check\"><\/i>Pesquisa de Experi\u00eancia do Utilizador Profissional e Interface<\/li><\/ul><\/div>\t\t\t\t<\/div>\n\t\t\t\t<\/div>\n\t\t\t\t<div class=\"elementor-element elementor-element-702a51c2 elementor-widget elementor-widget-tragabutton\" data-id=\"702a51c2\" data-element_type=\"widget\" data-widget_type=\"tragabutton.default\">\n\t\t\t\t<div class=\"elementor-widget-container\">\n\t\t\t\t\t<div class=\"btn-wrapper\"><a class=\"th-btn\" href=\"https:\/\/fentech.es\/pt\/services\/\">DESCUBRA MAIS<i class=\"far fa-arrow-right ms-2\"><\/i><\/a><\/div>\t\t\t\t<\/div>\n\t\t\t\t<\/div>\n\t\t\t\t\t<\/div>\n\t\t<\/div>\n\t\t\t\t\t<\/div>\n\t\t<\/section>\n\t\t\t\t\t<\/div>\n\t\t<\/div>\n\t\t\t\t\t<\/div>\n\t\t<\/section>\n\t\t\t\t<section class=\"elementor-section elementor-top-section elementor-element elementor-element-38c49003 elementor-section-full_width elementor-section-height-default elementor-section-height-default\" data-id=\"38c49003\" data-element_type=\"section\" data-settings=\"{&quot;background_background&quot;:&quot;classic&quot;}\">\n\t\t\t\t\t\t<div class=\"elementor-container elementor-column-gap-no\">\n\t\t\t\t\t<div class=\"elementor-column elementor-col-100 elementor-top-column elementor-element elementor-element-61ce33e9\" data-id=\"61ce33e9\" data-element_type=\"column\">\n\t\t\t<div class=\"elementor-widget-wrap\">\n\t\t\t\t\t\t\t<\/div>\n\t\t<\/div>\n\t\t\t\t\t<\/div>\n\t\t<\/section>\n\t\t\t\t<section class=\"elementor-section elementor-top-section elementor-element elementor-element-25210395 elementor-section-boxed elementor-section-height-default elementor-section-height-default\" data-id=\"25210395\" data-element_type=\"section\" data-settings=\"{&quot;background_background&quot;:&quot;classic&quot;}\">\n\t\t\t\t\t\t<div class=\"elementor-container elementor-column-gap-default\">\n\t\t\t\t\t<div class=\"elementor-column elementor-col-50 elementor-top-column elementor-element elementor-element-4191d85c\" data-id=\"4191d85c\" data-element_type=\"column\">\n\t\t\t<div class=\"elementor-widget-wrap elementor-element-populated\">\n\t\t\t\t\t\t<section class=\"elementor-section elementor-inner-section elementor-element elementor-element-95763f0 elementor-section-boxed elementor-section-height-default elementor-section-height-default\" data-id=\"95763f0\" data-element_type=\"section\">\n\t\t\t\t\t\t<div class=\"elementor-container elementor-column-gap-no\">\n\t\t\t\t\t<div class=\"elementor-column elementor-col-100 elementor-inner-column elementor-element elementor-element-5da0bb72\" data-id=\"5da0bb72\" data-element_type=\"column\">\n\t\t\t<div class=\"elementor-widget-wrap elementor-element-populated\">\n\t\t\t\t\t\t<div class=\"elementor-element elementor-element-262569db elementor-widget elementor-widget-tragasectiontitle\" data-id=\"262569db\" data-element_type=\"widget\" data-widget_type=\"tragasectiontitle.default\">\n\t\t\t\t<div class=\"elementor-widget-container\">\n\t\t\t\t\t<div class=\"title-area-wrap\"><div class=\"title-area mb-35\" ><span class=\"sub-title subtitle-selector\"><img decoding=\"async\" src=\"https:\/\/fentech.es\/wp-content\/uploads\/2024\/11\/title_shape_1-2-1.svg\" alt=\"FENTECH\"  class=\"icon me-2\" \/> POR QUE NOS ESCOLHER<\/span><h2 class=\"sec-title title-selector\">Oferecemos ampla  <span class=\"text-theme\">Profissional de TI servi\u00e7os<\/span><\/h2><\/div><p class=\"desc-selector mt-n2 mb-4\">Abordando todos os aspectos de suas necessidades de TI. Se voc\u00ea precisar de assist\u00eancia, manuten\u00e7\u00e3o e moderniza\u00e7\u00e3o de sua infraestrutura de TI ou de resolu\u00e7\u00e3o espec\u00edfica infra-estrutura de desafios, temos a experi\u00eancia necess\u00e1ria para ajudar. A nossa equipa pode fornecer solu\u00e7\u00f5es para uma vasta gama de problemas de infra-estrutura que as empresas se deparam. Confie em n\u00f3s para apoiar a sua infra-estrutura de TI e garantir a sua efici\u00eancia e efic\u00e1cia<\/p><\/div>\t\t\t\t<\/div>\n\t\t\t\t<\/div>\n\t\t\t\t\t<\/div>\n\t\t<\/div>\n\t\t\t\t\t<\/div>\n\t\t<\/section>\n\t\t\t\t<section class=\"elementor-section elementor-inner-section elementor-element elementor-element-3586566d elementor-section-boxed elementor-section-height-default elementor-section-height-default\" data-id=\"3586566d\" data-element_type=\"section\">\n\t\t\t\t\t\t<div class=\"elementor-container elementor-column-gap-no\">\n\t\t\t\t\t<div class=\"elementor-column elementor-col-50 elementor-inner-column elementor-element elementor-element-542417c9\" data-id=\"542417c9\" data-element_type=\"column\">\n\t\t\t<div class=\"elementor-widget-wrap elementor-element-populated\">\n\t\t\t\t\t\t<div class=\"elementor-element elementor-element-3a95e25c elementor-widget elementor-widget-tragalist\" data-id=\"3a95e25c\" data-element_type=\"widget\" data-widget_type=\"tragalist.default\">\n\t\t\t\t<div class=\"elementor-widget-container\">\n\t\t\t\t\t<div class=\"checklist style2\"><ul><li><i class=\"far fa-check\"><\/i>Grande An\u00e1lise De Dados<\/li><li><i class=\"far fa-check\"><\/i>Suporte 24\/7 Online<\/li><li><i class=\"far fa-check\"><\/i>A Melhoria Do Neg\u00f3cio<\/li><\/ul><\/div>\t\t\t\t<\/div>\n\t\t\t\t<\/div>\n\t\t\t\t\t<\/div>\n\t\t<\/div>\n\t\t\t\t<div class=\"elementor-column elementor-col-50 elementor-inner-column elementor-element elementor-element-6a98d3d9\" data-id=\"6a98d3d9\" data-element_type=\"column\">\n\t\t\t<div class=\"elementor-widget-wrap elementor-element-populated\">\n\t\t\t\t\t\t<div class=\"elementor-element elementor-element-79b91ccd elementor-widget elementor-widget-tragalist\" data-id=\"79b91ccd\" data-element_type=\"widget\" data-widget_type=\"tragalist.default\">\n\t\t\t\t<div class=\"elementor-widget-container\">\n\t\t\t\t\t<div class=\"checklist style2\"><ul><li><i class=\"far fa-check\"><\/i>Alta Qualidade Sicurity<\/li><li><i class=\"far fa-check\"><\/i>24\/7 Equipe De Especialistas<\/li><li><i class=\"far fa-check\"><\/i>Solu\u00e7\u00f5es F\u00e1ceis<\/li><\/ul><\/div>\t\t\t\t<\/div>\n\t\t\t\t<\/div>\n\t\t\t\t\t<\/div>\n\t\t<\/div>\n\t\t\t\t\t<\/div>\n\t\t<\/section>\n\t\t\t\t\t<\/div>\n\t\t<\/div>\n\t\t\t\t<div class=\"elementor-column elementor-col-50 elementor-top-column elementor-element elementor-element-c5f3ccd\" data-id=\"c5f3ccd\" data-element_type=\"column\">\n\t\t\t<div class=\"elementor-widget-wrap elementor-element-populated\">\n\t\t\t\t\t\t<div class=\"elementor-element elementor-element-748613ad elementor-widget elementor-widget-tragagroupimage\" data-id=\"748613ad\" data-element_type=\"widget\" data-widget_type=\"tragagroupimage.default\">\n\t\t\t\t<div class=\"elementor-widget-container\">\n\t\t\t\t\t<div class=\"img-box5\"><div class=\"year-counter\"><h3 class=\"year-counter_number\"><span class=\"counter-number1\">15<\/span><\/h3><p class=\"year-counter_text\">Anos De Experi\u00eancia<\/p><\/div><a href=\"http:\/\/yes\" class=\"order-btn\" rel=\"nofollow\"><\/a><\/div>\t\t\t\t<\/div>\n\t\t\t\t<\/div>\n\t\t\t\t\t<\/div>\n\t\t<\/div>\n\t\t\t\t\t<\/div>\n\t\t<\/section>\n\t\t\t\t<section class=\"elementor-section elementor-top-section elementor-element elementor-element-614eec31 elementor-section-full_width elementor-section-height-default elementor-section-height-default\" data-id=\"614eec31\" data-element_type=\"section\" data-settings=\"{&quot;background_background&quot;:&quot;classic&quot;}\">\n\t\t\t\t\t\t<div class=\"elementor-container elementor-column-gap-no\">\n\t\t\t\t\t<div class=\"elementor-column elementor-col-100 elementor-top-column elementor-element elementor-element-33522b59\" data-id=\"33522b59\" data-element_type=\"column\">\n\t\t\t<div class=\"elementor-widget-wrap\">\n\t\t\t\t\t\t\t<\/div>\n\t\t<\/div>\n\t\t\t\t\t<\/div>\n\t\t<\/section>\n\t\t\t\t<section class=\"elementor-section elementor-top-section elementor-element elementor-element-75a0be88 elementor-section-full_width elementor-section-height-default elementor-section-height-default\" data-id=\"75a0be88\" data-element_type=\"section\">\n\t\t\t\t\t\t<div class=\"elementor-container elementor-column-gap-default\">\n\t\t\t\t\t<div class=\"elementor-column elementor-col-100 elementor-top-column elementor-element elementor-element-42426772\" data-id=\"42426772\" data-element_type=\"column\">\n\t\t\t<div class=\"elementor-widget-wrap elementor-element-populated\">\n\t\t\t\t\t\t<section class=\"elementor-section elementor-inner-section elementor-element elementor-element-1a2319b9 arrow-wrap elementor-section-full_width elementor-section-height-default elementor-section-height-default\" data-id=\"1a2319b9\" data-element_type=\"section\">\n\t\t\t\t\t\t<div class=\"elementor-container elementor-column-gap-no\">\n\t\t\t\t\t<div class=\"elementor-column elementor-col-100 elementor-inner-column elementor-element elementor-element-7cb68874\" data-id=\"7cb68874\" data-element_type=\"column\">\n\t\t\t<div class=\"elementor-widget-wrap elementor-element-populated\">\n\t\t\t\t\t\t<div class=\"elementor-element elementor-element-1523b451 elementor-invisible elementor-widget elementor-widget-webteckfeatures\" data-id=\"1523b451\" data-element_type=\"widget\" data-settings=\"{&quot;_animation&quot;:&quot;slideInUp&quot;}\" data-widget_type=\"webteckfeatures.default\">\n\t\t\t\t<div class=\"elementor-widget-container\">\n\t\t\t\t\t<div class=\"row gy-4 justify-content-center\"><div class=\"col-xl-3 col-lg-4 col-md-6 feature-card-wrap2\"><div class=\"feature-card style2\"><div class=\"feature-card-icon\"><img decoding=\"async\" src=\"https:\/\/fentech.es\/wp-content\/uploads\/2024\/11\/Website-Development-abt.webp\" alt=\"FENTECH\"  \/><\/div><h3 class=\"box-title title-selector\">Desenvolvimento De Website<\/h3><p class=\"feature-card_text desc-selector\">Possu\u00edmos excepcionais habilidades de programa\u00e7\u00e3o que nos diferenciam de outros desenvolvedores da web. A nossa ampla experi\u00eancia mais nos distingue no campo<\/p><\/div><\/div><div class=\"col-xl-3 col-lg-4 col-md-6 feature-card-wrap2\"><div class=\"feature-card style2\"><div class=\"feature-card-icon\"><img decoding=\"async\" src=\"https:\/\/fentech.es\/wp-content\/uploads\/2024\/11\/Marketing-Solutions-abt.webp\" alt=\"FENTECH\"  \/><\/div><h3 class=\"box-title title-selector\">Solu\u00e7\u00f5es De Marketing<\/h3><p class=\"feature-card_text desc-selector\">Priorizar seus objetivos de neg\u00f3cio com os nossos servi\u00e7os de web design, seja para aumentar as receitas, venda de produtos, ou de promover a sua marca<\/p><\/div><\/div><div class=\"col-xl-3 col-lg-4 col-md-6 feature-card-wrap2\"><div class=\"feature-card style2\"><div class=\"feature-card-icon\"><img decoding=\"async\" src=\"https:\/\/fentech.es\/wp-content\/uploads\/2024\/11\/Applications-Development-abt.webp\" alt=\"FENTECH\"  \/><\/div><h3 class=\"box-title title-selector\">Desenvolvimento De Aplicativos<\/h3><p class=\"feature-card_text desc-selector\">FENTECH, we create mobile apps that are user-friendly, secure, and highly efficient to meet your unique requirements<\/p><\/div><\/div><\/div>\t\t\t\t<\/div>\n\t\t\t\t<\/div>\n\t\t\t\t\t<\/div>\n\t\t<\/div>\n\t\t\t\t\t<\/div>\n\t\t<\/section>\n\t\t\t\t\t<\/div>\n\t\t<\/div>\n\t\t\t\t\t<\/div>\n\t\t<\/section>\n\t\t\t\t<section class=\"elementor-section elementor-top-section elementor-element elementor-element-71aeba1a elementor-section-boxed elementor-section-height-default elementor-section-height-default\" data-id=\"71aeba1a\" data-element_type=\"section\">\n\t\t\t\t\t\t<div class=\"elementor-container elementor-column-gap-default\">\n\t\t\t\t\t<div class=\"elementor-column elementor-col-50 elementor-top-column elementor-element elementor-element-574e3661\" data-id=\"574e3661\" data-element_type=\"column\">\n\t\t\t<div class=\"elementor-widget-wrap elementor-element-populated\">\n\t\t\t\t\t\t<div class=\"elementor-element elementor-element-643433cd elementor-widget elementor-widget-tragagroupimage\" data-id=\"643433cd\" data-element_type=\"widget\" data-widget_type=\"tragagroupimage.default\">\n\t\t\t\t<div class=\"elementor-widget-container\">\n\t\t\t\t\t<div class=\"img-box3\"><div class=\"img1\"><img decoding=\"async\" src=\"https:\/\/fentech.es\/wp-content\/uploads\/2024\/11\/Services-We-Provide-abt-1.webp\" alt=\"FENTECH\"  \/><\/div><div class=\"img2\"><img decoding=\"async\" src=\"https:\/\/fentech.es\/wp-content\/uploads\/2024\/11\/Services-We-Provide-abt-2.webp\" alt=\"FENTECH\"  \/><\/div><div class=\"img3\"><img decoding=\"async\" src=\"https:\/\/fentech.es\/wp-content\/uploads\/2025\/07\/Fentech-lg.png\" alt=\"FENTECH\"  \/><\/div><\/div>\t\t\t\t<\/div>\n\t\t\t\t<\/div>\n\t\t\t\t\t<\/div>\n\t\t<\/div>\n\t\t\t\t<div class=\"elementor-column elementor-col-50 elementor-top-column elementor-element elementor-element-6af424fd\" data-id=\"6af424fd\" data-element_type=\"column\">\n\t\t\t<div class=\"elementor-widget-wrap elementor-element-populated\">\n\t\t\t\t\t\t<div class=\"elementor-element elementor-element-1d6a7a88 elementor-widget elementor-widget-tragasectiontitle\" data-id=\"1d6a7a88\" data-element_type=\"widget\" data-widget_type=\"tragasectiontitle.default\">\n\t\t\t\t<div class=\"elementor-widget-container\">\n\t\t\t\t\t<div class=\"title-area-wrap\"><div class=\"title-area\" ><span class=\"sub-title subtitle-selector\"><img decoding=\"async\" src=\"https:\/\/fentech.es\/wp-content\/uploads\/2024\/11\/title_shape_1-1-1.svg\" alt=\"FENTECH\"  class=\"icon me-2\" \/>Servi\u00e7os Que Prestamos\n<\/span><h2 class=\"sec-title title-selector\">SERVI\u00c7OS DIGITAIS  <span class=\"text-theme\">OFERECIDOS<\/span><\/h2><\/div><\/div>\t\t\t\t<\/div>\n\t\t\t\t<\/div>\n\t\t\t\t<div class=\"elementor-element elementor-element-7b5093ad elementor-widget elementor-widget-text-editor\" data-id=\"7b5093ad\" data-element_type=\"widget\" data-widget_type=\"text-editor.default\">\n\t\t\t\t<div class=\"elementor-widget-container\">\n\t\t\t\t\t\t\t\t\t<p><strong>Desenvolvimento De Website<\/strong><br \/>Possu\u00edmos mais do que apenas excelentes habilidades de programa\u00e7\u00e3o. Nossa experi\u00eancia nos diferencia de outros desenvolvedores da web.<\/p><p><strong>Desenvolvimento Para Dispositivos M\u00f3veis<\/strong><br \/>Criar complexos de software empresarial, assegurar a integra\u00e7\u00e3o de softwares, e modernizar o seu sistema legado.<\/p><p><strong>Desenvolvimento de Software<\/strong><br \/>Aproveitar nosso expertise no desenvolvimento de software para criar robusta e escal\u00e1vel aplica\u00e7\u00f5es sob medida para as suas necessidades de neg\u00f3cio.<\/p><p><strong>Implementa\u00e7\u00e3o de ERP<\/strong><br \/>Aproveitar a nossa experi\u00eancia em implementa\u00e7\u00e3o de ERP para agilizar seus processos de neg\u00f3cios, melhorar a precis\u00e3o dos dados e aumentar a produtividade em toda a organiza\u00e7\u00e3o.<\/p>\t\t\t\t\t\t\t\t<\/div>\n\t\t\t\t<\/div>\n\t\t\t\t<div class=\"elementor-element elementor-element-13ea846b elementor-widget-tablet__width-initial ms-auto me-auto elementor-widget elementor-widget-tragafeature\" data-id=\"13ea846b\" data-element_type=\"widget\" data-widget_type=\"tragafeature.default\">\n\t\t\t\t<div class=\"elementor-widget-container\">\n\t\t\t\t\t<div class=\"about-feature-wrap\"><div class=\"about-feature\"><div class=\"about-feature_icon\"><img decoding=\"async\" src=\"https:\/\/fentech.es\/wp-content\/uploads\/2024\/11\/about_feature_1_1.svg\" alt=\"FENTECH\"  \/><\/div><div class=\"media-body\"><h3 class=\"about-feature_title\">Empresa Certificada<\/h3><p class=\"about-feature_text\">Melhor Presta\u00e7\u00e3o De Servi\u00e7os De Habilidades<\/p><\/div><\/div><div class=\"about-feature\"><div class=\"about-feature_icon\"><img decoding=\"async\" src=\"https:\/\/fentech.es\/wp-content\/uploads\/2024\/11\/about_feature_1_2.svg\" alt=\"FENTECH\"  \/><\/div><div class=\"media-body\"><h3 class=\"about-feature_title\">Expart Equipe<\/h3><p class=\"about-feature_text\">100% Equipe De Especialistas<\/p><\/div><\/div><\/div>\t\t\t\t<\/div>\n\t\t\t\t<\/div>\n\t\t\t\t<div class=\"elementor-element elementor-element-4b9480c6 elementor-widget-tablet__width-initial ms-xl-0 ms-auto me-auto elementor-widget elementor-widget-tragagroupbutton\" data-id=\"4b9480c6\" data-element_type=\"widget\" data-widget_type=\"tragagroupbutton.default\">\n\t\t\t\t<div class=\"elementor-widget-container\">\n\t\t\t\t\t<div  class=\"btn-group justify-content-left\"><a href=\"https:\/\/fentech.es\/pt\/services\/\" class=\"th-btn\">Descubra Mais<i class=\"far fa-arrow-right ms-2\"><\/i><\/a><div class=\"call-btn\"><div class=\"play-btn\"><i class=\"fas fa-phone\"><\/i><\/div><div class=\"media-body\"><span class=\"btn-text\">Contacte-Nos:<\/span><a href=\"tel:+34634165206\" class=\"btn-title\">+34 634 16 52 06<\/a><\/div><\/div><\/div>\t\t\t\t<\/div>\n\t\t\t\t<\/div>\n\t\t\t\t\t<\/div>\n\t\t<\/div>\n\t\t\t\t\t<\/div>\n\t\t<\/section>\n\t\t\t\t<\/div>","protected":false},"excerpt":{"rendered":"<p>ABOUT FENTECH Preparing For Your Business Provide Best IT Solution We provide comprehensive IT services covering everything from software development to web design and e-commerce solutions. Our offerings include: ERP Implementation and Management Software development Mobile app development Database management Network solutions Cybersecurity Cloud computing IT consulting IT infrastructure management IT support Web design Web&#8230;<\/p>","protected":false},"author":1,"featured_media":0,"parent":0,"menu_order":0,"comment_status":"closed","ping_status":"closed","template":"template-builder.php","meta":{"footnotes":""},"class_list":["post-278","page","type-page","status-publish","hentry"],"_links":{"self":[{"href":"https:\/\/fentech.es\/pt\/wp-json\/wp\/v2\/pages\/278","targetHints":{"allow":["GET"]}}],"collection":[{"href":"https:\/\/fentech.es\/pt\/wp-json\/wp\/v2\/pages"}],"about":[{"href":"https:\/\/fentech.es\/pt\/wp-json\/wp\/v2\/types\/page"}],"author":[{"embeddable":true,"href":"https:\/\/fentech.es\/pt\/wp-json\/wp\/v2\/users\/1"}],"replies":[{"embeddable":true,"href":"https:\/\/fentech.es\/pt\/wp-json\/wp\/v2\/comments?post=278"}],"version-history":[{"count":0,"href":"https:\/\/fentech.es\/pt\/wp-json\/wp\/v2\/pages\/278\/revisions"}],"wp:attachment":[{"href":"https:\/\/fentech.es\/pt\/wp-json\/wp\/v2\/media?parent=278"}],"curies":[{"name":"wp","href":"https:\/\/api.w.org\/{rel}","templated":true}]}}