{"id":711,"date":"2024-11-17T17:41:16","date_gmt":"2024-11-17T17:41:16","guid":{"rendered":"https:\/\/fentech.es\/?page_id=711"},"modified":"2024-11-17T17:57:20","modified_gmt":"2024-11-17T17:57:20","slug":"services","status":"publish","type":"page","link":"https:\/\/fentech.es\/es\/services\/","title":{"rendered":"Servicios"},"content":{"rendered":"<div data-elementor-type=\"wp-page\" data-elementor-id=\"711\" class=\"elementor elementor-711\">\n\t\t\t\t\t\t<section class=\"elementor-section elementor-top-section elementor-element elementor-element-e25fae1 elementor-section-full_width elementor-section-stretched elementor-section-height-default elementor-section-height-default\" data-id=\"e25fae1\" data-element_type=\"section\" data-settings=\"{&quot;background_background&quot;:&quot;classic&quot;,&quot;stretch_section&quot;:&quot;section-stretched&quot;}\">\n\t\t\t\t\t\t<div class=\"elementor-container elementor-column-gap-no\">\n\t\t\t\t\t<div class=\"elementor-column elementor-col-100 elementor-top-column elementor-element elementor-element-d0b850e\" data-id=\"d0b850e\" data-element_type=\"column\">\n\t\t\t<div class=\"elementor-widget-wrap elementor-element-populated\">\n\t\t\t\t\t\t<section class=\"elementor-section elementor-inner-section elementor-element elementor-element-03d4166 elementor-section-content-middle elementor-section-boxed elementor-section-height-default elementor-section-height-default\" data-id=\"03d4166\" data-element_type=\"section\">\n\t\t\t\t\t\t<div class=\"elementor-container elementor-column-gap-no\">\n\t\t\t\t\t<div class=\"elementor-column elementor-col-100 elementor-inner-column elementor-element elementor-element-f95a6c5\" data-id=\"f95a6c5\" data-element_type=\"column\">\n\t\t\t<div class=\"elementor-widget-wrap elementor-element-populated\">\n\t\t\t\t\t\t<div class=\"elementor-element elementor-element-2d026ba elementor-widget elementor-widget-tragasectiontitle\" data-id=\"2d026ba\" data-element_type=\"widget\" data-widget_type=\"tragasectiontitle.default\">\n\t\t\t\t<div class=\"elementor-widget-container\">\n\t\t\t\t\t<div class=\"title-area-wrap\"><div class=\"title-area\" ><span class=\"sub-title subtitle-selector\"><img decoding=\"async\" src=\"https:\/\/fentech.es\/wp-content\/uploads\/2024\/11\/title_shape_2.svg\" alt=\"FENTECH\"  class=\"icon me-2\" \/>Featured Solutions<\/span><h2 class=\"sec-title title-selector\">Ofrecemos un servicio exclusivo para <span class=\"text-theme\">Tu negocio<\/span><\/h2><\/div><\/div>\t\t\t\t<\/div>\n\t\t\t\t<\/div>\n\t\t\t\t\t<\/div>\n\t\t<\/div>\n\t\t\t\t\t<\/div>\n\t\t<\/section>\n\t\t\t\t<section class=\"elementor-section elementor-inner-section elementor-element elementor-element-c1d7f82 elementor-section-boxed elementor-section-height-default elementor-section-height-default\" data-id=\"c1d7f82\" data-element_type=\"section\">\n\t\t\t\t\t\t<div class=\"elementor-container elementor-column-gap-no\">\n\t\t\t\t\t<div class=\"elementor-column elementor-col-100 elementor-inner-column elementor-element elementor-element-da95d46\" data-id=\"da95d46\" data-element_type=\"column\">\n\t\t\t<div class=\"elementor-widget-wrap elementor-element-populated\">\n\t\t\t\t\t\t<div class=\"elementor-element elementor-element-6c2a792 elementor-widget elementor-widget-tragaservice\" data-id=\"6c2a792\" data-element_type=\"widget\" data-widget_type=\"tragaservice.default\">\n\t\t\t\t<div class=\"elementor-widget-container\">\n\t\t\t\t\t\t\t\t<div class=\"service-style2\">\r\n\t\t\t\t<div class=\"row gy-4\">\r\n\t\t\t\t\t\t\t\t\t\t\t<div class=\"col-md-6 col-xl-4\">\r\n\t\t\t\t\t\t\t<div class=\"service-card elementor-box\">\r\n\t\t\t\t\t\t\t\t<div class=\"service-card_number\">01<\/div>\r\n\t\t\t\t\t\t\t\t\t\t\t\t\t\t\t\t\t<div class=\"shape-icon\">\r\n\t\t\t\t\t\t\t\t\t\t<img decoding=\"async\" src=\"https:\/\/fentech.es\/wp-content\/uploads\/2024\/11\/service_card_1.svg\" alt=\"FENTECH\"  \/>\t\t\t\t\t\t\t\t\t\t<span class=\"dots\"><\/span>\r\n\t\t\t\t\t\t\t\t\t<\/div>\r\n\t\t\t\t\t\t\t\t\t\t\t\t\t\t\t\t\t\t\t\t\t\t\t\t\t<h3 class=\"box-title\"><a href=\"https:\/\/fentech.es\/es\/erp-implementation\/\">Implementaci\u00f3n de ERP<\/a><\/h3>\r\n\t\t\t\t\t\t\t\t\t\t\t\t\t\t\t\t\t\t\t\t\t\t\t\t\t<p class=\"service-card_text\">Ofrecemos servicios de implementaci\u00f3n de ERP de extremo a extremo, desde la consulta inicial y el dise\u00f1o del sistema hasta la implementaci\u00f3n y el soporte posterior a la implementaci\u00f3n. \n\n<\/p>\r\n\t\t\t\t\t\t\t\t\t\t\t\t\t\t\t\t<a href=\"https:\/\/fentech.es\/es\/erp-implementation\/\" class=\"th-btn\">Leer m\u00e1s<i class=\"fa-regular fa-arrow-right ms-2\"><\/i><\/a>\r\n\t\t\t\t\t\t\t\t\t\t\t\t\t\t\t\t\t<div class=\"bg-shape\">\r\n\t\t\t\t\t\t\t\t\t\t<img decoding=\"async\" src=\"https:\/\/fentech.es\/wp-content\/uploads\/2024\/11\/service_card_bg.png\" alt=\"FENTECH\"  \/>\t\t\t\t\t\t\t\t\t<\/div>\r\n\t\t\t\t\t\t\t\t\t\t\t\t\t\t\t<\/div>\r\n\t\t\t\t\t\t<\/div>\r\n\t\t\t\t\t\t\t\t\t\t\t<div class=\"col-md-6 col-xl-4\">\r\n\t\t\t\t\t\t\t<div class=\"service-card elementor-box\">\r\n\t\t\t\t\t\t\t\t<div class=\"service-card_number\">02<\/div>\r\n\t\t\t\t\t\t\t\t\t\t\t\t\t\t\t\t\t<div class=\"shape-icon\">\r\n\t\t\t\t\t\t\t\t\t\t<img decoding=\"async\" src=\"https:\/\/fentech.es\/wp-content\/uploads\/2024\/11\/service_card_2.svg\" alt=\"FENTECH\"  \/>\t\t\t\t\t\t\t\t\t\t<span class=\"dots\"><\/span>\r\n\t\t\t\t\t\t\t\t\t<\/div>\r\n\t\t\t\t\t\t\t\t\t\t\t\t\t\t\t\t\t\t\t\t\t\t\t\t\t<h3 class=\"box-title\"><a href=\"https:\/\/fentech.es\/es\/cad-design-engineering\/\">\nIngenier\u00eda CAD<\/a><\/h3>\r\n\t\t\t\t\t\t\t\t\t\t\t\t\t\t\t\t\t\t\t\t\t\t\t\t\t<p class=\"service-card_text\">Soluciones CAD de precisi\u00f3n para dise\u00f1o de productos innovadores, creaci\u00f3n de prototipos avanzados y desarrollo detallado, dise\u00f1ados por expertos para satisfacer diversas necesidades de la industria.<\/p>\r\n\t\t\t\t\t\t\t\t\t\t\t\t\t\t\t\t<a href=\"https:\/\/fentech.es\/es\/cad-design-engineering\/\" class=\"th-btn\">Leer m\u00e1s<i class=\"fa-regular fa-arrow-right ms-2\"><\/i><\/a>\r\n\t\t\t\t\t\t\t\t\t\t\t\t\t\t\t\t\t<div class=\"bg-shape\">\r\n\t\t\t\t\t\t\t\t\t\t<img decoding=\"async\" src=\"https:\/\/fentech.es\/wp-content\/uploads\/2024\/11\/service_card_bg.png\" alt=\"FENTECH\"  \/>\t\t\t\t\t\t\t\t\t<\/div>\r\n\t\t\t\t\t\t\t\t\t\t\t\t\t\t\t<\/div>\r\n\t\t\t\t\t\t<\/div>\r\n\t\t\t\t\t\t\t\t\t\t\t<div class=\"col-md-6 col-xl-4\">\r\n\t\t\t\t\t\t\t<div class=\"service-card elementor-box\">\r\n\t\t\t\t\t\t\t\t<div class=\"service-card_number\">03<\/div>\r\n\t\t\t\t\t\t\t\t\t\t\t\t\t\t\t\t\t<div class=\"shape-icon\">\r\n\t\t\t\t\t\t\t\t\t\t<img decoding=\"async\" src=\"https:\/\/fentech.es\/wp-content\/uploads\/2024\/11\/service_card_3.svg\" alt=\"FENTECH\"  \/>\t\t\t\t\t\t\t\t\t\t<span class=\"dots\"><\/span>\r\n\t\t\t\t\t\t\t\t\t<\/div>\r\n\t\t\t\t\t\t\t\t\t\t\t\t\t\t\t\t\t\t\t\t\t\t\t\t\t<h3 class=\"box-title\"><a href=\"https:\/\/fentech.es\/es\/software-development\/\">Desarrollo de software<\/a><\/h3>\r\n\t\t\t\t\t\t\t\t\t\t\t\t\t\t\t\t\t\t\t\t\t\t\t\t\t<p class=\"service-card_text\">Nuestro equipo de desarrolladores capacitados crea soluciones de software personalizadas dise\u00f1adas para optimizar las operaciones, aumentar la productividad y respaldar los objetivos de crecimiento de su negocio.<\/p>\r\n\t\t\t\t\t\t\t\t\t\t\t\t\t\t\t\t<a href=\"https:\/\/fentech.es\/es\/software-development\/\" class=\"th-btn\">Leer m\u00e1s<i class=\"fa-regular fa-arrow-right ms-2\"><\/i><\/a>\r\n\t\t\t\t\t\t\t\t\t\t\t\t\t\t\t\t\t<div class=\"bg-shape\">\r\n\t\t\t\t\t\t\t\t\t\t<img decoding=\"async\" src=\"https:\/\/fentech.es\/wp-content\/uploads\/2024\/11\/service_card_bg.png\" alt=\"FENTECH\"  \/>\t\t\t\t\t\t\t\t\t<\/div>\r\n\t\t\t\t\t\t\t\t\t\t\t\t\t\t\t<\/div>\r\n\t\t\t\t\t\t<\/div>\r\n\t\t\t\t\t\t\t\t\t\t\t<div class=\"col-md-6 col-xl-4\">\r\n\t\t\t\t\t\t\t<div class=\"service-card elementor-box\">\r\n\t\t\t\t\t\t\t\t<div class=\"service-card_number\">04<\/div>\r\n\t\t\t\t\t\t\t\t\t\t\t\t\t\t\t\t\t<div class=\"shape-icon\">\r\n\t\t\t\t\t\t\t\t\t\t<img decoding=\"async\" src=\"https:\/\/fentech.es\/wp-content\/uploads\/2024\/11\/service_card_4-1.svg\" alt=\"FENTECH\"  \/>\t\t\t\t\t\t\t\t\t\t<span class=\"dots\"><\/span>\r\n\t\t\t\t\t\t\t\t\t<\/div>\r\n\t\t\t\t\t\t\t\t\t\t\t\t\t\t\t\t\t\t\t\t\t\t\t\t\t<h3 class=\"box-title\"><a href=\"https:\/\/fentech.es\/es\/web-development\/\">Soluciones de comercio electr\u00f3nico<\/a><\/h3>\r\n\t\t\t\t\t\t\t\t\t\t\t\t\t\t\t\t\t\t\t\t\t\t\t\t\t<p class=\"service-card_text\">Ofrecemos desarrollo personalizado, integraci\u00f3n de pagos y dise\u00f1o f\u00e1cil de usar para una experiencia de compra perfecta.<\/p>\r\n\t\t\t\t\t\t\t\t\t\t\t\t\t\t\t\t<a href=\"https:\/\/fentech.es\/es\/web-development\/\" class=\"th-btn\">Leer m\u00e1s<i class=\"fa-regular fa-arrow-right ms-2\"><\/i><\/a>\r\n\t\t\t\t\t\t\t\t\t\t\t\t\t\t\t\t\t<div class=\"bg-shape\">\r\n\t\t\t\t\t\t\t\t\t\t<img decoding=\"async\" src=\"https:\/\/fentech.es\/wp-content\/uploads\/2024\/11\/service_card_bg.png\" alt=\"FENTECH\"  \/>\t\t\t\t\t\t\t\t\t<\/div>\r\n\t\t\t\t\t\t\t\t\t\t\t\t\t\t\t<\/div>\r\n\t\t\t\t\t\t<\/div>\r\n\t\t\t\t\t\t\t\t\t\t\t<div class=\"col-md-6 col-xl-4\">\r\n\t\t\t\t\t\t\t<div class=\"service-card elementor-box\">\r\n\t\t\t\t\t\t\t\t<div class=\"service-card_number\">05<\/div>\r\n\t\t\t\t\t\t\t\t\t\t\t\t\t\t\t\t\t<div class=\"shape-icon\">\r\n\t\t\t\t\t\t\t\t\t\t<img decoding=\"async\" src=\"https:\/\/fentech.es\/wp-content\/uploads\/2024\/11\/service_card_5.svg\" alt=\"FENTECH\"  \/>\t\t\t\t\t\t\t\t\t\t<span class=\"dots\"><\/span>\r\n\t\t\t\t\t\t\t\t\t<\/div>\r\n\t\t\t\t\t\t\t\t\t\t\t\t\t\t\t\t\t\t\t\t\t\t\t\t\t<h3 class=\"box-title\"><a href=\"https:\/\/fentech.es\/es\/web-development\/\">Desarrollo web<\/a><\/h3>\r\n\t\t\t\t\t\t\t\t\t\t\t\t\t\t\t\t\t\t\t\t\t\t\t\t\t<p class=\"service-card_text\">Equipo experimentado con conocimientos que van m\u00e1s all\u00e1 de la codificaci\u00f3n. Enfoque hol\u00edstico para sitios web visualmente atractivos e impecables.<\/p>\r\n\t\t\t\t\t\t\t\t\t\t\t\t\t\t\t\t<a href=\"https:\/\/fentech.es\/es\/web-development\/\" class=\"th-btn\">Leer m\u00e1s<i class=\"fa-regular fa-arrow-right ms-2\"><\/i><\/a>\r\n\t\t\t\t\t\t\t\t\t\t\t\t\t\t\t\t\t<div class=\"bg-shape\">\r\n\t\t\t\t\t\t\t\t\t\t<img decoding=\"async\" src=\"https:\/\/fentech.es\/wp-content\/uploads\/2024\/11\/service_card_bg.png\" alt=\"FENTECH\"  \/>\t\t\t\t\t\t\t\t\t<\/div>\r\n\t\t\t\t\t\t\t\t\t\t\t\t\t\t\t<\/div>\r\n\t\t\t\t\t\t<\/div>\r\n\t\t\t\t\t\t\t\t\t\t\t<div class=\"col-md-6 col-xl-4\">\r\n\t\t\t\t\t\t\t<div class=\"service-card elementor-box\">\r\n\t\t\t\t\t\t\t\t<div class=\"service-card_number\">06<\/div>\r\n\t\t\t\t\t\t\t\t\t\t\t\t\t\t\t\t\t<div class=\"shape-icon\">\r\n\t\t\t\t\t\t\t\t\t\t<img decoding=\"async\" src=\"https:\/\/fentech.es\/wp-content\/uploads\/2024\/11\/service_card_6.svg\" alt=\"FENTECH\"  \/>\t\t\t\t\t\t\t\t\t\t<span class=\"dots\"><\/span>\r\n\t\t\t\t\t\t\t\t\t<\/div>\r\n\t\t\t\t\t\t\t\t\t\t\t\t\t\t\t\t\t\t\t\t\t\t\t\t\t<h3 class=\"box-title\"><a href=\"https:\/\/fentech.es\/es\/seo\/\">\nOptimizaci\u00f3n de motores de b\u00fasqueda<\/a><\/h3>\r\n\t\t\t\t\t\t\t\t\t\t\t\t\t\t\t\t\t\t\t\t\t\t\t\t\t<p class=\"service-card_text\">Mejore la visibilidad y genere tr\u00e1fico. Investigaci\u00f3n integral y estrategias de optimizaci\u00f3n.<\/p>\r\n\t\t\t\t\t\t\t\t\t\t\t\t\t\t\t\t<a href=\"https:\/\/fentech.es\/es\/seo\/\" class=\"th-btn\">Leer m\u00e1s<i class=\"fa-regular fa-arrow-right ms-2\"><\/i><\/a>\r\n\t\t\t\t\t\t\t\t\t\t\t\t\t\t\t\t\t<div class=\"bg-shape\">\r\n\t\t\t\t\t\t\t\t\t\t<img decoding=\"async\" src=\"https:\/\/fentech.es\/wp-content\/uploads\/2024\/11\/service_card_bg.png\" alt=\"FENTECH\"  \/>\t\t\t\t\t\t\t\t\t<\/div>\r\n\t\t\t\t\t\t\t\t\t\t\t\t\t\t\t<\/div>\r\n\t\t\t\t\t\t<\/div>\r\n\t\t\t\t\t\t\t\t\t<\/div>\r\n\t\t\t<\/div>\r\n\r\n        \r\n    \t\t\t\t\t<\/div>\n\t\t\t\t<\/div>\n\t\t\t\t<div class=\"elementor-element elementor-element-afe6c12 elementor-widget elementor-widget-tragaservice\" data-id=\"afe6c12\" data-element_type=\"widget\" data-widget_type=\"tragaservice.default\">\n\t\t\t\t<div class=\"elementor-widget-container\">\n\t\t\t\t\t\t\t\t<div class=\"service-style2\">\r\n\t\t\t\t<div class=\"row gy-4\">\r\n\t\t\t\t\t\t\t\t\t\t\t<div class=\"col-md-6 col-xl-4\">\r\n\t\t\t\t\t\t\t<div class=\"service-card elementor-box\">\r\n\t\t\t\t\t\t\t\t<div class=\"service-card_number\">01<\/div>\r\n\t\t\t\t\t\t\t\t\t\t\t\t\t\t\t\t\t<div class=\"shape-icon\">\r\n\t\t\t\t\t\t\t\t\t\t<img decoding=\"async\" src=\"https:\/\/fentech.es\/wp-content\/uploads\/2024\/11\/service_card_1.svg\" alt=\"FENTECH\"  \/>\t\t\t\t\t\t\t\t\t\t<span class=\"dots\"><\/span>\r\n\t\t\t\t\t\t\t\t\t<\/div>\r\n\t\t\t\t\t\t\t\t\t\t\t\t\t\t\t\t\t\t\t\t\t\t\t\t\t<h3 class=\"box-title\"><a href=\"https:\/\/fentech.es\/es\/mobile-app\/\">Aplicaci\u00f3n m\u00f3vil<\/a><\/h3>\r\n\t\t\t\t\t\t\t\t\t\t\t\t\t\t\t\t\t\t\t\t\t\t\t\t\t<p class=\"service-card_text\">Develop custom mobile apps that reflect your brand\u2019s vision, enhancing user engagement and accessibility across device<\/p>\r\n\t\t\t\t\t\t\t\t\t\t\t\t\t\t\t\t<a href=\"https:\/\/fentech.es\/es\/mobile-app\/\" class=\"th-btn\">Leer m\u00e1s<i class=\"fa-regular fa-arrow-right ms-2\"><\/i><\/a>\r\n\t\t\t\t\t\t\t\t\t\t\t\t\t\t\t\t\t<div class=\"bg-shape\">\r\n\t\t\t\t\t\t\t\t\t\t<img decoding=\"async\" src=\"https:\/\/fentech.es\/wp-content\/uploads\/2024\/11\/service_card_bg.png\" alt=\"FENTECH\"  \/>\t\t\t\t\t\t\t\t\t<\/div>\r\n\t\t\t\t\t\t\t\t\t\t\t\t\t\t\t<\/div>\r\n\t\t\t\t\t\t<\/div>\r\n\t\t\t\t\t\t\t\t\t\t\t<div class=\"col-md-6 col-xl-4\">\r\n\t\t\t\t\t\t\t<div class=\"service-card elementor-box\">\r\n\t\t\t\t\t\t\t\t<div class=\"service-card_number\">02<\/div>\r\n\t\t\t\t\t\t\t\t\t\t\t\t\t\t\t\t\t<div class=\"shape-icon\">\r\n\t\t\t\t\t\t\t\t\t\t<img decoding=\"async\" src=\"https:\/\/fentech.es\/wp-content\/uploads\/2024\/11\/service_card_2.svg\" alt=\"FENTECH\"  \/>\t\t\t\t\t\t\t\t\t\t<span class=\"dots\"><\/span>\r\n\t\t\t\t\t\t\t\t\t<\/div>\r\n\t\t\t\t\t\t\t\t\t\t\t\t\t\t\t\t\t\t\t\t\t\t\t\t\t<h3 class=\"box-title\"><a href=\"https:\/\/fentech.es\/es\/website-assessments\/\">Evaluaciones de sitios web<\/a><\/h3>\r\n\t\t\t\t\t\t\t\t\t\t\t\t\t\t\t\t\t\t\t\t\t\t\t\t\t<p class=\"service-card_text\">Comprehensive evaluations to identify strengths and areas for improvement, helping you achieve excellence with every website project<\/p>\r\n\t\t\t\t\t\t\t\t\t\t\t\t\t\t\t\t<a href=\"https:\/\/fentech.es\/es\/website-assessments\/\" class=\"th-btn\">Leer m\u00e1s<i class=\"fa-regular fa-arrow-right ms-2\"><\/i><\/a>\r\n\t\t\t\t\t\t\t\t\t\t\t\t\t\t\t\t\t<div class=\"bg-shape\">\r\n\t\t\t\t\t\t\t\t\t\t<img decoding=\"async\" src=\"https:\/\/fentech.es\/wp-content\/uploads\/2024\/11\/service_card_bg.png\" alt=\"FENTECH\"  \/>\t\t\t\t\t\t\t\t\t<\/div>\r\n\t\t\t\t\t\t\t\t\t\t\t\t\t\t\t<\/div>\r\n\t\t\t\t\t\t<\/div>\r\n\t\t\t\t\t\t\t\t\t\t\t<div class=\"col-md-6 col-xl-4\">\r\n\t\t\t\t\t\t\t<div class=\"service-card elementor-box\">\r\n\t\t\t\t\t\t\t\t<div class=\"service-card_number\">03<\/div>\r\n\t\t\t\t\t\t\t\t\t\t\t\t\t\t\t\t\t<div class=\"shape-icon\">\r\n\t\t\t\t\t\t\t\t\t\t<img decoding=\"async\" src=\"https:\/\/fentech.es\/wp-content\/uploads\/2024\/11\/service_card_4-1.svg\" alt=\"FENTECH\"  \/>\t\t\t\t\t\t\t\t\t\t<span class=\"dots\"><\/span>\r\n\t\t\t\t\t\t\t\t\t<\/div>\r\n\t\t\t\t\t\t\t\t\t\t\t\t\t\t\t\t\t\t\t\t\t\t\t\t\t<h3 class=\"box-title\"><a href=\"https:\/\/fentech.es\/es\/content-writing\/\">Redacci\u00f3n de contenidos<\/a><\/h3>\r\n\t\t\t\t\t\t\t\t\t\t\t\t\t\t\t\t\t\t\t\t\t\t\t\t\t<p class=\"service-card_text\">Engaging and tailored content creation that resonates with your audience, builds brand authority, and drives action<\/p>\r\n\t\t\t\t\t\t\t\t\t\t\t\t\t\t\t\t<a href=\"https:\/\/fentech.es\/es\/content-writing\/\" class=\"th-btn\">Leer m\u00e1s<i class=\"fa-regular fa-arrow-right ms-2\"><\/i><\/a>\r\n\t\t\t\t\t\t\t\t\t\t\t\t\t\t\t\t\t<div class=\"bg-shape\">\r\n\t\t\t\t\t\t\t\t\t\t<img decoding=\"async\" src=\"https:\/\/fentech.es\/wp-content\/uploads\/2024\/11\/service_card_bg.png\" alt=\"FENTECH\"  \/>\t\t\t\t\t\t\t\t\t<\/div>\r\n\t\t\t\t\t\t\t\t\t\t\t\t\t\t\t<\/div>\r\n\t\t\t\t\t\t<\/div>\r\n\t\t\t\t\t\t\t\t\t\t\t<div class=\"col-md-6 col-xl-4\">\r\n\t\t\t\t\t\t\t<div class=\"service-card elementor-box\">\r\n\t\t\t\t\t\t\t\t<div class=\"service-card_number\">04<\/div>\r\n\t\t\t\t\t\t\t\t\t\t\t\t\t\t\t\t\t<div class=\"shape-icon\">\r\n\t\t\t\t\t\t\t\t\t\t<img decoding=\"async\" src=\"https:\/\/fentech.es\/wp-content\/uploads\/2024\/11\/service_card_6.svg\" alt=\"FENTECH\"  \/>\t\t\t\t\t\t\t\t\t\t<span class=\"dots\"><\/span>\r\n\t\t\t\t\t\t\t\t\t<\/div>\r\n\t\t\t\t\t\t\t\t\t\t\t\t\t\t\t\t\t\t\t\t\t\t\t\t\t<h3 class=\"box-title\"><a href=\"https:\/\/fentech.es\/es\/branding\/\">\nEl Branding<\/a><\/h3>\r\n\t\t\t\t\t\t\t\t\t\t\t\t\t\t\t\t\t\t\t\t\t\t\t\t\t<p class=\"service-card_text\">Strategic branding services that elevate your brand identity, going beyond aesthetics to create a memorable impact<\/p>\r\n\t\t\t\t\t\t\t\t\t\t\t\t\t\t\t\t<a href=\"https:\/\/fentech.es\/es\/branding\/\" class=\"th-btn\">Leer m\u00e1s<i class=\"fa-regular fa-arrow-right ms-2\"><\/i><\/a>\r\n\t\t\t\t\t\t\t\t\t\t\t\t\t\t\t\t\t<div class=\"bg-shape\">\r\n\t\t\t\t\t\t\t\t\t\t<img decoding=\"async\" src=\"https:\/\/fentech.es\/wp-content\/uploads\/2024\/11\/service_card_bg.png\" alt=\"FENTECH\"  \/>\t\t\t\t\t\t\t\t\t<\/div>\r\n\t\t\t\t\t\t\t\t\t\t\t\t\t\t\t<\/div>\r\n\t\t\t\t\t\t<\/div>\r\n\t\t\t\t\t\t\t\t\t\t\t<div class=\"col-md-6 col-xl-4\">\r\n\t\t\t\t\t\t\t<div class=\"service-card elementor-box\">\r\n\t\t\t\t\t\t\t\t<div class=\"service-card_number\">05<\/div>\r\n\t\t\t\t\t\t\t\t\t\t\t\t\t\t\t\t\t<div class=\"shape-icon\">\r\n\t\t\t\t\t\t\t\t\t\t<img decoding=\"async\" src=\"https:\/\/fentech.es\/wp-content\/uploads\/2024\/11\/service_card_6.svg\" alt=\"FENTECH\"  \/>\t\t\t\t\t\t\t\t\t\t<span class=\"dots\"><\/span>\r\n\t\t\t\t\t\t\t\t\t<\/div>\r\n\t\t\t\t\t\t\t\t\t\t\t\t\t\t\t\t\t\t\t\t\t\t\t\t\t<h3 class=\"box-title\"><a href=\"https:\/\/fentech.es\/es\/video-production\/\">Producci\u00f3n de video<\/a><\/h3>\r\n\t\t\t\t\t\t\t\t\t\t\t\t\t\t\t\t\t\t\t\t\t\t\t\t\t<p class=\"service-card_text\">Create captivating videos that boost engagement and conversions, with a focus on quality production and impactful storytelling<\/p>\r\n\t\t\t\t\t\t\t\t\t\t\t\t\t\t\t\t<a href=\"https:\/\/fentech.es\/es\/video-production\/\" class=\"th-btn\">Leer m\u00e1s<i class=\"fa-regular fa-arrow-right ms-2\"><\/i><\/a>\r\n\t\t\t\t\t\t\t\t\t\t\t\t\t\t\t\t\t<div class=\"bg-shape\">\r\n\t\t\t\t\t\t\t\t\t\t<img decoding=\"async\" src=\"https:\/\/fentech.es\/wp-content\/uploads\/2024\/11\/service_card_bg.png\" alt=\"FENTECH\"  \/>\t\t\t\t\t\t\t\t\t<\/div>\r\n\t\t\t\t\t\t\t\t\t\t\t\t\t\t\t<\/div>\r\n\t\t\t\t\t\t<\/div>\r\n\t\t\t\t\t\t\t\t\t\t\t<div class=\"col-md-6 col-xl-4\">\r\n\t\t\t\t\t\t\t<div class=\"service-card elementor-box\">\r\n\t\t\t\t\t\t\t\t<div class=\"service-card_number\">06<\/div>\r\n\t\t\t\t\t\t\t\t\t\t\t\t\t\t\t\t\t<div class=\"shape-icon\">\r\n\t\t\t\t\t\t\t\t\t\t<img decoding=\"async\" src=\"https:\/\/fentech.es\/wp-content\/uploads\/2024\/11\/service_card_6.svg\" alt=\"FENTECH\"  \/>\t\t\t\t\t\t\t\t\t\t<span class=\"dots\"><\/span>\r\n\t\t\t\t\t\t\t\t\t<\/div>\r\n\t\t\t\t\t\t\t\t\t\t\t\t\t\t\t\t\t\t\t\t\t\t\t\t\t<h3 class=\"box-title\"><a href=\"https:\/\/fentech.es\/es\/music-production\/\">Producci\u00f3n musical<\/a><\/h3>\r\n\t\t\t\t\t\t\t\t\t\t\t\t\t\t\t\t\t\t\t\t\t\t\t\t\t<p class=\"service-card_text\">Innovative music production that enhances your digital presence, adding an expressive audio element to your brand&#039;s story<\/p>\r\n\t\t\t\t\t\t\t\t\t\t\t\t\t\t\t\t<a href=\"https:\/\/fentech.es\/es\/music-production\/\" class=\"th-btn\">Leer m\u00e1s<i class=\"fa-regular fa-arrow-right ms-2\"><\/i><\/a>\r\n\t\t\t\t\t\t\t\t\t\t\t\t\t\t\t\t\t<div class=\"bg-shape\">\r\n\t\t\t\t\t\t\t\t\t\t<img decoding=\"async\" src=\"https:\/\/fentech.es\/wp-content\/uploads\/2024\/11\/service_card_bg.png\" alt=\"FENTECH\"  \/>\t\t\t\t\t\t\t\t\t<\/div>\r\n\t\t\t\t\t\t\t\t\t\t\t\t\t\t\t<\/div>\r\n\t\t\t\t\t\t<\/div>\r\n\t\t\t\t\t\t\t\t\t<\/div>\r\n\t\t\t<\/div>\r\n\r\n        \r\n    \t\t\t\t\t<\/div>\n\t\t\t\t<\/div>\n\t\t\t\t\t<\/div>\n\t\t<\/div>\n\t\t\t\t\t<\/div>\n\t\t<\/section>\n\t\t\t\t\t<\/div>\n\t\t<\/div>\n\t\t\t\t\t<\/div>\n\t\t<\/section>\n\t\t\t\t<section class=\"elementor-section elementor-top-section elementor-element elementor-element-d626298 elementor-section-stretched elementor-section-boxed elementor-section-height-default elementor-section-height-default\" data-id=\"d626298\" data-element_type=\"section\" data-settings=\"{&quot;background_background&quot;:&quot;classic&quot;,&quot;stretch_section&quot;:&quot;section-stretched&quot;}\">\n\t\t\t\t\t\t<div class=\"elementor-container elementor-column-gap-no\">\n\t\t\t\t\t<div class=\"elementor-column elementor-col-100 elementor-top-column elementor-element elementor-element-45bc452\" data-id=\"45bc452\" data-element_type=\"column\">\n\t\t\t<div class=\"elementor-widget-wrap elementor-element-populated\">\n\t\t\t\t\t\t<section class=\"elementor-section elementor-inner-section elementor-element elementor-element-e0acdee elementor-section-boxed elementor-section-height-default elementor-section-height-default\" data-id=\"e0acdee\" data-element_type=\"section\">\n\t\t\t\t\t\t<div class=\"elementor-container elementor-column-gap-no\">\n\t\t\t\t\t<div class=\"elementor-column elementor-col-100 elementor-inner-column elementor-element elementor-element-4731b5c\" data-id=\"4731b5c\" data-element_type=\"column\">\n\t\t\t<div class=\"elementor-widget-wrap elementor-element-populated\">\n\t\t\t\t\t\t<div class=\"elementor-element elementor-element-bb87763 elementor-widget elementor-widget-tragasectiontitle\" data-id=\"bb87763\" data-element_type=\"widget\" data-widget_type=\"tragasectiontitle.default\">\n\t\t\t\t<div class=\"elementor-widget-container\">\n\t\t\t\t\t<div class=\"title-area-wrap\"><div class=\"title-area\" ><div class=\"shadow-title\">PROCESO<\/div><span class=\"sub-title subtitle-selector\"><img decoding=\"async\" src=\"https:\/\/fentech.es\/wp-content\/uploads\/2024\/11\/title_shape_2.svg\" alt=\"FENTECH\"  class=\"icon me-2\" \/> PROCESO DE TRABAJO<\/span><h2 class=\"sec-title title-selector\">C\u00f3mo trabajar <span class=\"text-theme\">\u00a1Art\u00edculo!<\/span><\/h2><\/div><\/div>\t\t\t\t<\/div>\n\t\t\t\t<\/div>\n\t\t\t\t<div class=\"elementor-element elementor-element-5d28834 elementor-widget elementor-widget-tragaprocess\" data-id=\"5d28834\" data-element_type=\"widget\" data-widget_type=\"tragaprocess.default\">\n\t\t\t\t<div class=\"elementor-widget-container\">\n\t\t\t\t\t<div class=\"process-card-area\"><div class=\"process-line\"><img decoding=\"async\" src=\"https:\/\/fentech.es\/wp-content\/uploads\/2024\/11\/process_line-1.svg\" alt=\"FENTECH\"  \/><\/div><div class=\"row gy-40\"><div class=\"col-sm-6 col-xl-3 process-card-wrap\"><div class=\"process-card\"><div class=\"process-card_number\">01<\/div><div class=\"process-card_icon\"><img decoding=\"async\" src=\"https:\/\/fentech.es\/wp-content\/uploads\/2024\/11\/process_card_1.svg\" alt=\"FENTECH\"  \/><\/div><h3 class=\"box-title\">Seleccione un proyecto<\/h3><p class=\"process-card_text\">Defina las necesidades de su proyecto, desde la implementaci\u00f3n de ERP hasta software personalizado o soluciones de comercio electr\u00f3nico, y establezca objetivos claros para obtener resultados impactantes.<\/p><\/div><\/div><div class=\"col-sm-6 col-xl-3 process-card-wrap\"><div class=\"process-card\"><div class=\"process-card_number\">02<\/div><div class=\"process-card_icon\"><img decoding=\"async\" src=\"https:\/\/fentech.es\/wp-content\/uploads\/2024\/11\/process_card_2.svg\" alt=\"FENTECH\"  \/><\/div><h3 class=\"box-title\">An\u00e1lisis del proyecto<\/h3><p class=\"process-card_text\">Nuestro equipo realiza un an\u00e1lisis en profundidad para comprender los requisitos t\u00e9cnicos, los desaf\u00edos potenciales y las soluciones tecnol\u00f3gicas \u00f3ptimas para su proyecto.<\/p><\/div><\/div><div class=\"col-sm-6 col-xl-3 process-card-wrap\"><div class=\"process-card\"><div class=\"process-card_number\">03<\/div><div class=\"process-card_icon\"><img decoding=\"async\" src=\"https:\/\/fentech.es\/wp-content\/uploads\/2024\/11\/process_card_3.svg\" alt=\"FENTECH\"  \/><\/div><h3 class=\"box-title\">Planificar Ejecutar<\/h3><p class=\"process-card_text\">Creamos una hoja de ruta detallada y ejecutamos cada etapa con precisi\u00f3n, aprovechando metodolog\u00edas \u00e1giles para garantizar soluciones eficientes y escalables.<\/p><\/div><\/div><div class=\"col-sm-6 col-xl-3 process-card-wrap\"><div class=\"process-card\"><div class=\"process-card_number\">04<\/div><div class=\"process-card_icon\"><img decoding=\"async\" src=\"https:\/\/fentech.es\/wp-content\/uploads\/2024\/11\/process_card_4.svg\" alt=\"FENTECH\"  \/><\/div><h3 class=\"box-title\">Entregar resultado<\/h3><p class=\"process-card_text\">Ofreciendo soluciones personalizadas y de alto rendimiento que impulsan el crecimiento, seguidas de soporte continuo para mantener sus sistemas optimizados y preparados para el futuro.<\/p><\/div><\/div><\/div><\/div>\t\t\t\t<\/div>\n\t\t\t\t<\/div>\n\t\t\t\t\t<\/div>\n\t\t<\/div>\n\t\t\t\t\t<\/div>\n\t\t<\/section>\n\t\t\t\t\t<\/div>\n\t\t<\/div>\n\t\t\t\t\t<\/div>\n\t\t<\/section>\n\t\t\t\t<\/div>","protected":false},"excerpt":{"rendered":"<p>Featured Solutions We Provide Exclusive Service For Your Business 01 ERP implementation We offer end-to-end ERP implementation services, from initial consultation and system design to deployment and post-implementation support. Read More 02 CAD Engineering Precision CAD solutions for innovative product design, advanced prototyping, and detailed development, expertly tailored to meet diverse industry needs. Read More&#8230;<\/p>","protected":false},"author":1,"featured_media":0,"parent":0,"menu_order":0,"comment_status":"closed","ping_status":"closed","template":"","meta":{"footnotes":""},"class_list":["post-711","page","type-page","status-publish","hentry"],"_links":{"self":[{"href":"https:\/\/fentech.es\/es\/wp-json\/wp\/v2\/pages\/711","targetHints":{"allow":["GET"]}}],"collection":[{"href":"https:\/\/fentech.es\/es\/wp-json\/wp\/v2\/pages"}],"about":[{"href":"https:\/\/fentech.es\/es\/wp-json\/wp\/v2\/types\/page"}],"author":[{"embeddable":true,"href":"https:\/\/fentech.es\/es\/wp-json\/wp\/v2\/users\/1"}],"replies":[{"embeddable":true,"href":"https:\/\/fentech.es\/es\/wp-json\/wp\/v2\/comments?post=711"}],"version-history":[{"count":0,"href":"https:\/\/fentech.es\/es\/wp-json\/wp\/v2\/pages\/711\/revisions"}],"wp:attachment":[{"href":"https:\/\/fentech.es\/es\/wp-json\/wp\/v2\/media?parent=711"}],"curies":[{"name":"wp","href":"https:\/\/api.w.org\/{rel}","templated":true}]}}