{"id":501,"date":"2024-11-10T18:59:59","date_gmt":"2024-11-10T18:59:59","guid":{"rendered":"https:\/\/fentech.es\/?page_id=501"},"modified":"2025-07-27T02:02:49","modified_gmt":"2025-07-27T02:02:49","slug":"email-marketing","status":"publish","type":"page","link":"https:\/\/fentech.es\/es\/email-marketing\/","title":{"rendered":"Marketing por correo electr\u00f3nico"},"content":{"rendered":"<div data-elementor-type=\"wp-page\" data-elementor-id=\"501\" class=\"elementor elementor-501\">\n\t\t\t\t\t\t<section class=\"elementor-section elementor-top-section elementor-element elementor-element-7a5371d1 elementor-section-boxed elementor-section-height-default elementor-section-height-default\" data-id=\"7a5371d1\" data-element_type=\"section\">\n\t\t\t\t\t\t<div class=\"elementor-container elementor-column-gap-no\">\n\t\t\t\t\t<div class=\"elementor-column elementor-col-100 elementor-top-column elementor-element elementor-element-562f1bf9\" data-id=\"562f1bf9\" data-element_type=\"column\">\n\t\t\t<div class=\"elementor-widget-wrap elementor-element-populated\">\n\t\t\t\t\t\t<section class=\"elementor-section elementor-inner-section elementor-element elementor-element-3d5840ce elementor-section-full_width elementor-section-height-default elementor-section-height-default\" data-id=\"3d5840ce\" data-element_type=\"section\">\n\t\t\t\t\t\t<div class=\"elementor-container elementor-column-gap-no\">\n\t\t\t\t\t<div class=\"elementor-column elementor-col-50 elementor-inner-column elementor-element elementor-element-714e681b page-single\" data-id=\"714e681b\" data-element_type=\"column\">\n\t\t\t<div class=\"elementor-widget-wrap elementor-element-populated\">\n\t\t\t\t\t\t<div class=\"elementor-element elementor-element-3b9962ee page-img elementor-widget elementor-widget-image\" data-id=\"3b9962ee\" data-element_type=\"widget\" data-widget_type=\"image.default\">\n\t\t\t\t<div class=\"elementor-widget-container\">\n\t\t\t\t\t\t\t\t\t\t\t\t\t\t\t<img fetchpriority=\"high\" decoding=\"async\" width=\"640\" height=\"419\" src=\"https:\/\/fentech.es\/wp-content\/uploads\/2024\/11\/email.png\" class=\"attachment-full size-full wp-image-504\" alt=\"\" srcset=\"https:\/\/fentech.es\/wp-content\/uploads\/2024\/11\/email.png 640w, https:\/\/fentech.es\/wp-content\/uploads\/2024\/11\/email-300x196.png 300w\" sizes=\"(max-width: 640px) 100vw, 640px\" \/>\t\t\t\t\t\t\t\t\t\t\t\t\t\t\t<\/div>\n\t\t\t\t<\/div>\n\t\t\t\t<div class=\"elementor-element elementor-element-5bee87d1 h3 page-title elementor-widget elementor-widget-heading\" data-id=\"5bee87d1\" data-element_type=\"widget\" data-widget_type=\"heading.default\">\n\t\t\t\t<div class=\"elementor-widget-container\">\n\t\t\t\t\t<h3 class=\"elementor-heading-title elementor-size-default\"><h2 style=\"font-family: Barlow, sans-serif\">Marketing por correo electr\u00f3nico<\/h2><\/h3>\t\t\t\t<\/div>\n\t\t\t\t<\/div>\n\t\t\t\t<div class=\"elementor-element elementor-element-7b68cd2a h3 page-title elementor-widget elementor-widget-heading\" data-id=\"7b68cd2a\" data-element_type=\"widget\" data-widget_type=\"heading.default\">\n\t\t\t\t<div class=\"elementor-widget-container\">\n\t\t\t\t\t<h3 class=\"elementor-heading-title elementor-size-default\">\u00a1Marketing que lleva tu marca a nuevos niveles!<\/h3>\t\t\t\t<\/div>\n\t\t\t\t<\/div>\n\t\t\t\t<div class=\"elementor-element elementor-element-1e73487e elementor-widget elementor-widget-text-editor\" data-id=\"1e73487e\" data-element_type=\"widget\" data-widget_type=\"text-editor.default\">\n\t\t\t\t<div class=\"elementor-widget-container\">\n\t\t\t\t\t\t\t\t\t<p><strong>\u201cEl correo electr\u00f3nico tiene una capacidad que muchos canales no tienen: crear toques personales valiosos, a gran escala\u201d.\u00a0<\/strong>\u2013David Newman.<\/p><p>El marketing por correo electr\u00f3nico es una estrategia de marketing de contenidos bien establecida y gratificante para aumentar el conocimiento de la marca, aumentar el tr\u00e1fico del sitio web, generar clientes potenciales y promover servicios y productos.<\/p><p>If you are looking to revamp your email marketing program, or are looking for a marketing agency, or simply want to maximize the results of your email marketing efforts, FENTECH is there to help you every step of the way.<\/p><p>Con <strong>FENTECH<\/strong>, t\u00fa:<\/p><ul><li>Aproveche de forma m\u00e1s eficiente sus activos de marketing m\u00e1s valiosos: su creciente clientela y audiencia.<\/li><li>Dedique menos tiempo a la estructura y la personalizaci\u00f3n.<\/li><li>Invierte en relaciones m\u00e1s poderosas con tus conexiones.<br \/>Alcance sus objetivos de negocio r\u00e1pidamente.<\/li><\/ul>\t\t\t\t\t\t\t\t<\/div>\n\t\t\t\t<\/div>\n\t\t\t\t\t<\/div>\n\t\t<\/div>\n\t\t\t\t<div class=\"elementor-column elementor-col-50 elementor-inner-column elementor-element elementor-element-3369d210\" data-id=\"3369d210\" data-element_type=\"column\">\n\t\t\t<div class=\"elementor-widget-wrap elementor-element-populated\">\n\t\t\t\t\t\t<div class=\"elementor-element elementor-element-31547fe elementor-hidden-tablet elementor-hidden-mobile elementor-widget elementor-widget-webteckshapeimage\" data-id=\"31547fe\" data-element_type=\"widget\" data-widget_type=\"webteckshapeimage.default\">\n\t\t\t\t<div class=\"elementor-widget-container\">\n\t\t\t\t\t<!-- Image --><div class=\"shape-mockup  jump d-xxl-block d-xl-block d-lg-block\"><img decoding=\"async\" src=\"https:\/\/fentech.es\/wp-content\/uploads\/2025\/07\/Fentech-lg.png\" alt=\"Shape Image\" ><\/div><!-- End Image -->\t\t\t\t<\/div>\n\t\t\t\t<\/div>\n\t\t\t\t\t<\/div>\n\t\t<\/div>\n\t\t\t\t\t<\/div>\n\t\t<\/section>\n\t\t\t\t\t<\/div>\n\t\t<\/div>\n\t\t\t\t\t<\/div>\n\t\t<\/section>\n\t\t<div class=\"elementor-element elementor-element-64c866f5 e-flex e-con-boxed e-con e-parent\" data-id=\"64c866f5\" data-element_type=\"container\">\n\t\t\t\t\t<div class=\"e-con-inner\">\n\t\t\t\t<div class=\"elementor-element elementor-element-296bc692 elementor-widget elementor-widget-text-editor\" data-id=\"296bc692\" data-element_type=\"widget\" data-widget_type=\"text-editor.default\">\n\t\t\t\t<div class=\"elementor-widget-container\">\n\t\t\t\t\t\t\t\t\t<h3>\u00bfPor qu\u00e9 elegir nuestros servicios de marketing por correo electr\u00f3nico?<\/h3><p><strong>Campa\u00f1as personalizadas para un m\u00e1ximo impacto<\/strong><br \/>Entendemos que no existe una soluci\u00f3n \u00fanica para todos en el marketing por correo electr\u00f3nico. Nuestro equipo crea campa\u00f1as personalizadas que impactan en su p\u00fablico objetivo, lo que garantiza mayores tasas de participaci\u00f3n y una mejor conversi\u00f3n.<\/p><p><strong>Estrategias basadas en datos<\/strong><br \/>Nuestras soluciones de marketing por correo electr\u00f3nico se basan en an\u00e1lisis. Hacemos un seguimiento y analizamos el comportamiento, las preferencias y las m\u00e9tricas de interacci\u00f3n de los clientes para perfeccionar continuamente nuestras estrategias y mejorar los resultados.<\/p><p><strong>Soluciones automatizadas para la eficiencia<\/strong><br \/>Utilizamos herramientas de automatizaci\u00f3n avanzadas para optimizar su proceso de marketing por correo electr\u00f3nico. Esto le permite captar clientes potenciales y mantener relaciones sin la molestia de la intervenci\u00f3n manual.<\/p><p><strong>Pruebas A\/B completas<\/strong><br \/>Implementamos pruebas A\/B para determinar qu\u00e9 funciona mejor para su audiencia. Desde las l\u00edneas de asunto hasta los dise\u00f1os de contenido, ajustamos cada elemento para mejorar el rendimiento.<\/p><p><strong>Informes peri\u00f3dicos de rendimiento<\/strong><br \/>Mant\u00e9ngase informado con informes de rendimiento detallados que describen m\u00e9tricas clave como tasas de apertura, tasas de clics y tasas de conversi\u00f3n. Esta transparencia le permite ver el impacto directo de nuestros esfuerzos.<\/p><p><strong>Soporte de expertos<\/strong><br \/>Nuestro equipo dedicado de expertos en marketing por correo electr\u00f3nico est\u00e1 siempre disponible para brindar orientaci\u00f3n y apoyo. Nos aseguramos de que sus campa\u00f1as se alineen con su estrategia de marketing general y sus objetivos comerciales.<\/p><h3>\u00a1Mejoremos juntos su marketing por correo electr\u00f3nico!<\/h3><p>Ya sea que est\u00e9 comenzando desde cero o buscando mejorar sus esfuerzos existentes, <strong>FENTECH<\/strong>\u00a0Est\u00e1 aqu\u00ed para ayudarle a lograr resultados excepcionales a trav\u00e9s del marketing por correo electr\u00f3nico.<\/p>\t\t\t\t\t\t\t\t<\/div>\n\t\t\t\t<\/div>\n\t\t\t\t\t<\/div>\n\t\t\t\t<\/div>\n\t\t\t\t<section class=\"elementor-section elementor-top-section elementor-element elementor-element-641ead4f elementor-hidden-desktop elementor-hidden-tablet elementor-hidden-mobile elementor-section-boxed elementor-section-height-default elementor-section-height-default\" data-id=\"641ead4f\" data-element_type=\"section\">\n\t\t\t\t\t\t<div class=\"elementor-container elementor-column-gap-no\">\n\t\t\t\t\t<div class=\"elementor-column elementor-col-100 elementor-top-column elementor-element elementor-element-2e20f5df\" data-id=\"2e20f5df\" data-element_type=\"column\">\n\t\t\t<div class=\"elementor-widget-wrap elementor-element-populated\">\n\t\t\t\t\t\t<div class=\"elementor-element elementor-element-7696ed34 elementor-widget elementor-widget-tragafeature\" data-id=\"7696ed34\" data-element_type=\"widget\" data-widget_type=\"tragafeature.default\">\n\t\t\t\t<div class=\"elementor-widget-container\">\n\t\t\t\t\t<div class=\"service-feature-wrap\"><div class=\"service-feature\"><div class=\"service-feature_icon\"><img decoding=\"async\" src=\"https:\/\/fentech.es\/wp-content\/uploads\/2024\/11\/feature_card_1.png\" alt=\"FENTECH\"  \/><\/div><div class=\"media-body\"><h4 class=\"service-feature_title\">Servicio de Gesti\u00f3n de Datos<\/h4><p class=\"service-feature_text\">Maximizar intr\u00ednsecamente las mejores \u00e1reas tem\u00e1ticas estrat\u00e9gicas, mientras que las alineaciones premium. Realizar la transici\u00f3n de forma colaborativa con el cliente.<\/p><\/div><\/div><div class=\"service-feature\"><div class=\"service-feature_icon\"><img decoding=\"async\" src=\"https:\/\/fentech.es\/wp-content\/uploads\/2024\/11\/feature_card_3.png\" alt=\"FENTECH\"  \/><\/div><div class=\"media-body\"><h4 class=\"service-feature_title\">Soporte de clase mundial<\/h4><p class=\"service-feature_text\">Maximizar intr\u00ednsecamente las mejores \u00e1reas tem\u00e1ticas estrat\u00e9gicas, mientras que las alineaciones premium. Realizar la transici\u00f3n de forma colaborativa con el cliente.<\/p><\/div><\/div><div class=\"service-feature\"><div class=\"service-feature_icon\"><img decoding=\"async\" src=\"https:\/\/fentech.es\/wp-content\/uploads\/2024\/11\/feature_card_2.png\" alt=\"FENTECH\"  \/><\/div><div class=\"media-body\"><h4 class=\"service-feature_title\">Estrategia y consultor\u00eda de TI<\/h4><p class=\"service-feature_text\">Maximizar intr\u00ednsecamente las mejores \u00e1reas tem\u00e1ticas estrat\u00e9gicas, mientras que las alineaciones premium. Realizar la transici\u00f3n de forma colaborativa con el cliente.<\/p><\/div><\/div><\/div>\t\t\t\t<\/div>\n\t\t\t\t<\/div>\n\t\t\t\t\t<\/div>\n\t\t<\/div>\n\t\t\t\t\t<\/div>\n\t\t<\/section>\n\t\t<div class=\"elementor-element elementor-element-692cc0ec e-flex e-con-boxed e-con e-parent\" data-id=\"692cc0ec\" data-element_type=\"container\">\n\t\t\t\t\t<div class=\"e-con-inner\">\n\t\t\t\t<div class=\"elementor-element elementor-element-3f3663aa elementor-widget elementor-widget-text-editor\" data-id=\"3f3663aa\" data-element_type=\"widget\" data-widget_type=\"text-editor.default\">\n\t\t\t\t<div class=\"elementor-widget-container\">\n\t\t\t\t\t\t\t\t\t<div class=\"row\"><div class=\"col-md-6 mb-30\"><div class=\"th-video\"><img decoding=\"async\" class=\"alignnone size-medium wp-image-9543\" src=\"https:\/\/pilotech.pilotech-global.com\/wp-content\/uploads\/2024\/11\/email-300x196.png\" alt=\"\" width=\"300\" height=\"196\" \/><br \/><i class=\"fas fa-play\"><\/i><\/div><\/div><div class=\"col-md-6 mb-30\"><h3 class=\"h4 mb-20\">Nuestro compromiso con la excelencia<\/h3><div class=\"checklist style3\"><ul><li><i class=\"fas fa-octagon-check\"><\/i>Centrado en sus necesidades \u00fanicas<\/li><li><i class=\"fas fa-octagon-check\"><\/i>Dedicado a su \u00e9xito<\/li><li><i class=\"fas fa-octagon-check\"><\/i>Proceso de implementaci\u00f3n simplificado<\/li><li><i class=\"fas fa-octagon-check\"><\/i>Apoyo a la transici\u00f3n sin riesgos<\/li><li><i class=\"fas fa-octagon-check\"><\/i>Su satisfacci\u00f3n es nuestra prioridad<\/li><\/ul><\/div><\/div><\/div>\t\t\t\t\t\t\t\t<\/div>\n\t\t\t\t<\/div>\n\t\t\t\t<div class=\"elementor-element elementor-element-4178d48d elementor-widget elementor-widget-tragafeature\" data-id=\"4178d48d\" data-element_type=\"widget\" data-widget_type=\"tragafeature.default\">\n\t\t\t\t<div class=\"elementor-widget-container\">\n\t\t\t\t\t<div class=\"service-feature-wrap\"><div class=\"service-feature\"><div class=\"service-feature_icon\"><img decoding=\"async\" src=\"https:\/\/fentech.es\/wp-content\/uploads\/2024\/11\/service_feature_1.svg\" alt=\"FENTECH\"  \/><\/div><div class=\"media-body\"><h4 class=\"service-feature_title\">Soluciones atractivas de marketing por correo electr\u00f3nico<\/h4><p class=\"service-feature_text\">Mejore la presencia de su marca con campa\u00f1as atractivas y orientadas a resultados<\/p><\/div><\/div><div class=\"service-feature\"><div class=\"service-feature_icon\"><img decoding=\"async\" src=\"https:\/\/fentech.es\/wp-content\/uploads\/2024\/11\/service_feature_2.svg\" alt=\"FENTECH\"  \/><\/div><div class=\"media-body\"><h4 class=\"service-feature_title\">Soporte dedicado 24 horas al d\u00eda, 7 d\u00edas a la semana<\/h4><p class=\"service-feature_text\">Nuestro equipo de expertos est\u00e1 disponible las 24 horas para ayudarle cuando lo necesite.<\/p><\/div><\/div><\/div>\t\t\t\t<\/div>\n\t\t\t\t<\/div>\n\t\t\t\t\t<\/div>\n\t\t\t\t<\/div>\n\t\t\t\t<section class=\"elementor-section elementor-top-section elementor-element elementor-element-37ea05ea elementor-section-boxed elementor-section-height-default elementor-section-height-default\" data-id=\"37ea05ea\" data-element_type=\"section\">\n\t\t\t\t\t\t<div class=\"elementor-container elementor-column-gap-no\">\n\t\t\t\t\t<div class=\"elementor-column elementor-col-100 elementor-top-column elementor-element elementor-element-1fb0d6a6\" data-id=\"1fb0d6a6\" data-element_type=\"column\">\n\t\t\t<div class=\"elementor-widget-wrap elementor-element-populated\">\n\t\t\t\t\t\t<section class=\"elementor-section elementor-inner-section elementor-element elementor-element-212f4069 elementor-section-full_width elementor-section-height-default elementor-section-height-default\" data-id=\"212f4069\" data-element_type=\"section\">\n\t\t\t\t\t\t<div class=\"elementor-container elementor-column-gap-no\">\n\t\t\t\t\t<div class=\"elementor-column elementor-col-50 elementor-inner-column elementor-element elementor-element-5397761e page-single\" data-id=\"5397761e\" data-element_type=\"column\">\n\t\t\t<div class=\"elementor-widget-wrap elementor-element-populated\">\n\t\t\t\t\t\t<div class=\"elementor-element elementor-element-762b3286 elementor-widget elementor-widget-text-editor\" data-id=\"762b3286\" data-element_type=\"widget\" data-widget_type=\"text-editor.default\">\n\t\t\t\t<div class=\"elementor-widget-container\">\n\t\t\t\t\t\t\t\t\t<p><strong>Soluciones de marketing de YouTube personalizadas<\/strong><br \/>Mejore la presencia de su marca con contenido de video atractivo y centrado en resultados<\/p>\t\t\t\t\t\t\t\t<\/div>\n\t\t\t\t<\/div>\n\t\t\t\t<div class=\"elementor-element elementor-element-514dedbd elementor-widget elementor-widget-heading\" data-id=\"514dedbd\" data-element_type=\"widget\" data-widget_type=\"heading.default\">\n\t\t\t\t<div class=\"elementor-widget-container\">\n\t\t\t\t\t<h4 class=\"elementor-heading-title elementor-size-default\">Preguntas frecuentes sobre nuestros servicios de marketing por correo electr\u00f3nico<\/h4>\t\t\t\t<\/div>\n\t\t\t\t<\/div>\n\t\t\t\t<div class=\"elementor-element elementor-element-5c311d4f elementor-widget elementor-widget-tragafaq\" data-id=\"5c311d4f\" data-element_type=\"widget\" data-widget_type=\"tragafaq.default\">\n\t\t\t\t<div class=\"elementor-widget-container\">\n\t\t\t\t\t<div class=\"accordion-area accordion\" id=\"faqAccordion\"><div class=\"accordion-card style2 active\"><div class=\"accordion-header\" id=\"collapse-item-1\"><button class=\"accordion-button\" type=\"button\" data-bs-toggle=\"collapse\" data-bs-target=\"#collapse-1\" aria-expanded=\"true\" aria-controls=\"collapse-1\">\u00bfQu\u00e9 tipos de servicios de marketing por correo electr\u00f3nico ofrece?<\/button><\/div><div id=\"collapse-1\" class=\"accordion-collapse collapse show\" aria-labelledby=\"collapse-item-1\" data-bs-parent=\"#faqAccordion\"><div class=\"accordion-body\"><p class=\"faq-text\">Ofrecemos una gama completa de servicios de marketing por correo electr\u00f3nico, que incluyen estrategia de campa\u00f1a, dise\u00f1o, automatizaci\u00f3n, gesti\u00f3n de listas, an\u00e1lisis e informes.<\/p><\/div><\/div><\/div><div class=\"accordion-card style2\"><div class=\"accordion-header\" id=\"collapse-item-2\"><button class=\"accordion-button collapsed\" type=\"button\" data-bs-toggle=\"collapse\" data-bs-target=\"#collapse-2\" aria-expanded=\"false\" aria-controls=\"collapse-2\">\u00bfC\u00f3mo garantizar altas tasas de apertura y de clics?<\/button><\/div><div id=\"collapse-2\" class=\"accordion-collapse collapse\" aria-labelledby=\"collapse-item-2\" data-bs-parent=\"#faqAccordion\"><div class=\"accordion-body\"><p class=\"faq-text\">Utilizamos estrategias basadas en datos para segmentar su audiencia, crear l\u00edneas de asunto atractivas y personalizar el contenido, todo lo cual contribuye a mayores tasas de participaci\u00f3n.<\/p><\/div><\/div><\/div><div class=\"accordion-card style2\"><div class=\"accordion-header\" id=\"collapse-item-3\"><button class=\"accordion-button collapsed\" type=\"button\" data-bs-toggle=\"collapse\" data-bs-target=\"#collapse-3\" aria-expanded=\"false\" aria-controls=\"collapse-3\">\u00bfPuedes ayudarme a crear una lista de correo electr\u00f3nico?<\/button><\/div><div id=\"collapse-3\" class=\"accordion-collapse collapse\" aria-labelledby=\"collapse-item-3\" data-bs-parent=\"#faqAccordion\"><div class=\"accordion-body\"><p class=\"faq-text\">\u00a1Por supuesto! Ofrecemos estrategias para hacer crecer su lista de correo electr\u00f3nico, incluidos imanes de clientes potenciales, p\u00e1ginas de destino y formularios de registro optimizados.<\/p><\/div><\/div><\/div><div class=\"accordion-card style2\"><div class=\"accordion-header\" id=\"collapse-item-4\"><button class=\"accordion-button collapsed\" type=\"button\" data-bs-toggle=\"collapse\" data-bs-target=\"#collapse-4\" aria-expanded=\"false\" aria-controls=\"collapse-4\">\u00bfQu\u00e9 tipo de informes puedo esperar?<\/button><\/div><div id=\"collapse-4\" class=\"accordion-collapse collapse\" aria-labelledby=\"collapse-item-4\" data-bs-parent=\"#faqAccordion\"><div class=\"accordion-body\"><p class=\"faq-text\">Proporcionamos informes de rendimiento peri\u00f3dicos que cubren m\u00e9tricas clave como tasas de apertura, tasas de clics y tasas de conversi\u00f3n, junto con informaci\u00f3n para mejorar.<\/p><\/div><\/div><\/div><div class=\"accordion-card style2\"><div class=\"accordion-header\" id=\"collapse-item-5\"><button class=\"accordion-button collapsed\" type=\"button\" data-bs-toggle=\"collapse\" data-bs-target=\"#collapse-5\" aria-expanded=\"false\" aria-controls=\"collapse-5\">\u00bfOfrecen soporte despu\u00e9s de lanzar una campa\u00f1a por correo electr\u00f3nico?<\/button><\/div><div id=\"collapse-5\" class=\"accordion-collapse collapse\" aria-labelledby=\"collapse-item-5\" data-bs-parent=\"#faqAccordion\"><div class=\"accordion-body\"><p class=\"faq-text\">S\u00ed, nuestro equipo brinda apoyo continuo, incluidos an\u00e1lisis y ajustes para garantizar que sus campa\u00f1as sigan cumpliendo sus objetivos.<\/p><\/div><\/div><\/div><\/div>\t\t\t\t<\/div>\n\t\t\t\t<\/div>\n\t\t\t\t\t<\/div>\n\t\t<\/div>\n\t\t\t\t<div class=\"elementor-column elementor-col-50 elementor-inner-column elementor-element elementor-element-6ad09161\" data-id=\"6ad09161\" data-element_type=\"column\">\n\t\t\t<div class=\"elementor-widget-wrap elementor-element-populated\">\n\t\t\t\t\t\t<div class=\"elementor-element elementor-element-4122199 elementor-widget elementor-widget-text-editor\" data-id=\"4122199\" data-element_type=\"widget\" data-widget_type=\"text-editor.default\">\n\t\t\t\t<div class=\"elementor-widget-container\">\n\t\t\t\t\t\t\t\t\t<div class=\"widget widget_download\"><h4 class=\"widget_title\">Descargar folleto<\/h4><div class=\"download-widget-wrap\"><i class=\"fa-light fa-file-pdf me-2\"><\/i>DESCARGAR PDF<br \/><i class=\"fa-light fa-file-lines me-2\"><\/i>DESCARGAR DOC<\/div><\/div>\t\t\t\t\t\t\t\t<\/div>\n\t\t\t\t<\/div>\n\t\t\t\t<div class=\"elementor-element elementor-element-468ff4e0 elementor-widget elementor-widget-text-editor\" data-id=\"468ff4e0\" data-element_type=\"widget\" data-widget_type=\"text-editor.default\">\n\t\t\t\t<div class=\"elementor-widget-container\">\n\t\t\t\t\t\t\t\t\t<div class=\"widget widget_banner\" data-bg-src=\"https:\/\/themeholy.com\/wordpress\/test\/wp-content\/uploads\/2023\/03\/widget_banner-1.jpg\"><div class=\"widget-banner\"><span class=\"text\">CONT\u00c1CTENOS AHORA<\/span><h2 class=\"title\">\u00bfNecesitas ayuda?<\/h2><p>OBTENGA UNA COTIZACI\u00d3N<i class=\"fas fa-arrow-right ms-2\"><\/i><\/p><\/div><\/div>\t\t\t\t\t\t\t\t<\/div>\n\t\t\t\t<\/div>\n\t\t\t\t\t<\/div>\n\t\t<\/div>\n\t\t\t\t\t<\/div>\n\t\t<\/section>\n\t\t\t\t\t<\/div>\n\t\t<\/div>\n\t\t\t\t\t<\/div>\n\t\t<\/section>\n\t\t\t\t<\/div>","protected":false},"excerpt":{"rendered":"<p>Email Marketing Marketing that drives your brand to new levels! \u201cEmail has an ability that many channels don\u2019t: create valuable personal touches, at scale.\u201d\u00a0\u2013David Newman. Email marketing is a well-established and rewarding content marketing strategy for increasing brand awareness, increasing website traffic, generating leads, and promoting services and products. If you are looking to revamp&#8230;<\/p>","protected":false},"author":1,"featured_media":0,"parent":0,"menu_order":0,"comment_status":"closed","ping_status":"closed","template":"template-builder.php","meta":{"footnotes":""},"class_list":["post-501","page","type-page","status-publish","hentry"],"_links":{"self":[{"href":"https:\/\/fentech.es\/es\/wp-json\/wp\/v2\/pages\/501","targetHints":{"allow":["GET"]}}],"collection":[{"href":"https:\/\/fentech.es\/es\/wp-json\/wp\/v2\/pages"}],"about":[{"href":"https:\/\/fentech.es\/es\/wp-json\/wp\/v2\/types\/page"}],"author":[{"embeddable":true,"href":"https:\/\/fentech.es\/es\/wp-json\/wp\/v2\/users\/1"}],"replies":[{"embeddable":true,"href":"https:\/\/fentech.es\/es\/wp-json\/wp\/v2\/comments?post=501"}],"version-history":[{"count":0,"href":"https:\/\/fentech.es\/es\/wp-json\/wp\/v2\/pages\/501\/revisions"}],"wp:attachment":[{"href":"https:\/\/fentech.es\/es\/wp-json\/wp\/v2\/media?parent=501"}],"curies":[{"name":"wp","href":"https:\/\/api.w.org\/{rel}","templated":true}]}}