{"id":455,"date":"2024-11-10T18:47:32","date_gmt":"2024-11-10T18:47:32","guid":{"rendered":"https:\/\/fentech.es\/?page_id=455"},"modified":"2025-07-27T01:59:46","modified_gmt":"2025-07-27T01:59:46","slug":"music-production","status":"publish","type":"page","link":"https:\/\/fentech.es\/es\/music-production\/","title":{"rendered":"Producci\u00f3n musical"},"content":{"rendered":"<div data-elementor-type=\"wp-page\" data-elementor-id=\"455\" class=\"elementor elementor-455\">\n\t\t\t\t\t\t<section class=\"elementor-section elementor-top-section elementor-element elementor-element-731a39e5 elementor-section-boxed elementor-section-height-default elementor-section-height-default\" data-id=\"731a39e5\" data-element_type=\"section\">\n\t\t\t\t\t\t<div class=\"elementor-container elementor-column-gap-no\">\n\t\t\t\t\t<div class=\"elementor-column elementor-col-100 elementor-top-column elementor-element elementor-element-a178e2a\" data-id=\"a178e2a\" data-element_type=\"column\">\n\t\t\t<div class=\"elementor-widget-wrap elementor-element-populated\">\n\t\t\t\t\t\t<section class=\"elementor-section elementor-inner-section elementor-element elementor-element-4c027fc2 elementor-section-full_width elementor-section-height-default elementor-section-height-default\" data-id=\"4c027fc2\" data-element_type=\"section\">\n\t\t\t\t\t\t<div class=\"elementor-container elementor-column-gap-no\">\n\t\t\t\t\t<div class=\"elementor-column elementor-col-50 elementor-inner-column elementor-element elementor-element-208a4c9a page-single\" data-id=\"208a4c9a\" data-element_type=\"column\">\n\t\t\t<div class=\"elementor-widget-wrap elementor-element-populated\">\n\t\t\t\t\t\t<div class=\"elementor-element elementor-element-37db9cba page-img elementor-widget elementor-widget-image\" data-id=\"37db9cba\" data-element_type=\"widget\" data-widget_type=\"image.default\">\n\t\t\t\t<div class=\"elementor-widget-container\">\n\t\t\t\t\t\t\t\t\t\t\t\t\t\t\t<img fetchpriority=\"high\" decoding=\"async\" width=\"640\" height=\"419\" src=\"https:\/\/fentech.es\/wp-content\/uploads\/2024\/11\/Music-Production.jpg\" class=\"attachment-full size-full wp-image-458\" alt=\"\" srcset=\"https:\/\/fentech.es\/wp-content\/uploads\/2024\/11\/Music-Production.jpg 640w, https:\/\/fentech.es\/wp-content\/uploads\/2024\/11\/Music-Production-300x196.jpg 300w\" sizes=\"(max-width: 640px) 100vw, 640px\" \/>\t\t\t\t\t\t\t\t\t\t\t\t\t\t\t<\/div>\n\t\t\t\t<\/div>\n\t\t\t\t<div class=\"elementor-element elementor-element-13dc4640 h3 page-title elementor-widget elementor-widget-heading\" data-id=\"13dc4640\" data-element_type=\"widget\" data-widget_type=\"heading.default\">\n\t\t\t\t<div class=\"elementor-widget-container\">\n\t\t\t\t\t<h3 class=\"elementor-heading-title elementor-size-default\"><h2 style=\"font-family: Barlow, sans-serif\">PRODUCCI\u00d3N MUSICAL<\/h2><\/h3>\t\t\t\t<\/div>\n\t\t\t\t<\/div>\n\t\t\t\t<div class=\"elementor-element elementor-element-16efbffa h3 page-title elementor-widget elementor-widget-heading\" data-id=\"16efbffa\" data-element_type=\"widget\" data-widget_type=\"heading.default\">\n\t\t\t\t<div class=\"elementor-widget-container\">\n\t\t\t\t\t<h3 class=\"elementor-heading-title elementor-size-default\">Ofreciendo perfecci\u00f3n web en todo el mundo<\/h3>\t\t\t\t<\/div>\n\t\t\t\t<\/div>\n\t\t\t\t<div class=\"elementor-element elementor-element-244568b8 elementor-widget elementor-widget-text-editor\" data-id=\"244568b8\" data-element_type=\"widget\" data-widget_type=\"text-editor.default\">\n\t\t\t\t<div class=\"elementor-widget-container\">\n\t\t\t\t\t\t\t\t\t<p><strong>FENTECH<\/strong>Creemos que la m\u00fasica habla m\u00e1s que las palabras. Cada creencia y cada sentimiento se puede expresar con m\u00e1s habilidad a trav\u00e9s de la m\u00fasica. La m\u00fasica puede animarte, cambiar tu estado de \u00e1nimo, transportarte a \u00e9pocas pasadas o incluso crear nuevos recuerdos. Tenemos una profunda pasi\u00f3n por la m\u00fasica y estamos comprometidos a producir pistas innovadoras y originales que querr\u00e1s usar en tu pr\u00f3ximo proyecto para expresarte a ti mismo y a tu marca.<\/p><p>Somos un equipo peque\u00f1o y cada d\u00eda encontramos inspiraci\u00f3n para crear jingles. Queremos que nuestra m\u00fasica logre alimentar tu expresi\u00f3n art\u00edstica.<\/p><p>Somos una empresa boutique de producci\u00f3n musical (jingles), un destino \u00fanico para la composici\u00f3n y producci\u00f3n musical. Desde nuestro estudio, nos esforzamos por convertirnos en el proveedor l\u00edder de m\u00fasica creativa y moderna, dise\u00f1o de sonido y composici\u00f3n para videos, comerciales y branding.<\/p><p>En <strong>FENTECH<\/strong>Nuestro objetivo es brindar servicios de producci\u00f3n musical integral para anuncios, comerciales, \u00e1lbumes privados y documentales, que incluyen composici\u00f3n, arreglos, programaci\u00f3n, mezcla, masterizaci\u00f3n y todo lo dem\u00e1s. Usted proporciona el resumen y nosotros crearemos los jingles perfectos para sus necesidades.<\/p>\t\t\t\t\t\t\t\t<\/div>\n\t\t\t\t<\/div>\n\t\t\t\t\t<\/div>\n\t\t<\/div>\n\t\t\t\t<div class=\"elementor-column elementor-col-50 elementor-inner-column elementor-element elementor-element-4585e43d\" data-id=\"4585e43d\" data-element_type=\"column\">\n\t\t\t<div class=\"elementor-widget-wrap elementor-element-populated\">\n\t\t\t\t\t\t<div class=\"elementor-element elementor-element-cd75e28 elementor-hidden-tablet elementor-hidden-mobile elementor-widget elementor-widget-webteckshapeimage\" data-id=\"cd75e28\" data-element_type=\"widget\" data-widget_type=\"webteckshapeimage.default\">\n\t\t\t\t<div class=\"elementor-widget-container\">\n\t\t\t\t\t<!-- Image --><div class=\"shape-mockup  jump d-xxl-block d-xl-block d-lg-block\"><img decoding=\"async\" src=\"https:\/\/fentech.es\/wp-content\/uploads\/2025\/07\/Fentech-lg.png\" alt=\"Shape Image\" ><\/div><!-- End Image -->\t\t\t\t<\/div>\n\t\t\t\t<\/div>\n\t\t\t\t\t<\/div>\n\t\t<\/div>\n\t\t\t\t\t<\/div>\n\t\t<\/section>\n\t\t\t\t\t<\/div>\n\t\t<\/div>\n\t\t\t\t\t<\/div>\n\t\t<\/section>\n\t\t\t\t<section class=\"elementor-section elementor-top-section elementor-element elementor-element-77a7bfec elementor-hidden-desktop elementor-hidden-tablet elementor-hidden-mobile elementor-section-boxed elementor-section-height-default elementor-section-height-default\" data-id=\"77a7bfec\" data-element_type=\"section\">\n\t\t\t\t\t\t<div class=\"elementor-container elementor-column-gap-no\">\n\t\t\t\t\t<div class=\"elementor-column elementor-col-100 elementor-top-column elementor-element elementor-element-3d588777\" data-id=\"3d588777\" data-element_type=\"column\">\n\t\t\t<div class=\"elementor-widget-wrap elementor-element-populated\">\n\t\t\t\t\t\t<div class=\"elementor-element elementor-element-6689239f elementor-widget elementor-widget-tragafeature\" data-id=\"6689239f\" data-element_type=\"widget\" data-widget_type=\"tragafeature.default\">\n\t\t\t\t<div class=\"elementor-widget-container\">\n\t\t\t\t\t<div class=\"service-feature-wrap\"><div class=\"service-feature\"><div class=\"service-feature_icon\"><img decoding=\"async\" src=\"https:\/\/fentech.es\/wp-content\/uploads\/2024\/11\/feature_card_1.png\" alt=\"FENTECH\"  \/><\/div><div class=\"media-body\"><h4 class=\"service-feature_title\">Servicio de Gesti\u00f3n de Datos<\/h4><p class=\"service-feature_text\">Maximizar intr\u00ednsecamente las mejores \u00e1reas tem\u00e1ticas estrat\u00e9gicas, mientras que las alineaciones premium. Realizar la transici\u00f3n de forma colaborativa con el cliente.<\/p><\/div><\/div><div class=\"service-feature\"><div class=\"service-feature_icon\"><img decoding=\"async\" src=\"https:\/\/fentech.es\/wp-content\/uploads\/2024\/11\/feature_card_3.png\" alt=\"FENTECH\"  \/><\/div><div class=\"media-body\"><h4 class=\"service-feature_title\">Soporte de clase mundial<\/h4><p class=\"service-feature_text\">Maximizar intr\u00ednsecamente las mejores \u00e1reas tem\u00e1ticas estrat\u00e9gicas, mientras que las alineaciones premium. Realizar la transici\u00f3n de forma colaborativa con el cliente.<\/p><\/div><\/div><div class=\"service-feature\"><div class=\"service-feature_icon\"><img decoding=\"async\" src=\"https:\/\/fentech.es\/wp-content\/uploads\/2024\/11\/feature_card_2.png\" alt=\"FENTECH\"  \/><\/div><div class=\"media-body\"><h4 class=\"service-feature_title\">Estrategia y consultor\u00eda de TI<\/h4><p class=\"service-feature_text\">Maximizar intr\u00ednsecamente las mejores \u00e1reas tem\u00e1ticas estrat\u00e9gicas, mientras que las alineaciones premium. Realizar la transici\u00f3n de forma colaborativa con el cliente.<\/p><\/div><\/div><\/div>\t\t\t\t<\/div>\n\t\t\t\t<\/div>\n\t\t\t\t\t<\/div>\n\t\t<\/div>\n\t\t\t\t\t<\/div>\n\t\t<\/section>\n\t\t<div class=\"elementor-element elementor-element-67c1b6b e-flex e-con-boxed e-con e-parent\" data-id=\"67c1b6b\" data-element_type=\"container\">\n\t\t\t\t\t<div class=\"e-con-inner\">\n\t\t\t\t<div class=\"elementor-element elementor-element-4593b6a2 elementor-widget elementor-widget-text-editor\" data-id=\"4593b6a2\" data-element_type=\"widget\" data-widget_type=\"text-editor.default\">\n\t\t\t\t<div class=\"elementor-widget-container\">\n\t\t\t\t\t\t\t\t\t<div class=\"row\"><div class=\"col-md-6 mb-30\"><div class=\"th-video\"><img decoding=\"async\" class=\"w-100\" src=\"https:\/\/themeholy.com\/wordpress\/test\/wp-content\/uploads\/2023\/03\/service_inner_1-300x198.jpg\" alt=\"service\" \/><br \/><i class=\"fas fa-play\"><\/i><\/div><\/div><div class=\"col-md-6 mb-30\"><h3 class=\"h4 mb-20\">Nuestro compromiso con la excelencia<\/h3><div class=\"checklist style3\"><ul><li><i class=\"fas fa-octagon-check\"><\/i>Centrado en sus necesidades \u00fanicas<\/li><li><i class=\"fas fa-octagon-check\"><\/i>Dedicado a su \u00e9xito<\/li><li><i class=\"fas fa-octagon-check\"><\/i>Proceso de implementaci\u00f3n simplificado<\/li><li><i class=\"fas fa-octagon-check\"><\/i>Apoyo a la transici\u00f3n sin riesgos<\/li><li><i class=\"fas fa-octagon-check\"><\/i>Su satisfacci\u00f3n es nuestra prioridad<\/li><\/ul><\/div><\/div><\/div>\t\t\t\t\t\t\t\t<\/div>\n\t\t\t\t<\/div>\n\t\t\t\t<div class=\"elementor-element elementor-element-4ec16029 elementor-widget elementor-widget-tragafeature\" data-id=\"4ec16029\" data-element_type=\"widget\" data-widget_type=\"tragafeature.default\">\n\t\t\t\t<div class=\"elementor-widget-container\">\n\t\t\t\t\t<div class=\"service-feature-wrap\"><div class=\"service-feature\"><div class=\"service-feature_icon\"><img decoding=\"async\" src=\"https:\/\/fentech.es\/wp-content\/uploads\/2024\/11\/service_feature_1.svg\" alt=\"FENTECH\"  \/><\/div><div class=\"media-body\"><h4 class=\"service-feature_title\">Soluciones din\u00e1micas de producci\u00f3n musical<\/h4><p class=\"service-feature_text\">Estrategias personalizables dise\u00f1adas para mejorar su sonido y atraer a sus oyentes\n\n<\/p><\/div><\/div><div class=\"service-feature\"><div class=\"service-feature_icon\"><img decoding=\"async\" src=\"https:\/\/fentech.es\/wp-content\/uploads\/2024\/11\/service_feature_2.svg\" alt=\"FENTECH\"  \/><\/div><div class=\"media-body\"><h4 class=\"service-feature_title\">Soporte dedicado 24 horas al d\u00eda, 7 d\u00edas a la semana<\/h4><p class=\"service-feature_text\">Nuestro equipo de expertos est\u00e1 disponible las 24 horas para ayudarle cuando lo necesite.<\/p><\/div><\/div><\/div>\t\t\t\t<\/div>\n\t\t\t\t<\/div>\n\t\t\t\t\t<\/div>\n\t\t\t\t<\/div>\n\t\t\t\t<section class=\"elementor-section elementor-top-section elementor-element elementor-element-3e18d71b elementor-section-boxed elementor-section-height-default elementor-section-height-default\" data-id=\"3e18d71b\" data-element_type=\"section\">\n\t\t\t\t\t\t<div class=\"elementor-container elementor-column-gap-no\">\n\t\t\t\t\t<div class=\"elementor-column elementor-col-100 elementor-top-column elementor-element elementor-element-2875cfbb\" data-id=\"2875cfbb\" data-element_type=\"column\">\n\t\t\t<div class=\"elementor-widget-wrap elementor-element-populated\">\n\t\t\t\t\t\t<section class=\"elementor-section elementor-inner-section elementor-element elementor-element-55e02aa8 elementor-section-full_width elementor-section-height-default elementor-section-height-default\" data-id=\"55e02aa8\" data-element_type=\"section\">\n\t\t\t\t\t\t<div class=\"elementor-container elementor-column-gap-no\">\n\t\t\t\t\t<div class=\"elementor-column elementor-col-50 elementor-inner-column elementor-element elementor-element-25fc7cf7 page-single\" data-id=\"25fc7cf7\" data-element_type=\"column\">\n\t\t\t<div class=\"elementor-widget-wrap elementor-element-populated\">\n\t\t\t\t\t\t<div class=\"elementor-element elementor-element-110a908b elementor-widget elementor-widget-text-editor\" data-id=\"110a908b\" data-element_type=\"widget\" data-widget_type=\"text-editor.default\">\n\t\t\t\t<div class=\"elementor-widget-container\">\n\t\t\t\t\t\t\t\t\t<p data-pm-slice=\"0 0 []\"><strong>Servicios integrales de producci\u00f3n musical<\/strong><\/p><p>C\u00f3mo crear paisajes sonoros cautivadores que conecten con su audiencia<\/p><p>\u00a0<\/p>\t\t\t\t\t\t\t\t<\/div>\n\t\t\t\t<\/div>\n\t\t\t\t<div class=\"elementor-element elementor-element-14318928 elementor-widget elementor-widget-heading\" data-id=\"14318928\" data-element_type=\"widget\" data-widget_type=\"heading.default\">\n\t\t\t\t<div class=\"elementor-widget-container\">\n\t\t\t\t\t<h4 class=\"elementor-heading-title elementor-size-default\">Preguntas sobre servicios de producci\u00f3n musical<\/h4>\t\t\t\t<\/div>\n\t\t\t\t<\/div>\n\t\t\t\t<div class=\"elementor-element elementor-element-5e7a7bcc elementor-widget elementor-widget-tragafaq\" data-id=\"5e7a7bcc\" data-element_type=\"widget\" data-widget_type=\"tragafaq.default\">\n\t\t\t\t<div class=\"elementor-widget-container\">\n\t\t\t\t\t<div class=\"accordion-area accordion\" id=\"faqAccordion\"><div class=\"accordion-card style2 active\"><div class=\"accordion-header\" id=\"collapse-item-1\"><button class=\"accordion-button\" type=\"button\" data-bs-toggle=\"collapse\" data-bs-target=\"#collapse-1\" aria-expanded=\"true\" aria-controls=\"collapse-1\">\u00bfCu\u00e1l es tu enfoque en la producci\u00f3n musical?<\/button><\/div><div id=\"collapse-1\" class=\"accordion-collapse collapse show\" aria-labelledby=\"collapse-item-1\" data-bs-parent=\"#faqAccordion\"><div class=\"accordion-body\"><p class=\"faq-text\">Nuestro proceso de producci\u00f3n musical comienza con una consulta exhaustiva para comprender su visi\u00f3n y sus objetivos. Colaboramos estrechamente con usted durante todo el proyecto, desde la composici\u00f3n y los arreglos hasta la grabaci\u00f3n y la mezcla, para garantizar que su sonido cobre vida sin problemas.<\/p><\/div><\/div><\/div><div class=\"accordion-card style2\"><div class=\"accordion-header\" id=\"collapse-item-2\"><button class=\"accordion-button collapsed\" type=\"button\" data-bs-toggle=\"collapse\" data-bs-target=\"#collapse-2\" aria-expanded=\"false\" aria-controls=\"collapse-2\">\u00bfCu\u00e1nto tiempo suele durar el proceso de producci\u00f3n musical?<\/button><\/div><div id=\"collapse-2\" class=\"accordion-collapse collapse\" aria-labelledby=\"collapse-item-2\" data-bs-parent=\"#faqAccordion\"><div class=\"accordion-body\"><p class=\"faq-text\">La duraci\u00f3n de la producci\u00f3n musical puede variar seg\u00fan la complejidad del proyecto y tus requisitos espec\u00edficos. Si bien los proyectos m\u00e1s peque\u00f1os pueden completarse en cuesti\u00f3n de semanas, las producciones m\u00e1s grandes pueden llevar varios meses. Te proporcionaremos un cronograma claro durante nuestras conversaciones iniciales para gestionar las expectativas.<\/p><\/div><\/div><\/div><div class=\"accordion-card style2\"><div class=\"accordion-header\" id=\"collapse-item-3\"><button class=\"accordion-button collapsed\" type=\"button\" data-bs-toggle=\"collapse\" data-bs-target=\"#collapse-3\" aria-expanded=\"false\" aria-controls=\"collapse-3\">\u00bfQu\u00e9 tipo de apoyo ofreces una vez finalizada la producci\u00f3n musical?<\/button><\/div><div id=\"collapse-3\" class=\"accordion-collapse collapse\" aria-labelledby=\"collapse-item-3\" data-bs-parent=\"#faqAccordion\"><div class=\"accordion-body\"><p class=\"faq-text\">Ofrecemos soporte continuo que incluye ajustes finales de mezcla, masterizaci\u00f3n y asesoramiento sobre estrategias de distribuci\u00f3n. Nuestro compromiso es asegurarnos de que su m\u00fasica no solo suene bien, sino que tambi\u00e9n llegue a su p\u00fablico objetivo de manera efectiva.<\/p><\/div><\/div><\/div><\/div>\t\t\t\t<\/div>\n\t\t\t\t<\/div>\n\t\t\t\t\t<\/div>\n\t\t<\/div>\n\t\t\t\t<div class=\"elementor-column elementor-col-50 elementor-inner-column elementor-element elementor-element-386e2808\" data-id=\"386e2808\" data-element_type=\"column\">\n\t\t\t<div class=\"elementor-widget-wrap elementor-element-populated\">\n\t\t\t\t\t\t<div class=\"elementor-element elementor-element-6bf4a540 elementor-widget elementor-widget-text-editor\" data-id=\"6bf4a540\" data-element_type=\"widget\" data-widget_type=\"text-editor.default\">\n\t\t\t\t<div class=\"elementor-widget-container\">\n\t\t\t\t\t\t\t\t\t<div class=\"widget widget_download\"><h4 class=\"widget_title\">Descargar folleto<\/h4><div class=\"download-widget-wrap\"><i class=\"fa-light fa-file-pdf me-2\"><\/i>DESCARGAR PDF<br \/><i class=\"fa-light fa-file-lines me-2\"><\/i>DESCARGAR DOC<\/div><\/div>\t\t\t\t\t\t\t\t<\/div>\n\t\t\t\t<\/div>\n\t\t\t\t<div class=\"elementor-element elementor-element-1f4d00b6 elementor-widget elementor-widget-text-editor\" data-id=\"1f4d00b6\" data-element_type=\"widget\" data-widget_type=\"text-editor.default\">\n\t\t\t\t<div class=\"elementor-widget-container\">\n\t\t\t\t\t\t\t\t\t<div class=\"widget widget_banner\" data-bg-src=\"https:\/\/themeholy.com\/wordpress\/test\/wp-content\/uploads\/2023\/03\/widget_banner-1.jpg\"><div class=\"widget-banner\"><span class=\"text\">CONT\u00c1CTENOS AHORA<\/span><h2 class=\"title\">\u00bfNecesitas ayuda?<\/h2><p>OBTENGA UNA COTIZACI\u00d3N<i class=\"fas fa-arrow-right ms-2\"><\/i><\/p><\/div><\/div>\t\t\t\t\t\t\t\t<\/div>\n\t\t\t\t<\/div>\n\t\t\t\t\t<\/div>\n\t\t<\/div>\n\t\t\t\t\t<\/div>\n\t\t<\/section>\n\t\t\t\t\t<\/div>\n\t\t<\/div>\n\t\t\t\t\t<\/div>\n\t\t<\/section>\n\t\t\t\t<\/div>","protected":false},"excerpt":{"rendered":"<p>MUSIC PRODUCTION Providing web perfection worldwide FENTECH, we believe that music speaks louder than words. Every belief and every feeling can be expressed more skillfully through music. Music can uplift you, change your mood, transport you back to past seasons, or even create new memories. We have a deep passion for music and are committed&#8230;<\/p>","protected":false},"author":1,"featured_media":0,"parent":0,"menu_order":0,"comment_status":"closed","ping_status":"closed","template":"template-builder.php","meta":{"footnotes":""},"class_list":["post-455","page","type-page","status-publish","hentry"],"_links":{"self":[{"href":"https:\/\/fentech.es\/es\/wp-json\/wp\/v2\/pages\/455","targetHints":{"allow":["GET"]}}],"collection":[{"href":"https:\/\/fentech.es\/es\/wp-json\/wp\/v2\/pages"}],"about":[{"href":"https:\/\/fentech.es\/es\/wp-json\/wp\/v2\/types\/page"}],"author":[{"embeddable":true,"href":"https:\/\/fentech.es\/es\/wp-json\/wp\/v2\/users\/1"}],"replies":[{"embeddable":true,"href":"https:\/\/fentech.es\/es\/wp-json\/wp\/v2\/comments?post=455"}],"version-history":[{"count":0,"href":"https:\/\/fentech.es\/es\/wp-json\/wp\/v2\/pages\/455\/revisions"}],"wp:attachment":[{"href":"https:\/\/fentech.es\/es\/wp-json\/wp\/v2\/media?parent=455"}],"curies":[{"name":"wp","href":"https:\/\/api.w.org\/{rel}","templated":true}]}}