{"id":444,"date":"2024-11-10T18:46:12","date_gmt":"2024-11-10T18:46:12","guid":{"rendered":"https:\/\/fentech.es\/?page_id=444"},"modified":"2025-07-27T01:58:41","modified_gmt":"2025-07-27T01:58:41","slug":"video-production","status":"publish","type":"page","link":"https:\/\/fentech.es\/es\/video-production\/","title":{"rendered":"Producci\u00f3n de video"},"content":{"rendered":"<div data-elementor-type=\"wp-page\" data-elementor-id=\"444\" class=\"elementor elementor-444\">\n\t\t\t\t\t\t<section class=\"elementor-section elementor-top-section elementor-element elementor-element-225157e3 elementor-section-boxed elementor-section-height-default elementor-section-height-default\" data-id=\"225157e3\" data-element_type=\"section\">\n\t\t\t\t\t\t<div class=\"elementor-container elementor-column-gap-no\">\n\t\t\t\t\t<div class=\"elementor-column elementor-col-100 elementor-top-column elementor-element elementor-element-6b31eb3a\" data-id=\"6b31eb3a\" data-element_type=\"column\">\n\t\t\t<div class=\"elementor-widget-wrap elementor-element-populated\">\n\t\t\t\t\t\t<section class=\"elementor-section elementor-inner-section elementor-element elementor-element-1e8f9ec6 elementor-section-full_width elementor-section-height-default elementor-section-height-default\" data-id=\"1e8f9ec6\" data-element_type=\"section\">\n\t\t\t\t\t\t<div class=\"elementor-container elementor-column-gap-no\">\n\t\t\t\t\t<div class=\"elementor-column elementor-col-50 elementor-inner-column elementor-element elementor-element-6f96b8f page-single\" data-id=\"6f96b8f\" data-element_type=\"column\">\n\t\t\t<div class=\"elementor-widget-wrap elementor-element-populated\">\n\t\t\t\t\t\t<div class=\"elementor-element elementor-element-22814493 page-img elementor-widget elementor-widget-image\" data-id=\"22814493\" data-element_type=\"widget\" data-widget_type=\"image.default\">\n\t\t\t\t<div class=\"elementor-widget-container\">\n\t\t\t\t\t\t\t\t\t\t\t\t\t\t\t<img fetchpriority=\"high\" decoding=\"async\" width=\"640\" height=\"419\" src=\"https:\/\/fentech.es\/wp-content\/uploads\/2024\/11\/Vidio-Production.jpg\" class=\"attachment-full size-full wp-image-447\" alt=\"\" srcset=\"https:\/\/fentech.es\/wp-content\/uploads\/2024\/11\/Vidio-Production.jpg 640w, https:\/\/fentech.es\/wp-content\/uploads\/2024\/11\/Vidio-Production-300x196.jpg 300w\" sizes=\"(max-width: 640px) 100vw, 640px\" \/>\t\t\t\t\t\t\t\t\t\t\t\t\t\t\t<\/div>\n\t\t\t\t<\/div>\n\t\t\t\t<div class=\"elementor-element elementor-element-2022f22a h3 page-title elementor-widget elementor-widget-heading\" data-id=\"2022f22a\" data-element_type=\"widget\" data-widget_type=\"heading.default\">\n\t\t\t\t<div class=\"elementor-widget-container\">\n\t\t\t\t\t<h3 class=\"elementor-heading-title elementor-size-default\"><h2 style=\"font-family: Barlow, sans-serif\">PRODUCCI\u00d3N DE VIDEO<\/h2><\/h3>\t\t\t\t<\/div>\n\t\t\t\t<\/div>\n\t\t\t\t<div class=\"elementor-element elementor-element-4b81a51b h3 page-title elementor-widget elementor-widget-heading\" data-id=\"4b81a51b\" data-element_type=\"widget\" data-widget_type=\"heading.default\">\n\t\t\t\t<div class=\"elementor-widget-container\">\n\t\t\t\t\t<h3 class=\"elementor-heading-title elementor-size-default\">PRODUCCI\u00d3N DE VIDEO Y CREACI\u00d3N DE PUBLICIDAD<\/h3>\t\t\t\t<\/div>\n\t\t\t\t<\/div>\n\t\t\t\t<div class=\"elementor-element elementor-element-29a5b861 elementor-widget elementor-widget-text-editor\" data-id=\"29a5b861\" data-element_type=\"widget\" data-widget_type=\"text-editor.default\">\n\t\t\t\t<div class=\"elementor-widget-container\">\n\t\t\t\t\t\t\t\t\t<p><strong>Ofreciendo perfecci\u00f3n web en todo el mundo<\/strong><\/p><p><b><i>Seg\u00fan los expertos de Forbes, un v\u00eddeo puede aumentar la tasa de conversi\u00f3n en un 80% y aumentar las ganancias en una media del 49%.<\/i><\/b><\/p><p>Un video o pel\u00edcula explicativa es una p\u00e1gina de destino, una conversi\u00f3n o una pel\u00edcula general. Su objetivo es ilustrar su negocio, sus servicios, sus productos o su tema de una manera que sus clientes y su audiencia puedan interpretar en un corto per\u00edodo de tiempo con la m\u00e1xima comprensi\u00f3n visual. <strong>At FENTECH<\/strong>Cubrimos 4 factores clave principales durante el proceso de producci\u00f3n de video\/anuncio:\u00a0<\/p><ul><li aria-level=\"1\">Cuellos de botella o problemas<\/li><li aria-level=\"1\">\u00a0Soluciones efectivas<\/li><li aria-level=\"1\">\u00a0Los detalles y beneficios clave<\/li><li aria-level=\"1\">\u00a0\u00a0Un nuevo enfoque que se convierte en ingresos.<\/li><\/ul><p>La clave para un buen video explicativo es que sea conciso, interesante y atractivo, y que transmita la informaci\u00f3n correcta sobre su marca. Independientemente de lo que est\u00e9 explicando, un video de un traductor dejar\u00e1 a sus espectadores con una comprensi\u00f3n clara de lo que est\u00e1 haciendo o brindando y c\u00f3mo esto agregar\u00e1 valor a sus vidas.<\/p>\t\t\t\t\t\t\t\t<\/div>\n\t\t\t\t<\/div>\n\t\t\t\t\t<\/div>\n\t\t<\/div>\n\t\t\t\t<div class=\"elementor-column elementor-col-50 elementor-inner-column elementor-element elementor-element-2c233eb4\" data-id=\"2c233eb4\" data-element_type=\"column\">\n\t\t\t<div class=\"elementor-widget-wrap elementor-element-populated\">\n\t\t\t\t\t\t<div class=\"elementor-element elementor-element-643ceb1d elementor-hidden-tablet elementor-hidden-mobile elementor-widget elementor-widget-webteckshapeimage\" data-id=\"643ceb1d\" data-element_type=\"widget\" data-widget_type=\"webteckshapeimage.default\">\n\t\t\t\t<div class=\"elementor-widget-container\">\n\t\t\t\t\t<!-- Image --><div class=\"shape-mockup  jump d-xxl-block d-xl-block d-lg-block\"><img decoding=\"async\" src=\"https:\/\/fentech.es\/wp-content\/uploads\/2025\/07\/Fentech-lg.png\" alt=\"Shape Image\" ><\/div><!-- End Image -->\t\t\t\t<\/div>\n\t\t\t\t<\/div>\n\t\t\t\t\t<\/div>\n\t\t<\/div>\n\t\t\t\t\t<\/div>\n\t\t<\/section>\n\t\t\t\t\t<\/div>\n\t\t<\/div>\n\t\t\t\t\t<\/div>\n\t\t<\/section>\n\t\t<div class=\"elementor-element elementor-element-622c880 e-flex e-con-boxed e-con e-parent\" data-id=\"622c880\" data-element_type=\"container\">\n\t\t\t\t\t<div class=\"e-con-inner\">\n\t\t\t\t<div class=\"elementor-element elementor-element-6cd2d215 elementor-widget elementor-widget-webtecksectiontitle\" data-id=\"6cd2d215\" data-element_type=\"widget\" data-widget_type=\"webtecksectiontitle.default\">\n\t\t\t\t<div class=\"elementor-widget-container\">\n\t\t\t\t\t<div class=\"title-area\" ><span class=\"sub-title sub-title3 subtitle-selector\">\u00bfCu\u00e1les son las caracter\u00edsticas principales de nuestros anuncios y v\u00eddeos promocionales explicativos?<\/span><\/div>\t\t\t\t<\/div>\n\t\t\t\t<\/div>\n\t\t\t\t<div class=\"elementor-element elementor-element-1258d450 elementor-widget elementor-widget-text-editor\" data-id=\"1258d450\" data-element_type=\"widget\" data-widget_type=\"text-editor.default\">\n\t\t\t\t<div class=\"elementor-widget-container\">\n\t\t\t\t\t\t\t\t\t<ul><li><p><strong>Brevemente y al punto:<\/strong><br \/><em>Transmita mensajes impactantes que cautiven a su audiencia.<\/em><\/p><\/li><li><p><strong>Claro y conciso:<\/strong><br \/><em>Comunique su historia de manera efectiva con contenido optimizado.<\/em><\/p><\/li><li><p><strong>El tono conversacional que relata:<\/strong><br \/><em>Atraiga a los espectadores con un estilo accesible y cercano que conecte.<\/em><\/p><\/li><li><p><strong>Est\u00e9ticamente atractivo:<\/strong><br \/><em>Cree v\u00eddeos visualmente impactantes que mejoren la narrativa de su marca.<\/em><\/p><\/li><li><p><strong>Conc\u00e9ntrese en los principales beneficios y en los detalles intrincados que venden:<\/strong><br \/><em>Muestre las ventajas clave y destaque los detalles \u00fanicos que generan inter\u00e9s.<\/em><\/p><\/li><li><p><strong>CTA espec\u00edfica (llamada a la acci\u00f3n):<\/strong><br \/><em>Incite a los espectadores a actuar con un llamado a la acci\u00f3n convincente.<\/em><\/p><\/li><\/ul>\t\t\t\t\t\t\t\t<\/div>\n\t\t\t\t<\/div>\n\t\t\t\t\t<\/div>\n\t\t\t\t<\/div>\n\t\t\t\t<section class=\"elementor-section elementor-top-section elementor-element elementor-element-1943beb5 elementor-hidden-desktop elementor-hidden-tablet elementor-hidden-mobile elementor-section-boxed elementor-section-height-default elementor-section-height-default\" data-id=\"1943beb5\" data-element_type=\"section\">\n\t\t\t\t\t\t<div class=\"elementor-container elementor-column-gap-no\">\n\t\t\t\t\t<div class=\"elementor-column elementor-col-100 elementor-top-column elementor-element elementor-element-b8030c5\" data-id=\"b8030c5\" data-element_type=\"column\">\n\t\t\t<div class=\"elementor-widget-wrap elementor-element-populated\">\n\t\t\t\t\t\t<div class=\"elementor-element elementor-element-96b7785 elementor-widget elementor-widget-tragafeature\" data-id=\"96b7785\" data-element_type=\"widget\" data-widget_type=\"tragafeature.default\">\n\t\t\t\t<div class=\"elementor-widget-container\">\n\t\t\t\t\t<div class=\"service-feature-wrap\"><div class=\"service-feature\"><div class=\"service-feature_icon\"><img decoding=\"async\" src=\"https:\/\/fentech.es\/wp-content\/uploads\/2024\/11\/feature_card_1.png\" alt=\"FENTECH\"  \/><\/div><div class=\"media-body\"><h4 class=\"service-feature_title\">Servicio de Gesti\u00f3n de Datos<\/h4><p class=\"service-feature_text\">Maximizar intr\u00ednsecamente las mejores \u00e1reas tem\u00e1ticas estrat\u00e9gicas, mientras que las alineaciones premium. Realizar la transici\u00f3n de forma colaborativa con el cliente.<\/p><\/div><\/div><div class=\"service-feature\"><div class=\"service-feature_icon\"><img decoding=\"async\" src=\"https:\/\/fentech.es\/wp-content\/uploads\/2024\/11\/feature_card_3.png\" alt=\"FENTECH\"  \/><\/div><div class=\"media-body\"><h4 class=\"service-feature_title\">Soporte de clase mundial<\/h4><p class=\"service-feature_text\">Maximizar intr\u00ednsecamente las mejores \u00e1reas tem\u00e1ticas estrat\u00e9gicas, mientras que las alineaciones premium. Realizar la transici\u00f3n de forma colaborativa con el cliente.<\/p><\/div><\/div><div class=\"service-feature\"><div class=\"service-feature_icon\"><img decoding=\"async\" src=\"https:\/\/fentech.es\/wp-content\/uploads\/2024\/11\/feature_card_2.png\" alt=\"FENTECH\"  \/><\/div><div class=\"media-body\"><h4 class=\"service-feature_title\">Estrategia y consultor\u00eda de TI<\/h4><p class=\"service-feature_text\">Maximizar intr\u00ednsecamente las mejores \u00e1reas tem\u00e1ticas estrat\u00e9gicas, mientras que las alineaciones premium. Realizar la transici\u00f3n de forma colaborativa con el cliente.<\/p><\/div><\/div><\/div>\t\t\t\t<\/div>\n\t\t\t\t<\/div>\n\t\t\t\t\t<\/div>\n\t\t<\/div>\n\t\t\t\t\t<\/div>\n\t\t<\/section>\n\t\t<div class=\"elementor-element elementor-element-14354418 e-flex e-con-boxed e-con e-parent\" data-id=\"14354418\" data-element_type=\"container\">\n\t\t\t\t\t<div class=\"e-con-inner\">\n\t\t\t\t<div class=\"elementor-element elementor-element-5a1a244c elementor-widget elementor-widget-text-editor\" data-id=\"5a1a244c\" data-element_type=\"widget\" data-widget_type=\"text-editor.default\">\n\t\t\t\t<div class=\"elementor-widget-container\">\n\t\t\t\t\t\t\t\t\t<div class=\"row\"><div class=\"col-md-6 mb-30\"><div class=\"th-video\"><img decoding=\"async\" class=\"w-100\" src=\"https:\/\/themeholy.com\/wordpress\/test\/wp-content\/uploads\/2023\/03\/service_inner_1-300x198.jpg\" alt=\"service\" \/><br \/><i class=\"fas fa-play\"><\/i><\/div><\/div><div class=\"col-md-6 mb-30\"><h3 class=\"h4 mb-20\">Nuestro compromiso con la excelencia<\/h3><div class=\"checklist style3\"><ul><li><i class=\"fas fa-octagon-check\"><\/i>Centrado en sus necesidades \u00fanicas<\/li><li><i class=\"fas fa-octagon-check\"><\/i>Dedicado a su \u00e9xito<\/li><li><i class=\"fas fa-octagon-check\"><\/i>Proceso de implementaci\u00f3n simplificado<\/li><li><i class=\"fas fa-octagon-check\"><\/i>Apoyo a la transici\u00f3n sin riesgos<\/li><li><i class=\"fas fa-octagon-check\"><\/i>Su satisfacci\u00f3n es nuestra prioridad<\/li><\/ul><\/div><\/div><\/div>\t\t\t\t\t\t\t\t<\/div>\n\t\t\t\t<\/div>\n\t\t\t\t<div class=\"elementor-element elementor-element-2f98284c elementor-widget elementor-widget-tragafeature\" data-id=\"2f98284c\" data-element_type=\"widget\" data-widget_type=\"tragafeature.default\">\n\t\t\t\t<div class=\"elementor-widget-container\">\n\t\t\t\t\t<div class=\"service-feature-wrap\"><div class=\"service-feature\"><div class=\"service-feature_icon\"><img decoding=\"async\" src=\"https:\/\/fentech.es\/wp-content\/uploads\/2024\/11\/service_feature_1.svg\" alt=\"FENTECH\"  \/><\/div><div class=\"media-body\"><h4 class=\"service-feature_title\">Soluciones de producci\u00f3n de video din\u00e1micas<\/h4><p class=\"service-feature_text\">Estrategias personalizables dise\u00f1adas para mejorar la narrativa de su marca e involucrar a su audiencia<\/p><\/div><\/div><div class=\"service-feature\"><div class=\"service-feature_icon\"><img decoding=\"async\" src=\"https:\/\/fentech.es\/wp-content\/uploads\/2024\/11\/service_feature_2.svg\" alt=\"FENTECH\"  \/><\/div><div class=\"media-body\"><h4 class=\"service-feature_title\">Soporte dedicado 24 horas al d\u00eda, 7 d\u00edas a la semana<\/h4><p class=\"service-feature_text\">Nuestro equipo de expertos est\u00e1 disponible las 24 horas para ayudarle cuando lo necesite.<\/p><\/div><\/div><\/div>\t\t\t\t<\/div>\n\t\t\t\t<\/div>\n\t\t\t\t\t<\/div>\n\t\t\t\t<\/div>\n\t\t\t\t<section class=\"elementor-section elementor-top-section elementor-element elementor-element-7eab6b71 elementor-section-boxed elementor-section-height-default elementor-section-height-default\" data-id=\"7eab6b71\" data-element_type=\"section\">\n\t\t\t\t\t\t<div class=\"elementor-container elementor-column-gap-no\">\n\t\t\t\t\t<div class=\"elementor-column elementor-col-100 elementor-top-column elementor-element elementor-element-25db785c\" data-id=\"25db785c\" data-element_type=\"column\">\n\t\t\t<div class=\"elementor-widget-wrap elementor-element-populated\">\n\t\t\t\t\t\t<section class=\"elementor-section elementor-inner-section elementor-element elementor-element-3694897a elementor-section-full_width elementor-section-height-default elementor-section-height-default\" data-id=\"3694897a\" data-element_type=\"section\">\n\t\t\t\t\t\t<div class=\"elementor-container elementor-column-gap-no\">\n\t\t\t\t\t<div class=\"elementor-column elementor-col-50 elementor-inner-column elementor-element elementor-element-47939861 page-single\" data-id=\"47939861\" data-element_type=\"column\">\n\t\t\t<div class=\"elementor-widget-wrap elementor-element-populated\">\n\t\t\t\t\t\t<div class=\"elementor-element elementor-element-611d7fa9 elementor-widget elementor-widget-text-editor\" data-id=\"611d7fa9\" data-element_type=\"widget\" data-widget_type=\"text-editor.default\">\n\t\t\t\t<div class=\"elementor-widget-container\">\n\t\t\t\t\t\t\t\t\t<h3>Servicios integrales de producci\u00f3n de video<\/h3><p>C\u00f3mo crear narrativas visuales atractivas que conecten con su audiencia<\/p>\t\t\t\t\t\t\t\t<\/div>\n\t\t\t\t<\/div>\n\t\t\t\t<div class=\"elementor-element elementor-element-315ab5f7 elementor-widget elementor-widget-heading\" data-id=\"315ab5f7\" data-element_type=\"widget\" data-widget_type=\"heading.default\">\n\t\t\t\t<div class=\"elementor-widget-container\">\n\t\t\t\t\t<h4 class=\"elementor-heading-title elementor-size-default\">Preguntas sobre los servicios de producci\u00f3n de v\u00eddeo<\/h4>\t\t\t\t<\/div>\n\t\t\t\t<\/div>\n\t\t\t\t<div class=\"elementor-element elementor-element-53a8172c elementor-widget elementor-widget-tragafaq\" data-id=\"53a8172c\" data-element_type=\"widget\" data-widget_type=\"tragafaq.default\">\n\t\t\t\t<div class=\"elementor-widget-container\">\n\t\t\t\t\t<div class=\"accordion-area accordion\" id=\"faqAccordion\"><div class=\"accordion-card style2 active\"><div class=\"accordion-header\" id=\"collapse-item-1\"><button class=\"accordion-button\" type=\"button\" data-bs-toggle=\"collapse\" data-bs-target=\"#collapse-1\" aria-expanded=\"true\" aria-controls=\"collapse-1\">\u00bfCu\u00e1l es su enfoque en la producci\u00f3n de v\u00eddeo?<\/button><\/div><div id=\"collapse-1\" class=\"accordion-collapse collapse show\" aria-labelledby=\"collapse-item-1\" data-bs-parent=\"#faqAccordion\"><div class=\"accordion-body\"><p class=\"faq-text\">Nuestro proceso de producci\u00f3n de videos comienza con la comprensi\u00f3n de su visi\u00f3n y sus objetivos. Colaboramos estrechamente con usted para crear un guion gr\u00e1fico que describa los mensajes y elementos visuales clave. Desde la redacci\u00f3n del gui\u00f3n hasta la filmaci\u00f3n y la edici\u00f3n de posproducci\u00f3n, nos aseguramos de que cada aspecto se alinee con los objetivos de su marca. Nuestro objetivo es ofrecer contenido atractivo que resuene con su audiencia.<\/p><\/div><\/div><\/div><div class=\"accordion-card style2\"><div class=\"accordion-header\" id=\"collapse-item-2\"><button class=\"accordion-button collapsed\" type=\"button\" data-bs-toggle=\"collapse\" data-bs-target=\"#collapse-2\" aria-expanded=\"false\" aria-controls=\"collapse-2\">\u00bfCu\u00e1nto tiempo suele tardar en completarse un proyecto de v\u00eddeo?<\/button><\/div><div id=\"collapse-2\" class=\"accordion-collapse collapse\" aria-labelledby=\"collapse-item-2\" data-bs-parent=\"#faqAccordion\"><div class=\"accordion-body\"><p class=\"faq-text\">El cronograma de producci\u00f3n de videos var\u00eda seg\u00fan el alcance y la complejidad del proyecto. Los videos explicativos simples pueden demorar algunas semanas, mientras que las producciones m\u00e1s grandes con m\u00faltiples componentes pueden extenderse durante varios meses. Brindamos un cronograma detallado del proyecto durante la consulta inicial para mantenerlo informado en cada paso del proceso.<\/p><\/div><\/div><\/div><div class=\"accordion-card style2\"><div class=\"accordion-header\" id=\"collapse-item-3\"><button class=\"accordion-button collapsed\" type=\"button\" data-bs-toggle=\"collapse\" data-bs-target=\"#collapse-3\" aria-expanded=\"false\" aria-controls=\"collapse-3\">\u00bfQu\u00e9 tipo de soporte puedo esperar despu\u00e9s de la entrega del v\u00eddeo?<\/button><\/div><div id=\"collapse-3\" class=\"accordion-collapse collapse\" aria-labelledby=\"collapse-item-3\" data-bs-parent=\"#faqAccordion\"><div class=\"accordion-body\"><p class=\"faq-text\">El soporte de posproducci\u00f3n es fundamental para maximizar el impacto de su video. Ofrecemos asistencia con estrategias de distribuci\u00f3n, seguimiento del rendimiento y actualizaciones si es necesario. Nuestro equipo est\u00e1 dedicado a garantizar que su video contin\u00fae brindando resultados y satisfaga sus cambiantes necesidades de marketing.<\/p><\/div><\/div><\/div><\/div>\t\t\t\t<\/div>\n\t\t\t\t<\/div>\n\t\t\t\t\t<\/div>\n\t\t<\/div>\n\t\t\t\t<div class=\"elementor-column elementor-col-50 elementor-inner-column elementor-element elementor-element-46dcb8ee\" data-id=\"46dcb8ee\" data-element_type=\"column\">\n\t\t\t<div class=\"elementor-widget-wrap elementor-element-populated\">\n\t\t\t\t\t\t<div class=\"elementor-element elementor-element-576da3f2 elementor-widget elementor-widget-text-editor\" data-id=\"576da3f2\" data-element_type=\"widget\" data-widget_type=\"text-editor.default\">\n\t\t\t\t<div class=\"elementor-widget-container\">\n\t\t\t\t\t\t\t\t\t<div class=\"widget widget_download\"><h4 class=\"widget_title\">Descargar folleto<\/h4><div class=\"download-widget-wrap\"><i class=\"fa-light fa-file-pdf me-2\"><\/i>DESCARGAR PDF<br \/><i class=\"fa-light fa-file-lines me-2\"><\/i>DESCARGAR DOC<\/div><\/div>\t\t\t\t\t\t\t\t<\/div>\n\t\t\t\t<\/div>\n\t\t\t\t<div class=\"elementor-element elementor-element-415dc270 elementor-widget elementor-widget-text-editor\" data-id=\"415dc270\" data-element_type=\"widget\" data-widget_type=\"text-editor.default\">\n\t\t\t\t<div class=\"elementor-widget-container\">\n\t\t\t\t\t\t\t\t\t<div class=\"widget widget_banner\" data-bg-src=\"https:\/\/themeholy.com\/wordpress\/test\/wp-content\/uploads\/2023\/03\/widget_banner-1.jpg\"><div class=\"widget-banner\"><span class=\"text\">CONT\u00c1CTENOS AHORA<\/span><h2 class=\"title\">\u00bfNecesitas ayuda?<\/h2><p>OBTENGA UNA COTIZACI\u00d3N<i class=\"fas fa-arrow-right ms-2\"><\/i><\/p><\/div><\/div>\t\t\t\t\t\t\t\t<\/div>\n\t\t\t\t<\/div>\n\t\t\t\t\t<\/div>\n\t\t<\/div>\n\t\t\t\t\t<\/div>\n\t\t<\/section>\n\t\t\t\t\t<\/div>\n\t\t<\/div>\n\t\t\t\t\t<\/div>\n\t\t<\/section>\n\t\t\t\t<\/div>","protected":false},"excerpt":{"rendered":"<p>VIDEO PRODUCTION VIDEO PRODUCTION AND AD CREATION Delivering web perfection around the world According to Forbes experts, a video can increase conversion rate by 80% and increase profits by an average of 49%. An explainer video or movie is a landing page, conversion, or general movie. This is intended to illustrate your business, services, products,&#8230;<\/p>","protected":false},"author":1,"featured_media":0,"parent":0,"menu_order":0,"comment_status":"closed","ping_status":"closed","template":"template-builder.php","meta":{"footnotes":""},"class_list":["post-444","page","type-page","status-publish","hentry"],"_links":{"self":[{"href":"https:\/\/fentech.es\/es\/wp-json\/wp\/v2\/pages\/444","targetHints":{"allow":["GET"]}}],"collection":[{"href":"https:\/\/fentech.es\/es\/wp-json\/wp\/v2\/pages"}],"about":[{"href":"https:\/\/fentech.es\/es\/wp-json\/wp\/v2\/types\/page"}],"author":[{"embeddable":true,"href":"https:\/\/fentech.es\/es\/wp-json\/wp\/v2\/users\/1"}],"replies":[{"embeddable":true,"href":"https:\/\/fentech.es\/es\/wp-json\/wp\/v2\/comments?post=444"}],"version-history":[{"count":0,"href":"https:\/\/fentech.es\/es\/wp-json\/wp\/v2\/pages\/444\/revisions"}],"wp:attachment":[{"href":"https:\/\/fentech.es\/es\/wp-json\/wp\/v2\/media?parent=444"}],"curies":[{"name":"wp","href":"https:\/\/api.w.org\/{rel}","templated":true}]}}