{"id":421,"date":"2024-11-10T18:42:55","date_gmt":"2024-11-10T18:42:55","guid":{"rendered":"https:\/\/fentech.es\/?page_id=421"},"modified":"2025-07-27T01:56:44","modified_gmt":"2025-07-27T01:56:44","slug":"content-writing","status":"publish","type":"page","link":"https:\/\/fentech.es\/es\/content-writing\/","title":{"rendered":"Redacci\u00f3n de contenidos"},"content":{"rendered":"<div data-elementor-type=\"wp-page\" data-elementor-id=\"421\" class=\"elementor elementor-421\">\n\t\t\t\t\t\t<section class=\"elementor-section elementor-top-section elementor-element elementor-element-6761af59 elementor-section-boxed elementor-section-height-default elementor-section-height-default\" data-id=\"6761af59\" data-element_type=\"section\">\n\t\t\t\t\t\t<div class=\"elementor-container elementor-column-gap-no\">\n\t\t\t\t\t<div class=\"elementor-column elementor-col-100 elementor-top-column elementor-element elementor-element-29b1ef1f\" data-id=\"29b1ef1f\" data-element_type=\"column\">\n\t\t\t<div class=\"elementor-widget-wrap elementor-element-populated\">\n\t\t\t\t\t\t<section class=\"elementor-section elementor-inner-section elementor-element elementor-element-7c458cb7 elementor-section-full_width elementor-section-height-default elementor-section-height-default\" data-id=\"7c458cb7\" data-element_type=\"section\">\n\t\t\t\t\t\t<div class=\"elementor-container elementor-column-gap-no\">\n\t\t\t\t\t<div class=\"elementor-column elementor-col-50 elementor-inner-column elementor-element elementor-element-78c91ac7 page-single\" data-id=\"78c91ac7\" data-element_type=\"column\">\n\t\t\t<div class=\"elementor-widget-wrap elementor-element-populated\">\n\t\t\t\t\t\t<div class=\"elementor-element elementor-element-58530f7 page-img elementor-widget elementor-widget-image\" data-id=\"58530f7\" data-element_type=\"widget\" data-widget_type=\"image.default\">\n\t\t\t\t<div class=\"elementor-widget-container\">\n\t\t\t\t\t\t\t\t\t\t\t\t\t\t\t<img fetchpriority=\"high\" decoding=\"async\" width=\"640\" height=\"419\" src=\"https:\/\/fentech.es\/wp-content\/uploads\/2024\/11\/content-writing.jpg\" class=\"attachment-full size-full wp-image-423\" alt=\"\" srcset=\"https:\/\/fentech.es\/wp-content\/uploads\/2024\/11\/content-writing.jpg 640w, https:\/\/fentech.es\/wp-content\/uploads\/2024\/11\/content-writing-300x196.jpg 300w\" sizes=\"(max-width: 640px) 100vw, 640px\" \/>\t\t\t\t\t\t\t\t\t\t\t\t\t\t\t<\/div>\n\t\t\t\t<\/div>\n\t\t\t\t<div class=\"elementor-element elementor-element-3fbdb006 h3 page-title elementor-widget elementor-widget-heading\" data-id=\"3fbdb006\" data-element_type=\"widget\" data-widget_type=\"heading.default\">\n\t\t\t\t<div class=\"elementor-widget-container\">\n\t\t\t\t\t<h3 class=\"elementor-heading-title elementor-size-default\"><h2 style=\"font-family: Barlow, sans-serif\">REDACCI\u00d3N DE CONTENIDOS<\/h2><\/h3>\t\t\t\t<\/div>\n\t\t\t\t<\/div>\n\t\t\t\t<div class=\"elementor-element elementor-element-11e000a8 h3 page-title elementor-widget elementor-widget-heading\" data-id=\"11e000a8\" data-element_type=\"widget\" data-widget_type=\"heading.default\">\n\t\t\t\t<div class=\"elementor-widget-container\">\n\t\t\t\t\t<h3 class=\"elementor-heading-title elementor-size-default\">Get more business, more growth and multiple sales with FENTECH<\/h3>\t\t\t\t<\/div>\n\t\t\t\t<\/div>\n\t\t\t\t<div class=\"elementor-element elementor-element-4c843fd5 elementor-widget elementor-widget-text-editor\" data-id=\"4c843fd5\" data-element_type=\"widget\" data-widget_type=\"text-editor.default\">\n\t\t\t\t<div class=\"elementor-widget-container\">\n\t\t\t\t\t\t\t\t\t<p>Todo el contenido de la web es el rey del marketing y ninguna empresa, ya sea grande o peque\u00f1a, puede imaginar su supervivencia sin \u00e9l. Siendo nada menos que un salvador, tiene el m\u00e1ximo potencial para llevar su negocio a las alturas m\u00e1s altas.<br \/>El contenido sirve para comunicarse con su audiencia y transmitir su mensaje de manera eficaz. Todo lo que promueva una comunicaci\u00f3n eficaz es esencial, al igual que el contenido de su sitio web. Con el avance del marketing digital, cada vez m\u00e1s marcas conf\u00edan en nosotros para obtener los mejores servicios de redacci\u00f3n de contenido. Si el contenido se escribe y se utiliza de manera eficaz, traer\u00e1 muchos resultados positivos.<\/p><p>\u00a1Trabajamos con la m\u00e1xima dedicaci\u00f3n para satisfacer todas tus necesidades relacionadas con contenidos!<\/p><p>Try FENTECH\u2019s best content writing services and watch your business flourish! With our experienced team of writers who are well aware of every technicality in this field, we generate exponential results.<br \/>Mientras prueba nuestros servicios de redacci\u00f3n de contenido de primer nivel, nunca tendr\u00e1 que preocuparse por la calidad del contenido, \u00a1ya que ser\u00e1 el mejor!<\/p>\t\t\t\t\t\t\t\t<\/div>\n\t\t\t\t<\/div>\n\t\t\t\t\t<\/div>\n\t\t<\/div>\n\t\t\t\t<div class=\"elementor-column elementor-col-50 elementor-inner-column elementor-element elementor-element-2a275467\" data-id=\"2a275467\" data-element_type=\"column\">\n\t\t\t<div class=\"elementor-widget-wrap elementor-element-populated\">\n\t\t\t\t\t\t<div class=\"elementor-element elementor-element-5ccb3be8 elementor-hidden-tablet elementor-hidden-mobile elementor-widget elementor-widget-webteckshapeimage\" data-id=\"5ccb3be8\" data-element_type=\"widget\" data-widget_type=\"webteckshapeimage.default\">\n\t\t\t\t<div class=\"elementor-widget-container\">\n\t\t\t\t\t<!-- Image --><div class=\"shape-mockup  jump d-xxl-block d-xl-block d-lg-block\"><img decoding=\"async\" src=\"https:\/\/fentech.es\/wp-content\/uploads\/2025\/07\/Fentech-lg.png\" alt=\"Shape Image\" ><\/div><!-- End Image -->\t\t\t\t<\/div>\n\t\t\t\t<\/div>\n\t\t\t\t\t<\/div>\n\t\t<\/div>\n\t\t\t\t\t<\/div>\n\t\t<\/section>\n\t\t\t\t\t<\/div>\n\t\t<\/div>\n\t\t\t\t\t<\/div>\n\t\t<\/section>\n\t\t<div class=\"elementor-element elementor-element-5fde6562 e-flex e-con-boxed e-con e-parent\" data-id=\"5fde6562\" data-element_type=\"container\">\n\t\t\t\t\t<div class=\"e-con-inner\">\n\t\t\t\t<div class=\"elementor-element elementor-element-35a3a4de elementor-widget elementor-widget-webtecksectiontitle\" data-id=\"35a3a4de\" data-element_type=\"widget\" data-widget_type=\"webtecksectiontitle.default\">\n\t\t\t\t<div class=\"elementor-widget-container\">\n\t\t\t\t\t<div class=\"title-area\" ><span class=\"sub-title sub-title3 subtitle-selector\">Why FENTECH<\/span><\/div>\t\t\t\t<\/div>\n\t\t\t\t<\/div>\n\t\t\t\t<div class=\"elementor-element elementor-element-2b1eae8e elementor-widget elementor-widget-text-editor\" data-id=\"2b1eae8e\" data-element_type=\"widget\" data-widget_type=\"text-editor.default\">\n\t\t\t\t<div class=\"elementor-widget-container\">\n\t\t\t\t\t\t\t\t\t<p>El contenido eficaz y atractivo es la base del marketing digital. Es una herramienta fundamental para comunicar el mensaje de su marca, generar confianza con su audiencia e impulsar el crecimiento empresarial. Sin un contenido s\u00f3lido, las empresas pueden tener dificultades para generar un impacto duradero en un panorama online competitivo.<\/p><p>At FENTECH, we provide <strong>servicios profesionales de redacci\u00f3n de contenidos<\/strong> Dise\u00f1ado para ayudar a que su marca se destaque. Nuestro equipo de redactores expertos sabe c\u00f3mo crear contenido que no solo tenga eco en los lectores, sino que tambi\u00e9n mejore su rendimiento SEO. Desde blogs hasta p\u00e1ginas de destino, cada pieza est\u00e1 dise\u00f1ada para elevar su marca y respaldar sus objetivos de marketing.<\/p>\t\t\t\t\t\t\t\t<\/div>\n\t\t\t\t<\/div>\n\t\t\t\t\t<\/div>\n\t\t\t\t<\/div>\n\t\t<div class=\"elementor-element elementor-element-1c6d6f83 e-flex e-con-boxed e-con e-parent\" data-id=\"1c6d6f83\" data-element_type=\"container\">\n\t\t\t\t\t<div class=\"e-con-inner\">\n\t\t\t\t<div class=\"elementor-element elementor-element-67b82e06 elementor-widget elementor-widget-webtecksectiontitle\" data-id=\"67b82e06\" data-element_type=\"widget\" data-widget_type=\"webtecksectiontitle.default\">\n\t\t\t\t<div class=\"elementor-widget-container\">\n\t\t\t\t\t<div class=\"title-area\" ><span class=\"sub-title sub-title3 subtitle-selector\">Why Choose FENTECH\u2019s Content Writing Services?<\/span><\/div>\t\t\t\t<\/div>\n\t\t\t\t<\/div>\n\t\t\t\t\t<\/div>\n\t\t\t\t<\/div>\n\t\t<div class=\"elementor-element elementor-element-49f41e9d e-flex e-con-boxed e-con e-parent\" data-id=\"49f41e9d\" data-element_type=\"container\">\n\t\t\t\t\t<div class=\"e-con-inner\">\n\t\t\t\t<div class=\"elementor-element elementor-element-58e6e002 elementor-widget elementor-widget-text-editor\" data-id=\"58e6e002\" data-element_type=\"widget\" data-widget_type=\"text-editor.default\">\n\t\t\t\t<div class=\"elementor-widget-container\">\n\t\t\t\t\t\t\t\t\t<p><strong>1. Genere m\u00e1s tr\u00e1fico y llegue a m\u00e1s clientes<\/strong><br \/>Nuestro contenido est\u00e1 desarrollado estrat\u00e9gicamente para atraer tr\u00e1fico calificado y convertir a los visitantes en clientes. Con palabras clave investigadas exhaustivamente y estructuras de p\u00e1gina optimizadas, ayudamos a mejorar las clasificaciones y a atraer a la audiencia adecuada.<\/p><p><strong>2. Contenido orientado a resultados y centrado en SEO<\/strong><br \/>Nuestro enfoque combina palabras clave bien investigadas, pr\u00e1cticas recomendadas de SEO y una narrativa convincente para mejorar la visibilidad de su sitio y la experiencia del usuario. Los t\u00edtulos optimizados, las metadescripciones y el contenido espec\u00edfico ayudan a aumentar las tasas de clics y fomentan una mayor participaci\u00f3n del usuario.<\/p><p><strong>3. Soluciones integrales de marketing<\/strong><br \/>El marketing de contenidos basado en SEO es una de las formas m\u00e1s rentables de llegar a los usuarios que buscan activamente sus productos o servicios. Al utilizar nuestros servicios de contenido SEO, puede ahorrar en m\u00e9todos de salida como anuncios y llamadas en fr\u00edo, al tiempo que atrae visitantes valiosos y dispuestos a interactuar.<\/p><p><strong>4. Usabilidad mejorada del sitio web<\/strong><br \/>Una estrategia de contenido SEO s\u00f3lida tambi\u00e9n mejora la estructura del sitio web y los enlaces internos, lo que facilita la navegaci\u00f3n y la b\u00fasqueda de informaci\u00f3n valiosa por parte de los usuarios. Nuestro equipo se asegura de que su sitio web sea f\u00e1cil de usar y est\u00e9 dise\u00f1ado para mantener la atenci\u00f3n de los visitantes.<\/p><p><strong>5. Aumentar la visibilidad y la confianza de la marca<\/strong><br \/>Higher search rankings lead to greater exposure. With FENTECH, you\u2019ll gain visibility across the top search results, reinforcing your brand&#8217;s credibility. Appearing on the first page for targeted keywords not only drives traffic but also builds trust in your brand.<\/p><p><strong>Get Results with FENTECH<\/strong><br \/>When you choose FENTECH, you\u2019re choosing a partner dedicated to the success of your brand. Let us handle your content needs and see the difference it makes. With high-quality, SEO-friendly content, we\u2019ll help your business grow and achieve its full potential.<\/p>\t\t\t\t\t\t\t\t<\/div>\n\t\t\t\t<\/div>\n\t\t\t\t\t<\/div>\n\t\t\t\t<\/div>\n\t\t\t\t<section class=\"elementor-section elementor-top-section elementor-element elementor-element-20181b25 elementor-hidden-desktop elementor-hidden-tablet elementor-hidden-mobile elementor-section-boxed elementor-section-height-default elementor-section-height-default\" data-id=\"20181b25\" data-element_type=\"section\">\n\t\t\t\t\t\t<div class=\"elementor-container elementor-column-gap-no\">\n\t\t\t\t\t<div class=\"elementor-column elementor-col-100 elementor-top-column elementor-element elementor-element-3817c8ec\" data-id=\"3817c8ec\" data-element_type=\"column\">\n\t\t\t<div class=\"elementor-widget-wrap elementor-element-populated\">\n\t\t\t\t\t\t<div class=\"elementor-element elementor-element-36eba4fc elementor-widget elementor-widget-tragafeature\" data-id=\"36eba4fc\" data-element_type=\"widget\" data-widget_type=\"tragafeature.default\">\n\t\t\t\t<div class=\"elementor-widget-container\">\n\t\t\t\t\t<div class=\"service-feature-wrap\"><div class=\"service-feature\"><div class=\"service-feature_icon\"><img decoding=\"async\" src=\"https:\/\/fentech.es\/wp-content\/uploads\/2024\/11\/feature_card_1.png\" alt=\"FENTECH\"  \/><\/div><div class=\"media-body\"><h4 class=\"service-feature_title\">Servicio de Gesti\u00f3n de Datos<\/h4><p class=\"service-feature_text\">Maximizar intr\u00ednsecamente las mejores \u00e1reas tem\u00e1ticas estrat\u00e9gicas, mientras que las alineaciones premium. Realizar la transici\u00f3n de forma colaborativa con el cliente.<\/p><\/div><\/div><div class=\"service-feature\"><div class=\"service-feature_icon\"><img decoding=\"async\" src=\"https:\/\/fentech.es\/wp-content\/uploads\/2024\/11\/feature_card_3.png\" alt=\"FENTECH\"  \/><\/div><div class=\"media-body\"><h4 class=\"service-feature_title\">Soporte de clase mundial<\/h4><p class=\"service-feature_text\">Maximizar intr\u00ednsecamente las mejores \u00e1reas tem\u00e1ticas estrat\u00e9gicas, mientras que las alineaciones premium. Realizar la transici\u00f3n de forma colaborativa con el cliente.<\/p><\/div><\/div><div class=\"service-feature\"><div class=\"service-feature_icon\"><img decoding=\"async\" src=\"https:\/\/fentech.es\/wp-content\/uploads\/2024\/11\/feature_card_2.png\" alt=\"FENTECH\"  \/><\/div><div class=\"media-body\"><h4 class=\"service-feature_title\">Estrategia y consultor\u00eda de TI<\/h4><p class=\"service-feature_text\">Maximizar intr\u00ednsecamente las mejores \u00e1reas tem\u00e1ticas estrat\u00e9gicas, mientras que las alineaciones premium. Realizar la transici\u00f3n de forma colaborativa con el cliente.<\/p><\/div><\/div><\/div>\t\t\t\t<\/div>\n\t\t\t\t<\/div>\n\t\t\t\t\t<\/div>\n\t\t<\/div>\n\t\t\t\t\t<\/div>\n\t\t<\/section>\n\t\t<div class=\"elementor-element elementor-element-5c99f26b e-flex e-con-boxed e-con e-parent\" data-id=\"5c99f26b\" data-element_type=\"container\">\n\t\t\t\t\t<div class=\"e-con-inner\">\n\t\t\t\t<div class=\"elementor-element elementor-element-4459a3a1 elementor-widget elementor-widget-text-editor\" data-id=\"4459a3a1\" data-element_type=\"widget\" data-widget_type=\"text-editor.default\">\n\t\t\t\t<div class=\"elementor-widget-container\">\n\t\t\t\t\t\t\t\t\t<div class=\"row\"><div class=\"col-md-6 mb-30\"><div class=\"th-video\"><img decoding=\"async\" class=\"w-100\" src=\"https:\/\/themeholy.com\/wordpress\/test\/wp-content\/uploads\/2023\/03\/service_inner_1-300x198.jpg\" alt=\"service\" \/><br \/><i class=\"fas fa-play\"><\/i><\/div><\/div><div class=\"col-md-6 mb-30\"><h3 class=\"h4 mb-20\">Nuestro compromiso con la excelencia<\/h3><div class=\"checklist style3\"><ul><li><i class=\"fas fa-octagon-check\"><\/i>Centrado en sus necesidades \u00fanicas<\/li><li><i class=\"fas fa-octagon-check\"><\/i>Dedicado a su \u00e9xito<\/li><li><i class=\"fas fa-octagon-check\"><\/i>Proceso de implementaci\u00f3n simplificado<\/li><li><i class=\"fas fa-octagon-check\"><\/i>Apoyo a la transici\u00f3n sin riesgos<\/li><li><i class=\"fas fa-octagon-check\"><\/i>Su satisfacci\u00f3n es nuestra prioridad<\/li><\/ul><\/div><\/div><\/div>\t\t\t\t\t\t\t\t<\/div>\n\t\t\t\t<\/div>\n\t\t\t\t<div class=\"elementor-element elementor-element-524cb0cb elementor-widget elementor-widget-tragafeature\" data-id=\"524cb0cb\" data-element_type=\"widget\" data-widget_type=\"tragafeature.default\">\n\t\t\t\t<div class=\"elementor-widget-container\">\n\t\t\t\t\t<div class=\"service-feature-wrap\"><div class=\"service-feature\"><div class=\"service-feature_icon\"><img decoding=\"async\" src=\"https:\/\/fentech.es\/wp-content\/uploads\/2024\/11\/service_feature_1.svg\" alt=\"FENTECH\"  \/><\/div><div class=\"media-body\"><h4 class=\"service-feature_title\">Soluciones flexibles de redacci\u00f3n de contenidos<\/h4><p class=\"service-feature_text\">Dise\u00f1ado para adaptarse a las necesidades de su negocio y mejorar la eficiencia operativa<\/p><\/div><\/div><div class=\"service-feature\"><div class=\"service-feature_icon\"><img decoding=\"async\" src=\"https:\/\/fentech.es\/wp-content\/uploads\/2024\/11\/service_feature_2.svg\" alt=\"FENTECH\"  \/><\/div><div class=\"media-body\"><h4 class=\"service-feature_title\">Soporte dedicado 24 horas al d\u00eda, 7 d\u00edas a la semana<\/h4><p class=\"service-feature_text\">Nuestro equipo de expertos est\u00e1 disponible las 24 horas para ayudarle cuando lo necesite.<\/p><\/div><\/div><\/div>\t\t\t\t<\/div>\n\t\t\t\t<\/div>\n\t\t\t\t\t<\/div>\n\t\t\t\t<\/div>\n\t\t\t\t<section class=\"elementor-section elementor-top-section elementor-element elementor-element-6126ff09 elementor-section-boxed elementor-section-height-default elementor-section-height-default\" data-id=\"6126ff09\" data-element_type=\"section\">\n\t\t\t\t\t\t<div class=\"elementor-container elementor-column-gap-no\">\n\t\t\t\t\t<div class=\"elementor-column elementor-col-100 elementor-top-column elementor-element elementor-element-53c45d14\" data-id=\"53c45d14\" data-element_type=\"column\">\n\t\t\t<div class=\"elementor-widget-wrap elementor-element-populated\">\n\t\t\t\t\t\t<section class=\"elementor-section elementor-inner-section elementor-element elementor-element-363cab68 elementor-section-full_width elementor-section-height-default elementor-section-height-default\" data-id=\"363cab68\" data-element_type=\"section\">\n\t\t\t\t\t\t<div class=\"elementor-container elementor-column-gap-no\">\n\t\t\t\t\t<div class=\"elementor-column elementor-col-50 elementor-inner-column elementor-element elementor-element-1c954f19 page-single\" data-id=\"1c954f19\" data-element_type=\"column\">\n\t\t\t<div class=\"elementor-widget-wrap elementor-element-populated\">\n\t\t\t\t\t\t<div class=\"elementor-element elementor-element-5229fb7 elementor-widget elementor-widget-text-editor\" data-id=\"5229fb7\" data-element_type=\"widget\" data-widget_type=\"text-editor.default\">\n\t\t\t\t<div class=\"elementor-widget-container\">\n\t\t\t\t\t\t\t\t\t<p><strong>Servicios integrales de redacci\u00f3n de contenidos<\/strong><br \/>Creando contenido atractivo y personalizado para impulsar sus marcas<\/p>\t\t\t\t\t\t\t\t<\/div>\n\t\t\t\t<\/div>\n\t\t\t\t<div class=\"elementor-element elementor-element-5acc54df elementor-widget elementor-widget-heading\" data-id=\"5acc54df\" data-element_type=\"widget\" data-widget_type=\"heading.default\">\n\t\t\t\t<div class=\"elementor-widget-container\">\n\t\t\t\t\t<h4 class=\"elementor-heading-title elementor-size-default\">Preguntas sobre nuestros servicios de redacci\u00f3n de contenidos<\/h4>\t\t\t\t<\/div>\n\t\t\t\t<\/div>\n\t\t\t\t<div class=\"elementor-element elementor-element-40c44714 elementor-widget elementor-widget-tragafaq\" data-id=\"40c44714\" data-element_type=\"widget\" data-widget_type=\"tragafaq.default\">\n\t\t\t\t<div class=\"elementor-widget-container\">\n\t\t\t\t\t<div class=\"accordion-area accordion\" id=\"faqAccordion\"><div class=\"accordion-card style2 active\"><div class=\"accordion-header\" id=\"collapse-item-1\"><button class=\"accordion-button\" type=\"button\" data-bs-toggle=\"collapse\" data-bs-target=\"#collapse-1\" aria-expanded=\"true\" aria-controls=\"collapse-1\">\u00bfCu\u00e1l es su enfoque a la hora de redactar contenidos?<\/button><\/div><div id=\"collapse-1\" class=\"accordion-collapse collapse show\" aria-labelledby=\"collapse-item-1\" data-bs-parent=\"#faqAccordion\"><div class=\"accordion-body\"><p class=\"faq-text\">Nuestro enfoque de redacci\u00f3n de contenido comienza con un profundo conocimiento de la voz de su marca, su p\u00fablico objetivo y sus objetivos. Creamos contenido que no solo atrae a los lectores, sino que tambi\u00e9n se alinea con las mejores pr\u00e1cticas de SEO para maximizar la visibilidad en l\u00ednea. Cada pieza est\u00e1 dise\u00f1ada para resonar con su audiencia y respaldar sus objetivos de marketing.<\/p><\/div><\/div><\/div><div class=\"accordion-card style2\"><div class=\"accordion-header\" id=\"collapse-item-2\"><button class=\"accordion-button collapsed\" type=\"button\" data-bs-toggle=\"collapse\" data-bs-target=\"#collapse-2\" aria-expanded=\"false\" aria-controls=\"collapse-2\">\u00bfCu\u00e1nto tiempo se tarda en completar proyectos de redacci\u00f3n de contenidos?<\/button><\/div><div id=\"collapse-2\" class=\"accordion-collapse collapse\" aria-labelledby=\"collapse-item-2\" data-bs-parent=\"#faqAccordion\"><div class=\"accordion-body\"><p class=\"faq-text\">Los plazos var\u00edan seg\u00fan el alcance del proyecto y el tipo de contenido. Los proyectos m\u00e1s peque\u00f1os, como las publicaciones de blogs individuales, suelen completarse en unos pocos d\u00edas, mientras que los proyectos m\u00e1s grandes, como el contenido de un sitio web o las estrategias de contenido integrales, pueden llevar algunas semanas. Proporcionaremos un cronograma al comienzo para que todo siga seg\u00fan lo previsto.<\/p><\/div><\/div><\/div><div class=\"accordion-card style2\"><div class=\"accordion-header\" id=\"collapse-item-3\"><button class=\"accordion-button collapsed\" type=\"button\" data-bs-toggle=\"collapse\" data-bs-target=\"#collapse-3\" aria-expanded=\"false\" aria-controls=\"collapse-3\">\u00bfQu\u00e9 tipos de servicios de redacci\u00f3n de contenidos ofrece?<\/button><\/div><div id=\"collapse-3\" class=\"accordion-collapse collapse\" aria-labelledby=\"collapse-item-3\" data-bs-parent=\"#faqAccordion\"><div class=\"accordion-body\"><p class=\"faq-text\">Ofrecemos una gama completa de servicios de redacci\u00f3n de contenido, que incluyen publicaciones de blogs, contenido de sitios web, descripciones de productos, textos para correos electr\u00f3nicos y m\u00e1s. Nuestro equipo tiene experiencia en una variedad de industrias, por lo que adaptamos cada pieza a sus necesidades y audiencia espec\u00edficas.<\/p><\/div><\/div><\/div><div class=\"accordion-card style2\"><div class=\"accordion-header\" id=\"collapse-item-4\"><button class=\"accordion-button collapsed\" type=\"button\" data-bs-toggle=\"collapse\" data-bs-target=\"#collapse-4\" aria-expanded=\"false\" aria-controls=\"collapse-4\">\u00bfProporcion\u00e1is revisiones si es necesario?<\/button><\/div><div id=\"collapse-4\" class=\"accordion-collapse collapse\" aria-labelledby=\"collapse-item-4\" data-bs-parent=\"#faqAccordion\"><div class=\"accordion-body\"><p class=\"faq-text\">S\u00ed, la satisfacci\u00f3n del cliente es nuestra prioridad. Incluimos una cantidad determinada de revisiones para garantizar que el contenido cumpla con sus expectativas y refleje su marca con precisi\u00f3n. Nuestro objetivo es ofrecerle contenido con el que est\u00e9 completamente satisfecho.<\/p><\/div><\/div><\/div><div class=\"accordion-card style2\"><div class=\"accordion-header\" id=\"collapse-item-5\"><button class=\"accordion-button collapsed\" type=\"button\" data-bs-toggle=\"collapse\" data-bs-target=\"#collapse-5\" aria-expanded=\"false\" aria-controls=\"collapse-5\">\u00bfC\u00f3mo garantizar la calidad del contenido y la optimizaci\u00f3n SEO?<\/button><\/div><div id=\"collapse-5\" class=\"accordion-collapse collapse\" aria-labelledby=\"collapse-item-5\" data-bs-parent=\"#faqAccordion\"><div class=\"accordion-body\"><p class=\"faq-text\">Nuestros redactores est\u00e1n capacitados en t\u00e9cnicas de SEO, que incluyen optimizaci\u00f3n de palabras clave, metaetiquetas y estructura de contenido. Equilibramos el SEO con la legibilidad para asegurarnos de que el contenido sea atractivo y f\u00e1cil de buscar. Todo el contenido se edita y corrige cuidadosamente para mantener una alta calidad.\n\n<\/p><\/div><\/div><\/div><\/div>\t\t\t\t<\/div>\n\t\t\t\t<\/div>\n\t\t\t\t\t<\/div>\n\t\t<\/div>\n\t\t\t\t<div class=\"elementor-column elementor-col-50 elementor-inner-column elementor-element elementor-element-57ad98d5\" data-id=\"57ad98d5\" data-element_type=\"column\">\n\t\t\t<div class=\"elementor-widget-wrap elementor-element-populated\">\n\t\t\t\t\t\t<div class=\"elementor-element elementor-element-a639b3c elementor-widget elementor-widget-text-editor\" data-id=\"a639b3c\" data-element_type=\"widget\" data-widget_type=\"text-editor.default\">\n\t\t\t\t<div class=\"elementor-widget-container\">\n\t\t\t\t\t\t\t\t\t<div class=\"widget widget_download\"><h4 class=\"widget_title\">Descargar folleto<\/h4><div class=\"download-widget-wrap\"><i class=\"fa-light fa-file-pdf me-2\"><\/i>DESCARGAR PDF<br \/><i class=\"fa-light fa-file-lines me-2\"><\/i>DESCARGAR DOC<\/div><\/div>\t\t\t\t\t\t\t\t<\/div>\n\t\t\t\t<\/div>\n\t\t\t\t<div class=\"elementor-element elementor-element-defd48c elementor-widget elementor-widget-text-editor\" data-id=\"defd48c\" data-element_type=\"widget\" data-widget_type=\"text-editor.default\">\n\t\t\t\t<div class=\"elementor-widget-container\">\n\t\t\t\t\t\t\t\t\t<div class=\"widget widget_banner\" data-bg-src=\"https:\/\/themeholy.com\/wordpress\/test\/wp-content\/uploads\/2023\/03\/widget_banner-1.jpg\"><div class=\"widget-banner\"><span class=\"text\">CONT\u00c1CTENOS AHORA<\/span><h2 class=\"title\">\u00bfNecesitas ayuda?<\/h2><p>OBTENGA UNA COTIZACI\u00d3N<i class=\"fas fa-arrow-right ms-2\"><\/i><\/p><\/div><\/div>\t\t\t\t\t\t\t\t<\/div>\n\t\t\t\t<\/div>\n\t\t\t\t\t<\/div>\n\t\t<\/div>\n\t\t\t\t\t<\/div>\n\t\t<\/section>\n\t\t\t\t\t<\/div>\n\t\t<\/div>\n\t\t\t\t\t<\/div>\n\t\t<\/section>\n\t\t\t\t<\/div>","protected":false},"excerpt":{"rendered":"<p>CONTENT WRITING Get more business, more growth and multiple sales with FENTECH All content on the web is the king of marketing, and no business, whether big or small, can imagine its survival without it. Being no less than a savior, he has the maximum potential to take your business to the maximum heights.Content serves&#8230;<\/p>","protected":false},"author":1,"featured_media":0,"parent":0,"menu_order":0,"comment_status":"closed","ping_status":"closed","template":"template-builder.php","meta":{"footnotes":""},"class_list":["post-421","page","type-page","status-publish","hentry"],"_links":{"self":[{"href":"https:\/\/fentech.es\/es\/wp-json\/wp\/v2\/pages\/421","targetHints":{"allow":["GET"]}}],"collection":[{"href":"https:\/\/fentech.es\/es\/wp-json\/wp\/v2\/pages"}],"about":[{"href":"https:\/\/fentech.es\/es\/wp-json\/wp\/v2\/types\/page"}],"author":[{"embeddable":true,"href":"https:\/\/fentech.es\/es\/wp-json\/wp\/v2\/users\/1"}],"replies":[{"embeddable":true,"href":"https:\/\/fentech.es\/es\/wp-json\/wp\/v2\/comments?post=421"}],"version-history":[{"count":0,"href":"https:\/\/fentech.es\/es\/wp-json\/wp\/v2\/pages\/421\/revisions"}],"wp:attachment":[{"href":"https:\/\/fentech.es\/es\/wp-json\/wp\/v2\/media?parent=421"}],"curies":[{"name":"wp","href":"https:\/\/api.w.org\/{rel}","templated":true}]}}