{"id":400,"date":"2024-11-10T18:39:23","date_gmt":"2024-11-10T18:39:23","guid":{"rendered":"https:\/\/fentech.es\/?page_id=400"},"modified":"2025-07-27T01:50:54","modified_gmt":"2025-07-27T01:50:54","slug":"website-assessments","status":"publish","type":"page","link":"https:\/\/fentech.es\/es\/website-assessments\/","title":{"rendered":"Evaluaciones de sitios web"},"content":{"rendered":"<div data-elementor-type=\"wp-page\" data-elementor-id=\"400\" class=\"elementor elementor-400\">\n\t\t\t\t\t\t<section class=\"elementor-section elementor-top-section elementor-element elementor-element-59301b15 elementor-section-boxed elementor-section-height-default elementor-section-height-default\" data-id=\"59301b15\" data-element_type=\"section\">\n\t\t\t\t\t\t<div class=\"elementor-container elementor-column-gap-no\">\n\t\t\t\t\t<div class=\"elementor-column elementor-col-100 elementor-top-column elementor-element elementor-element-18a1c29d\" data-id=\"18a1c29d\" data-element_type=\"column\">\n\t\t\t<div class=\"elementor-widget-wrap elementor-element-populated\">\n\t\t\t\t\t\t<section class=\"elementor-section elementor-inner-section elementor-element elementor-element-1bd4644 elementor-section-full_width elementor-section-height-default elementor-section-height-default\" data-id=\"1bd4644\" data-element_type=\"section\">\n\t\t\t\t\t\t<div class=\"elementor-container elementor-column-gap-no\">\n\t\t\t\t\t<div class=\"elementor-column elementor-col-50 elementor-inner-column elementor-element elementor-element-59b0199 page-single\" data-id=\"59b0199\" data-element_type=\"column\">\n\t\t\t<div class=\"elementor-widget-wrap elementor-element-populated\">\n\t\t\t\t\t\t<div class=\"elementor-element elementor-element-25bbf1be page-img elementor-widget elementor-widget-image\" data-id=\"25bbf1be\" data-element_type=\"widget\" data-widget_type=\"image.default\">\n\t\t\t\t<div class=\"elementor-widget-container\">\n\t\t\t\t\t\t\t\t\t\t\t\t\t\t\t<img fetchpriority=\"high\" decoding=\"async\" width=\"1024\" height=\"1024\" src=\"https:\/\/fentech.es\/wp-content\/uploads\/2024\/12\/Royal-IT-Website-Assessments.jpg\" class=\"attachment-full size-full wp-image-949\" alt=\"\" srcset=\"https:\/\/fentech.es\/wp-content\/uploads\/2024\/12\/Royal-IT-Website-Assessments.jpg 1024w, https:\/\/fentech.es\/wp-content\/uploads\/2024\/12\/Royal-IT-Website-Assessments-300x300.jpg 300w, https:\/\/fentech.es\/wp-content\/uploads\/2024\/12\/Royal-IT-Website-Assessments-150x150.jpg 150w, https:\/\/fentech.es\/wp-content\/uploads\/2024\/12\/Royal-IT-Website-Assessments-768x768.jpg 768w, https:\/\/fentech.es\/wp-content\/uploads\/2024\/12\/Royal-IT-Website-Assessments-80x80.jpg 80w, https:\/\/fentech.es\/wp-content\/uploads\/2024\/12\/Royal-IT-Website-Assessments-140x140.jpg 140w\" sizes=\"(max-width: 1024px) 100vw, 1024px\" \/>\t\t\t\t\t\t\t\t\t\t\t\t\t\t\t<\/div>\n\t\t\t\t<\/div>\n\t\t\t\t<div class=\"elementor-element elementor-element-5d618b22 h3 page-title elementor-widget elementor-widget-heading\" data-id=\"5d618b22\" data-element_type=\"widget\" data-widget_type=\"heading.default\">\n\t\t\t\t<div class=\"elementor-widget-container\">\n\t\t\t\t\t<h3 class=\"elementor-heading-title elementor-size-default\"><h2 style=\"font-family: Barlow, sans-serif\">EVALUACIONES DE SITIOS WEB<\/h2><\/h3>\t\t\t\t<\/div>\n\t\t\t\t<\/div>\n\t\t\t\t<div class=\"elementor-element elementor-element-10bc3b85 h3 page-title elementor-widget elementor-widget-heading\" data-id=\"10bc3b85\" data-element_type=\"widget\" data-widget_type=\"heading.default\">\n\t\t\t\t<div class=\"elementor-widget-container\">\n\t\t\t\t\t<h3 class=\"elementor-heading-title elementor-size-default\">Garantizamos la excelencia web mediante evaluaciones integrales<\/h3>\t\t\t\t<\/div>\n\t\t\t\t<\/div>\n\t\t\t\t<div class=\"elementor-element elementor-element-297a7103 elementor-widget elementor-widget-text-editor\" data-id=\"297a7103\" data-element_type=\"widget\" data-widget_type=\"text-editor.default\">\n\t\t\t\t<div class=\"elementor-widget-container\">\n\t\t\t\t\t\t\t\t\t<section class=\"elementor-section elementor-top-section elementor-element elementor-element-50a93352 elementor-section-boxed elementor-section-height-default elementor-section-height-default\" data-id=\"50a93352\" data-element_type=\"section\" data-settings=\"{&quot;background_background&quot;:&quot;classic&quot;}\"><div class=\"elementor-container elementor-column-gap-default\"><div class=\"elementor-column elementor-col-100 elementor-top-column elementor-element elementor-element-584794b5\" data-id=\"584794b5\" data-element_type=\"column\"><div class=\"elementor-widget-wrap elementor-element-populated\"><section class=\"elementor-section elementor-inner-section elementor-element elementor-element-572ad64c elementor-section-boxed elementor-section-height-default elementor-section-height-default\" data-id=\"572ad64c\" data-element_type=\"section\"><div class=\"elementor-container elementor-column-gap-default\"><div class=\"elementor-column elementor-col-100 elementor-inner-column elementor-element elementor-element-683bf79e\" data-id=\"683bf79e\" data-element_type=\"column\"><div class=\"elementor-widget-wrap elementor-element-populated\"><section class=\"elementor-section elementor-inner-section elementor-element elementor-element-29215134 elementor-section-full_width elementor-section-height-default elementor-section-height-default\" data-id=\"29215134\" data-element_type=\"section\"><div class=\"elementor-container elementor-column-gap-default\"><div class=\"elementor-column elementor-col-100 elementor-inner-column elementor-element elementor-element-1b19e4cd\" data-id=\"1b19e4cd\" data-element_type=\"column\" data-settings=\"{&quot;background_background&quot;:&quot;classic&quot;}\"><div class=\"elementor-widget-wrap elementor-element-populated\"><div class=\"elementor-element elementor-element-325925e9 animated-fast elementor-widget elementor-widget-text-editor animated fadeInUp\" data-id=\"325925e9\" data-element_type=\"widget\" data-settings=\"{&quot;_animation_delay&quot;:100}\" data-widget_type=\"text-editor.default\"><div class=\"elementor-widget-container\"><div class=\"elementor-element elementor-element-27d65bcd elementor-widget elementor-widget-heading\" data-id=\"27d65bcd\" data-element_type=\"widget\" data-widget_type=\"heading.default\"><div class=\"elementor-widget-container\"><div class=\"elementor-element elementor-element-27d65bcd elementor-widget elementor-widget-heading\" data-id=\"27d65bcd\" data-element_type=\"widget\" data-widget_type=\"heading.default\"><div class=\"elementor-widget-container\"><p>En <strong>FENTECH<\/strong>, our website assessments go beyond surface-level checks, thoroughly examining every element critical to your website\u2019s success. We evaluate your site with a focus on aligning with your business goals, improving user engagement, enhancing security, and optimizing overall performance.<\/p><p><strong>Qu\u00e9 cubre nuestra evaluaci\u00f3n de sitio web<\/strong><\/p><ul><li><strong>Objetivos de negocio<\/strong>:Garantizar que el sitio web respalde eficazmente sus objetivos y su crecimiento.<\/li><li><strong>Dise\u00f1o UI\/UX<\/strong>:Mejorando la experiencia del usuario con un dise\u00f1o intuitivo y accesible.<\/li><li><strong>Anal\u00edtica<\/strong>:Identificar \u00e1reas de mejora a trav\u00e9s del an\u00e1lisis de datos.<\/li><li><strong>Seguridad<\/strong>:Proteja su sitio web de vulnerabilidades y garantice que los datos de los usuarios est\u00e9n seguros.<\/li><li><strong>Contenido<\/strong>:Garantizar que todo el contenido sea claro, relevante y optimizado para SEO.<\/li><li><strong>Tecnolog\u00eda<\/strong>:Comprobar software obsoleto y recomendar herramientas actualizadas.<\/li><\/ul><p><strong>\u00bfPor qu\u00e9 elegir una evaluaci\u00f3n de sitio web?<\/strong><br \/>Our assessment process helps identify hidden issues affecting your site\u2019s performance and offers solutions that drive better engagement and business results. With a <strong>FENTECH<\/strong> website assessment, you gain a roadmap to web excellence.<\/p><p><strong>Empiece hoy mismo<\/strong><br \/>\u00bfEst\u00e1 listo para aprovechar todo el potencial de su sitio web? Cont\u00e1ctenos para obtener una evaluaci\u00f3n integral y conocimientos pr\u00e1cticos que le permitan alcanzar un \u00e9xito duradero.<\/p><\/div><\/div><\/div><\/div><\/div><\/div><\/div><\/div><\/div><\/section><\/div><\/div><\/div><\/section><\/div><\/div><\/div><\/section>\t\t\t\t\t\t\t\t<\/div>\n\t\t\t\t<\/div>\n\t\t\t\t\t<\/div>\n\t\t<\/div>\n\t\t\t\t<div class=\"elementor-column elementor-col-50 elementor-inner-column elementor-element elementor-element-612941d0\" data-id=\"612941d0\" data-element_type=\"column\">\n\t\t\t<div class=\"elementor-widget-wrap elementor-element-populated\">\n\t\t\t\t\t\t<div class=\"elementor-element elementor-element-3875c469 elementor-hidden-tablet elementor-hidden-mobile elementor-widget elementor-widget-webteckshapeimage\" data-id=\"3875c469\" data-element_type=\"widget\" data-widget_type=\"webteckshapeimage.default\">\n\t\t\t\t<div class=\"elementor-widget-container\">\n\t\t\t\t\t<!-- Image --><div class=\"shape-mockup  jump d-xxl-block d-xl-block d-lg-block\"><img decoding=\"async\" src=\"https:\/\/fentech.es\/wp-content\/uploads\/2025\/07\/Fentech-lg.png\" alt=\"Shape Image\" ><\/div><!-- End Image -->\t\t\t\t<\/div>\n\t\t\t\t<\/div>\n\t\t\t\t\t<\/div>\n\t\t<\/div>\n\t\t\t\t\t<\/div>\n\t\t<\/section>\n\t\t\t\t\t<\/div>\n\t\t<\/div>\n\t\t\t\t\t<\/div>\n\t\t<\/section>\n\t\t<div class=\"elementor-element elementor-element-16f9d388 e-flex e-con-boxed e-con e-parent\" data-id=\"16f9d388\" data-element_type=\"container\">\n\t\t\t\t\t<div class=\"e-con-inner\">\n\t\t\t\t<div class=\"elementor-element elementor-element-354940fe elementor-widget elementor-widget-webtecksectiontitle\" data-id=\"354940fe\" data-element_type=\"widget\" data-widget_type=\"webtecksectiontitle.default\">\n\t\t\t\t<div class=\"elementor-widget-container\">\n\t\t\t\t\t<div class=\"title-area mb-25\" ><h2 class=\"sec-title mb-20   title-selector\">Priorizamos las vulnerabilidades reales<\/h2><p class=\"desc-selector\">La seguridad del sitio web es de suma importancia para proteger su marca, su negocio y su reputaci\u00f3n. Adem\u00e1s, ayuda a evitar p\u00e9rdidas financieras, incluido el cierre del sitio web de su empresa.<\/p><\/div>\t\t\t\t<\/div>\n\t\t\t\t<\/div>\n\t\t\t\t\t<\/div>\n\t\t\t\t<\/div>\n\t\t<div class=\"elementor-element elementor-element-4a39545f e-flex e-con-boxed e-con e-parent\" data-id=\"4a39545f\" data-element_type=\"container\">\n\t\t\t\t\t<div class=\"e-con-inner\">\n\t\t\t\t<div class=\"elementor-element elementor-element-4adede32 elementor-widget elementor-widget-webtecksectiontitle\" data-id=\"4adede32\" data-element_type=\"widget\" data-widget_type=\"webtecksectiontitle.default\">\n\t\t\t\t<div class=\"elementor-widget-container\">\n\t\t\t\t\t<div class=\"title-area mb-25\" ><h2 class=\"sec-title mb-20   title-selector\">Dise\u00f1o UI\/UX<\/h2><p class=\"desc-selector\">Te preparamos para el futuro con sitios web que impulsan negocios.<\/p><\/div>\t\t\t\t<\/div>\n\t\t\t\t<\/div>\n\t\t\t\t\t<\/div>\n\t\t\t\t<\/div>\n\t\t<div class=\"elementor-element elementor-element-237fea6d e-flex e-con-boxed e-con e-parent\" data-id=\"237fea6d\" data-element_type=\"container\">\n\t\t\t\t\t<div class=\"e-con-inner\">\n\t\t\t\t<div class=\"elementor-element elementor-element-27e0faab elementor-widget elementor-widget-webtecksectiontitle\" data-id=\"27e0faab\" data-element_type=\"widget\" data-widget_type=\"webtecksectiontitle.default\">\n\t\t\t\t<div class=\"elementor-widget-container\">\n\t\t\t\t\t<div class=\"title-area mb-25\" ><h2 class=\"sec-title mb-20   title-selector\">Marca<\/h2><p class=\"desc-selector\">Nuestra evaluaci\u00f3n de marca es un estudio integral que permite a los principales interesados \u200b\u200bde su empresa comprender la eficacia de su marca actual y determinar si se requiere una mayor inversi\u00f3n. No pierda su valioso tiempo y dinero en promesas vac\u00edas cuando nosotros garantizamos resultados.<\/p><\/div>\t\t\t\t<\/div>\n\t\t\t\t<\/div>\n\t\t\t\t\t<\/div>\n\t\t\t\t<\/div>\n\t\t<div class=\"elementor-element elementor-element-561cc1aa e-flex e-con-boxed e-con e-parent\" data-id=\"561cc1aa\" data-element_type=\"container\">\n\t\t\t\t\t<div class=\"e-con-inner\">\n\t\t\t\t<div class=\"elementor-element elementor-element-55efd81e elementor-widget elementor-widget-text-editor\" data-id=\"55efd81e\" data-element_type=\"widget\" data-widget_type=\"text-editor.default\">\n\t\t\t\t<div class=\"elementor-widget-container\">\n\t\t\t\t\t\t\t\t\t<div class=\"row\"><div class=\"col-md-6 mb-30\"><div class=\"th-video\"><img decoding=\"async\" class=\"w-100\" src=\"https:\/\/themeholy.com\/wordpress\/test\/wp-content\/uploads\/2023\/03\/service_inner_1-300x198.jpg\" alt=\"service\" \/><br \/><i class=\"fas fa-play\"><\/i><\/div><\/div><div class=\"col-md-6 mb-30\"><h3 class=\"h4 mb-20\">Nuestro compromiso con la excelencia<\/h3><div class=\"checklist style3\"><ul><li><i class=\"fas fa-octagon-check\"><\/i>Centrado en sus necesidades \u00fanicas<\/li><li><i class=\"fas fa-octagon-check\"><\/i>Dedicado a su \u00e9xito<\/li><li><i class=\"fas fa-octagon-check\"><\/i>Proceso de implementaci\u00f3n simplificado<\/li><li><i class=\"fas fa-octagon-check\"><\/i>Apoyo a la transici\u00f3n sin riesgos<\/li><li><i class=\"fas fa-octagon-check\"><\/i>Su satisfacci\u00f3n es nuestra prioridad<\/li><\/ul><\/div><\/div><\/div>\t\t\t\t\t\t\t\t<\/div>\n\t\t\t\t<\/div>\n\t\t\t\t<div class=\"elementor-element elementor-element-22eb1c27 elementor-widget elementor-widget-tragafeature\" data-id=\"22eb1c27\" data-element_type=\"widget\" data-widget_type=\"tragafeature.default\">\n\t\t\t\t<div class=\"elementor-widget-container\">\n\t\t\t\t\t<div class=\"service-feature-wrap\"><div class=\"service-feature\"><div class=\"service-feature_icon\"><img decoding=\"async\" src=\"https:\/\/fentech.es\/wp-content\/uploads\/2024\/11\/service_feature_1.svg\" alt=\"FENTECH\"  \/><\/div><div class=\"media-body\"><h4 class=\"service-feature_title\">Soluciones Web Flexibles<\/h4><p class=\"service-feature_text\">Dise\u00f1ado para adaptarse a las necesidades de su negocio y mejorar la eficiencia operativa<\/p><\/div><\/div><div class=\"service-feature\"><div class=\"service-feature_icon\"><img decoding=\"async\" src=\"https:\/\/fentech.es\/wp-content\/uploads\/2024\/11\/service_feature_2.svg\" alt=\"FENTECH\"  \/><\/div><div class=\"media-body\"><h4 class=\"service-feature_title\">Soporte dedicado 24 horas al d\u00eda, 7 d\u00edas a la semana<\/h4><p class=\"service-feature_text\">Nuestro equipo de expertos est\u00e1 disponible las 24 horas para ayudarle cuando lo necesite.<\/p><\/div><\/div><\/div>\t\t\t\t<\/div>\n\t\t\t\t<\/div>\n\t\t\t\t\t<\/div>\n\t\t\t\t<\/div>\n\t\t\t\t<\/div>","protected":false},"excerpt":{"rendered":"<p>WEBSITE ASSESSMENTS Delivering Web Excellence Through Comprehensive Assessments At FENTECH, our website assessments go beyond surface-level checks, thoroughly examining every element critical to your website\u2019s success. We evaluate your site with a focus on aligning with your business goals, improving user engagement, enhancing security, and optimizing overall performance. What Our Website Assessment Covers Business Objectives:&#8230;<\/p>","protected":false},"author":1,"featured_media":0,"parent":0,"menu_order":0,"comment_status":"closed","ping_status":"closed","template":"template-builder.php","meta":{"footnotes":""},"class_list":["post-400","page","type-page","status-publish","hentry"],"_links":{"self":[{"href":"https:\/\/fentech.es\/es\/wp-json\/wp\/v2\/pages\/400","targetHints":{"allow":["GET"]}}],"collection":[{"href":"https:\/\/fentech.es\/es\/wp-json\/wp\/v2\/pages"}],"about":[{"href":"https:\/\/fentech.es\/es\/wp-json\/wp\/v2\/types\/page"}],"author":[{"embeddable":true,"href":"https:\/\/fentech.es\/es\/wp-json\/wp\/v2\/users\/1"}],"replies":[{"embeddable":true,"href":"https:\/\/fentech.es\/es\/wp-json\/wp\/v2\/comments?post=400"}],"version-history":[{"count":0,"href":"https:\/\/fentech.es\/es\/wp-json\/wp\/v2\/pages\/400\/revisions"}],"wp:attachment":[{"href":"https:\/\/fentech.es\/es\/wp-json\/wp\/v2\/media?parent=400"}],"curies":[{"name":"wp","href":"https:\/\/api.w.org\/{rel}","templated":true}]}}