{"id":278,"date":"2024-11-10T18:05:59","date_gmt":"2024-11-10T18:05:59","guid":{"rendered":"https:\/\/fentech.es\/?page_id=278"},"modified":"2025-07-28T02:02:24","modified_gmt":"2025-07-28T02:02:24","slug":"about-us","status":"publish","type":"page","link":"https:\/\/fentech.es\/es\/about-us\/","title":{"rendered":"Sobre nosotros"},"content":{"rendered":"<div data-elementor-type=\"wp-page\" data-elementor-id=\"278\" class=\"elementor elementor-278\">\n\t\t\t\t\t\t<section class=\"elementor-section elementor-top-section elementor-element elementor-element-32935401 elementor-section-boxed elementor-section-height-default elementor-section-height-default\" data-id=\"32935401\" data-element_type=\"section\">\n\t\t\t\t\t\t<div class=\"elementor-container elementor-column-gap-default\">\n\t\t\t\t\t<div class=\"elementor-column elementor-col-100 elementor-top-column elementor-element elementor-element-b0db3fd\" data-id=\"b0db3fd\" data-element_type=\"column\">\n\t\t\t<div class=\"elementor-widget-wrap elementor-element-populated\">\n\t\t\t\t\t\t<section class=\"elementor-section elementor-inner-section elementor-element elementor-element-16c8a400 elementor-section-boxed elementor-section-height-default elementor-section-height-default\" data-id=\"16c8a400\" data-element_type=\"section\">\n\t\t\t\t\t\t<div class=\"elementor-container elementor-column-gap-no\">\n\t\t\t\t\t<div class=\"elementor-column elementor-col-50 elementor-inner-column elementor-element elementor-element-42e0bebf\" data-id=\"42e0bebf\" data-element_type=\"column\">\n\t\t\t<div class=\"elementor-widget-wrap elementor-element-populated\">\n\t\t\t\t\t\t<div class=\"elementor-element elementor-element-423db0fb elementor-widget elementor-widget-tragagroupimage\" data-id=\"423db0fb\" data-element_type=\"widget\" data-widget_type=\"tragagroupimage.default\">\n\t\t\t\t<div class=\"elementor-widget-container\">\n\t\t\t\t\t<div class=\"img-box3\"><div class=\"img1\"><img decoding=\"async\" src=\"https:\/\/fentech.es\/wp-content\/uploads\/2025\/07\/16.webp\" alt=\"FENTECH\"  \/><\/div><div class=\"img2\"><img decoding=\"async\" src=\"https:\/\/fentech.es\/wp-content\/uploads\/2024\/11\/about_2_2.jpg\" alt=\"FENTECH\"  \/><\/div><div class=\"img3\"><img decoding=\"async\" src=\"https:\/\/fentech.es\/wp-content\/uploads\/2024\/11\/about_2_3.jpg\" alt=\"FENTECH\"  \/><\/div><div class=\"shape1\"><img decoding=\"async\" src=\"https:\/\/fentech.es\/wp-content\/uploads\/2024\/11\/about_2_shape.png\" alt=\"FENTECH\"  \/><\/div><\/div>\t\t\t\t<\/div>\n\t\t\t\t<\/div>\n\t\t\t\t\t<\/div>\n\t\t<\/div>\n\t\t\t\t<div class=\"elementor-column elementor-col-50 elementor-inner-column elementor-element elementor-element-428517d2\" data-id=\"428517d2\" data-element_type=\"column\">\n\t\t\t<div class=\"elementor-widget-wrap elementor-element-populated\">\n\t\t\t\t\t\t<div class=\"elementor-element elementor-element-95cf73 elementor-widget elementor-widget-tragasectiontitle\" data-id=\"95cf73\" data-element_type=\"widget\" data-widget_type=\"tragasectiontitle.default\">\n\t\t\t\t<div class=\"elementor-widget-container\">\n\t\t\t\t\t<div class=\"title-area-wrap\"><div class=\"title-area mb-35\" ><span class=\"sub-title subtitle-selector\"><img decoding=\"async\" src=\"https:\/\/fentech.es\/wp-content\/uploads\/2024\/11\/title_shape_2.svg\" alt=\"FENTECH\"  class=\"icon me-2\" \/>ABOUT FENTECH<\/span><h2 class=\"sec-title title-selector translation-block\">Preparando la Mejor <span class=\"text-theme fw-normal\">Soluci\u00f3n de TI<\/span> para su Negocio<\/h2><\/div><p class=\"desc-selector mt-n2 mb-4\">Ofrecemos servicios integrales de TI que abarcan desde el desarrollo de software hasta el dise\u00f1o web y las soluciones de comercio electr\u00f3nico. Nuestras ofertas incluyen: Implementaci\u00f3n y gesti\u00f3n de ERP Desarrollo de software Desarrollo de aplicaciones m\u00f3viles Gesti\u00f3n de bases de datos Soluciones de red Ciberseguridad Computaci\u00f3n en la nube Consultor\u00eda de TI Gesti\u00f3n de infraestructura de TI Soporte de TI Dise\u00f1o web Desarrollo de aplicaciones web Desarrollo de PHP Desarrollo de aplicaciones web personalizadas Desarrollo de WordPress CMS Desarrollo de comercio electr\u00f3nico Tenemos una amplia experiencia trabajando con clientes de diversas industrias, tanto a nivel local como global, y nos enorgullecemos de ofrecer soluciones personalizadas para satisfacer sus requisitos \u00fanicos. Obtenga m\u00e1s informaci\u00f3n sobre nuestra amplia gama de servicios de TI.<\/p><\/div>\t\t\t\t<\/div>\n\t\t\t\t<\/div>\n\t\t\t\t<div class=\"elementor-element elementor-element-48eb01da elementor-widget elementor-widget-tragalist\" data-id=\"48eb01da\" data-element_type=\"widget\" data-widget_type=\"tragalist.default\">\n\t\t\t\t<div class=\"elementor-widget-container\">\n\t\t\t\t\t<div class=\"checklist style3\"><ul><li><i class=\"fa-solid fa-square-check\"><\/i>Reingenier\u00eda de sistemas TI con valor, mediante misi\u00f3n<\/li><li><i class=\"fa-solid fa-square-check\"><\/i>Dise\u00f1o y desarrollo de sitios web y aplicaciones m\u00f3viles<\/li><li><i class=\"fa-solid fa-square-check\"><\/i>Investigaci\u00f3n profesional de interfaz y experiencia de usuario<\/li><\/ul><\/div>\t\t\t\t<\/div>\n\t\t\t\t<\/div>\n\t\t\t\t<div class=\"elementor-element elementor-element-702a51c2 elementor-widget elementor-widget-tragabutton\" data-id=\"702a51c2\" data-element_type=\"widget\" data-widget_type=\"tragabutton.default\">\n\t\t\t\t<div class=\"elementor-widget-container\">\n\t\t\t\t\t<div class=\"btn-wrapper\"><a class=\"th-btn\" href=\"https:\/\/fentech.es\/es\/services\/\">DESCUBRE M\u00c1S<i class=\"far fa-arrow-right ms-2\"><\/i><\/a><\/div>\t\t\t\t<\/div>\n\t\t\t\t<\/div>\n\t\t\t\t\t<\/div>\n\t\t<\/div>\n\t\t\t\t\t<\/div>\n\t\t<\/section>\n\t\t\t\t\t<\/div>\n\t\t<\/div>\n\t\t\t\t\t<\/div>\n\t\t<\/section>\n\t\t\t\t<section class=\"elementor-section elementor-top-section elementor-element elementor-element-38c49003 elementor-section-full_width elementor-section-height-default elementor-section-height-default\" data-id=\"38c49003\" data-element_type=\"section\" data-settings=\"{&quot;background_background&quot;:&quot;classic&quot;}\">\n\t\t\t\t\t\t<div class=\"elementor-container elementor-column-gap-no\">\n\t\t\t\t\t<div class=\"elementor-column elementor-col-100 elementor-top-column elementor-element elementor-element-61ce33e9\" data-id=\"61ce33e9\" data-element_type=\"column\">\n\t\t\t<div class=\"elementor-widget-wrap\">\n\t\t\t\t\t\t\t<\/div>\n\t\t<\/div>\n\t\t\t\t\t<\/div>\n\t\t<\/section>\n\t\t\t\t<section class=\"elementor-section elementor-top-section elementor-element elementor-element-25210395 elementor-section-boxed elementor-section-height-default elementor-section-height-default\" data-id=\"25210395\" data-element_type=\"section\" data-settings=\"{&quot;background_background&quot;:&quot;classic&quot;}\">\n\t\t\t\t\t\t<div class=\"elementor-container elementor-column-gap-default\">\n\t\t\t\t\t<div class=\"elementor-column elementor-col-50 elementor-top-column elementor-element elementor-element-4191d85c\" data-id=\"4191d85c\" data-element_type=\"column\">\n\t\t\t<div class=\"elementor-widget-wrap elementor-element-populated\">\n\t\t\t\t\t\t<section class=\"elementor-section elementor-inner-section elementor-element elementor-element-95763f0 elementor-section-boxed elementor-section-height-default elementor-section-height-default\" data-id=\"95763f0\" data-element_type=\"section\">\n\t\t\t\t\t\t<div class=\"elementor-container elementor-column-gap-no\">\n\t\t\t\t\t<div class=\"elementor-column elementor-col-100 elementor-inner-column elementor-element elementor-element-5da0bb72\" data-id=\"5da0bb72\" data-element_type=\"column\">\n\t\t\t<div class=\"elementor-widget-wrap elementor-element-populated\">\n\t\t\t\t\t\t<div class=\"elementor-element elementor-element-262569db elementor-widget elementor-widget-tragasectiontitle\" data-id=\"262569db\" data-element_type=\"widget\" data-widget_type=\"tragasectiontitle.default\">\n\t\t\t\t<div class=\"elementor-widget-container\">\n\t\t\t\t\t<div class=\"title-area-wrap\"><div class=\"title-area mb-35\" ><span class=\"sub-title subtitle-selector\"><img decoding=\"async\" src=\"https:\/\/fentech.es\/wp-content\/uploads\/2024\/11\/title_shape_1-2-1.svg\" alt=\"FENTECH\"  class=\"icon me-2\" \/> \u00bfPOR QU\u00c9 ELEGIRNOS?<\/span><h2 class=\"sec-title title-selector\">Ofrecemos un servicio integral  <span class=\"text-theme\">Servicios profesionales de TI<\/span><\/h2><\/div><p class=\"desc-selector mt-n2 mb-4\">Abordamos todos los aspectos de sus necesidades de TI. Ya sea que necesite ayuda para mantener y modernizar su infraestructura de TI o resolver desaf\u00edos de infraestructura espec\u00edficos, tenemos la experiencia para ayudarlo. Nuestro equipo puede brindar soluciones a una variedad de problemas de infraestructura que las empresas suelen enfrentar. Conf\u00ede en nosotros para respaldar su infraestructura de TI y garantizar su eficiencia y eficacia.<\/p><\/div>\t\t\t\t<\/div>\n\t\t\t\t<\/div>\n\t\t\t\t\t<\/div>\n\t\t<\/div>\n\t\t\t\t\t<\/div>\n\t\t<\/section>\n\t\t\t\t<section class=\"elementor-section elementor-inner-section elementor-element elementor-element-3586566d elementor-section-boxed elementor-section-height-default elementor-section-height-default\" data-id=\"3586566d\" data-element_type=\"section\">\n\t\t\t\t\t\t<div class=\"elementor-container elementor-column-gap-no\">\n\t\t\t\t\t<div class=\"elementor-column elementor-col-50 elementor-inner-column elementor-element elementor-element-542417c9\" data-id=\"542417c9\" data-element_type=\"column\">\n\t\t\t<div class=\"elementor-widget-wrap elementor-element-populated\">\n\t\t\t\t\t\t<div class=\"elementor-element elementor-element-3a95e25c elementor-widget elementor-widget-tragalist\" data-id=\"3a95e25c\" data-element_type=\"widget\" data-widget_type=\"tragalist.default\">\n\t\t\t\t<div class=\"elementor-widget-container\">\n\t\t\t\t\t<div class=\"checklist style2\"><ul><li><i class=\"far fa-check\"><\/i>An\u00e1lisis de Big Data<\/li><li><i class=\"far fa-check\"><\/i>Soporte en l\u00ednea 24 horas al d\u00eda, 7 d\u00edas a la semana<\/li><li><i class=\"far fa-check\"><\/i>Mejora de negocios<\/li><\/ul><\/div>\t\t\t\t<\/div>\n\t\t\t\t<\/div>\n\t\t\t\t\t<\/div>\n\t\t<\/div>\n\t\t\t\t<div class=\"elementor-column elementor-col-50 elementor-inner-column elementor-element elementor-element-6a98d3d9\" data-id=\"6a98d3d9\" data-element_type=\"column\">\n\t\t\t<div class=\"elementor-widget-wrap elementor-element-populated\">\n\t\t\t\t\t\t<div class=\"elementor-element elementor-element-79b91ccd elementor-widget elementor-widget-tragalist\" data-id=\"79b91ccd\" data-element_type=\"widget\" data-widget_type=\"tragalist.default\">\n\t\t\t\t<div class=\"elementor-widget-container\">\n\t\t\t\t\t<div class=\"checklist style2\"><ul><li><i class=\"far fa-check\"><\/i>Seguridad de alta calidad<\/li><li><i class=\"far fa-check\"><\/i>Equipo de expertos disponible las 24 horas, los 7 d\u00edas de la semana<\/li><li><i class=\"far fa-check\"><\/i>Soluciones f\u00e1ciles<\/li><\/ul><\/div>\t\t\t\t<\/div>\n\t\t\t\t<\/div>\n\t\t\t\t\t<\/div>\n\t\t<\/div>\n\t\t\t\t\t<\/div>\n\t\t<\/section>\n\t\t\t\t\t<\/div>\n\t\t<\/div>\n\t\t\t\t<div class=\"elementor-column elementor-col-50 elementor-top-column elementor-element elementor-element-c5f3ccd\" data-id=\"c5f3ccd\" data-element_type=\"column\">\n\t\t\t<div class=\"elementor-widget-wrap elementor-element-populated\">\n\t\t\t\t\t\t<div class=\"elementor-element elementor-element-748613ad elementor-widget elementor-widget-tragagroupimage\" data-id=\"748613ad\" data-element_type=\"widget\" data-widget_type=\"tragagroupimage.default\">\n\t\t\t\t<div class=\"elementor-widget-container\">\n\t\t\t\t\t<div class=\"img-box5\"><div class=\"year-counter\"><h3 class=\"year-counter_number\"><span class=\"counter-number1\">15<\/span><\/h3><p class=\"year-counter_text\">A\u00f1os de experiencia<\/p><\/div><a href=\"http:\/\/yes\" class=\"order-btn\" rel=\"nofollow\"><\/a><\/div>\t\t\t\t<\/div>\n\t\t\t\t<\/div>\n\t\t\t\t\t<\/div>\n\t\t<\/div>\n\t\t\t\t\t<\/div>\n\t\t<\/section>\n\t\t\t\t<section class=\"elementor-section elementor-top-section elementor-element elementor-element-614eec31 elementor-section-full_width elementor-section-height-default elementor-section-height-default\" data-id=\"614eec31\" data-element_type=\"section\" data-settings=\"{&quot;background_background&quot;:&quot;classic&quot;}\">\n\t\t\t\t\t\t<div class=\"elementor-container elementor-column-gap-no\">\n\t\t\t\t\t<div class=\"elementor-column elementor-col-100 elementor-top-column elementor-element elementor-element-33522b59\" data-id=\"33522b59\" data-element_type=\"column\">\n\t\t\t<div class=\"elementor-widget-wrap\">\n\t\t\t\t\t\t\t<\/div>\n\t\t<\/div>\n\t\t\t\t\t<\/div>\n\t\t<\/section>\n\t\t\t\t<section class=\"elementor-section elementor-top-section elementor-element elementor-element-75a0be88 elementor-section-full_width elementor-section-height-default elementor-section-height-default\" data-id=\"75a0be88\" data-element_type=\"section\">\n\t\t\t\t\t\t<div class=\"elementor-container elementor-column-gap-default\">\n\t\t\t\t\t<div class=\"elementor-column elementor-col-100 elementor-top-column elementor-element elementor-element-42426772\" data-id=\"42426772\" data-element_type=\"column\">\n\t\t\t<div class=\"elementor-widget-wrap elementor-element-populated\">\n\t\t\t\t\t\t<section class=\"elementor-section elementor-inner-section elementor-element elementor-element-1a2319b9 arrow-wrap elementor-section-full_width elementor-section-height-default elementor-section-height-default\" data-id=\"1a2319b9\" data-element_type=\"section\">\n\t\t\t\t\t\t<div class=\"elementor-container elementor-column-gap-no\">\n\t\t\t\t\t<div class=\"elementor-column elementor-col-100 elementor-inner-column elementor-element elementor-element-7cb68874\" data-id=\"7cb68874\" data-element_type=\"column\">\n\t\t\t<div class=\"elementor-widget-wrap elementor-element-populated\">\n\t\t\t\t\t\t<div class=\"elementor-element elementor-element-1523b451 elementor-invisible elementor-widget elementor-widget-webteckfeatures\" data-id=\"1523b451\" data-element_type=\"widget\" data-settings=\"{&quot;_animation&quot;:&quot;slideInUp&quot;}\" data-widget_type=\"webteckfeatures.default\">\n\t\t\t\t<div class=\"elementor-widget-container\">\n\t\t\t\t\t<div class=\"row gy-4 justify-content-center\"><div class=\"col-xl-3 col-lg-4 col-md-6 feature-card-wrap2\"><div class=\"feature-card style2\"><div class=\"feature-card-icon\"><img decoding=\"async\" src=\"https:\/\/fentech.es\/wp-content\/uploads\/2024\/11\/Website-Development-abt.webp\" alt=\"FENTECH\"  \/><\/div><h3 class=\"box-title title-selector\">Desarrollo de sitios web<\/h3><p class=\"feature-card_text desc-selector\">Contamos con habilidades de programaci\u00f3n excepcionales que nos distinguen de otros desarrolladores web. Nuestra amplia experiencia nos distingue a\u00fan m\u00e1s en el campo.<\/p><\/div><\/div><div class=\"col-xl-3 col-lg-4 col-md-6 feature-card-wrap2\"><div class=\"feature-card style2\"><div class=\"feature-card-icon\"><img decoding=\"async\" src=\"https:\/\/fentech.es\/wp-content\/uploads\/2024\/11\/Marketing-Solutions-abt.webp\" alt=\"FENTECH\"  \/><\/div><h3 class=\"box-title title-selector\">Soluciones de marketing<\/h3><p class=\"feature-card_text desc-selector\">Priorice sus objetivos comerciales con nuestros servicios de dise\u00f1o web, ya sea aumentar los ingresos, vender productos o promocionar su marca.<\/p><\/div><\/div><div class=\"col-xl-3 col-lg-4 col-md-6 feature-card-wrap2\"><div class=\"feature-card style2\"><div class=\"feature-card-icon\"><img decoding=\"async\" src=\"https:\/\/fentech.es\/wp-content\/uploads\/2024\/11\/Applications-Development-abt.webp\" alt=\"FENTECH\"  \/><\/div><h3 class=\"box-title title-selector\">Desarrollo de aplicaciones<\/h3><p class=\"feature-card_text desc-selector\">FENTECH, we create mobile apps that are user-friendly, secure, and highly efficient to meet your unique requirements<\/p><\/div><\/div><\/div>\t\t\t\t<\/div>\n\t\t\t\t<\/div>\n\t\t\t\t\t<\/div>\n\t\t<\/div>\n\t\t\t\t\t<\/div>\n\t\t<\/section>\n\t\t\t\t\t<\/div>\n\t\t<\/div>\n\t\t\t\t\t<\/div>\n\t\t<\/section>\n\t\t\t\t<section class=\"elementor-section elementor-top-section elementor-element elementor-element-71aeba1a elementor-section-boxed elementor-section-height-default elementor-section-height-default\" data-id=\"71aeba1a\" data-element_type=\"section\">\n\t\t\t\t\t\t<div class=\"elementor-container elementor-column-gap-default\">\n\t\t\t\t\t<div class=\"elementor-column elementor-col-50 elementor-top-column elementor-element elementor-element-574e3661\" data-id=\"574e3661\" data-element_type=\"column\">\n\t\t\t<div class=\"elementor-widget-wrap elementor-element-populated\">\n\t\t\t\t\t\t<div class=\"elementor-element elementor-element-643433cd elementor-widget elementor-widget-tragagroupimage\" data-id=\"643433cd\" data-element_type=\"widget\" data-widget_type=\"tragagroupimage.default\">\n\t\t\t\t<div class=\"elementor-widget-container\">\n\t\t\t\t\t<div class=\"img-box3\"><div class=\"img1\"><img decoding=\"async\" src=\"https:\/\/fentech.es\/wp-content\/uploads\/2024\/11\/Services-We-Provide-abt-1.webp\" alt=\"FENTECH\"  \/><\/div><div class=\"img2\"><img decoding=\"async\" src=\"https:\/\/fentech.es\/wp-content\/uploads\/2024\/11\/Services-We-Provide-abt-2.webp\" alt=\"FENTECH\"  \/><\/div><div class=\"img3\"><img decoding=\"async\" src=\"https:\/\/fentech.es\/wp-content\/uploads\/2025\/07\/Fentech-lg.png\" alt=\"FENTECH\"  \/><\/div><\/div>\t\t\t\t<\/div>\n\t\t\t\t<\/div>\n\t\t\t\t\t<\/div>\n\t\t<\/div>\n\t\t\t\t<div class=\"elementor-column elementor-col-50 elementor-top-column elementor-element elementor-element-6af424fd\" data-id=\"6af424fd\" data-element_type=\"column\">\n\t\t\t<div class=\"elementor-widget-wrap elementor-element-populated\">\n\t\t\t\t\t\t<div class=\"elementor-element elementor-element-1d6a7a88 elementor-widget elementor-widget-tragasectiontitle\" data-id=\"1d6a7a88\" data-element_type=\"widget\" data-widget_type=\"tragasectiontitle.default\">\n\t\t\t\t<div class=\"elementor-widget-container\">\n\t\t\t\t\t<div class=\"title-area-wrap\"><div class=\"title-area\" ><span class=\"sub-title subtitle-selector\"><img decoding=\"async\" src=\"https:\/\/fentech.es\/wp-content\/uploads\/2024\/11\/title_shape_1-1-1.svg\" alt=\"FENTECH\"  class=\"icon me-2\" \/>Servicios que brindamos\n<\/span><h2 class=\"sec-title title-selector\">SERVICIOS DIGITALES  <span class=\"text-theme\">OFRECIDO<\/span><\/h2><\/div><\/div>\t\t\t\t<\/div>\n\t\t\t\t<\/div>\n\t\t\t\t<div class=\"elementor-element elementor-element-7b5093ad elementor-widget elementor-widget-text-editor\" data-id=\"7b5093ad\" data-element_type=\"widget\" data-widget_type=\"text-editor.default\">\n\t\t\t\t<div class=\"elementor-widget-container\">\n\t\t\t\t\t\t\t\t\t<p><strong>Desarrollo de sitios web<\/strong><br \/>No solo tenemos excelentes habilidades de programaci\u00f3n. Nuestra experiencia nos distingue de otros desarrolladores web.<\/p><p><strong>Desarrollo m\u00f3vil<\/strong><br \/>Cree software empresarial complejo, garantice una integraci\u00f3n de software confiable y modernice su sistema heredado.<\/p><p><strong>Desarrollo de software<\/strong><br \/>Aproveche nuestra experiencia en desarrollo de software para crear aplicaciones s\u00f3lidas y escalables adaptadas a las necesidades de su negocio.<\/p><p><strong>Implementaci\u00f3n de ERP<\/strong><br \/>Aproveche nuestra experiencia en implementaci\u00f3n de ERP para optimizar sus procesos comerciales, mejorar la precisi\u00f3n de los datos y mejorar la productividad en toda su organizaci\u00f3n.<\/p>\t\t\t\t\t\t\t\t<\/div>\n\t\t\t\t<\/div>\n\t\t\t\t<div class=\"elementor-element elementor-element-13ea846b elementor-widget-tablet__width-initial ms-auto me-auto elementor-widget elementor-widget-tragafeature\" data-id=\"13ea846b\" data-element_type=\"widget\" data-widget_type=\"tragafeature.default\">\n\t\t\t\t<div class=\"elementor-widget-container\">\n\t\t\t\t\t<div class=\"about-feature-wrap\"><div class=\"about-feature\"><div class=\"about-feature_icon\"><img decoding=\"async\" src=\"https:\/\/fentech.es\/wp-content\/uploads\/2024\/11\/about_feature_1_1.svg\" alt=\"FENTECH\"  \/><\/div><div class=\"media-body\"><h3 class=\"about-feature_title\">Empresa Certificada<\/h3><p class=\"about-feature_text\">Los mejores servicios de provisi\u00f3n de habilidades<\/p><\/div><\/div><div class=\"about-feature\"><div class=\"about-feature_icon\"><img decoding=\"async\" src=\"https:\/\/fentech.es\/wp-content\/uploads\/2024\/11\/about_feature_1_2.svg\" alt=\"FENTECH\"  \/><\/div><div class=\"media-body\"><h3 class=\"about-feature_title\">Equipo Expart<\/h3><p class=\"about-feature_text\">Equipo 100% Experto<\/p><\/div><\/div><\/div>\t\t\t\t<\/div>\n\t\t\t\t<\/div>\n\t\t\t\t<div class=\"elementor-element elementor-element-4b9480c6 elementor-widget-tablet__width-initial ms-xl-0 ms-auto me-auto elementor-widget elementor-widget-tragagroupbutton\" data-id=\"4b9480c6\" data-element_type=\"widget\" data-widget_type=\"tragagroupbutton.default\">\n\t\t\t\t<div class=\"elementor-widget-container\">\n\t\t\t\t\t<div  class=\"btn-group justify-content-left\"><a href=\"https:\/\/fentech.es\/es\/services\/\" class=\"th-btn\">Descubra m\u00e1s<i class=\"far fa-arrow-right ms-2\"><\/i><\/a><div class=\"call-btn\"><div class=\"play-btn\"><i class=\"fas fa-phone\"><\/i><\/div><div class=\"media-body\"><span class=\"btn-text\">Ll\u00e1manos al:<\/span><a href=\"tel:+34634165206\" class=\"btn-title\">+34 634 16 52 06<\/a><\/div><\/div><\/div>\t\t\t\t<\/div>\n\t\t\t\t<\/div>\n\t\t\t\t\t<\/div>\n\t\t<\/div>\n\t\t\t\t\t<\/div>\n\t\t<\/section>\n\t\t\t\t<\/div>","protected":false},"excerpt":{"rendered":"<p>ABOUT FENTECH Preparing For Your Business Provide Best IT Solution We provide comprehensive IT services covering everything from software development to web design and e-commerce solutions. Our offerings include: ERP Implementation and Management Software development Mobile app development Database management Network solutions Cybersecurity Cloud computing IT consulting IT infrastructure management IT support Web design Web&#8230;<\/p>","protected":false},"author":1,"featured_media":0,"parent":0,"menu_order":0,"comment_status":"closed","ping_status":"closed","template":"template-builder.php","meta":{"footnotes":""},"class_list":["post-278","page","type-page","status-publish","hentry"],"_links":{"self":[{"href":"https:\/\/fentech.es\/es\/wp-json\/wp\/v2\/pages\/278","targetHints":{"allow":["GET"]}}],"collection":[{"href":"https:\/\/fentech.es\/es\/wp-json\/wp\/v2\/pages"}],"about":[{"href":"https:\/\/fentech.es\/es\/wp-json\/wp\/v2\/types\/page"}],"author":[{"embeddable":true,"href":"https:\/\/fentech.es\/es\/wp-json\/wp\/v2\/users\/1"}],"replies":[{"embeddable":true,"href":"https:\/\/fentech.es\/es\/wp-json\/wp\/v2\/comments?post=278"}],"version-history":[{"count":0,"href":"https:\/\/fentech.es\/es\/wp-json\/wp\/v2\/pages\/278\/revisions"}],"wp:attachment":[{"href":"https:\/\/fentech.es\/es\/wp-json\/wp\/v2\/media?parent=278"}],"curies":[{"name":"wp","href":"https:\/\/api.w.org\/{rel}","templated":true}]}}