{"id":711,"date":"2024-11-17T17:41:16","date_gmt":"2024-11-17T17:41:16","guid":{"rendered":"https:\/\/fentech.es\/?page_id=711"},"modified":"2024-11-17T17:57:20","modified_gmt":"2024-11-17T17:57:20","slug":"services","status":"publish","type":"page","link":"https:\/\/fentech.es\/de\/services\/","title":{"rendered":"Dienstleistungen"},"content":{"rendered":"<div data-elementor-type=\"wp-page\" data-elementor-id=\"711\" class=\"elementor elementor-711\">\n\t\t\t\t\t\t<section class=\"elementor-section elementor-top-section elementor-element elementor-element-e25fae1 elementor-section-full_width elementor-section-stretched elementor-section-height-default elementor-section-height-default\" data-id=\"e25fae1\" data-element_type=\"section\" data-settings=\"{&quot;background_background&quot;:&quot;classic&quot;,&quot;stretch_section&quot;:&quot;section-stretched&quot;}\">\n\t\t\t\t\t\t<div class=\"elementor-container elementor-column-gap-no\">\n\t\t\t\t\t<div class=\"elementor-column elementor-col-100 elementor-top-column elementor-element elementor-element-d0b850e\" data-id=\"d0b850e\" data-element_type=\"column\">\n\t\t\t<div class=\"elementor-widget-wrap elementor-element-populated\">\n\t\t\t\t\t\t<section class=\"elementor-section elementor-inner-section elementor-element elementor-element-03d4166 elementor-section-content-middle elementor-section-boxed elementor-section-height-default elementor-section-height-default\" data-id=\"03d4166\" data-element_type=\"section\">\n\t\t\t\t\t\t<div class=\"elementor-container elementor-column-gap-no\">\n\t\t\t\t\t<div class=\"elementor-column elementor-col-100 elementor-inner-column elementor-element elementor-element-f95a6c5\" data-id=\"f95a6c5\" data-element_type=\"column\">\n\t\t\t<div class=\"elementor-widget-wrap elementor-element-populated\">\n\t\t\t\t\t\t<div class=\"elementor-element elementor-element-2d026ba elementor-widget elementor-widget-tragasectiontitle\" data-id=\"2d026ba\" data-element_type=\"widget\" data-widget_type=\"tragasectiontitle.default\">\n\t\t\t\t<div class=\"elementor-widget-container\">\n\t\t\t\t\t<div class=\"title-area-wrap\"><div class=\"title-area\" ><span class=\"sub-title subtitle-selector\"><img decoding=\"async\" src=\"https:\/\/fentech.es\/wp-content\/uploads\/2024\/11\/title_shape_2.svg\" alt=\"FENTECH\"  class=\"icon me-2\" \/>Featured Solutions<\/span><h2 class=\"sec-title title-selector\">Wir bieten exklusiven Service f\u00fcr <span class=\"text-theme\">Ihr Unternehmen<\/span><\/h2><\/div><\/div>\t\t\t\t<\/div>\n\t\t\t\t<\/div>\n\t\t\t\t\t<\/div>\n\t\t<\/div>\n\t\t\t\t\t<\/div>\n\t\t<\/section>\n\t\t\t\t<section class=\"elementor-section elementor-inner-section elementor-element elementor-element-c1d7f82 elementor-section-boxed elementor-section-height-default elementor-section-height-default\" data-id=\"c1d7f82\" data-element_type=\"section\">\n\t\t\t\t\t\t<div class=\"elementor-container elementor-column-gap-no\">\n\t\t\t\t\t<div class=\"elementor-column elementor-col-100 elementor-inner-column elementor-element elementor-element-da95d46\" data-id=\"da95d46\" data-element_type=\"column\">\n\t\t\t<div class=\"elementor-widget-wrap elementor-element-populated\">\n\t\t\t\t\t\t<div class=\"elementor-element elementor-element-6c2a792 elementor-widget elementor-widget-tragaservice\" data-id=\"6c2a792\" data-element_type=\"widget\" data-widget_type=\"tragaservice.default\">\n\t\t\t\t<div class=\"elementor-widget-container\">\n\t\t\t\t\t\t\t\t<div class=\"service-style2\">\r\n\t\t\t\t<div class=\"row gy-4\">\r\n\t\t\t\t\t\t\t\t\t\t\t<div class=\"col-md-6 col-xl-4\">\r\n\t\t\t\t\t\t\t<div class=\"service-card elementor-box\">\r\n\t\t\t\t\t\t\t\t<div class=\"service-card_number\">01<\/div>\r\n\t\t\t\t\t\t\t\t\t\t\t\t\t\t\t\t\t<div class=\"shape-icon\">\r\n\t\t\t\t\t\t\t\t\t\t<img decoding=\"async\" src=\"https:\/\/fentech.es\/wp-content\/uploads\/2024\/11\/service_card_1.svg\" alt=\"FENTECH\"  \/>\t\t\t\t\t\t\t\t\t\t<span class=\"dots\"><\/span>\r\n\t\t\t\t\t\t\t\t\t<\/div>\r\n\t\t\t\t\t\t\t\t\t\t\t\t\t\t\t\t\t\t\t\t\t\t\t\t\t<h3 class=\"box-title\"><a href=\"https:\/\/fentech.es\/de\/erp-implementation\/\">ERP-Implementierung<\/a><\/h3>\r\n\t\t\t\t\t\t\t\t\t\t\t\t\t\t\t\t\t\t\t\t\t\t\t\t\t<p class=\"service-card_text\">Wir bieten umfassende ERP-Implementierungsservices, die von der ersten Beratung und Systemgestaltung bis hin zur Bereitstellung und anschlie\u00dfenden Unterst\u00fctzung nach der Implementierung reichen \n\n<\/p>\r\n\t\t\t\t\t\t\t\t\t\t\t\t\t\t\t\t<a href=\"https:\/\/fentech.es\/de\/erp-implementation\/\" class=\"th-btn\">Mehr erfahren<i class=\"fa-regular fa-arrow-right ms-2\"><\/i><\/a>\r\n\t\t\t\t\t\t\t\t\t\t\t\t\t\t\t\t\t<div class=\"bg-shape\">\r\n\t\t\t\t\t\t\t\t\t\t<img decoding=\"async\" src=\"https:\/\/fentech.es\/wp-content\/uploads\/2024\/11\/service_card_bg.png\" alt=\"FENTECH\"  \/>\t\t\t\t\t\t\t\t\t<\/div>\r\n\t\t\t\t\t\t\t\t\t\t\t\t\t\t\t<\/div>\r\n\t\t\t\t\t\t<\/div>\r\n\t\t\t\t\t\t\t\t\t\t\t<div class=\"col-md-6 col-xl-4\">\r\n\t\t\t\t\t\t\t<div class=\"service-card elementor-box\">\r\n\t\t\t\t\t\t\t\t<div class=\"service-card_number\">02<\/div>\r\n\t\t\t\t\t\t\t\t\t\t\t\t\t\t\t\t\t<div class=\"shape-icon\">\r\n\t\t\t\t\t\t\t\t\t\t<img decoding=\"async\" src=\"https:\/\/fentech.es\/wp-content\/uploads\/2024\/11\/service_card_2.svg\" alt=\"FENTECH\"  \/>\t\t\t\t\t\t\t\t\t\t<span class=\"dots\"><\/span>\r\n\t\t\t\t\t\t\t\t\t<\/div>\r\n\t\t\t\t\t\t\t\t\t\t\t\t\t\t\t\t\t\t\t\t\t\t\t\t\t<h3 class=\"box-title\"><a href=\"https:\/\/fentech.es\/de\/cad-design-engineering\/\">\nCAD-Konstruktion<\/a><\/h3>\r\n\t\t\t\t\t\t\t\t\t\t\t\t\t\t\t\t\t\t\t\t\t\t\t\t\t<p class=\"service-card_text\">Pr\u00e4zise CAD-L\u00f6sungen f\u00fcr innovatives Produktdesign, fortgeschrittenes Prototyping und detaillierte Entwicklung, ma\u00dfgeschneidert auf die vielf\u00e4ltigen Anforderungen verschiedener Branchen<\/p>\r\n\t\t\t\t\t\t\t\t\t\t\t\t\t\t\t\t<a href=\"https:\/\/fentech.es\/de\/cad-design-engineering\/\" class=\"th-btn\">Mehr erfahren<i class=\"fa-regular fa-arrow-right ms-2\"><\/i><\/a>\r\n\t\t\t\t\t\t\t\t\t\t\t\t\t\t\t\t\t<div class=\"bg-shape\">\r\n\t\t\t\t\t\t\t\t\t\t<img decoding=\"async\" src=\"https:\/\/fentech.es\/wp-content\/uploads\/2024\/11\/service_card_bg.png\" alt=\"FENTECH\"  \/>\t\t\t\t\t\t\t\t\t<\/div>\r\n\t\t\t\t\t\t\t\t\t\t\t\t\t\t\t<\/div>\r\n\t\t\t\t\t\t<\/div>\r\n\t\t\t\t\t\t\t\t\t\t\t<div class=\"col-md-6 col-xl-4\">\r\n\t\t\t\t\t\t\t<div class=\"service-card elementor-box\">\r\n\t\t\t\t\t\t\t\t<div class=\"service-card_number\">03<\/div>\r\n\t\t\t\t\t\t\t\t\t\t\t\t\t\t\t\t\t<div class=\"shape-icon\">\r\n\t\t\t\t\t\t\t\t\t\t<img decoding=\"async\" src=\"https:\/\/fentech.es\/wp-content\/uploads\/2024\/11\/service_card_3.svg\" alt=\"FENTECH\"  \/>\t\t\t\t\t\t\t\t\t\t<span class=\"dots\"><\/span>\r\n\t\t\t\t\t\t\t\t\t<\/div>\r\n\t\t\t\t\t\t\t\t\t\t\t\t\t\t\t\t\t\t\t\t\t\t\t\t\t<h3 class=\"box-title\"><a href=\"https:\/\/fentech.es\/de\/software-development\/\">Softwareentwicklung<\/a><\/h3>\r\n\t\t\t\t\t\t\t\t\t\t\t\t\t\t\t\t\t\t\t\t\t\t\t\t\t<p class=\"service-card_text\">Unser Team erfahrener Entwickler erstellt ma\u00dfgeschneiderte Softwarel\u00f6sungen, die darauf abzielen, Prozesse zu optimieren, die Produktivit\u00e4t zu steigern und Ihre Gesch\u00e4ftswachstumsziele zu unterst\u00fctzen<\/p>\r\n\t\t\t\t\t\t\t\t\t\t\t\t\t\t\t\t<a href=\"https:\/\/fentech.es\/de\/software-development\/\" class=\"th-btn\">Mehr erfahren<i class=\"fa-regular fa-arrow-right ms-2\"><\/i><\/a>\r\n\t\t\t\t\t\t\t\t\t\t\t\t\t\t\t\t\t<div class=\"bg-shape\">\r\n\t\t\t\t\t\t\t\t\t\t<img decoding=\"async\" src=\"https:\/\/fentech.es\/wp-content\/uploads\/2024\/11\/service_card_bg.png\" alt=\"FENTECH\"  \/>\t\t\t\t\t\t\t\t\t<\/div>\r\n\t\t\t\t\t\t\t\t\t\t\t\t\t\t\t<\/div>\r\n\t\t\t\t\t\t<\/div>\r\n\t\t\t\t\t\t\t\t\t\t\t<div class=\"col-md-6 col-xl-4\">\r\n\t\t\t\t\t\t\t<div class=\"service-card elementor-box\">\r\n\t\t\t\t\t\t\t\t<div class=\"service-card_number\">04<\/div>\r\n\t\t\t\t\t\t\t\t\t\t\t\t\t\t\t\t\t<div class=\"shape-icon\">\r\n\t\t\t\t\t\t\t\t\t\t<img decoding=\"async\" src=\"https:\/\/fentech.es\/wp-content\/uploads\/2024\/11\/service_card_4-1.svg\" alt=\"FENTECH\"  \/>\t\t\t\t\t\t\t\t\t\t<span class=\"dots\"><\/span>\r\n\t\t\t\t\t\t\t\t\t<\/div>\r\n\t\t\t\t\t\t\t\t\t\t\t\t\t\t\t\t\t\t\t\t\t\t\t\t\t<h3 class=\"box-title\"><a href=\"https:\/\/fentech.es\/de\/web-development\/\">E-Commerce-L\u00f6sungen<\/a><\/h3>\r\n\t\t\t\t\t\t\t\t\t\t\t\t\t\t\t\t\t\t\t\t\t\t\t\t\t<p class=\"service-card_text\">Wir bieten ma\u00dfgeschneiderte Entwicklung, Zahlungsintegration und benutzerfreundliches Design f\u00fcr ein reibungsloses Einkaufserlebnis<\/p>\r\n\t\t\t\t\t\t\t\t\t\t\t\t\t\t\t\t<a href=\"https:\/\/fentech.es\/de\/web-development\/\" class=\"th-btn\">Mehr erfahren<i class=\"fa-regular fa-arrow-right ms-2\"><\/i><\/a>\r\n\t\t\t\t\t\t\t\t\t\t\t\t\t\t\t\t\t<div class=\"bg-shape\">\r\n\t\t\t\t\t\t\t\t\t\t<img decoding=\"async\" src=\"https:\/\/fentech.es\/wp-content\/uploads\/2024\/11\/service_card_bg.png\" alt=\"FENTECH\"  \/>\t\t\t\t\t\t\t\t\t<\/div>\r\n\t\t\t\t\t\t\t\t\t\t\t\t\t\t\t<\/div>\r\n\t\t\t\t\t\t<\/div>\r\n\t\t\t\t\t\t\t\t\t\t\t<div class=\"col-md-6 col-xl-4\">\r\n\t\t\t\t\t\t\t<div class=\"service-card elementor-box\">\r\n\t\t\t\t\t\t\t\t<div class=\"service-card_number\">05<\/div>\r\n\t\t\t\t\t\t\t\t\t\t\t\t\t\t\t\t\t<div class=\"shape-icon\">\r\n\t\t\t\t\t\t\t\t\t\t<img decoding=\"async\" src=\"https:\/\/fentech.es\/wp-content\/uploads\/2024\/11\/service_card_5.svg\" alt=\"FENTECH\"  \/>\t\t\t\t\t\t\t\t\t\t<span class=\"dots\"><\/span>\r\n\t\t\t\t\t\t\t\t\t<\/div>\r\n\t\t\t\t\t\t\t\t\t\t\t\t\t\t\t\t\t\t\t\t\t\t\t\t\t<h3 class=\"box-title\"><a href=\"https:\/\/fentech.es\/de\/web-development\/\">Web-Entwicklung<\/a><\/h3>\r\n\t\t\t\t\t\t\t\t\t\t\t\t\t\t\t\t\t\t\t\t\t\t\t\t\t<p class=\"service-card_text\">Ein erfahrenes Team mit Expertise, die \u00fcber Programmierung hinausgeht. Ein ganzheitlicher Ansatz f\u00fcr ansprechende und fehlerfreie Websites<\/p>\r\n\t\t\t\t\t\t\t\t\t\t\t\t\t\t\t\t<a href=\"https:\/\/fentech.es\/de\/web-development\/\" class=\"th-btn\">Mehr erfahren<i class=\"fa-regular fa-arrow-right ms-2\"><\/i><\/a>\r\n\t\t\t\t\t\t\t\t\t\t\t\t\t\t\t\t\t<div class=\"bg-shape\">\r\n\t\t\t\t\t\t\t\t\t\t<img decoding=\"async\" src=\"https:\/\/fentech.es\/wp-content\/uploads\/2024\/11\/service_card_bg.png\" alt=\"FENTECH\"  \/>\t\t\t\t\t\t\t\t\t<\/div>\r\n\t\t\t\t\t\t\t\t\t\t\t\t\t\t\t<\/div>\r\n\t\t\t\t\t\t<\/div>\r\n\t\t\t\t\t\t\t\t\t\t\t<div class=\"col-md-6 col-xl-4\">\r\n\t\t\t\t\t\t\t<div class=\"service-card elementor-box\">\r\n\t\t\t\t\t\t\t\t<div class=\"service-card_number\">06<\/div>\r\n\t\t\t\t\t\t\t\t\t\t\t\t\t\t\t\t\t<div class=\"shape-icon\">\r\n\t\t\t\t\t\t\t\t\t\t<img decoding=\"async\" src=\"https:\/\/fentech.es\/wp-content\/uploads\/2024\/11\/service_card_6.svg\" alt=\"FENTECH\"  \/>\t\t\t\t\t\t\t\t\t\t<span class=\"dots\"><\/span>\r\n\t\t\t\t\t\t\t\t\t<\/div>\r\n\t\t\t\t\t\t\t\t\t\t\t\t\t\t\t\t\t\t\t\t\t\t\t\t\t<h3 class=\"box-title\"><a href=\"https:\/\/fentech.es\/de\/seo\/\">\nSuchmaschinenoptimierung<\/a><\/h3>\r\n\t\t\t\t\t\t\t\t\t\t\t\t\t\t\t\t\t\t\t\t\t\t\t\t\t<p class=\"service-card_text\">Steigern Sie die Sichtbarkeit und erh\u00f6hen Sie den Traffic mit umfassenden Forschungs- und Optimierungsstrategien<\/p>\r\n\t\t\t\t\t\t\t\t\t\t\t\t\t\t\t\t<a href=\"https:\/\/fentech.es\/de\/seo\/\" class=\"th-btn\">Mehr erfahren<i class=\"fa-regular fa-arrow-right ms-2\"><\/i><\/a>\r\n\t\t\t\t\t\t\t\t\t\t\t\t\t\t\t\t\t<div class=\"bg-shape\">\r\n\t\t\t\t\t\t\t\t\t\t<img decoding=\"async\" src=\"https:\/\/fentech.es\/wp-content\/uploads\/2024\/11\/service_card_bg.png\" alt=\"FENTECH\"  \/>\t\t\t\t\t\t\t\t\t<\/div>\r\n\t\t\t\t\t\t\t\t\t\t\t\t\t\t\t<\/div>\r\n\t\t\t\t\t\t<\/div>\r\n\t\t\t\t\t\t\t\t\t<\/div>\r\n\t\t\t<\/div>\r\n\r\n        \r\n    \t\t\t\t\t<\/div>\n\t\t\t\t<\/div>\n\t\t\t\t<div class=\"elementor-element elementor-element-afe6c12 elementor-widget elementor-widget-tragaservice\" data-id=\"afe6c12\" data-element_type=\"widget\" data-widget_type=\"tragaservice.default\">\n\t\t\t\t<div class=\"elementor-widget-container\">\n\t\t\t\t\t\t\t\t<div class=\"service-style2\">\r\n\t\t\t\t<div class=\"row gy-4\">\r\n\t\t\t\t\t\t\t\t\t\t\t<div class=\"col-md-6 col-xl-4\">\r\n\t\t\t\t\t\t\t<div class=\"service-card elementor-box\">\r\n\t\t\t\t\t\t\t\t<div class=\"service-card_number\">01<\/div>\r\n\t\t\t\t\t\t\t\t\t\t\t\t\t\t\t\t\t<div class=\"shape-icon\">\r\n\t\t\t\t\t\t\t\t\t\t<img decoding=\"async\" src=\"https:\/\/fentech.es\/wp-content\/uploads\/2024\/11\/service_card_1.svg\" alt=\"FENTECH\"  \/>\t\t\t\t\t\t\t\t\t\t<span class=\"dots\"><\/span>\r\n\t\t\t\t\t\t\t\t\t<\/div>\r\n\t\t\t\t\t\t\t\t\t\t\t\t\t\t\t\t\t\t\t\t\t\t\t\t\t<h3 class=\"box-title\"><a href=\"https:\/\/fentech.es\/de\/mobile-app\/\">Mobile App-Entwicklung<\/a><\/h3>\r\n\t\t\t\t\t\t\t\t\t\t\t\t\t\t\t\t\t\t\t\t\t\t\t\t\t<p class=\"service-card_text\">Entwickeln Sie individuelle mobile Apps, die die Vision Ihrer Marke widerspiegeln und so die Benutzerinteraktion und Zug\u00e4nglichkeit auf allen Ger\u00e4ten verbessern.<\/p>\r\n\t\t\t\t\t\t\t\t\t\t\t\t\t\t\t\t<a href=\"https:\/\/fentech.es\/de\/mobile-app\/\" class=\"th-btn\">Mehr erfahren<i class=\"fa-regular fa-arrow-right ms-2\"><\/i><\/a>\r\n\t\t\t\t\t\t\t\t\t\t\t\t\t\t\t\t\t<div class=\"bg-shape\">\r\n\t\t\t\t\t\t\t\t\t\t<img decoding=\"async\" src=\"https:\/\/fentech.es\/wp-content\/uploads\/2024\/11\/service_card_bg.png\" alt=\"FENTECH\"  \/>\t\t\t\t\t\t\t\t\t<\/div>\r\n\t\t\t\t\t\t\t\t\t\t\t\t\t\t\t<\/div>\r\n\t\t\t\t\t\t<\/div>\r\n\t\t\t\t\t\t\t\t\t\t\t<div class=\"col-md-6 col-xl-4\">\r\n\t\t\t\t\t\t\t<div class=\"service-card elementor-box\">\r\n\t\t\t\t\t\t\t\t<div class=\"service-card_number\">02<\/div>\r\n\t\t\t\t\t\t\t\t\t\t\t\t\t\t\t\t\t<div class=\"shape-icon\">\r\n\t\t\t\t\t\t\t\t\t\t<img decoding=\"async\" src=\"https:\/\/fentech.es\/wp-content\/uploads\/2024\/11\/service_card_2.svg\" alt=\"FENTECH\"  \/>\t\t\t\t\t\t\t\t\t\t<span class=\"dots\"><\/span>\r\n\t\t\t\t\t\t\t\t\t<\/div>\r\n\t\t\t\t\t\t\t\t\t\t\t\t\t\t\t\t\t\t\t\t\t\t\t\t\t<h3 class=\"box-title\"><a href=\"https:\/\/fentech.es\/de\/website-assessments\/\">Website-Analyse<\/a><\/h3>\r\n\t\t\t\t\t\t\t\t\t\t\t\t\t\t\t\t\t\t\t\t\t\t\t\t\t<p class=\"service-card_text\">Umfassende Auswertungen zur Identifizierung von St\u00e4rken und Verbesserungsbereichen, die Ihnen helfen, mit jedem Website-Projekt Spitzenleistungen zu erzielen<\/p>\r\n\t\t\t\t\t\t\t\t\t\t\t\t\t\t\t\t<a href=\"https:\/\/fentech.es\/de\/website-assessments\/\" class=\"th-btn\">Mehr erfahren<i class=\"fa-regular fa-arrow-right ms-2\"><\/i><\/a>\r\n\t\t\t\t\t\t\t\t\t\t\t\t\t\t\t\t\t<div class=\"bg-shape\">\r\n\t\t\t\t\t\t\t\t\t\t<img decoding=\"async\" src=\"https:\/\/fentech.es\/wp-content\/uploads\/2024\/11\/service_card_bg.png\" alt=\"FENTECH\"  \/>\t\t\t\t\t\t\t\t\t<\/div>\r\n\t\t\t\t\t\t\t\t\t\t\t\t\t\t\t<\/div>\r\n\t\t\t\t\t\t<\/div>\r\n\t\t\t\t\t\t\t\t\t\t\t<div class=\"col-md-6 col-xl-4\">\r\n\t\t\t\t\t\t\t<div class=\"service-card elementor-box\">\r\n\t\t\t\t\t\t\t\t<div class=\"service-card_number\">03<\/div>\r\n\t\t\t\t\t\t\t\t\t\t\t\t\t\t\t\t\t<div class=\"shape-icon\">\r\n\t\t\t\t\t\t\t\t\t\t<img decoding=\"async\" src=\"https:\/\/fentech.es\/wp-content\/uploads\/2024\/11\/service_card_4-1.svg\" alt=\"FENTECH\"  \/>\t\t\t\t\t\t\t\t\t\t<span class=\"dots\"><\/span>\r\n\t\t\t\t\t\t\t\t\t<\/div>\r\n\t\t\t\t\t\t\t\t\t\t\t\t\t\t\t\t\t\t\t\t\t\t\t\t\t<h3 class=\"box-title\"><a href=\"https:\/\/fentech.es\/de\/content-writing\/\">Content-Erstellung<\/a><\/h3>\r\n\t\t\t\t\t\t\t\t\t\t\t\t\t\t\t\t\t\t\t\t\t\t\t\t\t<p class=\"service-card_text\">Ansprechende und ma\u00dfgeschneiderte Inhaltserstellung, die bei Ihrem Publikum Anklang findet, die Autorit\u00e4t Ihrer Marke st\u00e4rkt und zum Handeln anregt<\/p>\r\n\t\t\t\t\t\t\t\t\t\t\t\t\t\t\t\t<a href=\"https:\/\/fentech.es\/de\/content-writing\/\" class=\"th-btn\">Mehr erfahren<i class=\"fa-regular fa-arrow-right ms-2\"><\/i><\/a>\r\n\t\t\t\t\t\t\t\t\t\t\t\t\t\t\t\t\t<div class=\"bg-shape\">\r\n\t\t\t\t\t\t\t\t\t\t<img decoding=\"async\" src=\"https:\/\/fentech.es\/wp-content\/uploads\/2024\/11\/service_card_bg.png\" alt=\"FENTECH\"  \/>\t\t\t\t\t\t\t\t\t<\/div>\r\n\t\t\t\t\t\t\t\t\t\t\t\t\t\t\t<\/div>\r\n\t\t\t\t\t\t<\/div>\r\n\t\t\t\t\t\t\t\t\t\t\t<div class=\"col-md-6 col-xl-4\">\r\n\t\t\t\t\t\t\t<div class=\"service-card elementor-box\">\r\n\t\t\t\t\t\t\t\t<div class=\"service-card_number\">04<\/div>\r\n\t\t\t\t\t\t\t\t\t\t\t\t\t\t\t\t\t<div class=\"shape-icon\">\r\n\t\t\t\t\t\t\t\t\t\t<img decoding=\"async\" src=\"https:\/\/fentech.es\/wp-content\/uploads\/2024\/11\/service_card_6.svg\" alt=\"FENTECH\"  \/>\t\t\t\t\t\t\t\t\t\t<span class=\"dots\"><\/span>\r\n\t\t\t\t\t\t\t\t\t<\/div>\r\n\t\t\t\t\t\t\t\t\t\t\t\t\t\t\t\t\t\t\t\t\t\t\t\t\t<h3 class=\"box-title\"><a href=\"https:\/\/fentech.es\/de\/branding\/\">\nMarkenbildung<\/a><\/h3>\r\n\t\t\t\t\t\t\t\t\t\t\t\t\t\t\t\t\t\t\t\t\t\t\t\t\t<p class=\"service-card_text\">Strategische Branding-Services, die Ihre Markenidentit\u00e4t st\u00e4rken und \u00fcber die \u00c4sthetik hinausgehen, um einen bleibenden Eindruck zu hinterlassen<\/p>\r\n\t\t\t\t\t\t\t\t\t\t\t\t\t\t\t\t<a href=\"https:\/\/fentech.es\/de\/branding\/\" class=\"th-btn\">Mehr erfahren<i class=\"fa-regular fa-arrow-right ms-2\"><\/i><\/a>\r\n\t\t\t\t\t\t\t\t\t\t\t\t\t\t\t\t\t<div class=\"bg-shape\">\r\n\t\t\t\t\t\t\t\t\t\t<img decoding=\"async\" src=\"https:\/\/fentech.es\/wp-content\/uploads\/2024\/11\/service_card_bg.png\" alt=\"FENTECH\"  \/>\t\t\t\t\t\t\t\t\t<\/div>\r\n\t\t\t\t\t\t\t\t\t\t\t\t\t\t\t<\/div>\r\n\t\t\t\t\t\t<\/div>\r\n\t\t\t\t\t\t\t\t\t\t\t<div class=\"col-md-6 col-xl-4\">\r\n\t\t\t\t\t\t\t<div class=\"service-card elementor-box\">\r\n\t\t\t\t\t\t\t\t<div class=\"service-card_number\">05<\/div>\r\n\t\t\t\t\t\t\t\t\t\t\t\t\t\t\t\t\t<div class=\"shape-icon\">\r\n\t\t\t\t\t\t\t\t\t\t<img decoding=\"async\" src=\"https:\/\/fentech.es\/wp-content\/uploads\/2024\/11\/service_card_6.svg\" alt=\"FENTECH\"  \/>\t\t\t\t\t\t\t\t\t\t<span class=\"dots\"><\/span>\r\n\t\t\t\t\t\t\t\t\t<\/div>\r\n\t\t\t\t\t\t\t\t\t\t\t\t\t\t\t\t\t\t\t\t\t\t\t\t\t<h3 class=\"box-title\"><a href=\"https:\/\/fentech.es\/de\/video-production\/\">Videoproduktion<\/a><\/h3>\r\n\t\t\t\t\t\t\t\t\t\t\t\t\t\t\t\t\t\t\t\t\t\t\t\t\t<p class=\"service-card_text\">Create captivating videos that boost engagement and conversions, with a focus on quality production and impactful storytelling<\/p>\r\n\t\t\t\t\t\t\t\t\t\t\t\t\t\t\t\t<a href=\"https:\/\/fentech.es\/de\/video-production\/\" class=\"th-btn\">Mehr erfahren<i class=\"fa-regular fa-arrow-right ms-2\"><\/i><\/a>\r\n\t\t\t\t\t\t\t\t\t\t\t\t\t\t\t\t\t<div class=\"bg-shape\">\r\n\t\t\t\t\t\t\t\t\t\t<img decoding=\"async\" src=\"https:\/\/fentech.es\/wp-content\/uploads\/2024\/11\/service_card_bg.png\" alt=\"FENTECH\"  \/>\t\t\t\t\t\t\t\t\t<\/div>\r\n\t\t\t\t\t\t\t\t\t\t\t\t\t\t\t<\/div>\r\n\t\t\t\t\t\t<\/div>\r\n\t\t\t\t\t\t\t\t\t\t\t<div class=\"col-md-6 col-xl-4\">\r\n\t\t\t\t\t\t\t<div class=\"service-card elementor-box\">\r\n\t\t\t\t\t\t\t\t<div class=\"service-card_number\">06<\/div>\r\n\t\t\t\t\t\t\t\t\t\t\t\t\t\t\t\t\t<div class=\"shape-icon\">\r\n\t\t\t\t\t\t\t\t\t\t<img decoding=\"async\" src=\"https:\/\/fentech.es\/wp-content\/uploads\/2024\/11\/service_card_6.svg\" alt=\"FENTECH\"  \/>\t\t\t\t\t\t\t\t\t\t<span class=\"dots\"><\/span>\r\n\t\t\t\t\t\t\t\t\t<\/div>\r\n\t\t\t\t\t\t\t\t\t\t\t\t\t\t\t\t\t\t\t\t\t\t\t\t\t<h3 class=\"box-title\"><a href=\"https:\/\/fentech.es\/de\/music-production\/\">Musikproduktion<\/a><\/h3>\r\n\t\t\t\t\t\t\t\t\t\t\t\t\t\t\t\t\t\t\t\t\t\t\t\t\t<p class=\"service-card_text\">Innovative music production that enhances your digital presence, adding an expressive audio element to your brand&#039;s story<\/p>\r\n\t\t\t\t\t\t\t\t\t\t\t\t\t\t\t\t<a href=\"https:\/\/fentech.es\/de\/music-production\/\" class=\"th-btn\">Mehr erfahren<i class=\"fa-regular fa-arrow-right ms-2\"><\/i><\/a>\r\n\t\t\t\t\t\t\t\t\t\t\t\t\t\t\t\t\t<div class=\"bg-shape\">\r\n\t\t\t\t\t\t\t\t\t\t<img decoding=\"async\" src=\"https:\/\/fentech.es\/wp-content\/uploads\/2024\/11\/service_card_bg.png\" alt=\"FENTECH\"  \/>\t\t\t\t\t\t\t\t\t<\/div>\r\n\t\t\t\t\t\t\t\t\t\t\t\t\t\t\t<\/div>\r\n\t\t\t\t\t\t<\/div>\r\n\t\t\t\t\t\t\t\t\t<\/div>\r\n\t\t\t<\/div>\r\n\r\n        \r\n    \t\t\t\t\t<\/div>\n\t\t\t\t<\/div>\n\t\t\t\t\t<\/div>\n\t\t<\/div>\n\t\t\t\t\t<\/div>\n\t\t<\/section>\n\t\t\t\t\t<\/div>\n\t\t<\/div>\n\t\t\t\t\t<\/div>\n\t\t<\/section>\n\t\t\t\t<section class=\"elementor-section elementor-top-section elementor-element elementor-element-d626298 elementor-section-stretched elementor-section-boxed elementor-section-height-default elementor-section-height-default\" data-id=\"d626298\" data-element_type=\"section\" data-settings=\"{&quot;background_background&quot;:&quot;classic&quot;,&quot;stretch_section&quot;:&quot;section-stretched&quot;}\">\n\t\t\t\t\t\t<div class=\"elementor-container elementor-column-gap-no\">\n\t\t\t\t\t<div class=\"elementor-column elementor-col-100 elementor-top-column elementor-element elementor-element-45bc452\" data-id=\"45bc452\" data-element_type=\"column\">\n\t\t\t<div class=\"elementor-widget-wrap elementor-element-populated\">\n\t\t\t\t\t\t<section class=\"elementor-section elementor-inner-section elementor-element elementor-element-e0acdee elementor-section-boxed elementor-section-height-default elementor-section-height-default\" data-id=\"e0acdee\" data-element_type=\"section\">\n\t\t\t\t\t\t<div class=\"elementor-container elementor-column-gap-no\">\n\t\t\t\t\t<div class=\"elementor-column elementor-col-100 elementor-inner-column elementor-element elementor-element-4731b5c\" data-id=\"4731b5c\" data-element_type=\"column\">\n\t\t\t<div class=\"elementor-widget-wrap elementor-element-populated\">\n\t\t\t\t\t\t<div class=\"elementor-element elementor-element-bb87763 elementor-widget elementor-widget-tragasectiontitle\" data-id=\"bb87763\" data-element_type=\"widget\" data-widget_type=\"tragasectiontitle.default\">\n\t\t\t\t<div class=\"elementor-widget-container\">\n\t\t\t\t\t<div class=\"title-area-wrap\"><div class=\"title-area\" ><div class=\"shadow-title\">VERFAHREN<\/div><span class=\"sub-title subtitle-selector\"><img decoding=\"async\" src=\"https:\/\/fentech.es\/wp-content\/uploads\/2024\/11\/title_shape_2.svg\" alt=\"FENTECH\"  class=\"icon me-2\" \/> ARBEITSPROZESS<\/span><h2 class=\"sec-title title-selector\">Wie wir <span class=\"text-theme\">arbeiten<\/span><\/h2><\/div><\/div>\t\t\t\t<\/div>\n\t\t\t\t<\/div>\n\t\t\t\t<div class=\"elementor-element elementor-element-5d28834 elementor-widget elementor-widget-tragaprocess\" data-id=\"5d28834\" data-element_type=\"widget\" data-widget_type=\"tragaprocess.default\">\n\t\t\t\t<div class=\"elementor-widget-container\">\n\t\t\t\t\t<div class=\"process-card-area\"><div class=\"process-line\"><img decoding=\"async\" src=\"https:\/\/fentech.es\/wp-content\/uploads\/2024\/11\/process_line-1.svg\" alt=\"FENTECH\"  \/><\/div><div class=\"row gy-40\"><div class=\"col-sm-6 col-xl-3 process-card-wrap\"><div class=\"process-card\"><div class=\"process-card_number\">01<\/div><div class=\"process-card_icon\"><img decoding=\"async\" src=\"https:\/\/fentech.es\/wp-content\/uploads\/2024\/11\/process_card_1.svg\" alt=\"FENTECH\"  \/><\/div><h3 class=\"box-title\">W\u00e4hlen Sie ein Projekt aus<\/h3><p class=\"process-card_text\">Definieren Sie Ihre Projektanforderungen, von der ERP-Implementierung bis hin zu kundenspezifischer Software oder E-Commerce-L\u00f6sungen, und setzen Sie klare Ziele f\u00fcr wirkungsvolle Ergebnisse<\/p><\/div><\/div><div class=\"col-sm-6 col-xl-3 process-card-wrap\"><div class=\"process-card\"><div class=\"process-card_number\">02<\/div><div class=\"process-card_icon\"><img decoding=\"async\" src=\"https:\/\/fentech.es\/wp-content\/uploads\/2024\/11\/process_card_2.svg\" alt=\"FENTECH\"  \/><\/div><h3 class=\"box-title\">Projektanalyse<\/h3><p class=\"process-card_text\">Unser Team f\u00fchrt eine eingehende Analyse durch, um die technischen Anforderungen, potenziellen Herausforderungen und optimalen Technologiel\u00f6sungen f\u00fcr Ihr Projekt zu verstehen.<\/p><\/div><\/div><div class=\"col-sm-6 col-xl-3 process-card-wrap\"><div class=\"process-card\"><div class=\"process-card_number\">03<\/div><div class=\"process-card_icon\"><img decoding=\"async\" src=\"https:\/\/fentech.es\/wp-content\/uploads\/2024\/11\/process_card_3.svg\" alt=\"FENTECH\"  \/><\/div><h3 class=\"box-title\">Planung und Ausf\u00fchrung<\/h3><p class=\"process-card_text\">Wir erstellen einen detaillierten Fahrplan und f\u00fchren jede Phase pr\u00e4zise aus. Dabei nutzen wir agile Methoden, um effiziente und skalierbare L\u00f6sungen zu gew\u00e4hrleisten.<\/p><\/div><\/div><div class=\"col-sm-6 col-xl-3 process-card-wrap\"><div class=\"process-card\"><div class=\"process-card_number\">04<\/div><div class=\"process-card_icon\"><img decoding=\"async\" src=\"https:\/\/fentech.es\/wp-content\/uploads\/2024\/11\/process_card_4.svg\" alt=\"FENTECH\"  \/><\/div><h3 class=\"box-title\">Ergebnislieferung<\/h3><p class=\"process-card_text\">Bereitstellung ma\u00dfgeschneiderter, leistungsstarker L\u00f6sungen, die das Wachstum f\u00f6rdern, gefolgt von kontinuierlicher Unterst\u00fctzung, um Ihre Systeme optimiert und zukunftsf\u00e4hig zu halten<\/p><\/div><\/div><\/div><\/div>\t\t\t\t<\/div>\n\t\t\t\t<\/div>\n\t\t\t\t\t<\/div>\n\t\t<\/div>\n\t\t\t\t\t<\/div>\n\t\t<\/section>\n\t\t\t\t\t<\/div>\n\t\t<\/div>\n\t\t\t\t\t<\/div>\n\t\t<\/section>\n\t\t\t\t<\/div>","protected":false},"excerpt":{"rendered":"<p>Featured Solutions We Provide Exclusive Service For Your Business 01 ERP implementation We offer end-to-end ERP implementation services, from initial consultation and system design to deployment and post-implementation support. Read More 02 CAD Engineering Precision CAD solutions for innovative product design, advanced prototyping, and detailed development, expertly tailored to meet diverse industry needs. Read More&#8230;<\/p>","protected":false},"author":1,"featured_media":0,"parent":0,"menu_order":0,"comment_status":"closed","ping_status":"closed","template":"","meta":{"footnotes":""},"class_list":["post-711","page","type-page","status-publish","hentry"],"_links":{"self":[{"href":"https:\/\/fentech.es\/de\/wp-json\/wp\/v2\/pages\/711","targetHints":{"allow":["GET"]}}],"collection":[{"href":"https:\/\/fentech.es\/de\/wp-json\/wp\/v2\/pages"}],"about":[{"href":"https:\/\/fentech.es\/de\/wp-json\/wp\/v2\/types\/page"}],"author":[{"embeddable":true,"href":"https:\/\/fentech.es\/de\/wp-json\/wp\/v2\/users\/1"}],"replies":[{"embeddable":true,"href":"https:\/\/fentech.es\/de\/wp-json\/wp\/v2\/comments?post=711"}],"version-history":[{"count":0,"href":"https:\/\/fentech.es\/de\/wp-json\/wp\/v2\/pages\/711\/revisions"}],"wp:attachment":[{"href":"https:\/\/fentech.es\/de\/wp-json\/wp\/v2\/media?parent=711"}],"curies":[{"name":"wp","href":"https:\/\/api.w.org\/{rel}","templated":true}]}}