{"id":501,"date":"2024-11-10T18:59:59","date_gmt":"2024-11-10T18:59:59","guid":{"rendered":"https:\/\/fentech.es\/?page_id=501"},"modified":"2025-07-27T02:02:49","modified_gmt":"2025-07-27T02:02:49","slug":"email-marketing","status":"publish","type":"page","link":"https:\/\/fentech.es\/de\/email-marketing\/","title":{"rendered":"E-Mail-Marketing"},"content":{"rendered":"<div data-elementor-type=\"wp-page\" data-elementor-id=\"501\" class=\"elementor elementor-501\">\n\t\t\t\t\t\t<section class=\"elementor-section elementor-top-section elementor-element elementor-element-7a5371d1 elementor-section-boxed elementor-section-height-default elementor-section-height-default\" data-id=\"7a5371d1\" data-element_type=\"section\">\n\t\t\t\t\t\t<div class=\"elementor-container elementor-column-gap-no\">\n\t\t\t\t\t<div class=\"elementor-column elementor-col-100 elementor-top-column elementor-element elementor-element-562f1bf9\" data-id=\"562f1bf9\" data-element_type=\"column\">\n\t\t\t<div class=\"elementor-widget-wrap elementor-element-populated\">\n\t\t\t\t\t\t<section class=\"elementor-section elementor-inner-section elementor-element elementor-element-3d5840ce elementor-section-full_width elementor-section-height-default elementor-section-height-default\" data-id=\"3d5840ce\" data-element_type=\"section\">\n\t\t\t\t\t\t<div class=\"elementor-container elementor-column-gap-no\">\n\t\t\t\t\t<div class=\"elementor-column elementor-col-50 elementor-inner-column elementor-element elementor-element-714e681b page-single\" data-id=\"714e681b\" data-element_type=\"column\">\n\t\t\t<div class=\"elementor-widget-wrap elementor-element-populated\">\n\t\t\t\t\t\t<div class=\"elementor-element elementor-element-3b9962ee page-img elementor-widget elementor-widget-image\" data-id=\"3b9962ee\" data-element_type=\"widget\" data-widget_type=\"image.default\">\n\t\t\t\t<div class=\"elementor-widget-container\">\n\t\t\t\t\t\t\t\t\t\t\t\t\t\t\t<img fetchpriority=\"high\" decoding=\"async\" width=\"640\" height=\"419\" src=\"https:\/\/fentech.es\/wp-content\/uploads\/2024\/11\/email.png\" class=\"attachment-full size-full wp-image-504\" alt=\"\" srcset=\"https:\/\/fentech.es\/wp-content\/uploads\/2024\/11\/email.png 640w, https:\/\/fentech.es\/wp-content\/uploads\/2024\/11\/email-300x196.png 300w\" sizes=\"(max-width: 640px) 100vw, 640px\" \/>\t\t\t\t\t\t\t\t\t\t\t\t\t\t\t<\/div>\n\t\t\t\t<\/div>\n\t\t\t\t<div class=\"elementor-element elementor-element-5bee87d1 h3 page-title elementor-widget elementor-widget-heading\" data-id=\"5bee87d1\" data-element_type=\"widget\" data-widget_type=\"heading.default\">\n\t\t\t\t<div class=\"elementor-widget-container\">\n\t\t\t\t\t<h3 class=\"elementor-heading-title elementor-size-default\"><h2 style=\"font-family: Barlow, sans-serif\">E-Mail-Marketing<\/h2><\/h3>\t\t\t\t<\/div>\n\t\t\t\t<\/div>\n\t\t\t\t<div class=\"elementor-element elementor-element-7b68cd2a h3 page-title elementor-widget elementor-widget-heading\" data-id=\"7b68cd2a\" data-element_type=\"widget\" data-widget_type=\"heading.default\">\n\t\t\t\t<div class=\"elementor-widget-container\">\n\t\t\t\t\t<h3 class=\"elementor-heading-title elementor-size-default\">Marketing, das Ihre Marke auf ein neues Niveau hebt!<\/h3>\t\t\t\t<\/div>\n\t\t\t\t<\/div>\n\t\t\t\t<div class=\"elementor-element elementor-element-1e73487e elementor-widget elementor-widget-text-editor\" data-id=\"1e73487e\" data-element_type=\"widget\" data-widget_type=\"text-editor.default\">\n\t\t\t\t<div class=\"elementor-widget-container\">\n\t\t\t\t\t\t\t\t\t<p><strong>\u201eE-Mail verf\u00fcgt \u00fcber eine F\u00e4higkeit, die vielen Kan\u00e4len fehlt: Sie erm\u00f6glicht die Schaffung wertvoller pers\u00f6nlicher Details in gro\u00dfem Ma\u00dfstab.\u201c\u00a0<\/strong>\u2013David Newman.<\/p><p>E-Mail-Marketing ist eine bew\u00e4hrte und lohnende Content-Marketing-Strategie zur Steigerung der Markenbekanntheit, Erh\u00f6hung des Website-Verkehrs, Generierung von Leads und Werbung f\u00fcr Dienstleistungen und Produkte.<\/p><p>If you are looking to revamp your email marketing program, or are looking for a marketing agency, or simply want to maximize the results of your email marketing efforts, FENTECH is there to help you every step of the way.<\/p><p>Mit <strong>FENTECH<\/strong>, Du:<\/p><ul><li>Nutzen Sie Ihre wertvollsten Marketing-Assets effizienter: Ihre wachsende Kundschaft und Zielgruppe.<\/li><li>Verbringen Sie weniger Zeit mit Strukturierung und Anpassung.<\/li><li>Investieren Sie in st\u00e4rkere Beziehungen zu Ihren Kontakten.<br \/>Erreichen Sie Ihre Gesch\u00e4ftsziele schnell.<\/li><\/ul>\t\t\t\t\t\t\t\t<\/div>\n\t\t\t\t<\/div>\n\t\t\t\t\t<\/div>\n\t\t<\/div>\n\t\t\t\t<div class=\"elementor-column elementor-col-50 elementor-inner-column elementor-element elementor-element-3369d210\" data-id=\"3369d210\" data-element_type=\"column\">\n\t\t\t<div class=\"elementor-widget-wrap elementor-element-populated\">\n\t\t\t\t\t\t<div class=\"elementor-element elementor-element-31547fe elementor-hidden-tablet elementor-hidden-mobile elementor-widget elementor-widget-webteckshapeimage\" data-id=\"31547fe\" data-element_type=\"widget\" data-widget_type=\"webteckshapeimage.default\">\n\t\t\t\t<div class=\"elementor-widget-container\">\n\t\t\t\t\t<!-- Image --><div class=\"shape-mockup  jump d-xxl-block d-xl-block d-lg-block\"><img decoding=\"async\" src=\"https:\/\/fentech.es\/wp-content\/uploads\/2025\/07\/Fentech-lg.png\" alt=\"Shape Image\" ><\/div><!-- End Image -->\t\t\t\t<\/div>\n\t\t\t\t<\/div>\n\t\t\t\t\t<\/div>\n\t\t<\/div>\n\t\t\t\t\t<\/div>\n\t\t<\/section>\n\t\t\t\t\t<\/div>\n\t\t<\/div>\n\t\t\t\t\t<\/div>\n\t\t<\/section>\n\t\t<div class=\"elementor-element elementor-element-64c866f5 e-flex e-con-boxed e-con e-parent\" data-id=\"64c866f5\" data-element_type=\"container\">\n\t\t\t\t\t<div class=\"e-con-inner\">\n\t\t\t\t<div class=\"elementor-element elementor-element-296bc692 elementor-widget elementor-widget-text-editor\" data-id=\"296bc692\" data-element_type=\"widget\" data-widget_type=\"text-editor.default\">\n\t\t\t\t<div class=\"elementor-widget-container\">\n\t\t\t\t\t\t\t\t\t<h3>Warum sollten Sie sich f\u00fcr unsere E-Mail-Marketing-Dienste entscheiden?<\/h3><p><strong>Ma\u00dfgeschneiderte Kampagnen f\u00fcr maximale Wirkung<\/strong><br \/>Wir wissen, dass es im E-Mail-Marketing keine Einheitsl\u00f6sung gibt. Unser Team erstellt personalisierte Kampagnen, die bei Ihrer Zielgruppe Anklang finden und so f\u00fcr h\u00f6here Engagement-Raten und bessere Konvertierungen sorgen.<\/p><p><strong>Datengesteuerte Strategien<\/strong><br \/>Unsere E-Mail-Marketingl\u00f6sungen basieren auf Analysen. Wir verfolgen und analysieren Kundenverhalten, Pr\u00e4ferenzen und Engagement-Kennzahlen, um unsere Strategien kontinuierlich zu verfeinern und die Ergebnisse zu verbessern.<\/p><p><strong>Automatisierte L\u00f6sungen f\u00fcr mehr Effizienz<\/strong><br \/>Wir nutzen fortschrittliche Automatisierungstools, um Ihren E-Mail-Marketingprozess zu optimieren. So k\u00f6nnen Sie Leads pflegen und Beziehungen aufrechterhalten, ohne dass Sie manuell eingreifen m\u00fcssen.<\/p><p><strong>Umfassendes A\/B-Testing<\/strong><br \/>Wir f\u00fchren A\/B-Tests durch, um herauszufinden, was f\u00fcr Ihr Publikum am besten funktioniert. Von Betreffzeilen bis zu Inhaltslayouts optimieren wir jedes Element, um die Leistung zu verbessern.<\/p><p><strong>Regelm\u00e4\u00dfige Leistungsberichte<\/strong><br \/>Bleiben Sie mit detaillierten Leistungsberichten auf dem Laufenden, die wichtige Kennzahlen wie \u00d6ffnungsraten, Klickraten und Konversionsraten aufzeigen. Diese Transparenz erm\u00f6glicht es Ihnen, die direkten Auswirkungen unserer Bem\u00fchungen zu erkennen.<\/p><p><strong>Support durch Experten<\/strong><br \/>Unser engagiertes Team aus E-Mail-Marketing-Experten steht Ihnen jederzeit mit Rat und Tat zur Seite. Wir sorgen daf\u00fcr, dass Ihre Kampagnen mit Ihrer allgemeinen Marketingstrategie und Ihren Gesch\u00e4ftszielen \u00fcbereinstimmen.<\/p><h3>Lassen Sie uns gemeinsam Ihr E-Mail-Marketing verbessern!<\/h3><p>Egal, ob Sie bei Null anfangen oder Ihre bestehenden Bem\u00fchungen verbessern m\u00f6chten, <strong>FENTECH<\/strong>\u00a0ist hier, um Ihnen zu helfen, durch E-Mail-Marketing herausragende Ergebnisse zu erzielen.<\/p>\t\t\t\t\t\t\t\t<\/div>\n\t\t\t\t<\/div>\n\t\t\t\t\t<\/div>\n\t\t\t\t<\/div>\n\t\t\t\t<section class=\"elementor-section elementor-top-section elementor-element elementor-element-641ead4f elementor-hidden-desktop elementor-hidden-tablet elementor-hidden-mobile elementor-section-boxed elementor-section-height-default elementor-section-height-default\" data-id=\"641ead4f\" data-element_type=\"section\">\n\t\t\t\t\t\t<div class=\"elementor-container elementor-column-gap-no\">\n\t\t\t\t\t<div class=\"elementor-column elementor-col-100 elementor-top-column elementor-element elementor-element-2e20f5df\" data-id=\"2e20f5df\" data-element_type=\"column\">\n\t\t\t<div class=\"elementor-widget-wrap elementor-element-populated\">\n\t\t\t\t\t\t<div class=\"elementor-element elementor-element-7696ed34 elementor-widget elementor-widget-tragafeature\" data-id=\"7696ed34\" data-element_type=\"widget\" data-widget_type=\"tragafeature.default\">\n\t\t\t\t<div class=\"elementor-widget-container\">\n\t\t\t\t\t<div class=\"service-feature-wrap\"><div class=\"service-feature\"><div class=\"service-feature_icon\"><img decoding=\"async\" src=\"https:\/\/fentech.es\/wp-content\/uploads\/2024\/11\/feature_card_1.png\" alt=\"FENTECH\"  \/><\/div><div class=\"media-body\"><h4 class=\"service-feature_title\">Datenmanagement-Dienst<\/h4><p class=\"service-feature_text\">Maximieren Sie intrinsisch die besten strategischen Themenbereiche, w\u00e4hrend Sie auf Premium-Ausrichtungen setzen. F\u00fchren Sie eine gemeinsame Kundenumstellung durch.<\/p><\/div><\/div><div class=\"service-feature\"><div class=\"service-feature_icon\"><img decoding=\"async\" src=\"https:\/\/fentech.es\/wp-content\/uploads\/2024\/11\/feature_card_3.png\" alt=\"FENTECH\"  \/><\/div><div class=\"media-body\"><h4 class=\"service-feature_title\">Weltklasse-Support<\/h4><p class=\"service-feature_text\">Maximieren Sie intrinsisch die besten strategischen Themenbereiche, w\u00e4hrend Sie auf Premium-Ausrichtungen setzen. F\u00fchren Sie eine gemeinsame Kundenumstellung durch.<\/p><\/div><\/div><div class=\"service-feature\"><div class=\"service-feature_icon\"><img decoding=\"async\" src=\"https:\/\/fentech.es\/wp-content\/uploads\/2024\/11\/feature_card_2.png\" alt=\"FENTECH\"  \/><\/div><div class=\"media-body\"><h4 class=\"service-feature_title\">IT-Strategie &amp; Beratung<\/h4><p class=\"service-feature_text\">Maximieren Sie intrinsisch die besten strategischen Themenbereiche, w\u00e4hrend Sie auf Premium-Ausrichtungen setzen. F\u00fchren Sie eine gemeinsame Kundenumstellung durch.<\/p><\/div><\/div><\/div>\t\t\t\t<\/div>\n\t\t\t\t<\/div>\n\t\t\t\t\t<\/div>\n\t\t<\/div>\n\t\t\t\t\t<\/div>\n\t\t<\/section>\n\t\t<div class=\"elementor-element elementor-element-692cc0ec e-flex e-con-boxed e-con e-parent\" data-id=\"692cc0ec\" data-element_type=\"container\">\n\t\t\t\t\t<div class=\"e-con-inner\">\n\t\t\t\t<div class=\"elementor-element elementor-element-3f3663aa elementor-widget elementor-widget-text-editor\" data-id=\"3f3663aa\" data-element_type=\"widget\" data-widget_type=\"text-editor.default\">\n\t\t\t\t<div class=\"elementor-widget-container\">\n\t\t\t\t\t\t\t\t\t<div class=\"row\"><div class=\"col-md-6 mb-30\"><div class=\"th-video\"><img decoding=\"async\" class=\"alignnone size-medium wp-image-9543\" src=\"https:\/\/pilotech.pilotech-global.com\/wp-content\/uploads\/2024\/11\/email-300x196.png\" alt=\"\" width=\"300\" height=\"196\" \/><br \/><i class=\"fas fa-play\"><\/i><\/div><\/div><div class=\"col-md-6 mb-30\"><h3 class=\"h4 mb-20\">Unser Engagement f\u00fcr Spitzenleistung<\/h3><div class=\"checklist style3\"><ul><li><i class=\"fas fa-octagon-check\"><\/i>Auf Ihre individuellen Bed\u00fcrfnisse ausgerichtet<\/li><li><i class=\"fas fa-octagon-check\"><\/i>Ihrem Erfolg verpflichtet<\/li><li><i class=\"fas fa-octagon-check\"><\/i>Optimierter Implementierungsprozess<\/li><li><i class=\"fas fa-octagon-check\"><\/i>Risikofreie \u00dcbergangsunterst\u00fctzung<\/li><li><i class=\"fas fa-octagon-check\"><\/i>Ihre Zufriedenheit ist unsere Priorit\u00e4t<\/li><\/ul><\/div><\/div><\/div>\t\t\t\t\t\t\t\t<\/div>\n\t\t\t\t<\/div>\n\t\t\t\t<div class=\"elementor-element elementor-element-4178d48d elementor-widget elementor-widget-tragafeature\" data-id=\"4178d48d\" data-element_type=\"widget\" data-widget_type=\"tragafeature.default\">\n\t\t\t\t<div class=\"elementor-widget-container\">\n\t\t\t\t\t<div class=\"service-feature-wrap\"><div class=\"service-feature\"><div class=\"service-feature_icon\"><img decoding=\"async\" src=\"https:\/\/fentech.es\/wp-content\/uploads\/2024\/11\/service_feature_1.svg\" alt=\"FENTECH\"  \/><\/div><div class=\"media-body\"><h4 class=\"service-feature_title\">Spannende E-Mail-Marketing-L\u00f6sungen<\/h4><p class=\"service-feature_text\">Steigern Sie die Pr\u00e4senz Ihrer Marke mit \u00fcberzeugenden, ergebnisorientierten Kampagnen<\/p><\/div><\/div><div class=\"service-feature\"><div class=\"service-feature_icon\"><img decoding=\"async\" src=\"https:\/\/fentech.es\/wp-content\/uploads\/2024\/11\/service_feature_2.svg\" alt=\"FENTECH\"  \/><\/div><div class=\"media-body\"><h4 class=\"service-feature_title\">Engagierter Support rund um die Uhr<\/h4><p class=\"service-feature_text\">Unser Expertenteam steht Ihnen rund um die Uhr zur Verf\u00fcgung, um Ihnen jederzeit zu helfen.<\/p><\/div><\/div><\/div>\t\t\t\t<\/div>\n\t\t\t\t<\/div>\n\t\t\t\t\t<\/div>\n\t\t\t\t<\/div>\n\t\t\t\t<section class=\"elementor-section elementor-top-section elementor-element elementor-element-37ea05ea elementor-section-boxed elementor-section-height-default elementor-section-height-default\" data-id=\"37ea05ea\" data-element_type=\"section\">\n\t\t\t\t\t\t<div class=\"elementor-container elementor-column-gap-no\">\n\t\t\t\t\t<div class=\"elementor-column elementor-col-100 elementor-top-column elementor-element elementor-element-1fb0d6a6\" data-id=\"1fb0d6a6\" data-element_type=\"column\">\n\t\t\t<div class=\"elementor-widget-wrap elementor-element-populated\">\n\t\t\t\t\t\t<section class=\"elementor-section elementor-inner-section elementor-element elementor-element-212f4069 elementor-section-full_width elementor-section-height-default elementor-section-height-default\" data-id=\"212f4069\" data-element_type=\"section\">\n\t\t\t\t\t\t<div class=\"elementor-container elementor-column-gap-no\">\n\t\t\t\t\t<div class=\"elementor-column elementor-col-50 elementor-inner-column elementor-element elementor-element-5397761e page-single\" data-id=\"5397761e\" data-element_type=\"column\">\n\t\t\t<div class=\"elementor-widget-wrap elementor-element-populated\">\n\t\t\t\t\t\t<div class=\"elementor-element elementor-element-762b3286 elementor-widget elementor-widget-text-editor\" data-id=\"762b3286\" data-element_type=\"widget\" data-widget_type=\"text-editor.default\">\n\t\t\t\t<div class=\"elementor-widget-container\">\n\t\t\t\t\t\t\t\t\t<p><strong>ma\u00dfgeschneiderte YouTube-Marketingl\u00f6sungen<\/strong><br \/>Steigern Sie die Pr\u00e4senz Ihrer Marke mit ansprechenden, ergebnisorientierten Videoinhalten<\/p>\t\t\t\t\t\t\t\t<\/div>\n\t\t\t\t<\/div>\n\t\t\t\t<div class=\"elementor-element elementor-element-514dedbd elementor-widget elementor-widget-heading\" data-id=\"514dedbd\" data-element_type=\"widget\" data-widget_type=\"heading.default\">\n\t\t\t\t<div class=\"elementor-widget-container\">\n\t\t\t\t\t<h4 class=\"elementor-heading-title elementor-size-default\">H\u00e4ufig gestellte Fragen zu unseren E-Mail-Marketing-Diensten<\/h4>\t\t\t\t<\/div>\n\t\t\t\t<\/div>\n\t\t\t\t<div class=\"elementor-element elementor-element-5c311d4f elementor-widget elementor-widget-tragafaq\" data-id=\"5c311d4f\" data-element_type=\"widget\" data-widget_type=\"tragafaq.default\">\n\t\t\t\t<div class=\"elementor-widget-container\">\n\t\t\t\t\t<div class=\"accordion-area accordion\" id=\"faqAccordion\"><div class=\"accordion-card style2 active\"><div class=\"accordion-header\" id=\"collapse-item-1\"><button class=\"accordion-button\" type=\"button\" data-bs-toggle=\"collapse\" data-bs-target=\"#collapse-1\" aria-expanded=\"true\" aria-controls=\"collapse-1\">Welche Arten von E-Mail-Marketing-Diensten bieten Sie an?<\/button><\/div><div id=\"collapse-1\" class=\"accordion-collapse collapse show\" aria-labelledby=\"collapse-item-1\" data-bs-parent=\"#faqAccordion\"><div class=\"accordion-body\"><p class=\"faq-text\">Wir bieten eine umfassende Palette an E-Mail-Marketing-Diensten, darunter Kampagnenstrategie, Design, Automatisierung, Listenverwaltung, Analyse und Berichterstattung.<\/p><\/div><\/div><\/div><div class=\"accordion-card style2\"><div class=\"accordion-header\" id=\"collapse-item-2\"><button class=\"accordion-button collapsed\" type=\"button\" data-bs-toggle=\"collapse\" data-bs-target=\"#collapse-2\" aria-expanded=\"false\" aria-controls=\"collapse-2\">Wie stellen Sie hohe \u00d6ffnungs- und Klickraten sicher?<\/button><\/div><div id=\"collapse-2\" class=\"accordion-collapse collapse\" aria-labelledby=\"collapse-item-2\" data-bs-parent=\"#faqAccordion\"><div class=\"accordion-body\"><p class=\"faq-text\">Wir verwenden datengesteuerte Strategien, um Ihr Publikum zu segmentieren, \u00fcberzeugende Betreffzeilen zu verfassen und Inhalte zu personalisieren, was alles zu h\u00f6heren Engagement-Raten beitr\u00e4gt.<\/p><\/div><\/div><\/div><div class=\"accordion-card style2\"><div class=\"accordion-header\" id=\"collapse-item-3\"><button class=\"accordion-button collapsed\" type=\"button\" data-bs-toggle=\"collapse\" data-bs-target=\"#collapse-3\" aria-expanded=\"false\" aria-controls=\"collapse-3\">K\u00f6nnen Sie beim Erstellen einer E-Mail-Liste helfen?<\/button><\/div><div id=\"collapse-3\" class=\"accordion-collapse collapse\" aria-labelledby=\"collapse-item-3\" data-bs-parent=\"#faqAccordion\"><div class=\"accordion-body\"><p class=\"faq-text\">Auf jeden Fall! Wir bieten Strategien zum Erweitern Ihrer E-Mail-Liste, darunter Lead-Magneten, Landingpages und optimierte Anmeldeformulare.<\/p><\/div><\/div><\/div><div class=\"accordion-card style2\"><div class=\"accordion-header\" id=\"collapse-item-4\"><button class=\"accordion-button collapsed\" type=\"button\" data-bs-toggle=\"collapse\" data-bs-target=\"#collapse-4\" aria-expanded=\"false\" aria-controls=\"collapse-4\">Mit welcher Berichterstattung kann ich rechnen?<\/button><\/div><div id=\"collapse-4\" class=\"accordion-collapse collapse\" aria-labelledby=\"collapse-item-4\" data-bs-parent=\"#faqAccordion\"><div class=\"accordion-body\"><p class=\"faq-text\">Wir erstellen regelm\u00e4\u00dfige Leistungsberichte, die wichtige Kennzahlen wie \u00d6ffnungsraten, Klickraten und Konversionsraten abdecken und Erkenntnisse f\u00fcr Verbesserungen liefern.<\/p><\/div><\/div><\/div><div class=\"accordion-card style2\"><div class=\"accordion-header\" id=\"collapse-item-5\"><button class=\"accordion-button collapsed\" type=\"button\" data-bs-toggle=\"collapse\" data-bs-target=\"#collapse-5\" aria-expanded=\"false\" aria-controls=\"collapse-5\">Bieten Sie nach dem Start einer E-Mail-Kampagne Support an?<\/button><\/div><div id=\"collapse-5\" class=\"accordion-collapse collapse\" aria-labelledby=\"collapse-item-5\" data-bs-parent=\"#faqAccordion\"><div class=\"accordion-body\"><p class=\"faq-text\">Ja, unser Team bietet fortlaufende Unterst\u00fctzung, einschlie\u00dflich Analysen und Anpassungen, um sicherzustellen, dass Ihre Kampagnen weiterhin Ihre Ziele erreichen.<\/p><\/div><\/div><\/div><\/div>\t\t\t\t<\/div>\n\t\t\t\t<\/div>\n\t\t\t\t\t<\/div>\n\t\t<\/div>\n\t\t\t\t<div class=\"elementor-column elementor-col-50 elementor-inner-column elementor-element elementor-element-6ad09161\" data-id=\"6ad09161\" data-element_type=\"column\">\n\t\t\t<div class=\"elementor-widget-wrap elementor-element-populated\">\n\t\t\t\t\t\t<div class=\"elementor-element elementor-element-4122199 elementor-widget elementor-widget-text-editor\" data-id=\"4122199\" data-element_type=\"widget\" data-widget_type=\"text-editor.default\">\n\t\t\t\t<div class=\"elementor-widget-container\">\n\t\t\t\t\t\t\t\t\t<div class=\"widget widget_download\"><h4 class=\"widget_title\">Brosch\u00fcre herunterladen<\/h4><div class=\"download-widget-wrap\"><i class=\"fa-light fa-file-pdf me-2\"><\/i>PDF HERUNTERLADEN<br \/><i class=\"fa-light fa-file-lines me-2\"><\/i>DOKUMENT HERUNTERLADEN<\/div><\/div>\t\t\t\t\t\t\t\t<\/div>\n\t\t\t\t<\/div>\n\t\t\t\t<div class=\"elementor-element elementor-element-468ff4e0 elementor-widget elementor-widget-text-editor\" data-id=\"468ff4e0\" data-element_type=\"widget\" data-widget_type=\"text-editor.default\">\n\t\t\t\t<div class=\"elementor-widget-container\">\n\t\t\t\t\t\t\t\t\t<div class=\"widget widget_banner\" data-bg-src=\"https:\/\/themeholy.com\/wordpress\/test\/wp-content\/uploads\/2023\/03\/widget_banner-1.jpg\"><div class=\"widget-banner\"><span class=\"text\">KONTAKTIEREN SIE UNS JETZT<\/span><h2 class=\"title\">Sie ben\u00f6tigen Hilfe?<\/h2><p>ANGEBOT EINHOLEN<i class=\"fas fa-arrow-right ms-2\"><\/i><\/p><\/div><\/div>\t\t\t\t\t\t\t\t<\/div>\n\t\t\t\t<\/div>\n\t\t\t\t\t<\/div>\n\t\t<\/div>\n\t\t\t\t\t<\/div>\n\t\t<\/section>\n\t\t\t\t\t<\/div>\n\t\t<\/div>\n\t\t\t\t\t<\/div>\n\t\t<\/section>\n\t\t\t\t<\/div>","protected":false},"excerpt":{"rendered":"<p>Email Marketing Marketing that drives your brand to new levels! \u201cEmail has an ability that many channels don\u2019t: create valuable personal touches, at scale.\u201d\u00a0\u2013David Newman. Email marketing is a well-established and rewarding content marketing strategy for increasing brand awareness, increasing website traffic, generating leads, and promoting services and products. If you are looking to revamp&#8230;<\/p>","protected":false},"author":1,"featured_media":0,"parent":0,"menu_order":0,"comment_status":"closed","ping_status":"closed","template":"template-builder.php","meta":{"footnotes":""},"class_list":["post-501","page","type-page","status-publish","hentry"],"_links":{"self":[{"href":"https:\/\/fentech.es\/de\/wp-json\/wp\/v2\/pages\/501","targetHints":{"allow":["GET"]}}],"collection":[{"href":"https:\/\/fentech.es\/de\/wp-json\/wp\/v2\/pages"}],"about":[{"href":"https:\/\/fentech.es\/de\/wp-json\/wp\/v2\/types\/page"}],"author":[{"embeddable":true,"href":"https:\/\/fentech.es\/de\/wp-json\/wp\/v2\/users\/1"}],"replies":[{"embeddable":true,"href":"https:\/\/fentech.es\/de\/wp-json\/wp\/v2\/comments?post=501"}],"version-history":[{"count":0,"href":"https:\/\/fentech.es\/de\/wp-json\/wp\/v2\/pages\/501\/revisions"}],"wp:attachment":[{"href":"https:\/\/fentech.es\/de\/wp-json\/wp\/v2\/media?parent=501"}],"curies":[{"name":"wp","href":"https:\/\/api.w.org\/{rel}","templated":true}]}}