{"id":455,"date":"2024-11-10T18:47:32","date_gmt":"2024-11-10T18:47:32","guid":{"rendered":"https:\/\/fentech.es\/?page_id=455"},"modified":"2025-07-27T01:59:46","modified_gmt":"2025-07-27T01:59:46","slug":"music-production","status":"publish","type":"page","link":"https:\/\/fentech.es\/de\/music-production\/","title":{"rendered":"Musikproduktion"},"content":{"rendered":"<div data-elementor-type=\"wp-page\" data-elementor-id=\"455\" class=\"elementor elementor-455\">\n\t\t\t\t\t\t<section class=\"elementor-section elementor-top-section elementor-element elementor-element-731a39e5 elementor-section-boxed elementor-section-height-default elementor-section-height-default\" data-id=\"731a39e5\" data-element_type=\"section\">\n\t\t\t\t\t\t<div class=\"elementor-container elementor-column-gap-no\">\n\t\t\t\t\t<div class=\"elementor-column elementor-col-100 elementor-top-column elementor-element elementor-element-a178e2a\" data-id=\"a178e2a\" data-element_type=\"column\">\n\t\t\t<div class=\"elementor-widget-wrap elementor-element-populated\">\n\t\t\t\t\t\t<section class=\"elementor-section elementor-inner-section elementor-element elementor-element-4c027fc2 elementor-section-full_width elementor-section-height-default elementor-section-height-default\" data-id=\"4c027fc2\" data-element_type=\"section\">\n\t\t\t\t\t\t<div class=\"elementor-container elementor-column-gap-no\">\n\t\t\t\t\t<div class=\"elementor-column elementor-col-50 elementor-inner-column elementor-element elementor-element-208a4c9a page-single\" data-id=\"208a4c9a\" data-element_type=\"column\">\n\t\t\t<div class=\"elementor-widget-wrap elementor-element-populated\">\n\t\t\t\t\t\t<div class=\"elementor-element elementor-element-37db9cba page-img elementor-widget elementor-widget-image\" data-id=\"37db9cba\" data-element_type=\"widget\" data-widget_type=\"image.default\">\n\t\t\t\t<div class=\"elementor-widget-container\">\n\t\t\t\t\t\t\t\t\t\t\t\t\t\t\t<img fetchpriority=\"high\" decoding=\"async\" width=\"640\" height=\"419\" src=\"https:\/\/fentech.es\/wp-content\/uploads\/2024\/11\/Music-Production.jpg\" class=\"attachment-full size-full wp-image-458\" alt=\"\" srcset=\"https:\/\/fentech.es\/wp-content\/uploads\/2024\/11\/Music-Production.jpg 640w, https:\/\/fentech.es\/wp-content\/uploads\/2024\/11\/Music-Production-300x196.jpg 300w\" sizes=\"(max-width: 640px) 100vw, 640px\" \/>\t\t\t\t\t\t\t\t\t\t\t\t\t\t\t<\/div>\n\t\t\t\t<\/div>\n\t\t\t\t<div class=\"elementor-element elementor-element-13dc4640 h3 page-title elementor-widget elementor-widget-heading\" data-id=\"13dc4640\" data-element_type=\"widget\" data-widget_type=\"heading.default\">\n\t\t\t\t<div class=\"elementor-widget-container\">\n\t\t\t\t\t<h3 class=\"elementor-heading-title elementor-size-default\"><h2 style=\"font-family: Barlow, sans-serif\">MUSIKPRODUKTION<\/h2><\/h3>\t\t\t\t<\/div>\n\t\t\t\t<\/div>\n\t\t\t\t<div class=\"elementor-element elementor-element-16efbffa h3 page-title elementor-widget elementor-widget-heading\" data-id=\"16efbffa\" data-element_type=\"widget\" data-widget_type=\"heading.default\">\n\t\t\t\t<div class=\"elementor-widget-container\">\n\t\t\t\t\t<h3 class=\"elementor-heading-title elementor-size-default\">F\u00fcr Web-Perfektion weltweit sorgen<\/h3>\t\t\t\t<\/div>\n\t\t\t\t<\/div>\n\t\t\t\t<div class=\"elementor-element elementor-element-244568b8 elementor-widget elementor-widget-text-editor\" data-id=\"244568b8\" data-element_type=\"widget\" data-widget_type=\"text-editor.default\">\n\t\t\t\t<div class=\"elementor-widget-container\">\n\t\t\t\t\t\t\t\t\t<p><strong>FENTECH<\/strong>Wir glauben, dass Musik mehr sagt als Worte. Jeder Glaube und jedes Gef\u00fchl l\u00e4sst sich durch Musik besser ausdr\u00fccken. Musik kann Sie aufmuntern, Ihre Stimmung ver\u00e4ndern, Sie in vergangene Zeiten zur\u00fcckversetzen oder sogar neue Erinnerungen schaffen. Wir haben eine tiefe Leidenschaft f\u00fcr Musik und sind bestrebt, innovative und originelle Titel zu produzieren, die Sie in Ihrem n\u00e4chsten Projekt verwenden m\u00f6chten, um sich selbst und Ihre Marke auszudr\u00fccken.<\/p><p>Wir sind ein kleines Team und lassen uns t\u00e4glich von der Musik inspirieren, um Jingles zu kreieren. Wir m\u00f6chten, dass es uns mit unserer Musik gelingt, euren k\u00fcnstlerischen Ausdruck zu f\u00f6rdern.<\/p><p>Wir sind ein kleines Unternehmen f\u00fcr Musikproduktion (Jingles), ein einzigartiges Ziel f\u00fcr Musikkomposition und -produktion. Von unserem Studio aus streben wir danach, der f\u00fchrende Anbieter kreativer und moderner Musik, Sounddesign und Komposition f\u00fcr Videos, Werbespots und Branding zu werden.<\/p><p>Bei <strong>FENTECH<\/strong>Unser Ziel ist es, umfassende Musikproduktionsdienste f\u00fcr Anzeigen, Werbespots, private Alben und Dokumentationen anzubieten, einschlie\u00dflich Komposition, Arrangements, Programmierung, Mischung, Mastering und allem, was dazwischen liegt. Sie geben die Anweisungen und wir erstellen die perfekten Jingles f\u00fcr Ihre Anforderungen.<\/p>\t\t\t\t\t\t\t\t<\/div>\n\t\t\t\t<\/div>\n\t\t\t\t\t<\/div>\n\t\t<\/div>\n\t\t\t\t<div class=\"elementor-column elementor-col-50 elementor-inner-column elementor-element elementor-element-4585e43d\" data-id=\"4585e43d\" data-element_type=\"column\">\n\t\t\t<div class=\"elementor-widget-wrap elementor-element-populated\">\n\t\t\t\t\t\t<div class=\"elementor-element elementor-element-cd75e28 elementor-hidden-tablet elementor-hidden-mobile elementor-widget elementor-widget-webteckshapeimage\" data-id=\"cd75e28\" data-element_type=\"widget\" data-widget_type=\"webteckshapeimage.default\">\n\t\t\t\t<div class=\"elementor-widget-container\">\n\t\t\t\t\t<!-- Image --><div class=\"shape-mockup  jump d-xxl-block d-xl-block d-lg-block\"><img decoding=\"async\" src=\"https:\/\/fentech.es\/wp-content\/uploads\/2025\/07\/Fentech-lg.png\" alt=\"Shape Image\" ><\/div><!-- End Image -->\t\t\t\t<\/div>\n\t\t\t\t<\/div>\n\t\t\t\t\t<\/div>\n\t\t<\/div>\n\t\t\t\t\t<\/div>\n\t\t<\/section>\n\t\t\t\t\t<\/div>\n\t\t<\/div>\n\t\t\t\t\t<\/div>\n\t\t<\/section>\n\t\t\t\t<section class=\"elementor-section elementor-top-section elementor-element elementor-element-77a7bfec elementor-hidden-desktop elementor-hidden-tablet elementor-hidden-mobile elementor-section-boxed elementor-section-height-default elementor-section-height-default\" data-id=\"77a7bfec\" data-element_type=\"section\">\n\t\t\t\t\t\t<div class=\"elementor-container elementor-column-gap-no\">\n\t\t\t\t\t<div class=\"elementor-column elementor-col-100 elementor-top-column elementor-element elementor-element-3d588777\" data-id=\"3d588777\" data-element_type=\"column\">\n\t\t\t<div class=\"elementor-widget-wrap elementor-element-populated\">\n\t\t\t\t\t\t<div class=\"elementor-element elementor-element-6689239f elementor-widget elementor-widget-tragafeature\" data-id=\"6689239f\" data-element_type=\"widget\" data-widget_type=\"tragafeature.default\">\n\t\t\t\t<div class=\"elementor-widget-container\">\n\t\t\t\t\t<div class=\"service-feature-wrap\"><div class=\"service-feature\"><div class=\"service-feature_icon\"><img decoding=\"async\" src=\"https:\/\/fentech.es\/wp-content\/uploads\/2024\/11\/feature_card_1.png\" alt=\"FENTECH\"  \/><\/div><div class=\"media-body\"><h4 class=\"service-feature_title\">Datenmanagement-Dienst<\/h4><p class=\"service-feature_text\">Maximieren Sie intrinsisch die besten strategischen Themenbereiche, w\u00e4hrend Sie auf Premium-Ausrichtungen setzen. F\u00fchren Sie eine gemeinsame Kundenumstellung durch.<\/p><\/div><\/div><div class=\"service-feature\"><div class=\"service-feature_icon\"><img decoding=\"async\" src=\"https:\/\/fentech.es\/wp-content\/uploads\/2024\/11\/feature_card_3.png\" alt=\"FENTECH\"  \/><\/div><div class=\"media-body\"><h4 class=\"service-feature_title\">Weltklasse-Support<\/h4><p class=\"service-feature_text\">Maximieren Sie intrinsisch die besten strategischen Themenbereiche, w\u00e4hrend Sie auf Premium-Ausrichtungen setzen. F\u00fchren Sie eine gemeinsame Kundenumstellung durch.<\/p><\/div><\/div><div class=\"service-feature\"><div class=\"service-feature_icon\"><img decoding=\"async\" src=\"https:\/\/fentech.es\/wp-content\/uploads\/2024\/11\/feature_card_2.png\" alt=\"FENTECH\"  \/><\/div><div class=\"media-body\"><h4 class=\"service-feature_title\">IT-Strategie &amp; Beratung<\/h4><p class=\"service-feature_text\">Maximieren Sie intrinsisch die besten strategischen Themenbereiche, w\u00e4hrend Sie auf Premium-Ausrichtungen setzen. F\u00fchren Sie eine gemeinsame Kundenumstellung durch.<\/p><\/div><\/div><\/div>\t\t\t\t<\/div>\n\t\t\t\t<\/div>\n\t\t\t\t\t<\/div>\n\t\t<\/div>\n\t\t\t\t\t<\/div>\n\t\t<\/section>\n\t\t<div class=\"elementor-element elementor-element-67c1b6b e-flex e-con-boxed e-con e-parent\" data-id=\"67c1b6b\" data-element_type=\"container\">\n\t\t\t\t\t<div class=\"e-con-inner\">\n\t\t\t\t<div class=\"elementor-element elementor-element-4593b6a2 elementor-widget elementor-widget-text-editor\" data-id=\"4593b6a2\" data-element_type=\"widget\" data-widget_type=\"text-editor.default\">\n\t\t\t\t<div class=\"elementor-widget-container\">\n\t\t\t\t\t\t\t\t\t<div class=\"row\"><div class=\"col-md-6 mb-30\"><div class=\"th-video\"><img decoding=\"async\" class=\"w-100\" src=\"https:\/\/themeholy.com\/wordpress\/test\/wp-content\/uploads\/2023\/03\/service_inner_1-300x198.jpg\" alt=\"service\" \/><br \/><i class=\"fas fa-play\"><\/i><\/div><\/div><div class=\"col-md-6 mb-30\"><h3 class=\"h4 mb-20\">Unser Engagement f\u00fcr Spitzenleistung<\/h3><div class=\"checklist style3\"><ul><li><i class=\"fas fa-octagon-check\"><\/i>Auf Ihre individuellen Bed\u00fcrfnisse ausgerichtet<\/li><li><i class=\"fas fa-octagon-check\"><\/i>Ihrem Erfolg verpflichtet<\/li><li><i class=\"fas fa-octagon-check\"><\/i>Optimierter Implementierungsprozess<\/li><li><i class=\"fas fa-octagon-check\"><\/i>Risikofreie \u00dcbergangsunterst\u00fctzung<\/li><li><i class=\"fas fa-octagon-check\"><\/i>Ihre Zufriedenheit ist unsere Priorit\u00e4t<\/li><\/ul><\/div><\/div><\/div>\t\t\t\t\t\t\t\t<\/div>\n\t\t\t\t<\/div>\n\t\t\t\t<div class=\"elementor-element elementor-element-4ec16029 elementor-widget elementor-widget-tragafeature\" data-id=\"4ec16029\" data-element_type=\"widget\" data-widget_type=\"tragafeature.default\">\n\t\t\t\t<div class=\"elementor-widget-container\">\n\t\t\t\t\t<div class=\"service-feature-wrap\"><div class=\"service-feature\"><div class=\"service-feature_icon\"><img decoding=\"async\" src=\"https:\/\/fentech.es\/wp-content\/uploads\/2024\/11\/service_feature_1.svg\" alt=\"FENTECH\"  \/><\/div><div class=\"media-body\"><h4 class=\"service-feature_title\">Dynamische L\u00f6sungen zur Musikproduktion<\/h4><p class=\"service-feature_text\">Anpassbare Strategien, die Ihren Sound verbessern und Ihre Zuh\u00f6rer fesseln\n\n<\/p><\/div><\/div><div class=\"service-feature\"><div class=\"service-feature_icon\"><img decoding=\"async\" src=\"https:\/\/fentech.es\/wp-content\/uploads\/2024\/11\/service_feature_2.svg\" alt=\"FENTECH\"  \/><\/div><div class=\"media-body\"><h4 class=\"service-feature_title\">Engagierter Support rund um die Uhr<\/h4><p class=\"service-feature_text\">Unser Expertenteam steht Ihnen rund um die Uhr zur Verf\u00fcgung, um Ihnen jederzeit zu helfen.<\/p><\/div><\/div><\/div>\t\t\t\t<\/div>\n\t\t\t\t<\/div>\n\t\t\t\t\t<\/div>\n\t\t\t\t<\/div>\n\t\t\t\t<section class=\"elementor-section elementor-top-section elementor-element elementor-element-3e18d71b elementor-section-boxed elementor-section-height-default elementor-section-height-default\" data-id=\"3e18d71b\" data-element_type=\"section\">\n\t\t\t\t\t\t<div class=\"elementor-container elementor-column-gap-no\">\n\t\t\t\t\t<div class=\"elementor-column elementor-col-100 elementor-top-column elementor-element elementor-element-2875cfbb\" data-id=\"2875cfbb\" data-element_type=\"column\">\n\t\t\t<div class=\"elementor-widget-wrap elementor-element-populated\">\n\t\t\t\t\t\t<section class=\"elementor-section elementor-inner-section elementor-element elementor-element-55e02aa8 elementor-section-full_width elementor-section-height-default elementor-section-height-default\" data-id=\"55e02aa8\" data-element_type=\"section\">\n\t\t\t\t\t\t<div class=\"elementor-container elementor-column-gap-no\">\n\t\t\t\t\t<div class=\"elementor-column elementor-col-50 elementor-inner-column elementor-element elementor-element-25fc7cf7 page-single\" data-id=\"25fc7cf7\" data-element_type=\"column\">\n\t\t\t<div class=\"elementor-widget-wrap elementor-element-populated\">\n\t\t\t\t\t\t<div class=\"elementor-element elementor-element-110a908b elementor-widget elementor-widget-text-editor\" data-id=\"110a908b\" data-element_type=\"widget\" data-widget_type=\"text-editor.default\">\n\t\t\t\t<div class=\"elementor-widget-container\">\n\t\t\t\t\t\t\t\t\t<p data-pm-slice=\"0 0 []\"><strong>Umfassende Dienstleistungen zur Musikproduktion<\/strong><\/p><p>Erstellen Sie fesselnde Klanglandschaften, die bei Ihrem Publikum Anklang finden<\/p><p>\u00a0<\/p>\t\t\t\t\t\t\t\t<\/div>\n\t\t\t\t<\/div>\n\t\t\t\t<div class=\"elementor-element elementor-element-14318928 elementor-widget elementor-widget-heading\" data-id=\"14318928\" data-element_type=\"widget\" data-widget_type=\"heading.default\">\n\t\t\t\t<div class=\"elementor-widget-container\">\n\t\t\t\t\t<h4 class=\"elementor-heading-title elementor-size-default\">Fragen zu Musikproduktionsdiensten<\/h4>\t\t\t\t<\/div>\n\t\t\t\t<\/div>\n\t\t\t\t<div class=\"elementor-element elementor-element-5e7a7bcc elementor-widget elementor-widget-tragafaq\" data-id=\"5e7a7bcc\" data-element_type=\"widget\" data-widget_type=\"tragafaq.default\">\n\t\t\t\t<div class=\"elementor-widget-container\">\n\t\t\t\t\t<div class=\"accordion-area accordion\" id=\"faqAccordion\"><div class=\"accordion-card style2 active\"><div class=\"accordion-header\" id=\"collapse-item-1\"><button class=\"accordion-button\" type=\"button\" data-bs-toggle=\"collapse\" data-bs-target=\"#collapse-1\" aria-expanded=\"true\" aria-controls=\"collapse-1\">Wie gehen Sie an die Musikproduktion heran?<\/button><\/div><div id=\"collapse-1\" class=\"accordion-collapse collapse show\" aria-labelledby=\"collapse-item-1\" data-bs-parent=\"#faqAccordion\"><div class=\"accordion-body\"><p class=\"faq-text\">Unser Musikproduktionsprozess beginnt mit einer ausf\u00fchrlichen Beratung, um Ihre Vision und Ziele zu verstehen. Wir arbeiten w\u00e4hrend des gesamten Projekts eng mit Ihnen zusammen, vom Songwriting und Arrangement bis hin zur Aufnahme und Mischung, um sicherzustellen, dass Ihr Sound nahtlos zum Leben erweckt wird.<\/p><\/div><\/div><\/div><div class=\"accordion-card style2\"><div class=\"accordion-header\" id=\"collapse-item-2\"><button class=\"accordion-button collapsed\" type=\"button\" data-bs-toggle=\"collapse\" data-bs-target=\"#collapse-2\" aria-expanded=\"false\" aria-controls=\"collapse-2\">Wie lange dauert der Musikproduktionsprozess normalerweise?<\/button><\/div><div id=\"collapse-2\" class=\"accordion-collapse collapse\" aria-labelledby=\"collapse-item-2\" data-bs-parent=\"#faqAccordion\"><div class=\"accordion-body\"><p class=\"faq-text\">Die Dauer der Musikproduktion kann je nach Komplexit\u00e4t des Projekts und Ihren spezifischen Anforderungen variieren. W\u00e4hrend kleinere Projekte in wenigen Wochen abgeschlossen werden k\u00f6nnen, k\u00f6nnen gr\u00f6\u00dfere Produktionen mehrere Monate dauern. Wir geben Ihnen w\u00e4hrend unserer ersten Gespr\u00e4che einen klaren Zeitplan, um die Erwartungen zu steuern.<\/p><\/div><\/div><\/div><div class=\"accordion-card style2\"><div class=\"accordion-header\" id=\"collapse-item-3\"><button class=\"accordion-button collapsed\" type=\"button\" data-bs-toggle=\"collapse\" data-bs-target=\"#collapse-3\" aria-expanded=\"false\" aria-controls=\"collapse-3\">Welche Art von Unterst\u00fctzung bieten Sie, nachdem die Musikproduktion abgeschlossen ist?<\/button><\/div><div id=\"collapse-3\" class=\"accordion-collapse collapse\" aria-labelledby=\"collapse-item-3\" data-bs-parent=\"#faqAccordion\"><div class=\"accordion-body\"><p class=\"faq-text\">Wir bieten fortlaufende Unterst\u00fctzung, die die letzten Anpassungen beim Mischen, Mastering und Beratung zu Vertriebsstrategien umfasst. Wir sorgen daf\u00fcr, dass Ihre Musik nicht nur gro\u00dfartig klingt, sondern auch Ihr Zielpublikum effektiv erreicht.<\/p><\/div><\/div><\/div><\/div>\t\t\t\t<\/div>\n\t\t\t\t<\/div>\n\t\t\t\t\t<\/div>\n\t\t<\/div>\n\t\t\t\t<div class=\"elementor-column elementor-col-50 elementor-inner-column elementor-element elementor-element-386e2808\" data-id=\"386e2808\" data-element_type=\"column\">\n\t\t\t<div class=\"elementor-widget-wrap elementor-element-populated\">\n\t\t\t\t\t\t<div class=\"elementor-element elementor-element-6bf4a540 elementor-widget elementor-widget-text-editor\" data-id=\"6bf4a540\" data-element_type=\"widget\" data-widget_type=\"text-editor.default\">\n\t\t\t\t<div class=\"elementor-widget-container\">\n\t\t\t\t\t\t\t\t\t<div class=\"widget widget_download\"><h4 class=\"widget_title\">Brosch\u00fcre herunterladen<\/h4><div class=\"download-widget-wrap\"><i class=\"fa-light fa-file-pdf me-2\"><\/i>PDF HERUNTERLADEN<br \/><i class=\"fa-light fa-file-lines me-2\"><\/i>DOKUMENT HERUNTERLADEN<\/div><\/div>\t\t\t\t\t\t\t\t<\/div>\n\t\t\t\t<\/div>\n\t\t\t\t<div class=\"elementor-element elementor-element-1f4d00b6 elementor-widget elementor-widget-text-editor\" data-id=\"1f4d00b6\" data-element_type=\"widget\" data-widget_type=\"text-editor.default\">\n\t\t\t\t<div class=\"elementor-widget-container\">\n\t\t\t\t\t\t\t\t\t<div class=\"widget widget_banner\" data-bg-src=\"https:\/\/themeholy.com\/wordpress\/test\/wp-content\/uploads\/2023\/03\/widget_banner-1.jpg\"><div class=\"widget-banner\"><span class=\"text\">KONTAKTIEREN SIE UNS JETZT<\/span><h2 class=\"title\">Sie ben\u00f6tigen Hilfe?<\/h2><p>ANGEBOT EINHOLEN<i class=\"fas fa-arrow-right ms-2\"><\/i><\/p><\/div><\/div>\t\t\t\t\t\t\t\t<\/div>\n\t\t\t\t<\/div>\n\t\t\t\t\t<\/div>\n\t\t<\/div>\n\t\t\t\t\t<\/div>\n\t\t<\/section>\n\t\t\t\t\t<\/div>\n\t\t<\/div>\n\t\t\t\t\t<\/div>\n\t\t<\/section>\n\t\t\t\t<\/div>","protected":false},"excerpt":{"rendered":"<p>MUSIC PRODUCTION Providing web perfection worldwide FENTECH, we believe that music speaks louder than words. Every belief and every feeling can be expressed more skillfully through music. Music can uplift you, change your mood, transport you back to past seasons, or even create new memories. We have a deep passion for music and are committed&#8230;<\/p>","protected":false},"author":1,"featured_media":0,"parent":0,"menu_order":0,"comment_status":"closed","ping_status":"closed","template":"template-builder.php","meta":{"footnotes":""},"class_list":["post-455","page","type-page","status-publish","hentry"],"_links":{"self":[{"href":"https:\/\/fentech.es\/de\/wp-json\/wp\/v2\/pages\/455","targetHints":{"allow":["GET"]}}],"collection":[{"href":"https:\/\/fentech.es\/de\/wp-json\/wp\/v2\/pages"}],"about":[{"href":"https:\/\/fentech.es\/de\/wp-json\/wp\/v2\/types\/page"}],"author":[{"embeddable":true,"href":"https:\/\/fentech.es\/de\/wp-json\/wp\/v2\/users\/1"}],"replies":[{"embeddable":true,"href":"https:\/\/fentech.es\/de\/wp-json\/wp\/v2\/comments?post=455"}],"version-history":[{"count":0,"href":"https:\/\/fentech.es\/de\/wp-json\/wp\/v2\/pages\/455\/revisions"}],"wp:attachment":[{"href":"https:\/\/fentech.es\/de\/wp-json\/wp\/v2\/media?parent=455"}],"curies":[{"name":"wp","href":"https:\/\/api.w.org\/{rel}","templated":true}]}}