{"id":444,"date":"2024-11-10T18:46:12","date_gmt":"2024-11-10T18:46:12","guid":{"rendered":"https:\/\/fentech.es\/?page_id=444"},"modified":"2025-07-27T01:58:41","modified_gmt":"2025-07-27T01:58:41","slug":"video-production","status":"publish","type":"page","link":"https:\/\/fentech.es\/de\/video-production\/","title":{"rendered":"Videoproduktion"},"content":{"rendered":"<div data-elementor-type=\"wp-page\" data-elementor-id=\"444\" class=\"elementor elementor-444\">\n\t\t\t\t\t\t<section class=\"elementor-section elementor-top-section elementor-element elementor-element-225157e3 elementor-section-boxed elementor-section-height-default elementor-section-height-default\" data-id=\"225157e3\" data-element_type=\"section\">\n\t\t\t\t\t\t<div class=\"elementor-container elementor-column-gap-no\">\n\t\t\t\t\t<div class=\"elementor-column elementor-col-100 elementor-top-column elementor-element elementor-element-6b31eb3a\" data-id=\"6b31eb3a\" data-element_type=\"column\">\n\t\t\t<div class=\"elementor-widget-wrap elementor-element-populated\">\n\t\t\t\t\t\t<section class=\"elementor-section elementor-inner-section elementor-element elementor-element-1e8f9ec6 elementor-section-full_width elementor-section-height-default elementor-section-height-default\" data-id=\"1e8f9ec6\" data-element_type=\"section\">\n\t\t\t\t\t\t<div class=\"elementor-container elementor-column-gap-no\">\n\t\t\t\t\t<div class=\"elementor-column elementor-col-50 elementor-inner-column elementor-element elementor-element-6f96b8f page-single\" data-id=\"6f96b8f\" data-element_type=\"column\">\n\t\t\t<div class=\"elementor-widget-wrap elementor-element-populated\">\n\t\t\t\t\t\t<div class=\"elementor-element elementor-element-22814493 page-img elementor-widget elementor-widget-image\" data-id=\"22814493\" data-element_type=\"widget\" data-widget_type=\"image.default\">\n\t\t\t\t<div class=\"elementor-widget-container\">\n\t\t\t\t\t\t\t\t\t\t\t\t\t\t\t<img fetchpriority=\"high\" decoding=\"async\" width=\"640\" height=\"419\" src=\"https:\/\/fentech.es\/wp-content\/uploads\/2024\/11\/Vidio-Production.jpg\" class=\"attachment-full size-full wp-image-447\" alt=\"\" srcset=\"https:\/\/fentech.es\/wp-content\/uploads\/2024\/11\/Vidio-Production.jpg 640w, https:\/\/fentech.es\/wp-content\/uploads\/2024\/11\/Vidio-Production-300x196.jpg 300w\" sizes=\"(max-width: 640px) 100vw, 640px\" \/>\t\t\t\t\t\t\t\t\t\t\t\t\t\t\t<\/div>\n\t\t\t\t<\/div>\n\t\t\t\t<div class=\"elementor-element elementor-element-2022f22a h3 page-title elementor-widget elementor-widget-heading\" data-id=\"2022f22a\" data-element_type=\"widget\" data-widget_type=\"heading.default\">\n\t\t\t\t<div class=\"elementor-widget-container\">\n\t\t\t\t\t<h3 class=\"elementor-heading-title elementor-size-default\"><h2 style=\"font-family: Barlow, sans-serif\">VIDEOPRODUKTION<\/h2><\/h3>\t\t\t\t<\/div>\n\t\t\t\t<\/div>\n\t\t\t\t<div class=\"elementor-element elementor-element-4b81a51b h3 page-title elementor-widget elementor-widget-heading\" data-id=\"4b81a51b\" data-element_type=\"widget\" data-widget_type=\"heading.default\">\n\t\t\t\t<div class=\"elementor-widget-container\">\n\t\t\t\t\t<h3 class=\"elementor-heading-title elementor-size-default\">VIDEOPRODUKTION UND ANZEIGEERSTELLUNG<\/h3>\t\t\t\t<\/div>\n\t\t\t\t<\/div>\n\t\t\t\t<div class=\"elementor-element elementor-element-29a5b861 elementor-widget elementor-widget-text-editor\" data-id=\"29a5b861\" data-element_type=\"widget\" data-widget_type=\"text-editor.default\">\n\t\t\t\t<div class=\"elementor-widget-container\">\n\t\t\t\t\t\t\t\t\t<p><strong>Wir liefern Web-Perfektion auf der ganzen Welt<\/strong><\/p><p><b><i>Laut Forbes-Experten kann ein Video die Konversionsrate um 80 % steigern und den Gewinn um durchschnittlich 49 % erh\u00f6hen.<\/i><\/b><\/p><p>Ein Erkl\u00e4rvideo oder -film ist eine Landingpage, Conversion oder ein allgemeiner Film. Dieser soll Ihr Unternehmen, Ihre Dienstleistungen, Produkte oder Ihr Thema auf eine Weise veranschaulichen, die Ihre Kunden und Ihr Publikum in kurzer Zeit mit maximalem visuellen Verst\u00e4ndnis interpretieren k\u00f6nnen. <strong>At FENTECH<\/strong>decken wir w\u00e4hrend des Video-\/Werbeproduktionsprozesses 4 wichtige Schl\u00fcsselfaktoren ab:\u00a0<\/p><ul><li aria-level=\"1\">Engp\u00e4sse oder Probleme<\/li><li aria-level=\"1\">\u00a0Effektive L\u00f6sungen<\/li><li aria-level=\"1\">\u00a0Die wichtigsten Details und Vorteile<\/li><li aria-level=\"1\">\u00a0\u00a0Ein neuer Ansatz, der sich in Einkommen verwandelt.<\/li><\/ul><p>Der Schl\u00fcssel zu einem \u00fcberzeugenden Erkl\u00e4rvideo besteht darin, es auf den Punkt zu bringen, interessant und fesselnd zu gestalten und gleichzeitig die richtigen Informationen \u00fcber Ihre Marke zu vermitteln. Unabh\u00e4ngig davon, was er erkl\u00e4rt, vermittelt ein \u00dcbersetzerfilm seinen Zuschauern ein klares Verst\u00e4ndnis davon, was er tut oder anbietet und wie es ihr Leben bereichern wird.<\/p>\t\t\t\t\t\t\t\t<\/div>\n\t\t\t\t<\/div>\n\t\t\t\t\t<\/div>\n\t\t<\/div>\n\t\t\t\t<div class=\"elementor-column elementor-col-50 elementor-inner-column elementor-element elementor-element-2c233eb4\" data-id=\"2c233eb4\" data-element_type=\"column\">\n\t\t\t<div class=\"elementor-widget-wrap elementor-element-populated\">\n\t\t\t\t\t\t<div class=\"elementor-element elementor-element-643ceb1d elementor-hidden-tablet elementor-hidden-mobile elementor-widget elementor-widget-webteckshapeimage\" data-id=\"643ceb1d\" data-element_type=\"widget\" data-widget_type=\"webteckshapeimage.default\">\n\t\t\t\t<div class=\"elementor-widget-container\">\n\t\t\t\t\t<!-- Image --><div class=\"shape-mockup  jump d-xxl-block d-xl-block d-lg-block\"><img decoding=\"async\" src=\"https:\/\/fentech.es\/wp-content\/uploads\/2025\/07\/Fentech-lg.png\" alt=\"Shape Image\" ><\/div><!-- End Image -->\t\t\t\t<\/div>\n\t\t\t\t<\/div>\n\t\t\t\t\t<\/div>\n\t\t<\/div>\n\t\t\t\t\t<\/div>\n\t\t<\/section>\n\t\t\t\t\t<\/div>\n\t\t<\/div>\n\t\t\t\t\t<\/div>\n\t\t<\/section>\n\t\t<div class=\"elementor-element elementor-element-622c880 e-flex e-con-boxed e-con e-parent\" data-id=\"622c880\" data-element_type=\"container\">\n\t\t\t\t\t<div class=\"e-con-inner\">\n\t\t\t\t<div class=\"elementor-element elementor-element-6cd2d215 elementor-widget elementor-widget-webtecksectiontitle\" data-id=\"6cd2d215\" data-element_type=\"widget\" data-widget_type=\"webtecksectiontitle.default\">\n\t\t\t\t<div class=\"elementor-widget-container\">\n\t\t\t\t\t<div class=\"title-area\" ><span class=\"sub-title sub-title3 subtitle-selector\">Was sind die Hauptmerkmale unserer Anzeigen und Erkl\u00e4rvideos?<\/span><\/div>\t\t\t\t<\/div>\n\t\t\t\t<\/div>\n\t\t\t\t<div class=\"elementor-element elementor-element-1258d450 elementor-widget elementor-widget-text-editor\" data-id=\"1258d450\" data-element_type=\"widget\" data-widget_type=\"text-editor.default\">\n\t\t\t\t<div class=\"elementor-widget-container\">\n\t\t\t\t\t\t\t\t\t<ul><li><p><strong>Kurz und knapp:<\/strong><br \/><em>\u00dcbermitteln Sie wirkungsvolle Botschaften, die Ihr Publikum fesseln.<\/em><\/p><\/li><li><p><strong>Klar und pr\u00e4gnant:<\/strong><br \/><em>Kommunizieren Sie Ihre Geschichte effektiv mit optimierten Inhalten.<\/em><\/p><\/li><li><p><strong>Der Gespr\u00e4chston, der sich darauf bezieht:<\/strong><br \/><em>Fesseln Sie die Zuschauer mit einem ansprechenden, zug\u00e4nglichen Stil, der sie anspricht.<\/em><\/p><\/li><li><p><strong>\u00c4sthetisch ansprechend:<\/strong><br \/><em>Erstellen Sie visuell beeindruckende Videos, die die Geschichte Ihrer Marke unterstreichen.<\/em><\/p><\/li><li><p><strong>Konzentrieren Sie sich auf die Hauptvorteile und die Details, die den Verkauf anregen:<\/strong><br \/><em>Pr\u00e4sentieren Sie die wichtigsten Vorteile und heben Sie einzigartige Details hervor, die das Interesse wecken.<\/em><\/p><\/li><li><p><strong>Spezifischer CTA (Call-to-Action):<\/strong><br \/><em>Fordern Sie die Zuschauer mit einem \u00fcberzeugenden Aufruf zum Handeln auf.<\/em><\/p><\/li><\/ul>\t\t\t\t\t\t\t\t<\/div>\n\t\t\t\t<\/div>\n\t\t\t\t\t<\/div>\n\t\t\t\t<\/div>\n\t\t\t\t<section class=\"elementor-section elementor-top-section elementor-element elementor-element-1943beb5 elementor-hidden-desktop elementor-hidden-tablet elementor-hidden-mobile elementor-section-boxed elementor-section-height-default elementor-section-height-default\" data-id=\"1943beb5\" data-element_type=\"section\">\n\t\t\t\t\t\t<div class=\"elementor-container elementor-column-gap-no\">\n\t\t\t\t\t<div class=\"elementor-column elementor-col-100 elementor-top-column elementor-element elementor-element-b8030c5\" data-id=\"b8030c5\" data-element_type=\"column\">\n\t\t\t<div class=\"elementor-widget-wrap elementor-element-populated\">\n\t\t\t\t\t\t<div class=\"elementor-element elementor-element-96b7785 elementor-widget elementor-widget-tragafeature\" data-id=\"96b7785\" data-element_type=\"widget\" data-widget_type=\"tragafeature.default\">\n\t\t\t\t<div class=\"elementor-widget-container\">\n\t\t\t\t\t<div class=\"service-feature-wrap\"><div class=\"service-feature\"><div class=\"service-feature_icon\"><img decoding=\"async\" src=\"https:\/\/fentech.es\/wp-content\/uploads\/2024\/11\/feature_card_1.png\" alt=\"FENTECH\"  \/><\/div><div class=\"media-body\"><h4 class=\"service-feature_title\">Datenmanagement-Dienst<\/h4><p class=\"service-feature_text\">Maximieren Sie intrinsisch die besten strategischen Themenbereiche, w\u00e4hrend Sie auf Premium-Ausrichtungen setzen. F\u00fchren Sie eine gemeinsame Kundenumstellung durch.<\/p><\/div><\/div><div class=\"service-feature\"><div class=\"service-feature_icon\"><img decoding=\"async\" src=\"https:\/\/fentech.es\/wp-content\/uploads\/2024\/11\/feature_card_3.png\" alt=\"FENTECH\"  \/><\/div><div class=\"media-body\"><h4 class=\"service-feature_title\">Weltklasse-Support<\/h4><p class=\"service-feature_text\">Maximieren Sie intrinsisch die besten strategischen Themenbereiche, w\u00e4hrend Sie auf Premium-Ausrichtungen setzen. F\u00fchren Sie eine gemeinsame Kundenumstellung durch.<\/p><\/div><\/div><div class=\"service-feature\"><div class=\"service-feature_icon\"><img decoding=\"async\" src=\"https:\/\/fentech.es\/wp-content\/uploads\/2024\/11\/feature_card_2.png\" alt=\"FENTECH\"  \/><\/div><div class=\"media-body\"><h4 class=\"service-feature_title\">IT-Strategie &amp; Beratung<\/h4><p class=\"service-feature_text\">Maximieren Sie intrinsisch die besten strategischen Themenbereiche, w\u00e4hrend Sie auf Premium-Ausrichtungen setzen. F\u00fchren Sie eine gemeinsame Kundenumstellung durch.<\/p><\/div><\/div><\/div>\t\t\t\t<\/div>\n\t\t\t\t<\/div>\n\t\t\t\t\t<\/div>\n\t\t<\/div>\n\t\t\t\t\t<\/div>\n\t\t<\/section>\n\t\t<div class=\"elementor-element elementor-element-14354418 e-flex e-con-boxed e-con e-parent\" data-id=\"14354418\" data-element_type=\"container\">\n\t\t\t\t\t<div class=\"e-con-inner\">\n\t\t\t\t<div class=\"elementor-element elementor-element-5a1a244c elementor-widget elementor-widget-text-editor\" data-id=\"5a1a244c\" data-element_type=\"widget\" data-widget_type=\"text-editor.default\">\n\t\t\t\t<div class=\"elementor-widget-container\">\n\t\t\t\t\t\t\t\t\t<div class=\"row\"><div class=\"col-md-6 mb-30\"><div class=\"th-video\"><img decoding=\"async\" class=\"w-100\" src=\"https:\/\/themeholy.com\/wordpress\/test\/wp-content\/uploads\/2023\/03\/service_inner_1-300x198.jpg\" alt=\"service\" \/><br \/><i class=\"fas fa-play\"><\/i><\/div><\/div><div class=\"col-md-6 mb-30\"><h3 class=\"h4 mb-20\">Unser Engagement f\u00fcr Spitzenleistung<\/h3><div class=\"checklist style3\"><ul><li><i class=\"fas fa-octagon-check\"><\/i>Auf Ihre individuellen Bed\u00fcrfnisse ausgerichtet<\/li><li><i class=\"fas fa-octagon-check\"><\/i>Ihrem Erfolg verpflichtet<\/li><li><i class=\"fas fa-octagon-check\"><\/i>Optimierter Implementierungsprozess<\/li><li><i class=\"fas fa-octagon-check\"><\/i>Risikofreie \u00dcbergangsunterst\u00fctzung<\/li><li><i class=\"fas fa-octagon-check\"><\/i>Ihre Zufriedenheit ist unsere Priorit\u00e4t<\/li><\/ul><\/div><\/div><\/div>\t\t\t\t\t\t\t\t<\/div>\n\t\t\t\t<\/div>\n\t\t\t\t<div class=\"elementor-element elementor-element-2f98284c elementor-widget elementor-widget-tragafeature\" data-id=\"2f98284c\" data-element_type=\"widget\" data-widget_type=\"tragafeature.default\">\n\t\t\t\t<div class=\"elementor-widget-container\">\n\t\t\t\t\t<div class=\"service-feature-wrap\"><div class=\"service-feature\"><div class=\"service-feature_icon\"><img decoding=\"async\" src=\"https:\/\/fentech.es\/wp-content\/uploads\/2024\/11\/service_feature_1.svg\" alt=\"FENTECH\"  \/><\/div><div class=\"media-body\"><h4 class=\"service-feature_title\">Dynamische Videoproduktionsl\u00f6sungen<\/h4><p class=\"service-feature_text\">Anpassbare Strategien, die das Storytelling Ihrer Marke verbessern und Ihr Publikum fesseln<\/p><\/div><\/div><div class=\"service-feature\"><div class=\"service-feature_icon\"><img decoding=\"async\" src=\"https:\/\/fentech.es\/wp-content\/uploads\/2024\/11\/service_feature_2.svg\" alt=\"FENTECH\"  \/><\/div><div class=\"media-body\"><h4 class=\"service-feature_title\">Engagierter Support rund um die Uhr<\/h4><p class=\"service-feature_text\">Unser Expertenteam steht Ihnen rund um die Uhr zur Verf\u00fcgung, um Ihnen jederzeit zu helfen.<\/p><\/div><\/div><\/div>\t\t\t\t<\/div>\n\t\t\t\t<\/div>\n\t\t\t\t\t<\/div>\n\t\t\t\t<\/div>\n\t\t\t\t<section class=\"elementor-section elementor-top-section elementor-element elementor-element-7eab6b71 elementor-section-boxed elementor-section-height-default elementor-section-height-default\" data-id=\"7eab6b71\" data-element_type=\"section\">\n\t\t\t\t\t\t<div class=\"elementor-container elementor-column-gap-no\">\n\t\t\t\t\t<div class=\"elementor-column elementor-col-100 elementor-top-column elementor-element elementor-element-25db785c\" data-id=\"25db785c\" data-element_type=\"column\">\n\t\t\t<div class=\"elementor-widget-wrap elementor-element-populated\">\n\t\t\t\t\t\t<section class=\"elementor-section elementor-inner-section elementor-element elementor-element-3694897a elementor-section-full_width elementor-section-height-default elementor-section-height-default\" data-id=\"3694897a\" data-element_type=\"section\">\n\t\t\t\t\t\t<div class=\"elementor-container elementor-column-gap-no\">\n\t\t\t\t\t<div class=\"elementor-column elementor-col-50 elementor-inner-column elementor-element elementor-element-47939861 page-single\" data-id=\"47939861\" data-element_type=\"column\">\n\t\t\t<div class=\"elementor-widget-wrap elementor-element-populated\">\n\t\t\t\t\t\t<div class=\"elementor-element elementor-element-611d7fa9 elementor-widget elementor-widget-text-editor\" data-id=\"611d7fa9\" data-element_type=\"widget\" data-widget_type=\"text-editor.default\">\n\t\t\t\t<div class=\"elementor-widget-container\">\n\t\t\t\t\t\t\t\t\t<h3>Umfassende Videoproduktionsdienste<\/h3><p>Erstellen Sie \u00fcberzeugende visuelle Erz\u00e4hlungen, die bei Ihrem Publikum Anklang finden<\/p>\t\t\t\t\t\t\t\t<\/div>\n\t\t\t\t<\/div>\n\t\t\t\t<div class=\"elementor-element elementor-element-315ab5f7 elementor-widget elementor-widget-heading\" data-id=\"315ab5f7\" data-element_type=\"widget\" data-widget_type=\"heading.default\">\n\t\t\t\t<div class=\"elementor-widget-container\">\n\t\t\t\t\t<h4 class=\"elementor-heading-title elementor-size-default\">Fragen zu Videoproduktionsdiensten<\/h4>\t\t\t\t<\/div>\n\t\t\t\t<\/div>\n\t\t\t\t<div class=\"elementor-element elementor-element-53a8172c elementor-widget elementor-widget-tragafaq\" data-id=\"53a8172c\" data-element_type=\"widget\" data-widget_type=\"tragafaq.default\">\n\t\t\t\t<div class=\"elementor-widget-container\">\n\t\t\t\t\t<div class=\"accordion-area accordion\" id=\"faqAccordion\"><div class=\"accordion-card style2 active\"><div class=\"accordion-header\" id=\"collapse-item-1\"><button class=\"accordion-button\" type=\"button\" data-bs-toggle=\"collapse\" data-bs-target=\"#collapse-1\" aria-expanded=\"true\" aria-controls=\"collapse-1\">Wie gehen Sie an die Videoproduktion heran?<\/button><\/div><div id=\"collapse-1\" class=\"accordion-collapse collapse show\" aria-labelledby=\"collapse-item-1\" data-bs-parent=\"#faqAccordion\"><div class=\"accordion-body\"><p class=\"faq-text\">Unser Videoproduktionsprozess beginnt mit dem Verst\u00e4ndnis Ihrer Vision und Ziele. Wir arbeiten eng mit Ihnen zusammen, um ein Storyboard zu erstellen, das die wichtigsten Botschaften und visuellen Elemente umrei\u00dft. Vom Drehbuch \u00fcber das Filmen bis hin zur Nachbearbeitung stellen wir sicher, dass jeder Aspekt mit den Zielen Ihrer Marke \u00fcbereinstimmt. Unser Fokus liegt darauf, ansprechende Inhalte zu liefern, die bei Ihrem Publikum Anklang finden.<\/p><\/div><\/div><\/div><div class=\"accordion-card style2\"><div class=\"accordion-header\" id=\"collapse-item-2\"><button class=\"accordion-button collapsed\" type=\"button\" data-bs-toggle=\"collapse\" data-bs-target=\"#collapse-2\" aria-expanded=\"false\" aria-controls=\"collapse-2\">Wie lange dauert es normalerweise, ein Videoprojekt fertigzustellen?<\/button><\/div><div id=\"collapse-2\" class=\"accordion-collapse collapse\" aria-labelledby=\"collapse-item-2\" data-bs-parent=\"#faqAccordion\"><div class=\"accordion-body\"><p class=\"faq-text\">Der Zeitplan f\u00fcr die Videoproduktion variiert je nach Umfang und Komplexit\u00e4t des Projekts. Einfache Erkl\u00e4rvideos k\u00f6nnen einige Wochen dauern, w\u00e4hrend gr\u00f6\u00dfere Produktionen mit mehreren Komponenten mehrere Monate dauern k\u00f6nnen. Wir erstellen w\u00e4hrend der ersten Beratung einen detaillierten Projektzeitplan, damit Sie \u00fcber jeden Schritt auf dem Laufenden bleiben.<\/p><\/div><\/div><\/div><div class=\"accordion-card style2\"><div class=\"accordion-header\" id=\"collapse-item-3\"><button class=\"accordion-button collapsed\" type=\"button\" data-bs-toggle=\"collapse\" data-bs-target=\"#collapse-3\" aria-expanded=\"false\" aria-controls=\"collapse-3\">Mit welcher Art von Unterst\u00fctzung kann ich nach der Bereitstellung des Videos rechnen?<\/button><\/div><div id=\"collapse-3\" class=\"accordion-collapse collapse\" aria-labelledby=\"collapse-item-3\" data-bs-parent=\"#faqAccordion\"><div class=\"accordion-body\"><p class=\"faq-text\">Um die Wirkung Ihres Videos zu maximieren, ist die Unterst\u00fctzung nach der Produktion entscheidend. Wir bieten Unterst\u00fctzung bei Vertriebsstrategien, Leistungsverfolgung und bei Bedarf Updates. Unser Team sorgt daf\u00fcr, dass Ihr Video weiterhin Ergebnisse liefert und Ihren sich entwickelnden Marketinganforderungen gerecht wird.<\/p><\/div><\/div><\/div><\/div>\t\t\t\t<\/div>\n\t\t\t\t<\/div>\n\t\t\t\t\t<\/div>\n\t\t<\/div>\n\t\t\t\t<div class=\"elementor-column elementor-col-50 elementor-inner-column elementor-element elementor-element-46dcb8ee\" data-id=\"46dcb8ee\" data-element_type=\"column\">\n\t\t\t<div class=\"elementor-widget-wrap elementor-element-populated\">\n\t\t\t\t\t\t<div class=\"elementor-element elementor-element-576da3f2 elementor-widget elementor-widget-text-editor\" data-id=\"576da3f2\" data-element_type=\"widget\" data-widget_type=\"text-editor.default\">\n\t\t\t\t<div class=\"elementor-widget-container\">\n\t\t\t\t\t\t\t\t\t<div class=\"widget widget_download\"><h4 class=\"widget_title\">Brosch\u00fcre herunterladen<\/h4><div class=\"download-widget-wrap\"><i class=\"fa-light fa-file-pdf me-2\"><\/i>PDF HERUNTERLADEN<br \/><i class=\"fa-light fa-file-lines me-2\"><\/i>DOKUMENT HERUNTERLADEN<\/div><\/div>\t\t\t\t\t\t\t\t<\/div>\n\t\t\t\t<\/div>\n\t\t\t\t<div class=\"elementor-element elementor-element-415dc270 elementor-widget elementor-widget-text-editor\" data-id=\"415dc270\" data-element_type=\"widget\" data-widget_type=\"text-editor.default\">\n\t\t\t\t<div class=\"elementor-widget-container\">\n\t\t\t\t\t\t\t\t\t<div class=\"widget widget_banner\" data-bg-src=\"https:\/\/themeholy.com\/wordpress\/test\/wp-content\/uploads\/2023\/03\/widget_banner-1.jpg\"><div class=\"widget-banner\"><span class=\"text\">KONTAKTIEREN SIE UNS JETZT<\/span><h2 class=\"title\">Sie ben\u00f6tigen Hilfe?<\/h2><p>ANGEBOT EINHOLEN<i class=\"fas fa-arrow-right ms-2\"><\/i><\/p><\/div><\/div>\t\t\t\t\t\t\t\t<\/div>\n\t\t\t\t<\/div>\n\t\t\t\t\t<\/div>\n\t\t<\/div>\n\t\t\t\t\t<\/div>\n\t\t<\/section>\n\t\t\t\t\t<\/div>\n\t\t<\/div>\n\t\t\t\t\t<\/div>\n\t\t<\/section>\n\t\t\t\t<\/div>","protected":false},"excerpt":{"rendered":"<p>VIDEO PRODUCTION VIDEO PRODUCTION AND AD CREATION Delivering web perfection around the world According to Forbes experts, a video can increase conversion rate by 80% and increase profits by an average of 49%. An explainer video or movie is a landing page, conversion, or general movie. This is intended to illustrate your business, services, products,&#8230;<\/p>","protected":false},"author":1,"featured_media":0,"parent":0,"menu_order":0,"comment_status":"closed","ping_status":"closed","template":"template-builder.php","meta":{"footnotes":""},"class_list":["post-444","page","type-page","status-publish","hentry"],"_links":{"self":[{"href":"https:\/\/fentech.es\/de\/wp-json\/wp\/v2\/pages\/444","targetHints":{"allow":["GET"]}}],"collection":[{"href":"https:\/\/fentech.es\/de\/wp-json\/wp\/v2\/pages"}],"about":[{"href":"https:\/\/fentech.es\/de\/wp-json\/wp\/v2\/types\/page"}],"author":[{"embeddable":true,"href":"https:\/\/fentech.es\/de\/wp-json\/wp\/v2\/users\/1"}],"replies":[{"embeddable":true,"href":"https:\/\/fentech.es\/de\/wp-json\/wp\/v2\/comments?post=444"}],"version-history":[{"count":0,"href":"https:\/\/fentech.es\/de\/wp-json\/wp\/v2\/pages\/444\/revisions"}],"wp:attachment":[{"href":"https:\/\/fentech.es\/de\/wp-json\/wp\/v2\/media?parent=444"}],"curies":[{"name":"wp","href":"https:\/\/api.w.org\/{rel}","templated":true}]}}