{"id":421,"date":"2024-11-10T18:42:55","date_gmt":"2024-11-10T18:42:55","guid":{"rendered":"https:\/\/fentech.es\/?page_id=421"},"modified":"2025-07-27T01:56:44","modified_gmt":"2025-07-27T01:56:44","slug":"content-writing","status":"publish","type":"page","link":"https:\/\/fentech.es\/de\/content-writing\/","title":{"rendered":"Content-Erstellung"},"content":{"rendered":"<div data-elementor-type=\"wp-page\" data-elementor-id=\"421\" class=\"elementor elementor-421\">\n\t\t\t\t\t\t<section class=\"elementor-section elementor-top-section elementor-element elementor-element-6761af59 elementor-section-boxed elementor-section-height-default elementor-section-height-default\" data-id=\"6761af59\" data-element_type=\"section\">\n\t\t\t\t\t\t<div class=\"elementor-container elementor-column-gap-no\">\n\t\t\t\t\t<div class=\"elementor-column elementor-col-100 elementor-top-column elementor-element elementor-element-29b1ef1f\" data-id=\"29b1ef1f\" data-element_type=\"column\">\n\t\t\t<div class=\"elementor-widget-wrap elementor-element-populated\">\n\t\t\t\t\t\t<section class=\"elementor-section elementor-inner-section elementor-element elementor-element-7c458cb7 elementor-section-full_width elementor-section-height-default elementor-section-height-default\" data-id=\"7c458cb7\" data-element_type=\"section\">\n\t\t\t\t\t\t<div class=\"elementor-container elementor-column-gap-no\">\n\t\t\t\t\t<div class=\"elementor-column elementor-col-50 elementor-inner-column elementor-element elementor-element-78c91ac7 page-single\" data-id=\"78c91ac7\" data-element_type=\"column\">\n\t\t\t<div class=\"elementor-widget-wrap elementor-element-populated\">\n\t\t\t\t\t\t<div class=\"elementor-element elementor-element-58530f7 page-img elementor-widget elementor-widget-image\" data-id=\"58530f7\" data-element_type=\"widget\" data-widget_type=\"image.default\">\n\t\t\t\t<div class=\"elementor-widget-container\">\n\t\t\t\t\t\t\t\t\t\t\t\t\t\t\t<img fetchpriority=\"high\" decoding=\"async\" width=\"640\" height=\"419\" src=\"https:\/\/fentech.es\/wp-content\/uploads\/2024\/11\/content-writing.jpg\" class=\"attachment-full size-full wp-image-423\" alt=\"\" srcset=\"https:\/\/fentech.es\/wp-content\/uploads\/2024\/11\/content-writing.jpg 640w, https:\/\/fentech.es\/wp-content\/uploads\/2024\/11\/content-writing-300x196.jpg 300w\" sizes=\"(max-width: 640px) 100vw, 640px\" \/>\t\t\t\t\t\t\t\t\t\t\t\t\t\t\t<\/div>\n\t\t\t\t<\/div>\n\t\t\t\t<div class=\"elementor-element elementor-element-3fbdb006 h3 page-title elementor-widget elementor-widget-heading\" data-id=\"3fbdb006\" data-element_type=\"widget\" data-widget_type=\"heading.default\">\n\t\t\t\t<div class=\"elementor-widget-container\">\n\t\t\t\t\t<h3 class=\"elementor-heading-title elementor-size-default\"><h2 style=\"font-family: Barlow, sans-serif\">INHALTSSCHREIBEN<\/h2><\/h3>\t\t\t\t<\/div>\n\t\t\t\t<\/div>\n\t\t\t\t<div class=\"elementor-element elementor-element-11e000a8 h3 page-title elementor-widget elementor-widget-heading\" data-id=\"11e000a8\" data-element_type=\"widget\" data-widget_type=\"heading.default\">\n\t\t\t\t<div class=\"elementor-widget-container\">\n\t\t\t\t\t<h3 class=\"elementor-heading-title elementor-size-default\">Get more business, more growth and multiple sales with FENTECH<\/h3>\t\t\t\t<\/div>\n\t\t\t\t<\/div>\n\t\t\t\t<div class=\"elementor-element elementor-element-4c843fd5 elementor-widget elementor-widget-text-editor\" data-id=\"4c843fd5\" data-element_type=\"widget\" data-widget_type=\"text-editor.default\">\n\t\t\t\t<div class=\"elementor-widget-container\">\n\t\t\t\t\t\t\t\t\t<p>Alle Inhalte im Web sind die K\u00f6nige des Marketings, und kein Unternehmen, egal ob gro\u00df oder klein, kann sich sein \u00dcberleben ohne sie vorstellen. Er ist nicht weniger als ein Retter und hat das maximale Potenzial, Ihr Unternehmen auf die Spitze zu treiben.<br \/>Inhalte dienen dazu, mit Ihrem Publikum zu kommunizieren und Ihre Botschaft effizient zu vermitteln. Alles, was eine effektive Kommunikation f\u00f6rdert, ist wichtig, ebenso wie die Inhalte auf Ihrer Website. Mit dem Fortschritt des digitalen Marketings vertrauen uns nach und nach immer mehr Marken die besten Dienstleistungen im Bereich des Schreibens von Inhalten an. Wenn Inhalte effektiv geschrieben und verwendet werden, werden sie viele positive Ergebnisse bringen.<\/p><p>Mit gr\u00f6\u00dftem Engagement arbeiten wir daran, all Ihre inhaltlichen W\u00fcnsche zu erf\u00fcllen!<\/p><p>Try FENTECH\u2019s best content writing services and watch your business flourish! With our experienced team of writers who are well aware of every technicality in this field, we generate exponential results.<br \/>Wenn Sie unsere erstklassigen Content-Writing-Dienste ausprobieren, m\u00fcssen Sie sich nie um die Qualit\u00e4t der Inhalte sorgen, denn diese sind immer erstklassig!<\/p>\t\t\t\t\t\t\t\t<\/div>\n\t\t\t\t<\/div>\n\t\t\t\t\t<\/div>\n\t\t<\/div>\n\t\t\t\t<div class=\"elementor-column elementor-col-50 elementor-inner-column elementor-element elementor-element-2a275467\" data-id=\"2a275467\" data-element_type=\"column\">\n\t\t\t<div class=\"elementor-widget-wrap elementor-element-populated\">\n\t\t\t\t\t\t<div class=\"elementor-element elementor-element-5ccb3be8 elementor-hidden-tablet elementor-hidden-mobile elementor-widget elementor-widget-webteckshapeimage\" data-id=\"5ccb3be8\" data-element_type=\"widget\" data-widget_type=\"webteckshapeimage.default\">\n\t\t\t\t<div class=\"elementor-widget-container\">\n\t\t\t\t\t<!-- Image --><div class=\"shape-mockup  jump d-xxl-block d-xl-block d-lg-block\"><img decoding=\"async\" src=\"https:\/\/fentech.es\/wp-content\/uploads\/2025\/07\/Fentech-lg.png\" alt=\"Shape Image\" ><\/div><!-- End Image -->\t\t\t\t<\/div>\n\t\t\t\t<\/div>\n\t\t\t\t\t<\/div>\n\t\t<\/div>\n\t\t\t\t\t<\/div>\n\t\t<\/section>\n\t\t\t\t\t<\/div>\n\t\t<\/div>\n\t\t\t\t\t<\/div>\n\t\t<\/section>\n\t\t<div class=\"elementor-element elementor-element-5fde6562 e-flex e-con-boxed e-con e-parent\" data-id=\"5fde6562\" data-element_type=\"container\">\n\t\t\t\t\t<div class=\"e-con-inner\">\n\t\t\t\t<div class=\"elementor-element elementor-element-35a3a4de elementor-widget elementor-widget-webtecksectiontitle\" data-id=\"35a3a4de\" data-element_type=\"widget\" data-widget_type=\"webtecksectiontitle.default\">\n\t\t\t\t<div class=\"elementor-widget-container\">\n\t\t\t\t\t<div class=\"title-area\" ><span class=\"sub-title sub-title3 subtitle-selector\">Why FENTECH<\/span><\/div>\t\t\t\t<\/div>\n\t\t\t\t<\/div>\n\t\t\t\t<div class=\"elementor-element elementor-element-2b1eae8e elementor-widget elementor-widget-text-editor\" data-id=\"2b1eae8e\" data-element_type=\"widget\" data-widget_type=\"text-editor.default\">\n\t\t\t\t<div class=\"elementor-widget-container\">\n\t\t\t\t\t\t\t\t\t<p>Effektive, ansprechende Inhalte sind das Herzst\u00fcck des digitalen Marketings. Sie sind ein wichtiges Instrument, um die Botschaft Ihrer Marke zu vermitteln, Vertrauen bei Ihrem Publikum aufzubauen und das Unternehmenswachstum voranzutreiben. Ohne \u00fcberzeugende Inhalte k\u00f6nnen Unternehmen in einer wettbewerbsintensiven Online-Landschaft kaum einen bleibenden Eindruck hinterlassen.<\/p><p>At FENTECH, we provide <strong>professionelle Content-Writing-Dienste<\/strong> entwickelt, um Ihre Marke hervorzuheben. Unser Expertenteam aus Autoren wei\u00df, wie man Inhalte erstellt, die nicht nur bei den Lesern gut ankommen, sondern auch Ihre SEO-Leistung verbessern. Von Blogs bis zu Landingpages ist jedes St\u00fcck darauf zugeschnitten, Ihre Marke aufzuwerten und Ihre Marketingziele zu unterst\u00fctzen.<\/p>\t\t\t\t\t\t\t\t<\/div>\n\t\t\t\t<\/div>\n\t\t\t\t\t<\/div>\n\t\t\t\t<\/div>\n\t\t<div class=\"elementor-element elementor-element-1c6d6f83 e-flex e-con-boxed e-con e-parent\" data-id=\"1c6d6f83\" data-element_type=\"container\">\n\t\t\t\t\t<div class=\"e-con-inner\">\n\t\t\t\t<div class=\"elementor-element elementor-element-67b82e06 elementor-widget elementor-widget-webtecksectiontitle\" data-id=\"67b82e06\" data-element_type=\"widget\" data-widget_type=\"webtecksectiontitle.default\">\n\t\t\t\t<div class=\"elementor-widget-container\">\n\t\t\t\t\t<div class=\"title-area\" ><span class=\"sub-title sub-title3 subtitle-selector\">Why Choose FENTECH\u2019s Content Writing Services?<\/span><\/div>\t\t\t\t<\/div>\n\t\t\t\t<\/div>\n\t\t\t\t\t<\/div>\n\t\t\t\t<\/div>\n\t\t<div class=\"elementor-element elementor-element-49f41e9d e-flex e-con-boxed e-con e-parent\" data-id=\"49f41e9d\" data-element_type=\"container\">\n\t\t\t\t\t<div class=\"e-con-inner\">\n\t\t\t\t<div class=\"elementor-element elementor-element-58e6e002 elementor-widget elementor-widget-text-editor\" data-id=\"58e6e002\" data-element_type=\"widget\" data-widget_type=\"text-editor.default\">\n\t\t\t\t<div class=\"elementor-widget-container\">\n\t\t\t\t\t\t\t\t\t<p><strong>1. Steigern Sie den Verkehr und erreichen Sie mehr Kunden<\/strong><br \/>Unsere Inhalte werden strategisch entwickelt, um qualifizierten Traffic anzuziehen und Besucher in Kunden umzuwandeln. Mit gr\u00fcndlich recherchierten Schl\u00fcsselw\u00f6rtern und optimierten Seitenstrukturen helfen wir, das Ranking zu verbessern und das richtige Publikum anzusprechen.<\/p><p><strong>2. SEO-fokussierter, ergebnisorientierter Inhalt<\/strong><br \/>Unser Ansatz kombiniert gut recherchierte Schl\u00fcsselw\u00f6rter, SEO-Best Practices und \u00fcberzeugendes Storytelling, um die Sichtbarkeit und Benutzerfreundlichkeit Ihrer Website zu verbessern. Optimierte Titel, Metabeschreibungen und zielgerichtete Inhalte tragen zu h\u00f6heren Klickraten und einem st\u00e4rkeren Engagement der Benutzer bei.<\/p><p><strong>3. Umfassende Marketingl\u00f6sungen<\/strong><br \/>SEO-gesteuertes Content-Marketing ist eine der kosteng\u00fcnstigsten M\u00f6glichkeiten, Benutzer zu erreichen, die aktiv nach Ihren Produkten oder Dienstleistungen suchen. Durch die Nutzung unserer SEO-Content-Dienste k\u00f6nnen Sie Outbound-Methoden wie Anzeigen und Kaltakquise einsparen und gleichzeitig wertvolle, einsatzbereite Besucher gewinnen.<\/p><p><strong>4. Verbesserte Benutzerfreundlichkeit der Website<\/strong><br \/>Eine starke SEO-Content-Strategie verbessert auch die Website-Struktur und die interne Verlinkung, sodass Benutzer leichter navigieren und wertvolle Informationen finden k\u00f6nnen. Unser Team sorgt daf\u00fcr, dass Ihre Website benutzerfreundlich ist und die Aufmerksamkeit der Besucher fesselt.<\/p><p><strong>5. Steigern Sie die Markensichtbarkeit und das Vertrauen<\/strong><br \/>Higher search rankings lead to greater exposure. With FENTECH, you\u2019ll gain visibility across the top search results, reinforcing your brand&#8217;s credibility. Appearing on the first page for targeted keywords not only drives traffic but also builds trust in your brand.<\/p><p><strong>Get Results with FENTECH<\/strong><br \/>When you choose FENTECH, you\u2019re choosing a partner dedicated to the success of your brand. Let us handle your content needs and see the difference it makes. With high-quality, SEO-friendly content, we\u2019ll help your business grow and achieve its full potential.<\/p>\t\t\t\t\t\t\t\t<\/div>\n\t\t\t\t<\/div>\n\t\t\t\t\t<\/div>\n\t\t\t\t<\/div>\n\t\t\t\t<section class=\"elementor-section elementor-top-section elementor-element elementor-element-20181b25 elementor-hidden-desktop elementor-hidden-tablet elementor-hidden-mobile elementor-section-boxed elementor-section-height-default elementor-section-height-default\" data-id=\"20181b25\" data-element_type=\"section\">\n\t\t\t\t\t\t<div class=\"elementor-container elementor-column-gap-no\">\n\t\t\t\t\t<div class=\"elementor-column elementor-col-100 elementor-top-column elementor-element elementor-element-3817c8ec\" data-id=\"3817c8ec\" data-element_type=\"column\">\n\t\t\t<div class=\"elementor-widget-wrap elementor-element-populated\">\n\t\t\t\t\t\t<div class=\"elementor-element elementor-element-36eba4fc elementor-widget elementor-widget-tragafeature\" data-id=\"36eba4fc\" data-element_type=\"widget\" data-widget_type=\"tragafeature.default\">\n\t\t\t\t<div class=\"elementor-widget-container\">\n\t\t\t\t\t<div class=\"service-feature-wrap\"><div class=\"service-feature\"><div class=\"service-feature_icon\"><img decoding=\"async\" src=\"https:\/\/fentech.es\/wp-content\/uploads\/2024\/11\/feature_card_1.png\" alt=\"FENTECH\"  \/><\/div><div class=\"media-body\"><h4 class=\"service-feature_title\">Datenmanagement-Dienst<\/h4><p class=\"service-feature_text\">Maximieren Sie intrinsisch die besten strategischen Themenbereiche, w\u00e4hrend Sie auf Premium-Ausrichtungen setzen. F\u00fchren Sie eine gemeinsame Kundenumstellung durch.<\/p><\/div><\/div><div class=\"service-feature\"><div class=\"service-feature_icon\"><img decoding=\"async\" src=\"https:\/\/fentech.es\/wp-content\/uploads\/2024\/11\/feature_card_3.png\" alt=\"FENTECH\"  \/><\/div><div class=\"media-body\"><h4 class=\"service-feature_title\">Weltklasse-Support<\/h4><p class=\"service-feature_text\">Maximieren Sie intrinsisch die besten strategischen Themenbereiche, w\u00e4hrend Sie auf Premium-Ausrichtungen setzen. F\u00fchren Sie eine gemeinsame Kundenumstellung durch.<\/p><\/div><\/div><div class=\"service-feature\"><div class=\"service-feature_icon\"><img decoding=\"async\" src=\"https:\/\/fentech.es\/wp-content\/uploads\/2024\/11\/feature_card_2.png\" alt=\"FENTECH\"  \/><\/div><div class=\"media-body\"><h4 class=\"service-feature_title\">IT-Strategie &amp; Beratung<\/h4><p class=\"service-feature_text\">Maximieren Sie intrinsisch die besten strategischen Themenbereiche, w\u00e4hrend Sie auf Premium-Ausrichtungen setzen. F\u00fchren Sie eine gemeinsame Kundenumstellung durch.<\/p><\/div><\/div><\/div>\t\t\t\t<\/div>\n\t\t\t\t<\/div>\n\t\t\t\t\t<\/div>\n\t\t<\/div>\n\t\t\t\t\t<\/div>\n\t\t<\/section>\n\t\t<div class=\"elementor-element elementor-element-5c99f26b e-flex e-con-boxed e-con e-parent\" data-id=\"5c99f26b\" data-element_type=\"container\">\n\t\t\t\t\t<div class=\"e-con-inner\">\n\t\t\t\t<div class=\"elementor-element elementor-element-4459a3a1 elementor-widget elementor-widget-text-editor\" data-id=\"4459a3a1\" data-element_type=\"widget\" data-widget_type=\"text-editor.default\">\n\t\t\t\t<div class=\"elementor-widget-container\">\n\t\t\t\t\t\t\t\t\t<div class=\"row\"><div class=\"col-md-6 mb-30\"><div class=\"th-video\"><img decoding=\"async\" class=\"w-100\" src=\"https:\/\/themeholy.com\/wordpress\/test\/wp-content\/uploads\/2023\/03\/service_inner_1-300x198.jpg\" alt=\"service\" \/><br \/><i class=\"fas fa-play\"><\/i><\/div><\/div><div class=\"col-md-6 mb-30\"><h3 class=\"h4 mb-20\">Unser Engagement f\u00fcr Spitzenleistung<\/h3><div class=\"checklist style3\"><ul><li><i class=\"fas fa-octagon-check\"><\/i>Auf Ihre individuellen Bed\u00fcrfnisse ausgerichtet<\/li><li><i class=\"fas fa-octagon-check\"><\/i>Ihrem Erfolg verpflichtet<\/li><li><i class=\"fas fa-octagon-check\"><\/i>Optimierter Implementierungsprozess<\/li><li><i class=\"fas fa-octagon-check\"><\/i>Risikofreie \u00dcbergangsunterst\u00fctzung<\/li><li><i class=\"fas fa-octagon-check\"><\/i>Ihre Zufriedenheit ist unsere Priorit\u00e4t<\/li><\/ul><\/div><\/div><\/div>\t\t\t\t\t\t\t\t<\/div>\n\t\t\t\t<\/div>\n\t\t\t\t<div class=\"elementor-element elementor-element-524cb0cb elementor-widget elementor-widget-tragafeature\" data-id=\"524cb0cb\" data-element_type=\"widget\" data-widget_type=\"tragafeature.default\">\n\t\t\t\t<div class=\"elementor-widget-container\">\n\t\t\t\t\t<div class=\"service-feature-wrap\"><div class=\"service-feature\"><div class=\"service-feature_icon\"><img decoding=\"async\" src=\"https:\/\/fentech.es\/wp-content\/uploads\/2024\/11\/service_feature_1.svg\" alt=\"FENTECH\"  \/><\/div><div class=\"media-body\"><h4 class=\"service-feature_title\">Flexible L\u00f6sungen zum Schreiben von Inhalten<\/h4><p class=\"service-feature_text\">Ma\u00dfgeschneidert, um sich an Ihre Gesch\u00e4ftsanforderungen anzupassen und gleichzeitig die Betriebseffizienz zu steigern<\/p><\/div><\/div><div class=\"service-feature\"><div class=\"service-feature_icon\"><img decoding=\"async\" src=\"https:\/\/fentech.es\/wp-content\/uploads\/2024\/11\/service_feature_2.svg\" alt=\"FENTECH\"  \/><\/div><div class=\"media-body\"><h4 class=\"service-feature_title\">Engagierter Support rund um die Uhr<\/h4><p class=\"service-feature_text\">Unser Expertenteam steht Ihnen rund um die Uhr zur Verf\u00fcgung, um Ihnen jederzeit zu helfen.<\/p><\/div><\/div><\/div>\t\t\t\t<\/div>\n\t\t\t\t<\/div>\n\t\t\t\t\t<\/div>\n\t\t\t\t<\/div>\n\t\t\t\t<section class=\"elementor-section elementor-top-section elementor-element elementor-element-6126ff09 elementor-section-boxed elementor-section-height-default elementor-section-height-default\" data-id=\"6126ff09\" data-element_type=\"section\">\n\t\t\t\t\t\t<div class=\"elementor-container elementor-column-gap-no\">\n\t\t\t\t\t<div class=\"elementor-column elementor-col-100 elementor-top-column elementor-element elementor-element-53c45d14\" data-id=\"53c45d14\" data-element_type=\"column\">\n\t\t\t<div class=\"elementor-widget-wrap elementor-element-populated\">\n\t\t\t\t\t\t<section class=\"elementor-section elementor-inner-section elementor-element elementor-element-363cab68 elementor-section-full_width elementor-section-height-default elementor-section-height-default\" data-id=\"363cab68\" data-element_type=\"section\">\n\t\t\t\t\t\t<div class=\"elementor-container elementor-column-gap-no\">\n\t\t\t\t\t<div class=\"elementor-column elementor-col-50 elementor-inner-column elementor-element elementor-element-1c954f19 page-single\" data-id=\"1c954f19\" data-element_type=\"column\">\n\t\t\t<div class=\"elementor-widget-wrap elementor-element-populated\">\n\t\t\t\t\t\t<div class=\"elementor-element elementor-element-5229fb7 elementor-widget elementor-widget-text-editor\" data-id=\"5229fb7\" data-element_type=\"widget\" data-widget_type=\"text-editor.default\">\n\t\t\t\t<div class=\"elementor-widget-container\">\n\t\t\t\t\t\t\t\t\t<p><strong>Umfassende Dienstleistungen im Bereich Content-Writing<\/strong><br \/>Erstellen Sie ansprechende, ma\u00dfgeschneiderte Inhalte, um Ihre Marken aufzuwerten<\/p>\t\t\t\t\t\t\t\t<\/div>\n\t\t\t\t<\/div>\n\t\t\t\t<div class=\"elementor-element elementor-element-5acc54df elementor-widget elementor-widget-heading\" data-id=\"5acc54df\" data-element_type=\"widget\" data-widget_type=\"heading.default\">\n\t\t\t\t<div class=\"elementor-widget-container\">\n\t\t\t\t\t<h4 class=\"elementor-heading-title elementor-size-default\">Fragen zu unseren Content-Writing-Diensten<\/h4>\t\t\t\t<\/div>\n\t\t\t\t<\/div>\n\t\t\t\t<div class=\"elementor-element elementor-element-40c44714 elementor-widget elementor-widget-tragafaq\" data-id=\"40c44714\" data-element_type=\"widget\" data-widget_type=\"tragafaq.default\">\n\t\t\t\t<div class=\"elementor-widget-container\">\n\t\t\t\t\t<div class=\"accordion-area accordion\" id=\"faqAccordion\"><div class=\"accordion-card style2 active\"><div class=\"accordion-header\" id=\"collapse-item-1\"><button class=\"accordion-button\" type=\"button\" data-bs-toggle=\"collapse\" data-bs-target=\"#collapse-1\" aria-expanded=\"true\" aria-controls=\"collapse-1\">Wie gehen Sie beim Verfassen von Inhalten vor?<\/button><\/div><div id=\"collapse-1\" class=\"accordion-collapse collapse show\" aria-labelledby=\"collapse-item-1\" data-bs-parent=\"#faqAccordion\"><div class=\"accordion-body\"><p class=\"faq-text\">Unser Ansatz beim Schreiben von Inhalten beginnt mit einem tiefen Verst\u00e4ndnis der Stimme, der Zielgruppe und der Ziele Ihrer Marke. Wir erstellen Inhalte, die nicht nur die Leser fesseln, sondern auch den SEO-Best Practices entsprechen, um die Online-Sichtbarkeit zu maximieren. Jedes St\u00fcck ist so gestaltet, dass es bei Ihrem Publikum Anklang findet und Ihre Marketingziele unterst\u00fctzt.<\/p><\/div><\/div><\/div><div class=\"accordion-card style2\"><div class=\"accordion-header\" id=\"collapse-item-2\"><button class=\"accordion-button collapsed\" type=\"button\" data-bs-toggle=\"collapse\" data-bs-target=\"#collapse-2\" aria-expanded=\"false\" aria-controls=\"collapse-2\">Wie lange dauert die Fertigstellung von Content-Writing-Projekten?<\/button><\/div><div id=\"collapse-2\" class=\"accordion-collapse collapse\" aria-labelledby=\"collapse-item-2\" data-bs-parent=\"#faqAccordion\"><div class=\"accordion-body\"><p class=\"faq-text\">Die Zeitpl\u00e4ne variieren je nach Umfang und Inhaltstyp des Projekts. Kleinere Projekte wie einzelne Blogbeitr\u00e4ge k\u00f6nnen normalerweise innerhalb weniger Tage abgeschlossen werden, w\u00e4hrend gr\u00f6\u00dfere Projekte wie Website-Inhalte oder umfassende Inhaltsstrategien einige Wochen dauern k\u00f6nnen. Wir stellen zu Beginn einen Zeitplan bereit, damit alles im Zeitplan bleibt.<\/p><\/div><\/div><\/div><div class=\"accordion-card style2\"><div class=\"accordion-header\" id=\"collapse-item-3\"><button class=\"accordion-button collapsed\" type=\"button\" data-bs-toggle=\"collapse\" data-bs-target=\"#collapse-3\" aria-expanded=\"false\" aria-controls=\"collapse-3\">Welche Arten von Content-Writing-Diensten bieten Sie an?<\/button><\/div><div id=\"collapse-3\" class=\"accordion-collapse collapse\" aria-labelledby=\"collapse-item-3\" data-bs-parent=\"#faqAccordion\"><div class=\"accordion-body\"><p class=\"faq-text\">Wir bieten eine umfassende Palette an Content-Writing-Diensten, darunter Blogbeitr\u00e4ge, Website-Inhalte, Produktbeschreibungen, E-Mail-Texte und mehr. Unser Team verf\u00fcgt \u00fcber Erfahrung in einer Vielzahl von Branchen, sodass wir jedes St\u00fcck auf Ihre spezifischen Bed\u00fcrfnisse und Ihr Publikum zuschneiden.<\/p><\/div><\/div><\/div><div class=\"accordion-card style2\"><div class=\"accordion-header\" id=\"collapse-item-4\"><button class=\"accordion-button collapsed\" type=\"button\" data-bs-toggle=\"collapse\" data-bs-target=\"#collapse-4\" aria-expanded=\"false\" aria-controls=\"collapse-4\">Nehmen Sie bei Bedarf \u00dcberarbeitungen vor?<\/button><\/div><div id=\"collapse-4\" class=\"accordion-collapse collapse\" aria-labelledby=\"collapse-item-4\" data-bs-parent=\"#faqAccordion\"><div class=\"accordion-body\"><p class=\"faq-text\">Ja, die Kundenzufriedenheit hat f\u00fcr uns oberste Priorit\u00e4t. Wir nehmen eine festgelegte Anzahl von \u00dcberarbeitungen vor, um sicherzustellen, dass der Inhalt Ihren Erwartungen entspricht und Ihre Marke genau widerspiegelt. Unser Ziel ist es, Inhalte zu liefern, mit denen Sie vollkommen zufrieden sind.<\/p><\/div><\/div><\/div><div class=\"accordion-card style2\"><div class=\"accordion-header\" id=\"collapse-item-5\"><button class=\"accordion-button collapsed\" type=\"button\" data-bs-toggle=\"collapse\" data-bs-target=\"#collapse-5\" aria-expanded=\"false\" aria-controls=\"collapse-5\">Wie stellen Sie Inhaltsqualit\u00e4t und SEO-Optimierung sicher?<\/button><\/div><div id=\"collapse-5\" class=\"accordion-collapse collapse\" aria-labelledby=\"collapse-item-5\" data-bs-parent=\"#faqAccordion\"><div class=\"accordion-body\"><p class=\"faq-text\">Unsere Autoren sind in SEO-Techniken geschult, einschlie\u00dflich Keyword-Optimierung, Meta-Tags und Inhaltsstruktur. Wir bringen SEO mit Lesbarkeit in Einklang, um sicherzustellen, dass der Inhalt sowohl suchfreundlich als auch ansprechend ist. Alle Inhalte werden sorgf\u00e4ltig bearbeitet und Korrektur gelesen, um eine hohe Qualit\u00e4t zu gew\u00e4hrleisten.\n\n<\/p><\/div><\/div><\/div><\/div>\t\t\t\t<\/div>\n\t\t\t\t<\/div>\n\t\t\t\t\t<\/div>\n\t\t<\/div>\n\t\t\t\t<div class=\"elementor-column elementor-col-50 elementor-inner-column elementor-element elementor-element-57ad98d5\" data-id=\"57ad98d5\" data-element_type=\"column\">\n\t\t\t<div class=\"elementor-widget-wrap elementor-element-populated\">\n\t\t\t\t\t\t<div class=\"elementor-element elementor-element-a639b3c elementor-widget elementor-widget-text-editor\" data-id=\"a639b3c\" data-element_type=\"widget\" data-widget_type=\"text-editor.default\">\n\t\t\t\t<div class=\"elementor-widget-container\">\n\t\t\t\t\t\t\t\t\t<div class=\"widget widget_download\"><h4 class=\"widget_title\">Brosch\u00fcre herunterladen<\/h4><div class=\"download-widget-wrap\"><i class=\"fa-light fa-file-pdf me-2\"><\/i>PDF HERUNTERLADEN<br \/><i class=\"fa-light fa-file-lines me-2\"><\/i>DOKUMENT HERUNTERLADEN<\/div><\/div>\t\t\t\t\t\t\t\t<\/div>\n\t\t\t\t<\/div>\n\t\t\t\t<div class=\"elementor-element elementor-element-defd48c elementor-widget elementor-widget-text-editor\" data-id=\"defd48c\" data-element_type=\"widget\" data-widget_type=\"text-editor.default\">\n\t\t\t\t<div class=\"elementor-widget-container\">\n\t\t\t\t\t\t\t\t\t<div class=\"widget widget_banner\" data-bg-src=\"https:\/\/themeholy.com\/wordpress\/test\/wp-content\/uploads\/2023\/03\/widget_banner-1.jpg\"><div class=\"widget-banner\"><span class=\"text\">KONTAKTIEREN SIE UNS JETZT<\/span><h2 class=\"title\">Sie ben\u00f6tigen Hilfe?<\/h2><p>ANGEBOT EINHOLEN<i class=\"fas fa-arrow-right ms-2\"><\/i><\/p><\/div><\/div>\t\t\t\t\t\t\t\t<\/div>\n\t\t\t\t<\/div>\n\t\t\t\t\t<\/div>\n\t\t<\/div>\n\t\t\t\t\t<\/div>\n\t\t<\/section>\n\t\t\t\t\t<\/div>\n\t\t<\/div>\n\t\t\t\t\t<\/div>\n\t\t<\/section>\n\t\t\t\t<\/div>","protected":false},"excerpt":{"rendered":"<p>CONTENT WRITING Get more business, more growth and multiple sales with FENTECH All content on the web is the king of marketing, and no business, whether big or small, can imagine its survival without it. Being no less than a savior, he has the maximum potential to take your business to the maximum heights.Content serves&#8230;<\/p>","protected":false},"author":1,"featured_media":0,"parent":0,"menu_order":0,"comment_status":"closed","ping_status":"closed","template":"template-builder.php","meta":{"footnotes":""},"class_list":["post-421","page","type-page","status-publish","hentry"],"_links":{"self":[{"href":"https:\/\/fentech.es\/de\/wp-json\/wp\/v2\/pages\/421","targetHints":{"allow":["GET"]}}],"collection":[{"href":"https:\/\/fentech.es\/de\/wp-json\/wp\/v2\/pages"}],"about":[{"href":"https:\/\/fentech.es\/de\/wp-json\/wp\/v2\/types\/page"}],"author":[{"embeddable":true,"href":"https:\/\/fentech.es\/de\/wp-json\/wp\/v2\/users\/1"}],"replies":[{"embeddable":true,"href":"https:\/\/fentech.es\/de\/wp-json\/wp\/v2\/comments?post=421"}],"version-history":[{"count":0,"href":"https:\/\/fentech.es\/de\/wp-json\/wp\/v2\/pages\/421\/revisions"}],"wp:attachment":[{"href":"https:\/\/fentech.es\/de\/wp-json\/wp\/v2\/media?parent=421"}],"curies":[{"name":"wp","href":"https:\/\/api.w.org\/{rel}","templated":true}]}}