{"id":400,"date":"2024-11-10T18:39:23","date_gmt":"2024-11-10T18:39:23","guid":{"rendered":"https:\/\/fentech.es\/?page_id=400"},"modified":"2025-07-27T01:50:54","modified_gmt":"2025-07-27T01:50:54","slug":"website-assessments","status":"publish","type":"page","link":"https:\/\/fentech.es\/de\/website-assessments\/","title":{"rendered":"Website-Analyse"},"content":{"rendered":"<div data-elementor-type=\"wp-page\" data-elementor-id=\"400\" class=\"elementor elementor-400\">\n\t\t\t\t\t\t<section class=\"elementor-section elementor-top-section elementor-element elementor-element-59301b15 elementor-section-boxed elementor-section-height-default elementor-section-height-default\" data-id=\"59301b15\" data-element_type=\"section\">\n\t\t\t\t\t\t<div class=\"elementor-container elementor-column-gap-no\">\n\t\t\t\t\t<div class=\"elementor-column elementor-col-100 elementor-top-column elementor-element elementor-element-18a1c29d\" data-id=\"18a1c29d\" data-element_type=\"column\">\n\t\t\t<div class=\"elementor-widget-wrap elementor-element-populated\">\n\t\t\t\t\t\t<section class=\"elementor-section elementor-inner-section elementor-element elementor-element-1bd4644 elementor-section-full_width elementor-section-height-default elementor-section-height-default\" data-id=\"1bd4644\" data-element_type=\"section\">\n\t\t\t\t\t\t<div class=\"elementor-container elementor-column-gap-no\">\n\t\t\t\t\t<div class=\"elementor-column elementor-col-50 elementor-inner-column elementor-element elementor-element-59b0199 page-single\" data-id=\"59b0199\" data-element_type=\"column\">\n\t\t\t<div class=\"elementor-widget-wrap elementor-element-populated\">\n\t\t\t\t\t\t<div class=\"elementor-element elementor-element-25bbf1be page-img elementor-widget elementor-widget-image\" data-id=\"25bbf1be\" data-element_type=\"widget\" data-widget_type=\"image.default\">\n\t\t\t\t<div class=\"elementor-widget-container\">\n\t\t\t\t\t\t\t\t\t\t\t\t\t\t\t<img fetchpriority=\"high\" decoding=\"async\" width=\"1024\" height=\"1024\" src=\"https:\/\/fentech.es\/wp-content\/uploads\/2024\/12\/Royal-IT-Website-Assessments.jpg\" class=\"attachment-full size-full wp-image-949\" alt=\"\" srcset=\"https:\/\/fentech.es\/wp-content\/uploads\/2024\/12\/Royal-IT-Website-Assessments.jpg 1024w, https:\/\/fentech.es\/wp-content\/uploads\/2024\/12\/Royal-IT-Website-Assessments-300x300.jpg 300w, https:\/\/fentech.es\/wp-content\/uploads\/2024\/12\/Royal-IT-Website-Assessments-150x150.jpg 150w, https:\/\/fentech.es\/wp-content\/uploads\/2024\/12\/Royal-IT-Website-Assessments-768x768.jpg 768w, https:\/\/fentech.es\/wp-content\/uploads\/2024\/12\/Royal-IT-Website-Assessments-80x80.jpg 80w, https:\/\/fentech.es\/wp-content\/uploads\/2024\/12\/Royal-IT-Website-Assessments-140x140.jpg 140w\" sizes=\"(max-width: 1024px) 100vw, 1024px\" \/>\t\t\t\t\t\t\t\t\t\t\t\t\t\t\t<\/div>\n\t\t\t\t<\/div>\n\t\t\t\t<div class=\"elementor-element elementor-element-5d618b22 h3 page-title elementor-widget elementor-widget-heading\" data-id=\"5d618b22\" data-element_type=\"widget\" data-widget_type=\"heading.default\">\n\t\t\t\t<div class=\"elementor-widget-container\">\n\t\t\t\t\t<h3 class=\"elementor-heading-title elementor-size-default\"><h2 style=\"font-family: Barlow, sans-serif\">WEBSITE-BEWERTUNGEN<\/h2><\/h3>\t\t\t\t<\/div>\n\t\t\t\t<\/div>\n\t\t\t\t<div class=\"elementor-element elementor-element-10bc3b85 h3 page-title elementor-widget elementor-widget-heading\" data-id=\"10bc3b85\" data-element_type=\"widget\" data-widget_type=\"heading.default\">\n\t\t\t\t<div class=\"elementor-widget-container\">\n\t\t\t\t\t<h3 class=\"elementor-heading-title elementor-size-default\">Bereitstellung von Web-Exzellenz durch umfassende Bewertungen<\/h3>\t\t\t\t<\/div>\n\t\t\t\t<\/div>\n\t\t\t\t<div class=\"elementor-element elementor-element-297a7103 elementor-widget elementor-widget-text-editor\" data-id=\"297a7103\" data-element_type=\"widget\" data-widget_type=\"text-editor.default\">\n\t\t\t\t<div class=\"elementor-widget-container\">\n\t\t\t\t\t\t\t\t\t<section class=\"elementor-section elementor-top-section elementor-element elementor-element-50a93352 elementor-section-boxed elementor-section-height-default elementor-section-height-default\" data-id=\"50a93352\" data-element_type=\"section\" data-settings=\"{&quot;background_background&quot;:&quot;classic&quot;}\"><div class=\"elementor-container elementor-column-gap-default\"><div class=\"elementor-column elementor-col-100 elementor-top-column elementor-element elementor-element-584794b5\" data-id=\"584794b5\" data-element_type=\"column\"><div class=\"elementor-widget-wrap elementor-element-populated\"><section class=\"elementor-section elementor-inner-section elementor-element elementor-element-572ad64c elementor-section-boxed elementor-section-height-default elementor-section-height-default\" data-id=\"572ad64c\" data-element_type=\"section\"><div class=\"elementor-container elementor-column-gap-default\"><div class=\"elementor-column elementor-col-100 elementor-inner-column elementor-element elementor-element-683bf79e\" data-id=\"683bf79e\" data-element_type=\"column\"><div class=\"elementor-widget-wrap elementor-element-populated\"><section class=\"elementor-section elementor-inner-section elementor-element elementor-element-29215134 elementor-section-full_width elementor-section-height-default elementor-section-height-default\" data-id=\"29215134\" data-element_type=\"section\"><div class=\"elementor-container elementor-column-gap-default\"><div class=\"elementor-column elementor-col-100 elementor-inner-column elementor-element elementor-element-1b19e4cd\" data-id=\"1b19e4cd\" data-element_type=\"column\" data-settings=\"{&quot;background_background&quot;:&quot;classic&quot;}\"><div class=\"elementor-widget-wrap elementor-element-populated\"><div class=\"elementor-element elementor-element-325925e9 animated-fast elementor-widget elementor-widget-text-editor animated fadeInUp\" data-id=\"325925e9\" data-element_type=\"widget\" data-settings=\"{&quot;_animation_delay&quot;:100}\" data-widget_type=\"text-editor.default\"><div class=\"elementor-widget-container\"><div class=\"elementor-element elementor-element-27d65bcd elementor-widget elementor-widget-heading\" data-id=\"27d65bcd\" data-element_type=\"widget\" data-widget_type=\"heading.default\"><div class=\"elementor-widget-container\"><div class=\"elementor-element elementor-element-27d65bcd elementor-widget elementor-widget-heading\" data-id=\"27d65bcd\" data-element_type=\"widget\" data-widget_type=\"heading.default\"><div class=\"elementor-widget-container\"><p>Bei <strong>FENTECH<\/strong>, unsere Website-Bewertungen gehen \u00fcber oberfl\u00e4chliche Pr\u00fcfungen hinaus und untersuchen gr\u00fcndlich jedes Element, das f\u00fcr den Erfolg Ihrer Website entscheidend ist. Wir bewerten Ihre Website mit dem Schwerpunkt, sie an Ihren Gesch\u00e4ftszielen auszurichten, die Benutzereinbindung zu verbessern, die Sicherheit zu erh\u00f6hen und die Gesamtleistung zu optimieren.<\/p><p><strong>Was unsere Website-Bewertung abdeckt<\/strong><\/p><ul><li><strong>Gesch\u00e4ftsziele<\/strong>: Sicherstellen, dass die Website Ihre Ziele und Ihr Wachstum effektiv unterst\u00fctzt.<\/li><li><strong>UI\/UX-Design<\/strong>: Verbesserung des Benutzererlebnisses durch intuitives, zug\u00e4ngliches Design.<\/li><li><strong>Analyse<\/strong>: Identifizieren von Verbesserungsbereichen durch Dateneinblicke.<\/li><li><strong>Sicherheit<\/strong>: Sch\u00fctzen Sie Ihre Website vor Schwachstellen und gew\u00e4hrleisten Sie die Sicherheit der Benutzerdaten.<\/li><li><strong>Inhalt<\/strong>: Sicherstellen, dass alle Inhalte klar, relevant und f\u00fcr SEO optimiert sind.<\/li><li><strong>Technologie<\/strong>: \u00dcberpr\u00fcfung auf veraltete Software und Empfehlung aktueller Tools.<\/li><\/ul><p><strong>Warum sollten Sie sich f\u00fcr eine Website-Bewertung entscheiden?<\/strong><br \/>Unser Bewertungsprozess hilft dabei, versteckte Probleme zu identifizieren, die die Leistung Ihrer Website beeintr\u00e4chtigen, und bietet L\u00f6sungen, die zu mehr Engagement und Gesch\u00e4ftsergebnissen f\u00fchren. Mit einem <strong>FENTECH<\/strong> Durch die Website-Bewertung erhalten Sie einen Fahrplan f\u00fcr Spitzenleistungen im Web.<\/p><p><strong>Legen Sie noch heute los<\/strong><br \/>Sind Sie bereit, das volle Potenzial Ihrer Website auszusch\u00f6pfen? Kontaktieren Sie uns f\u00fcr eine umfassende Bewertung und umsetzbare Erkenntnisse, die den Weg f\u00fcr dauerhaften Erfolg ebnen.<\/p><\/div><\/div><\/div><\/div><\/div><\/div><\/div><\/div><\/div><\/section><\/div><\/div><\/div><\/section><\/div><\/div><\/div><\/section>\t\t\t\t\t\t\t\t<\/div>\n\t\t\t\t<\/div>\n\t\t\t\t\t<\/div>\n\t\t<\/div>\n\t\t\t\t<div class=\"elementor-column elementor-col-50 elementor-inner-column elementor-element elementor-element-612941d0\" data-id=\"612941d0\" data-element_type=\"column\">\n\t\t\t<div class=\"elementor-widget-wrap elementor-element-populated\">\n\t\t\t\t\t\t<div class=\"elementor-element elementor-element-3875c469 elementor-hidden-tablet elementor-hidden-mobile elementor-widget elementor-widget-webteckshapeimage\" data-id=\"3875c469\" data-element_type=\"widget\" data-widget_type=\"webteckshapeimage.default\">\n\t\t\t\t<div class=\"elementor-widget-container\">\n\t\t\t\t\t<!-- Image --><div class=\"shape-mockup  jump d-xxl-block d-xl-block d-lg-block\"><img decoding=\"async\" src=\"https:\/\/fentech.es\/wp-content\/uploads\/2025\/07\/Fentech-lg.png\" alt=\"Shape Image\" ><\/div><!-- End Image -->\t\t\t\t<\/div>\n\t\t\t\t<\/div>\n\t\t\t\t\t<\/div>\n\t\t<\/div>\n\t\t\t\t\t<\/div>\n\t\t<\/section>\n\t\t\t\t\t<\/div>\n\t\t<\/div>\n\t\t\t\t\t<\/div>\n\t\t<\/section>\n\t\t<div class=\"elementor-element elementor-element-16f9d388 e-flex e-con-boxed e-con e-parent\" data-id=\"16f9d388\" data-element_type=\"container\">\n\t\t\t\t\t<div class=\"e-con-inner\">\n\t\t\t\t<div class=\"elementor-element elementor-element-354940fe elementor-widget elementor-widget-webtecksectiontitle\" data-id=\"354940fe\" data-element_type=\"widget\" data-widget_type=\"webtecksectiontitle.default\">\n\t\t\t\t<div class=\"elementor-widget-container\">\n\t\t\t\t\t<div class=\"title-area mb-25\" ><h2 class=\"sec-title mb-20   title-selector\">Wir priorisieren echte Schwachstellen<\/h2><p class=\"desc-selector\">Website-Sicherheit ist von gr\u00f6\u00dfter Bedeutung, um Ihre Marke, Ihr Unternehmen und Ihren Ruf zu sch\u00fctzen. Dar\u00fcber hinaus hilft sie, finanzielle Verluste zu vermeiden, einschlie\u00dflich der Schlie\u00dfung der Website Ihres Unternehmens.<\/p><\/div>\t\t\t\t<\/div>\n\t\t\t\t<\/div>\n\t\t\t\t\t<\/div>\n\t\t\t\t<\/div>\n\t\t<div class=\"elementor-element elementor-element-4a39545f e-flex e-con-boxed e-con e-parent\" data-id=\"4a39545f\" data-element_type=\"container\">\n\t\t\t\t\t<div class=\"e-con-inner\">\n\t\t\t\t<div class=\"elementor-element elementor-element-4adede32 elementor-widget elementor-widget-webtecksectiontitle\" data-id=\"4adede32\" data-element_type=\"widget\" data-widget_type=\"webtecksectiontitle.default\">\n\t\t\t\t<div class=\"elementor-widget-container\">\n\t\t\t\t\t<div class=\"title-area mb-25\" ><h2 class=\"sec-title mb-20   title-selector\">UI\/UX-Design<\/h2><p class=\"desc-selector\">Mit gesch\u00e4ftsf\u00f6rdernden Websites bereiten wir Sie auf die Zukunft vor.<\/p><\/div>\t\t\t\t<\/div>\n\t\t\t\t<\/div>\n\t\t\t\t\t<\/div>\n\t\t\t\t<\/div>\n\t\t<div class=\"elementor-element elementor-element-237fea6d e-flex e-con-boxed e-con e-parent\" data-id=\"237fea6d\" data-element_type=\"container\">\n\t\t\t\t\t<div class=\"e-con-inner\">\n\t\t\t\t<div class=\"elementor-element elementor-element-27e0faab elementor-widget elementor-widget-webtecksectiontitle\" data-id=\"27e0faab\" data-element_type=\"widget\" data-widget_type=\"webtecksectiontitle.default\">\n\t\t\t\t<div class=\"elementor-widget-container\">\n\t\t\t\t\t<div class=\"title-area mb-25\" ><h2 class=\"sec-title mb-20   title-selector\">Marke<\/h2><p class=\"desc-selector\">Unsere Markenbewertung ist eine umfassende Studie, die es den wichtigsten Stakeholdern Ihres Unternehmens erm\u00f6glicht, die Wirksamkeit Ihrer aktuellen Marke zu verstehen und festzustellen, ob weitere Investitionen erforderlich sind. Verschwenden Sie Ihre wertvolle Zeit und Ihr Geld nicht mit leeren Versprechungen, wenn wir Ergebnisse garantieren.<\/p><\/div>\t\t\t\t<\/div>\n\t\t\t\t<\/div>\n\t\t\t\t\t<\/div>\n\t\t\t\t<\/div>\n\t\t<div class=\"elementor-element elementor-element-561cc1aa e-flex e-con-boxed e-con e-parent\" data-id=\"561cc1aa\" data-element_type=\"container\">\n\t\t\t\t\t<div class=\"e-con-inner\">\n\t\t\t\t<div class=\"elementor-element elementor-element-55efd81e elementor-widget elementor-widget-text-editor\" data-id=\"55efd81e\" data-element_type=\"widget\" data-widget_type=\"text-editor.default\">\n\t\t\t\t<div class=\"elementor-widget-container\">\n\t\t\t\t\t\t\t\t\t<div class=\"row\"><div class=\"col-md-6 mb-30\"><div class=\"th-video\"><img decoding=\"async\" class=\"w-100\" src=\"https:\/\/themeholy.com\/wordpress\/test\/wp-content\/uploads\/2023\/03\/service_inner_1-300x198.jpg\" alt=\"service\" \/><br \/><i class=\"fas fa-play\"><\/i><\/div><\/div><div class=\"col-md-6 mb-30\"><h3 class=\"h4 mb-20\">Unser Engagement f\u00fcr Spitzenleistung<\/h3><div class=\"checklist style3\"><ul><li><i class=\"fas fa-octagon-check\"><\/i>Auf Ihre individuellen Bed\u00fcrfnisse ausgerichtet<\/li><li><i class=\"fas fa-octagon-check\"><\/i>Ihrem Erfolg verpflichtet<\/li><li><i class=\"fas fa-octagon-check\"><\/i>Optimierter Implementierungsprozess<\/li><li><i class=\"fas fa-octagon-check\"><\/i>Risikofreie \u00dcbergangsunterst\u00fctzung<\/li><li><i class=\"fas fa-octagon-check\"><\/i>Ihre Zufriedenheit ist unsere Priorit\u00e4t<\/li><\/ul><\/div><\/div><\/div>\t\t\t\t\t\t\t\t<\/div>\n\t\t\t\t<\/div>\n\t\t\t\t<div class=\"elementor-element elementor-element-22eb1c27 elementor-widget elementor-widget-tragafeature\" data-id=\"22eb1c27\" data-element_type=\"widget\" data-widget_type=\"tragafeature.default\">\n\t\t\t\t<div class=\"elementor-widget-container\">\n\t\t\t\t\t<div class=\"service-feature-wrap\"><div class=\"service-feature\"><div class=\"service-feature_icon\"><img decoding=\"async\" src=\"https:\/\/fentech.es\/wp-content\/uploads\/2024\/11\/service_feature_1.svg\" alt=\"FENTECH\"  \/><\/div><div class=\"media-body\"><h4 class=\"service-feature_title\">FlexibleWeb-L\u00f6sungen<\/h4><p class=\"service-feature_text\">Ma\u00dfgeschneidert, um sich an Ihre Gesch\u00e4ftsanforderungen anzupassen und gleichzeitig die Betriebseffizienz zu steigern<\/p><\/div><\/div><div class=\"service-feature\"><div class=\"service-feature_icon\"><img decoding=\"async\" src=\"https:\/\/fentech.es\/wp-content\/uploads\/2024\/11\/service_feature_2.svg\" alt=\"FENTECH\"  \/><\/div><div class=\"media-body\"><h4 class=\"service-feature_title\">Engagierter Support rund um die Uhr<\/h4><p class=\"service-feature_text\">Unser Expertenteam steht Ihnen rund um die Uhr zur Verf\u00fcgung, um Ihnen jederzeit zu helfen.<\/p><\/div><\/div><\/div>\t\t\t\t<\/div>\n\t\t\t\t<\/div>\n\t\t\t\t\t<\/div>\n\t\t\t\t<\/div>\n\t\t\t\t<\/div>","protected":false},"excerpt":{"rendered":"<p>WEBSITE ASSESSMENTS Delivering Web Excellence Through Comprehensive Assessments At FENTECH, our website assessments go beyond surface-level checks, thoroughly examining every element critical to your website\u2019s success. We evaluate your site with a focus on aligning with your business goals, improving user engagement, enhancing security, and optimizing overall performance. What Our Website Assessment Covers Business Objectives:&#8230;<\/p>","protected":false},"author":1,"featured_media":0,"parent":0,"menu_order":0,"comment_status":"closed","ping_status":"closed","template":"template-builder.php","meta":{"footnotes":""},"class_list":["post-400","page","type-page","status-publish","hentry"],"_links":{"self":[{"href":"https:\/\/fentech.es\/de\/wp-json\/wp\/v2\/pages\/400","targetHints":{"allow":["GET"]}}],"collection":[{"href":"https:\/\/fentech.es\/de\/wp-json\/wp\/v2\/pages"}],"about":[{"href":"https:\/\/fentech.es\/de\/wp-json\/wp\/v2\/types\/page"}],"author":[{"embeddable":true,"href":"https:\/\/fentech.es\/de\/wp-json\/wp\/v2\/users\/1"}],"replies":[{"embeddable":true,"href":"https:\/\/fentech.es\/de\/wp-json\/wp\/v2\/comments?post=400"}],"version-history":[{"count":0,"href":"https:\/\/fentech.es\/de\/wp-json\/wp\/v2\/pages\/400\/revisions"}],"wp:attachment":[{"href":"https:\/\/fentech.es\/de\/wp-json\/wp\/v2\/media?parent=400"}],"curies":[{"name":"wp","href":"https:\/\/api.w.org\/{rel}","templated":true}]}}