{"id":278,"date":"2024-11-10T18:05:59","date_gmt":"2024-11-10T18:05:59","guid":{"rendered":"https:\/\/fentech.es\/?page_id=278"},"modified":"2025-07-28T02:02:24","modified_gmt":"2025-07-28T02:02:24","slug":"about-us","status":"publish","type":"page","link":"https:\/\/fentech.es\/de\/about-us\/","title":{"rendered":"\u00dcber uns"},"content":{"rendered":"<div data-elementor-type=\"wp-page\" data-elementor-id=\"278\" class=\"elementor elementor-278\">\n\t\t\t\t\t\t<section class=\"elementor-section elementor-top-section elementor-element elementor-element-32935401 elementor-section-boxed elementor-section-height-default elementor-section-height-default\" data-id=\"32935401\" data-element_type=\"section\">\n\t\t\t\t\t\t<div class=\"elementor-container elementor-column-gap-default\">\n\t\t\t\t\t<div class=\"elementor-column elementor-col-100 elementor-top-column elementor-element elementor-element-b0db3fd\" data-id=\"b0db3fd\" data-element_type=\"column\">\n\t\t\t<div class=\"elementor-widget-wrap elementor-element-populated\">\n\t\t\t\t\t\t<section class=\"elementor-section elementor-inner-section elementor-element elementor-element-16c8a400 elementor-section-boxed elementor-section-height-default elementor-section-height-default\" data-id=\"16c8a400\" data-element_type=\"section\">\n\t\t\t\t\t\t<div class=\"elementor-container elementor-column-gap-no\">\n\t\t\t\t\t<div class=\"elementor-column elementor-col-50 elementor-inner-column elementor-element elementor-element-42e0bebf\" data-id=\"42e0bebf\" data-element_type=\"column\">\n\t\t\t<div class=\"elementor-widget-wrap elementor-element-populated\">\n\t\t\t\t\t\t<div class=\"elementor-element elementor-element-423db0fb elementor-widget elementor-widget-tragagroupimage\" data-id=\"423db0fb\" data-element_type=\"widget\" data-widget_type=\"tragagroupimage.default\">\n\t\t\t\t<div class=\"elementor-widget-container\">\n\t\t\t\t\t<div class=\"img-box3\"><div class=\"img1\"><img decoding=\"async\" src=\"https:\/\/fentech.es\/wp-content\/uploads\/2025\/07\/16.webp\" alt=\"FENTECH\"  \/><\/div><div class=\"img2\"><img decoding=\"async\" src=\"https:\/\/fentech.es\/wp-content\/uploads\/2024\/11\/about_2_2.jpg\" alt=\"FENTECH\"  \/><\/div><div class=\"img3\"><img decoding=\"async\" src=\"https:\/\/fentech.es\/wp-content\/uploads\/2024\/11\/about_2_3.jpg\" alt=\"FENTECH\"  \/><\/div><div class=\"shape1\"><img decoding=\"async\" src=\"https:\/\/fentech.es\/wp-content\/uploads\/2024\/11\/about_2_shape.png\" alt=\"FENTECH\"  \/><\/div><\/div>\t\t\t\t<\/div>\n\t\t\t\t<\/div>\n\t\t\t\t\t<\/div>\n\t\t<\/div>\n\t\t\t\t<div class=\"elementor-column elementor-col-50 elementor-inner-column elementor-element elementor-element-428517d2\" data-id=\"428517d2\" data-element_type=\"column\">\n\t\t\t<div class=\"elementor-widget-wrap elementor-element-populated\">\n\t\t\t\t\t\t<div class=\"elementor-element elementor-element-95cf73 elementor-widget elementor-widget-tragasectiontitle\" data-id=\"95cf73\" data-element_type=\"widget\" data-widget_type=\"tragasectiontitle.default\">\n\t\t\t\t<div class=\"elementor-widget-container\">\n\t\t\t\t\t<div class=\"title-area-wrap\"><div class=\"title-area mb-35\" ><span class=\"sub-title subtitle-selector\"><img decoding=\"async\" src=\"https:\/\/fentech.es\/wp-content\/uploads\/2024\/11\/title_shape_2.svg\" alt=\"FENTECH\"  class=\"icon me-2\" \/>ABOUT FENTECH<\/span><h2 class=\"sec-title title-selector translation-block\">Bereiten Sie Ihr Unternehmen auf die besten <span class=\"text-theme fw-normal\">IT-L\u00f6sungen<\/span> vor<\/h2><\/div><p class=\"desc-selector mt-n2 mb-4\">Wir bieten umfassende IT-Dienstleistungen, die alles von der Softwareentwicklung \u00fcber Webdesign bis hin zu E-Commerce-L\u00f6sungen abdecken. Unser Leistungsspektrum umfasst die Implementierung und das Management von ERP-Systemen, Softwareentwicklung, die Entwicklung mobiler Apps, Datenbankmanagement, Netzwerkl\u00f6sungen, Cybersicherheit, Cloud-Computing, IT-Beratung, IT-Infrastrukturmanagement, IT-Support, Webdesign, Webanwendungsentwicklung, PHP-Entwicklung, ma\u00dfgeschneiderte Webanwendungen, WordPress CMS-Entwicklung und E-Commerce-Entwicklung. Mit umfangreicher Erfahrung in der Zusammenarbeit mit Kunden aus verschiedenen Branchen, sowohl lokal als auch global, sind wir stolz darauf, ma\u00dfgeschneiderte L\u00f6sungen zu liefern, die den einzigartigen Anforderungen unserer Kunden gerecht werden. Erfahren Sie mehr \u00fcber unser breites Spektrum an IT-Dienstleistungen<\/p><\/div>\t\t\t\t<\/div>\n\t\t\t\t<\/div>\n\t\t\t\t<div class=\"elementor-element elementor-element-48eb01da elementor-widget elementor-widget-tragalist\" data-id=\"48eb01da\" data-element_type=\"widget\" data-widget_type=\"tragalist.default\">\n\t\t\t\t<div class=\"elementor-widget-container\">\n\t\t\t\t\t<div class=\"checklist style3\"><ul><li><i class=\"fa-solid fa-square-check\"><\/i>Wertsch\u00f6pfende IT-Systeme durch gezielte Neugestaltung optimieren<\/li><li><i class=\"fa-solid fa-square-check\"><\/i>Web- und Mobile-Anwendungsdesign und -Entwicklung<\/li><li><i class=\"fa-solid fa-square-check\"><\/i>Professionelle UX\/UI-Forschung<\/li><\/ul><\/div>\t\t\t\t<\/div>\n\t\t\t\t<\/div>\n\t\t\t\t<div class=\"elementor-element elementor-element-702a51c2 elementor-widget elementor-widget-tragabutton\" data-id=\"702a51c2\" data-element_type=\"widget\" data-widget_type=\"tragabutton.default\">\n\t\t\t\t<div class=\"elementor-widget-container\">\n\t\t\t\t\t<div class=\"btn-wrapper\"><a class=\"th-btn\" href=\"https:\/\/fentech.es\/de\/services\/\">Mehr erfahren<i class=\"far fa-arrow-right ms-2\"><\/i><\/a><\/div>\t\t\t\t<\/div>\n\t\t\t\t<\/div>\n\t\t\t\t\t<\/div>\n\t\t<\/div>\n\t\t\t\t\t<\/div>\n\t\t<\/section>\n\t\t\t\t\t<\/div>\n\t\t<\/div>\n\t\t\t\t\t<\/div>\n\t\t<\/section>\n\t\t\t\t<section class=\"elementor-section elementor-top-section elementor-element elementor-element-38c49003 elementor-section-full_width elementor-section-height-default elementor-section-height-default\" data-id=\"38c49003\" data-element_type=\"section\" data-settings=\"{&quot;background_background&quot;:&quot;classic&quot;}\">\n\t\t\t\t\t\t<div class=\"elementor-container elementor-column-gap-no\">\n\t\t\t\t\t<div class=\"elementor-column elementor-col-100 elementor-top-column elementor-element elementor-element-61ce33e9\" data-id=\"61ce33e9\" data-element_type=\"column\">\n\t\t\t<div class=\"elementor-widget-wrap\">\n\t\t\t\t\t\t\t<\/div>\n\t\t<\/div>\n\t\t\t\t\t<\/div>\n\t\t<\/section>\n\t\t\t\t<section class=\"elementor-section elementor-top-section elementor-element elementor-element-25210395 elementor-section-boxed elementor-section-height-default elementor-section-height-default\" data-id=\"25210395\" data-element_type=\"section\" data-settings=\"{&quot;background_background&quot;:&quot;classic&quot;}\">\n\t\t\t\t\t\t<div class=\"elementor-container elementor-column-gap-default\">\n\t\t\t\t\t<div class=\"elementor-column elementor-col-50 elementor-top-column elementor-element elementor-element-4191d85c\" data-id=\"4191d85c\" data-element_type=\"column\">\n\t\t\t<div class=\"elementor-widget-wrap elementor-element-populated\">\n\t\t\t\t\t\t<section class=\"elementor-section elementor-inner-section elementor-element elementor-element-95763f0 elementor-section-boxed elementor-section-height-default elementor-section-height-default\" data-id=\"95763f0\" data-element_type=\"section\">\n\t\t\t\t\t\t<div class=\"elementor-container elementor-column-gap-no\">\n\t\t\t\t\t<div class=\"elementor-column elementor-col-100 elementor-inner-column elementor-element elementor-element-5da0bb72\" data-id=\"5da0bb72\" data-element_type=\"column\">\n\t\t\t<div class=\"elementor-widget-wrap elementor-element-populated\">\n\t\t\t\t\t\t<div class=\"elementor-element elementor-element-262569db elementor-widget elementor-widget-tragasectiontitle\" data-id=\"262569db\" data-element_type=\"widget\" data-widget_type=\"tragasectiontitle.default\">\n\t\t\t\t<div class=\"elementor-widget-container\">\n\t\t\t\t\t<div class=\"title-area-wrap\"><div class=\"title-area mb-35\" ><span class=\"sub-title subtitle-selector\"><img decoding=\"async\" src=\"https:\/\/fentech.es\/wp-content\/uploads\/2024\/11\/title_shape_1-2-1.svg\" alt=\"FENTECH\"  class=\"icon me-2\" \/> WARUM UNS W\u00c4HLEN<\/span><h2 class=\"sec-title title-selector\">Wir bieten umfassende  <span class=\"text-theme\">Professionelle IT-Dienstleistungen<\/span><\/h2><\/div><p class=\"desc-selector mt-n2 mb-4\">Wir k\u00fcmmern uns um alle Aspekte Ihrer IT-Anforderungen. Ganz gleich, ob Sie Unterst\u00fctzung bei der Wartung und Modernisierung Ihrer IT-Infrastruktur oder bei der L\u00f6sung spezifischer Infrastrukturprobleme ben\u00f6tigen, wir verf\u00fcgen \u00fcber die erforderliche Expertise. Unser Team kann L\u00f6sungen f\u00fcr eine Reihe von Infrastrukturproblemen bieten, mit denen Unternehmen h\u00e4ufig konfrontiert sind. Vertrauen Sie darauf, dass wir Ihre IT-Infrastruktur unterst\u00fctzen und ihre Effizienz und Effektivit\u00e4t sicherstellen.<\/p><\/div>\t\t\t\t<\/div>\n\t\t\t\t<\/div>\n\t\t\t\t\t<\/div>\n\t\t<\/div>\n\t\t\t\t\t<\/div>\n\t\t<\/section>\n\t\t\t\t<section class=\"elementor-section elementor-inner-section elementor-element elementor-element-3586566d elementor-section-boxed elementor-section-height-default elementor-section-height-default\" data-id=\"3586566d\" data-element_type=\"section\">\n\t\t\t\t\t\t<div class=\"elementor-container elementor-column-gap-no\">\n\t\t\t\t\t<div class=\"elementor-column elementor-col-50 elementor-inner-column elementor-element elementor-element-542417c9\" data-id=\"542417c9\" data-element_type=\"column\">\n\t\t\t<div class=\"elementor-widget-wrap elementor-element-populated\">\n\t\t\t\t\t\t<div class=\"elementor-element elementor-element-3a95e25c elementor-widget elementor-widget-tragalist\" data-id=\"3a95e25c\" data-element_type=\"widget\" data-widget_type=\"tragalist.default\">\n\t\t\t\t<div class=\"elementor-widget-container\">\n\t\t\t\t\t<div class=\"checklist style2\"><ul><li><i class=\"far fa-check\"><\/i>Big Data-Analyse<\/li><li><i class=\"far fa-check\"><\/i>24\/7 Online-Support<\/li><li><i class=\"far fa-check\"><\/i>Gesch\u00e4ftsverbesserung<\/li><\/ul><\/div>\t\t\t\t<\/div>\n\t\t\t\t<\/div>\n\t\t\t\t\t<\/div>\n\t\t<\/div>\n\t\t\t\t<div class=\"elementor-column elementor-col-50 elementor-inner-column elementor-element elementor-element-6a98d3d9\" data-id=\"6a98d3d9\" data-element_type=\"column\">\n\t\t\t<div class=\"elementor-widget-wrap elementor-element-populated\">\n\t\t\t\t\t\t<div class=\"elementor-element elementor-element-79b91ccd elementor-widget elementor-widget-tragalist\" data-id=\"79b91ccd\" data-element_type=\"widget\" data-widget_type=\"tragalist.default\">\n\t\t\t\t<div class=\"elementor-widget-container\">\n\t\t\t\t\t<div class=\"checklist style2\"><ul><li><i class=\"far fa-check\"><\/i>Hohe Qualit\u00e4t und Sicherheit<\/li><li><i class=\"far fa-check\"><\/i>24\/7 Expertenteam<\/li><li><i class=\"far fa-check\"><\/i>Einfache L\u00f6sungen<\/li><\/ul><\/div>\t\t\t\t<\/div>\n\t\t\t\t<\/div>\n\t\t\t\t\t<\/div>\n\t\t<\/div>\n\t\t\t\t\t<\/div>\n\t\t<\/section>\n\t\t\t\t\t<\/div>\n\t\t<\/div>\n\t\t\t\t<div class=\"elementor-column elementor-col-50 elementor-top-column elementor-element elementor-element-c5f3ccd\" data-id=\"c5f3ccd\" data-element_type=\"column\">\n\t\t\t<div class=\"elementor-widget-wrap elementor-element-populated\">\n\t\t\t\t\t\t<div class=\"elementor-element elementor-element-748613ad elementor-widget elementor-widget-tragagroupimage\" data-id=\"748613ad\" data-element_type=\"widget\" data-widget_type=\"tragagroupimage.default\">\n\t\t\t\t<div class=\"elementor-widget-container\">\n\t\t\t\t\t<div class=\"img-box5\"><div class=\"year-counter\"><h3 class=\"year-counter_number\"><span class=\"counter-number1\">15<\/span><\/h3><p class=\"year-counter_text\">Jahre Erfahrung<\/p><\/div><a href=\"http:\/\/yes\" class=\"order-btn\" rel=\"nofollow\"><\/a><\/div>\t\t\t\t<\/div>\n\t\t\t\t<\/div>\n\t\t\t\t\t<\/div>\n\t\t<\/div>\n\t\t\t\t\t<\/div>\n\t\t<\/section>\n\t\t\t\t<section class=\"elementor-section elementor-top-section elementor-element elementor-element-614eec31 elementor-section-full_width elementor-section-height-default elementor-section-height-default\" data-id=\"614eec31\" data-element_type=\"section\" data-settings=\"{&quot;background_background&quot;:&quot;classic&quot;}\">\n\t\t\t\t\t\t<div class=\"elementor-container elementor-column-gap-no\">\n\t\t\t\t\t<div class=\"elementor-column elementor-col-100 elementor-top-column elementor-element elementor-element-33522b59\" data-id=\"33522b59\" data-element_type=\"column\">\n\t\t\t<div class=\"elementor-widget-wrap\">\n\t\t\t\t\t\t\t<\/div>\n\t\t<\/div>\n\t\t\t\t\t<\/div>\n\t\t<\/section>\n\t\t\t\t<section class=\"elementor-section elementor-top-section elementor-element elementor-element-75a0be88 elementor-section-full_width elementor-section-height-default elementor-section-height-default\" data-id=\"75a0be88\" data-element_type=\"section\">\n\t\t\t\t\t\t<div class=\"elementor-container elementor-column-gap-default\">\n\t\t\t\t\t<div class=\"elementor-column elementor-col-100 elementor-top-column elementor-element elementor-element-42426772\" data-id=\"42426772\" data-element_type=\"column\">\n\t\t\t<div class=\"elementor-widget-wrap elementor-element-populated\">\n\t\t\t\t\t\t<section class=\"elementor-section elementor-inner-section elementor-element elementor-element-1a2319b9 arrow-wrap elementor-section-full_width elementor-section-height-default elementor-section-height-default\" data-id=\"1a2319b9\" data-element_type=\"section\">\n\t\t\t\t\t\t<div class=\"elementor-container elementor-column-gap-no\">\n\t\t\t\t\t<div class=\"elementor-column elementor-col-100 elementor-inner-column elementor-element elementor-element-7cb68874\" data-id=\"7cb68874\" data-element_type=\"column\">\n\t\t\t<div class=\"elementor-widget-wrap elementor-element-populated\">\n\t\t\t\t\t\t<div class=\"elementor-element elementor-element-1523b451 elementor-invisible elementor-widget elementor-widget-webteckfeatures\" data-id=\"1523b451\" data-element_type=\"widget\" data-settings=\"{&quot;_animation&quot;:&quot;slideInUp&quot;}\" data-widget_type=\"webteckfeatures.default\">\n\t\t\t\t<div class=\"elementor-widget-container\">\n\t\t\t\t\t<div class=\"row gy-4 justify-content-center\"><div class=\"col-xl-3 col-lg-4 col-md-6 feature-card-wrap2\"><div class=\"feature-card style2\"><div class=\"feature-card-icon\"><img decoding=\"async\" src=\"https:\/\/fentech.es\/wp-content\/uploads\/2024\/11\/Website-Development-abt.webp\" alt=\"FENTECH\"  \/><\/div><h3 class=\"box-title title-selector\">Website-Entwicklung<\/h3><p class=\"feature-card_text desc-selector\">Wir verf\u00fcgen \u00fcber au\u00dfergew\u00f6hnliche Programmierkenntnisse, die uns von anderen Webentwicklern unterscheiden. Unsere umfangreiche Erfahrung zeichnet uns in diesem Bereich weiter aus<\/p><\/div><\/div><div class=\"col-xl-3 col-lg-4 col-md-6 feature-card-wrap2\"><div class=\"feature-card style2\"><div class=\"feature-card-icon\"><img decoding=\"async\" src=\"https:\/\/fentech.es\/wp-content\/uploads\/2024\/11\/Marketing-Solutions-abt.webp\" alt=\"FENTECH\"  \/><\/div><h3 class=\"box-title title-selector\">Marketing-L\u00f6sungen<\/h3><p class=\"feature-card_text desc-selector\">Priorisieren Sie Ihre Gesch\u00e4ftsziele mit unseren Webdesign-Diensten, egal ob es um die Steigerung des Umsatzes, den Verkauf von Produkten oder die F\u00f6rderung Ihrer Marke geht<\/p><\/div><\/div><div class=\"col-xl-3 col-lg-4 col-md-6 feature-card-wrap2\"><div class=\"feature-card style2\"><div class=\"feature-card-icon\"><img decoding=\"async\" src=\"https:\/\/fentech.es\/wp-content\/uploads\/2024\/11\/Applications-Development-abt.webp\" alt=\"FENTECH\"  \/><\/div><h3 class=\"box-title title-selector\">Anwendungsentwicklung<\/h3><p class=\"feature-card_text desc-selector\">FENTECH, we create mobile apps that are user-friendly, secure, and highly efficient to meet your unique requirements<\/p><\/div><\/div><\/div>\t\t\t\t<\/div>\n\t\t\t\t<\/div>\n\t\t\t\t\t<\/div>\n\t\t<\/div>\n\t\t\t\t\t<\/div>\n\t\t<\/section>\n\t\t\t\t\t<\/div>\n\t\t<\/div>\n\t\t\t\t\t<\/div>\n\t\t<\/section>\n\t\t\t\t<section class=\"elementor-section elementor-top-section elementor-element elementor-element-71aeba1a elementor-section-boxed elementor-section-height-default elementor-section-height-default\" data-id=\"71aeba1a\" data-element_type=\"section\">\n\t\t\t\t\t\t<div class=\"elementor-container elementor-column-gap-default\">\n\t\t\t\t\t<div class=\"elementor-column elementor-col-50 elementor-top-column elementor-element elementor-element-574e3661\" data-id=\"574e3661\" data-element_type=\"column\">\n\t\t\t<div class=\"elementor-widget-wrap elementor-element-populated\">\n\t\t\t\t\t\t<div class=\"elementor-element elementor-element-643433cd elementor-widget elementor-widget-tragagroupimage\" data-id=\"643433cd\" data-element_type=\"widget\" data-widget_type=\"tragagroupimage.default\">\n\t\t\t\t<div class=\"elementor-widget-container\">\n\t\t\t\t\t<div class=\"img-box3\"><div class=\"img1\"><img decoding=\"async\" src=\"https:\/\/fentech.es\/wp-content\/uploads\/2024\/11\/Services-We-Provide-abt-1.webp\" alt=\"FENTECH\"  \/><\/div><div class=\"img2\"><img decoding=\"async\" src=\"https:\/\/fentech.es\/wp-content\/uploads\/2024\/11\/Services-We-Provide-abt-2.webp\" alt=\"FENTECH\"  \/><\/div><div class=\"img3\"><img decoding=\"async\" src=\"https:\/\/fentech.es\/wp-content\/uploads\/2025\/07\/Fentech-lg.png\" alt=\"FENTECH\"  \/><\/div><\/div>\t\t\t\t<\/div>\n\t\t\t\t<\/div>\n\t\t\t\t\t<\/div>\n\t\t<\/div>\n\t\t\t\t<div class=\"elementor-column elementor-col-50 elementor-top-column elementor-element elementor-element-6af424fd\" data-id=\"6af424fd\" data-element_type=\"column\">\n\t\t\t<div class=\"elementor-widget-wrap elementor-element-populated\">\n\t\t\t\t\t\t<div class=\"elementor-element elementor-element-1d6a7a88 elementor-widget elementor-widget-tragasectiontitle\" data-id=\"1d6a7a88\" data-element_type=\"widget\" data-widget_type=\"tragasectiontitle.default\">\n\t\t\t\t<div class=\"elementor-widget-container\">\n\t\t\t\t\t<div class=\"title-area-wrap\"><div class=\"title-area\" ><span class=\"sub-title subtitle-selector\"><img decoding=\"async\" src=\"https:\/\/fentech.es\/wp-content\/uploads\/2024\/11\/title_shape_1-1-1.svg\" alt=\"FENTECH\"  class=\"icon me-2\" \/>Von uns angebotene Dienstleistungen\n<\/span><h2 class=\"sec-title title-selector\">DIGITALE DIENSTLEISTUNGEN  <span class=\"text-theme\">ANGEBOT<\/span><\/h2><\/div><\/div>\t\t\t\t<\/div>\n\t\t\t\t<\/div>\n\t\t\t\t<div class=\"elementor-element elementor-element-7b5093ad elementor-widget elementor-widget-text-editor\" data-id=\"7b5093ad\" data-element_type=\"widget\" data-widget_type=\"text-editor.default\">\n\t\t\t\t<div class=\"elementor-widget-container\">\n\t\t\t\t\t\t\t\t\t<p><strong>Website-Entwicklung<\/strong><br \/>Wir verf\u00fcgen nicht nur \u00fcber hervorragende Programmierkenntnisse. Unsere Erfahrung unterscheidet uns von anderen Webentwicklern.<\/p><p><strong>Mobile Entwicklung<\/strong><br \/>Erstellen Sie komplexe Unternehmenssoftware, sorgen Sie f\u00fcr eine zuverl\u00e4ssige Softwareintegration und modernisieren Sie Ihr Altsystem.<\/p><p><strong>Softwareentwicklung<\/strong><br \/>Nutzen Sie unsere Expertise in der Softwareentwicklung, um robuste und skalierbare Anwendungen zu erstellen, die auf Ihre Gesch\u00e4ftsanforderungen zugeschnitten sind.<\/p><p><strong>ERP-Implementierung<\/strong><br \/>Nutzen Sie unsere Expertise bei der ERP-Implementierung, um Ihre Gesch\u00e4ftsprozesse zu optimieren, die Datengenauigkeit zu verbessern und die Produktivit\u00e4t in Ihrem gesamten Unternehmen zu steigern.<\/p>\t\t\t\t\t\t\t\t<\/div>\n\t\t\t\t<\/div>\n\t\t\t\t<div class=\"elementor-element elementor-element-13ea846b elementor-widget-tablet__width-initial ms-auto me-auto elementor-widget elementor-widget-tragafeature\" data-id=\"13ea846b\" data-element_type=\"widget\" data-widget_type=\"tragafeature.default\">\n\t\t\t\t<div class=\"elementor-widget-container\">\n\t\t\t\t\t<div class=\"about-feature-wrap\"><div class=\"about-feature\"><div class=\"about-feature_icon\"><img decoding=\"async\" src=\"https:\/\/fentech.es\/wp-content\/uploads\/2024\/11\/about_feature_1_1.svg\" alt=\"FENTECH\"  \/><\/div><div class=\"media-body\"><h3 class=\"about-feature_title\">Zertifiziertes Unternehmen<\/h3><p class=\"about-feature_text\">Beste Dienstleistungen im Bereich Kompetenzen<\/p><\/div><\/div><div class=\"about-feature\"><div class=\"about-feature_icon\"><img decoding=\"async\" src=\"https:\/\/fentech.es\/wp-content\/uploads\/2024\/11\/about_feature_1_2.svg\" alt=\"FENTECH\"  \/><\/div><div class=\"media-body\"><h3 class=\"about-feature_title\">Expart Team<\/h3><p class=\"about-feature_text\">100% Expertenteam<\/p><\/div><\/div><\/div>\t\t\t\t<\/div>\n\t\t\t\t<\/div>\n\t\t\t\t<div class=\"elementor-element elementor-element-4b9480c6 elementor-widget-tablet__width-initial ms-xl-0 ms-auto me-auto elementor-widget elementor-widget-tragagroupbutton\" data-id=\"4b9480c6\" data-element_type=\"widget\" data-widget_type=\"tragagroupbutton.default\">\n\t\t\t\t<div class=\"elementor-widget-container\">\n\t\t\t\t\t<div  class=\"btn-group justify-content-left\"><a href=\"https:\/\/fentech.es\/de\/services\/\" class=\"th-btn\">Mehr erfahren<i class=\"far fa-arrow-right ms-2\"><\/i><\/a><div class=\"call-btn\"><div class=\"play-btn\"><i class=\"fas fa-phone\"><\/i><\/div><div class=\"media-body\"><span class=\"btn-text\">Rufen Sie uns an:<\/span><a href=\"tel:+34634165206\" class=\"btn-title\">+34 634 16 52 06<\/a><\/div><\/div><\/div>\t\t\t\t<\/div>\n\t\t\t\t<\/div>\n\t\t\t\t\t<\/div>\n\t\t<\/div>\n\t\t\t\t\t<\/div>\n\t\t<\/section>\n\t\t\t\t<\/div>","protected":false},"excerpt":{"rendered":"<p>ABOUT FENTECH Preparing For Your Business Provide Best IT Solution We provide comprehensive IT services covering everything from software development to web design and e-commerce solutions. Our offerings include: ERP Implementation and Management Software development Mobile app development Database management Network solutions Cybersecurity Cloud computing IT consulting IT infrastructure management IT support Web design Web&#8230;<\/p>","protected":false},"author":1,"featured_media":0,"parent":0,"menu_order":0,"comment_status":"closed","ping_status":"closed","template":"template-builder.php","meta":{"footnotes":""},"class_list":["post-278","page","type-page","status-publish","hentry"],"_links":{"self":[{"href":"https:\/\/fentech.es\/de\/wp-json\/wp\/v2\/pages\/278","targetHints":{"allow":["GET"]}}],"collection":[{"href":"https:\/\/fentech.es\/de\/wp-json\/wp\/v2\/pages"}],"about":[{"href":"https:\/\/fentech.es\/de\/wp-json\/wp\/v2\/types\/page"}],"author":[{"embeddable":true,"href":"https:\/\/fentech.es\/de\/wp-json\/wp\/v2\/users\/1"}],"replies":[{"embeddable":true,"href":"https:\/\/fentech.es\/de\/wp-json\/wp\/v2\/comments?post=278"}],"version-history":[{"count":0,"href":"https:\/\/fentech.es\/de\/wp-json\/wp\/v2\/pages\/278\/revisions"}],"wp:attachment":[{"href":"https:\/\/fentech.es\/de\/wp-json\/wp\/v2\/media?parent=278"}],"curies":[{"name":"wp","href":"https:\/\/api.w.org\/{rel}","templated":true}]}}